{"id":3693,"date":"2026-03-18T15:05:37","date_gmt":"2026-03-18T15:05:37","guid":{"rendered":"https:\/\/canalizadordelisboa.pt\/?page_id=3693"},"modified":"2026-03-18T15:05:37","modified_gmt":"2026-03-18T15:05:37","slug":"gelbes-wasser-im-wasserhahn-ursachen-und-losungen","status":"publish","type":"page","link":"https:\/\/canalizadordelisboa.pt\/de\/agua-amarelada-nas-torneiras-causas-e-solucao\/","title":{"rendered":"Gelbes Wasser im Wasserhahn: Ursachen und L\u00f6sungen"},"content":{"rendered":"<p>Gelbliches Wasser im Wasserhahn ist ein relativ h\u00e4ufiges Problem und kann Anlass zur Sorge geben. Es sieht nicht nur unangenehm aus, sondern kann auch auf Probleme in den Rohrleitungen oder im Versorgungsnetz hinweisen. Um die richtige L\u00f6sung zu finden, ist es wichtig, die richtige Ursache zu ermitteln.<\/p>\n<p>In diesem umfassenden Leitfaden erl\u00e4utern wir die Hauptursachen f\u00fcr gelbes Wasser, ob es gesundheitsgef\u00e4hrdend ist und was Sie tun k\u00f6nnen, um das Problem zu l\u00f6sen. F\u00fcr eine schnelle Diagnose und eine effektive L\u00f6sung, <a href=\"https:\/\/canalizadordelisboa.pt\/de\/\">die Lissabonner Klempnerfirma<\/a> ist die beste L\u00f6sung, um die Rohrleitungen zu \u00fcberpr\u00fcfen und die Ursache des Problems zu beseitigen.<\/p>\n<h2>Hauptursachen f\u00fcr gelbes Wasser<\/h2>\n<h3>1. alte Rohre mit Rost<\/h3>\n<p>Eine der h\u00e4ufigsten Ursachen. Alte Eisenrohre oxidieren mit der Zeit und setzen Rostpartikel frei, die das Wasser gelb f\u00e4rben.<\/p>\n<h3>2. Eingriffe in das \u00f6ffentliche Netz<\/h3>\n<p>Bei Arbeiten oder Wartungsarbeiten am Wassernetz k\u00f6nnen sich Ablagerungen in den Rohren l\u00f6sen und eine vor\u00fcbergehende Farbver\u00e4nderung verursachen.<\/p>\n<h3>3. Stehendes Wasser in Rohren<\/h3>\n<p>Wenn das Wasser lange steht (z. B. nach dem Urlaub), k\u00f6nnen sich R\u00fcckst\u00e4nde ansammeln und das Wasser verf\u00e4rben, wenn es wieder zirkuliert.<\/p>\n<h3>4. Kalkstein und Sedimentablagerungen<\/h3>\n<p>Durch innere Anh\u00e4ufungen k\u00f6nnen Partikel ins Wasser gelangen, die dessen Farbe und Transparenz ver\u00e4ndern.<\/p>\n<h3>5. Probleme mit dem Warmwasserbereiter oder dem Speichertank<\/h3>\n<p>In alten Ger\u00e4ten k\u00f6nnen sich Rost oder Ablagerungen ansammeln, die in den Wasserh\u00e4hnen landen.<\/p>\n<h2>Ist gelbes Wasser gef\u00e4hrlich?<\/h2>\n<p>Er stellt nicht immer eine unmittelbare Gefahr dar, sollte aber nicht ignoriert werden. Er kann auf das Vorhandensein von Metallen oder Verunreinigungen hinweisen. Vermeiden Sie den Verzehr, bis die Ursache ermittelt wurde.<\/p>\n<p>Offizielle Informationen zur Wasserqualit\u00e4t finden Sie in der <a href=\"https:\/\/www.ersar.pt\/\">ERSAR<\/a>.<\/p>\n<h2>Wie man das Problem l\u00f6st<\/h2>\n<h3>1. Das Wasser laufen lassen<\/h3>\n<p>Wenn es sich um ein vor\u00fcbergehendes Problem handelt, lassen Sie das Wasser ein paar Minuten lang laufen. Wenn es sich wieder normalisiert, kann das Problem durch einen Eingriff in das Netz verursacht worden sein.<\/p>\n<h3>2. Pr\u00fcfen Sie, ob das Problem allgemein oder lokal begrenzt ist<\/h3>\n<ul>\n<li>Wenn sie in allen <a href=\"https:\/\/canalizadordelisboa.pt\/de\/wasserhahn-reparaturen-lissabon\/\">zapft<\/a> \u2192 kann aus dem Netz oder der Hauptleitung kommen<\/li>\n<li>Wenn es nur in einem \u2192 Bereich auftritt, k\u00f6nnte es sich um ein lokales Problem handeln.<\/li>\n<\/ul>\n<h3>3. Pr\u00fcfen Sie den Warmwasserbereiter<\/h3>\n<p>Wenn das gelbliche Wasser nur bei hei\u00dfem Wasser auftritt, k\u00f6nnte das Problem bei den Ger\u00e4ten liegen.<\/p>\n<h3>4. Auswechseln alter Rohrleitungen<\/h3>\n<p>Wenn die Rohre alt und korrodiert sind, ist ein Austausch die effektivste L\u00f6sung.<\/p>\n<h3>5. Wasserfilter installieren<\/h3>\n<p>In einigen F\u00e4llen helfen Filter, Partikel abzufangen und die Wasserqualit\u00e4t zu verbessern.<\/p>\n<h2>Wann sollte man einen Klempner rufen?<\/h2>\n<p>Sie sollten einen Fachmann aufsuchen, wenn:<\/p>\n<ul>\n<li>Das Wasser bleibt mehrere Tage lang gelb<\/li>\n<li>Es gibt einen schlechten Geruch oder Geschmack<\/li>\n<li>Das Problem tritt nur in Ihrer Wohnung auf<\/li>\n<li>Es gibt Anzeichen von Korrosion in den Rohrleitungen<\/li>\n<\/ul>\n<h2>Warum Lissabon Klempner w\u00e4hlen<\/h2>\n<p>A <a href=\"https:\/\/canalizadordelisboa.pt\/de\/\">Klempnerfirma Lissabon<\/a> f\u00fchrt eine vollst\u00e4ndige Diagnose der Rohrleitungen durch, identifiziert Rost oder Ablagerungen und ersetzt die Rohre, wenn n\u00f6tig.<\/p>\n<ul>\n<li>Technische \u00dcberpr\u00fcfung des internen Netzes<\/li>\n<li>\u00dcberpr\u00fcfung der Ausr\u00fcstung (Warmwasserbereiter, Rohrleitungen)<\/li>\n<li>Langlebige L\u00f6sungen<\/li>\n<li>Service in und um Lissabon<\/li>\n<\/ul>\n<h2>Fazit<\/h2>\n<p>Gelbliches Wasser kann verschiedene Ursachen haben, von vor\u00fcbergehenden Situationen bis hin zu strukturellen Problemen in den Rohrleitungen. Um das Problem ein f\u00fcr alle Mal zu l\u00f6sen, ist es wichtig, die Ursache zu ermitteln.<\/p>\n<p>Wenn das Problem weiterhin besteht, kann Lisbon Plumber mit einer Diagnose und einem schnellen Eingriff helfen, um sauberes, sicheres Wasser zu gew\u00e4hrleisten.<\/p>","protected":false},"excerpt":{"rendered":"<p>A \u00e1gua amarelada nas torneiras \u00e9 um problema relativamente comum e pode gerar preocupa\u00e7\u00e3o. Al\u00e9m do aspeto desagrad\u00e1vel, pode indicar problemas na canaliza\u00e7\u00e3o ou na rede de abastecimento. Identificar a causa correta \u00e9 essencial para aplicar a solu\u00e7\u00e3o adequada. Neste guia completo explicamos as principais causas da \u00e1gua amarelada, se \u00e9 perigosa para a sa\u00fade [&hellip;]<\/p>\n","protected":false},"author":1,"featured_media":0,"parent":0,"menu_order":0,"comment_status":"closed","ping_status":"closed","template":"","meta":{"iawp_total_views":28,"footnotes":""},"class_list":["post-3693","page","type-page","status-publish","hentry"],"yoast_head":"<!-- This site is optimized with the Yoast SEO plugin v27.4 - https:\/\/yoast.com\/product\/yoast-seo-wordpress\/ -->\n<title>\u00c1gua amarelada nas torneiras: causas e solu\u00e7\u00e3o<\/title>\n<meta name=\"description\" content=\"\u00c1gua amarelada nas torneiras? Descubra as causas mais comuns, riscos e solu\u00e7\u00f5es para resolver o problema de forma r\u00e1pida e segura.\" \/>\n<meta name=\"robots\" content=\"index, follow, max-snippet:-1, max-image-preview:large, max-video-preview:-1\" \/>\n<link rel=\"canonical\" href=\"https:\/\/canalizadordelisboa.pt\/de\/gelbes-wasser-im-wasserhahn-ursachen-und-losungen\/\" \/>\n<meta property=\"og:locale\" content=\"de_DE\" \/>\n<meta property=\"og:type\" content=\"article\" \/>\n<meta property=\"og:title\" content=\"\u00c1gua amarelada nas torneiras: causas e solu\u00e7\u00e3o\" \/>\n<meta property=\"og:description\" content=\"\u00c1gua amarelada nas torneiras? Descubra as causas mais comuns, riscos e solu\u00e7\u00f5es para resolver o problema de forma r\u00e1pida e segura.\" \/>\n<meta property=\"og:url\" content=\"https:\/\/canalizadordelisboa.pt\/de\/gelbes-wasser-im-wasserhahn-ursachen-und-losungen\/\" \/>\n<meta property=\"og:site_name\" content=\"Canalizador de Lisboa\" \/>\n<meta name=\"twitter:card\" content=\"summary_large_image\" \/>\n<script type=\"application\/ld+json\" class=\"yoast-schema-graph\">{\"@context\":\"https:\\\/\\\/schema.org\",\"@graph\":[{\"@type\":\"WebPage\",\"@id\":\"https:\\\/\\\/canalizadordelisboa.pt\\\/agua-amarelada-nas-torneiras-causas-e-solucao\\\/\",\"url\":\"https:\\\/\\\/canalizadordelisboa.pt\\\/agua-amarelada-nas-torneiras-causas-e-solucao\\\/\",\"name\":\"\u00c1gua amarelada nas torneiras: causas e solu\u00e7\u00e3o\",\"isPartOf\":{\"@id\":\"https:\\\/\\\/canalizadordelisboa.pt\\\/#website\"},\"datePublished\":\"2026-03-18T15:05:37+00:00\",\"description\":\"\u00c1gua amarelada nas torneiras? Descubra as causas mais comuns, riscos e solu\u00e7\u00f5es para resolver o problema de forma r\u00e1pida e segura.\",\"breadcrumb\":{\"@id\":\"https:\\\/\\\/canalizadordelisboa.pt\\\/agua-amarelada-nas-torneiras-causas-e-solucao\\\/#breadcrumb\"},\"inLanguage\":\"de\",\"potentialAction\":[{\"@type\":\"ReadAction\",\"target\":[\"https:\\\/\\\/canalizadordelisboa.pt\\\/agua-amarelada-nas-torneiras-causas-e-solucao\\\/\"]}]},{\"@type\":\"BreadcrumbList\",\"@id\":\"https:\\\/\\\/canalizadordelisboa.pt\\\/agua-amarelada-nas-torneiras-causas-e-solucao\\\/#breadcrumb\",\"itemListElement\":[{\"@type\":\"ListItem\",\"position\":1,\"name\":\"Accueil\",\"item\":\"https:\\\/\\\/canalizadordelisboa.pt\\\/\"},{\"@type\":\"ListItem\",\"position\":2,\"name\":\"\u00c1gua amarelada nas torneiras: causas e solu\u00e7\u00e3o\"}]},{\"@type\":\"WebSite\",\"@id\":\"https:\\\/\\\/canalizadordelisboa.pt\\\/#website\",\"url\":\"https:\\\/\\\/canalizadordelisboa.pt\\\/\",\"name\":\"Canalizador de Lisboa\",\"description\":\"Servi\u00e7os de canaliza\u00e7\u00e3o e desentupimentos de alta qualidade em Lisboa.\",\"potentialAction\":[{\"@type\":\"SearchAction\",\"target\":{\"@type\":\"EntryPoint\",\"urlTemplate\":\"https:\\\/\\\/canalizadordelisboa.pt\\\/?s={search_term_string}\"},\"query-input\":{\"@type\":\"PropertyValueSpecification\",\"valueRequired\":true,\"valueName\":\"search_term_string\"}}],\"inLanguage\":\"de\"}]}<\/script>\n<!-- \/ Yoast SEO plugin. -->","yoast_head_json":{"title":"Gelbes Wasser im Wasserhahn: Ursachen und L\u00f6sungen","description":"Gelbes Wasser im Wasserhahn? Entdecken Sie die h\u00e4ufigsten Ursachen, Risiken und L\u00f6sungen, um das Problem schnell und sicher zu beheben.","robots":{"index":"index","follow":"follow","max-snippet":"max-snippet:-1","max-image-preview":"max-image-preview:large","max-video-preview":"max-video-preview:-1"},"canonical":"https:\/\/canalizadordelisboa.pt\/de\/gelbes-wasser-im-wasserhahn-ursachen-und-losungen\/","og_locale":"de_DE","og_type":"article","og_title":"\u00c1gua amarelada nas torneiras: causas e solu\u00e7\u00e3o","og_description":"\u00c1gua amarelada nas torneiras? Descubra as causas mais comuns, riscos e solu\u00e7\u00f5es para resolver o problema de forma r\u00e1pida e segura.","og_url":"https:\/\/canalizadordelisboa.pt\/de\/gelbes-wasser-im-wasserhahn-ursachen-und-losungen\/","og_site_name":"Canalizador de Lisboa","twitter_card":"summary_large_image","schema":{"@context":"https:\/\/schema.org","@graph":[{"@type":"WebPage","@id":"https:\/\/canalizadordelisboa.pt\/agua-amarelada-nas-torneiras-causas-e-solucao\/","url":"https:\/\/canalizadordelisboa.pt\/agua-amarelada-nas-torneiras-causas-e-solucao\/","name":"Gelbes Wasser im Wasserhahn: Ursachen und L\u00f6sungen","isPartOf":{"@id":"https:\/\/canalizadordelisboa.pt\/#website"},"datePublished":"2026-03-18T15:05:37+00:00","description":"Gelbes Wasser im Wasserhahn? Entdecken Sie die h\u00e4ufigsten Ursachen, Risiken und L\u00f6sungen, um das Problem schnell und sicher zu beheben.","breadcrumb":{"@id":"https:\/\/canalizadordelisboa.pt\/agua-amarelada-nas-torneiras-causas-e-solucao\/#breadcrumb"},"inLanguage":"de","potentialAction":[{"@type":"ReadAction","target":["https:\/\/canalizadordelisboa.pt\/agua-amarelada-nas-torneiras-causas-e-solucao\/"]}]},{"@type":"BreadcrumbList","@id":"https:\/\/canalizadordelisboa.pt\/agua-amarelada-nas-torneiras-causas-e-solucao\/#breadcrumb","itemListElement":[{"@type":"ListItem","position":1,"name":"Accueil","item":"https:\/\/canalizadordelisboa.pt\/"},{"@type":"ListItem","position":2,"name":"\u00c1gua amarelada nas torneiras: causas e solu\u00e7\u00e3o"}]},{"@type":"WebSite","@id":"https:\/\/canalizadordelisboa.pt\/#website","url":"https:\/\/canalizadordelisboa.pt\/","name":"Canalizador de Lisboa","description":"Hochwertige Klempner- und Entw\u00e4sserungsdienstleistungen in Lissabon.","potentialAction":[{"@type":"SearchAction","target":{"@type":"EntryPoint","urlTemplate":"https:\/\/canalizadordelisboa.pt\/?s={search_term_string}"},"query-input":{"@type":"PropertyValueSpecification","valueRequired":true,"valueName":"search_term_string"}}],"inLanguage":"de"}]}},"_links":{"self":[{"href":"https:\/\/canalizadordelisboa.pt\/de\/wp-json\/wp\/v2\/pages\/3693","targetHints":{"allow":["GET"]}}],"collection":[{"href":"https:\/\/canalizadordelisboa.pt\/de\/wp-json\/wp\/v2\/pages"}],"about":[{"href":"https:\/\/canalizadordelisboa.pt\/de\/wp-json\/wp\/v2\/types\/page"}],"author":[{"embeddable":true,"href":"https:\/\/canalizadordelisboa.pt\/de\/wp-json\/wp\/v2\/users\/1"}],"replies":[{"embeddable":true,"href":"https:\/\/canalizadordelisboa.pt\/de\/wp-json\/wp\/v2\/comments?post=3693"}],"version-history":[{"count":1,"href":"https:\/\/canalizadordelisboa.pt\/de\/wp-json\/wp\/v2\/pages\/3693\/revisions"}],"predecessor-version":[{"id":3694,"href":"https:\/\/canalizadordelisboa.pt\/de\/wp-json\/wp\/v2\/pages\/3693\/revisions\/3694"}],"wp:attachment":[{"href":"https:\/\/canalizadordelisboa.pt\/de\/wp-json\/wp\/v2\/media?parent=3693"}],"curies":[{"name":"wp","href":"https:\/\/api.w.org\/{rel}","templated":true}]}}