{"id":3672,"date":"2026-03-05T16:22:56","date_gmt":"2026-03-05T16:22:56","guid":{"rendered":"https:\/\/canalizadordelisboa.pt\/?page_id=3672"},"modified":"2026-03-09T10:21:07","modified_gmt":"2026-03-09T10:21:07","slug":"reinigung-von-gas-wassererhitzern","status":"publish","type":"page","link":"https:\/\/canalizadordelisboa.pt\/de\/limpeza-de-esquentador-a-gas\/","title":{"rendered":"Reinigung von Gasheizungen"},"content":{"rendered":"<p>Die Reinigung eines Gas-Wassererhitzers ist unerl\u00e4sslich, um sicherzustellen, dass er ordnungsgem\u00e4\u00df funktioniert, den Energieverbrauch zu senken und Ausf\u00e4lle zu vermeiden. Mit der Zeit k\u00f6nnen sich Staub, Verbrennungsr\u00fcckst\u00e4nde und Kalkablagerungen im Inneren des Ger\u00e4ts ansammeln, was die Effizienz verringert und Probleme bei der Wassererw\u00e4rmung verursacht.<\/p>\n<p><img fetchpriority=\"high\" decoding=\"async\" src=\"https:\/\/canalizadordelisboa.pt\/wp-content\/uploads\/2026\/03\/limpeza-de-esquentador-a-gas-225x300.jpeg\" alt=\"Reinigung von Gas-Wassererhitzern\" width=\"225\" height=\"300\" class=\"alignnone size-medium wp-image-3673\" srcset=\"https:\/\/canalizadordelisboa.pt\/wp-content\/uploads\/2026\/03\/limpeza-de-esquentador-a-gas-225x300.jpeg 225w, https:\/\/canalizadordelisboa.pt\/wp-content\/uploads\/2026\/03\/limpeza-de-esquentador-a-gas-768x1024.jpeg 768w, https:\/\/canalizadordelisboa.pt\/wp-content\/uploads\/2026\/03\/limpeza-de-esquentador-a-gas-9x12.jpeg 9w, https:\/\/canalizadordelisboa.pt\/wp-content\/uploads\/2026\/03\/limpeza-de-esquentador-a-gas.jpeg 800w\" sizes=\"(max-width: 225px) 100vw, 225px\" \/><\/p>\n<p>F\u00fcr eine sichere und effektive Wartung, <a href=\"https:\/\/canalizadordelisboa.pt\/de\/\">die Lissabonner Klempnerfirma<\/a> reinigt und pflegt <a href=\"https:\/\/canalizadordelisboa.pt\/de\/warmwasserbereiter-reparaturen-2\/\">Gas-Wassererhitzer<\/a> in H\u00e4usern und Wohnungen in Lissabon.<\/p>\n<h2>Anzeichen daf\u00fcr, dass der Warmwasserbereiter gereinigt werden muss<\/h2>\n<ul>\n<li>Das Wasser braucht eine Weile zum Aufheizen<\/li>\n<li>Unregelm\u00e4\u00dfige oder schwache Flamme<\/li>\n<li>Ungew\u00f6hnliche Ger\u00e4usche w\u00e4hrend des Betriebs<\/li>\n<li>H\u00f6herer Gasverbrauch<\/li>\n<li>Der Warmwasserbereiter schaltet sich h\u00e4ufig aus<\/li>\n<\/ul>\n<h2>Was die Reinigung des Warmwasserbereiters umfasst<\/h2>\n<ul>\n<li>Reinigung des Brenners<\/li>\n<li>\u00dcberpr\u00fcfung der Z\u00fcndanlage<\/li>\n<li>Beseitigung von Abfall und Staub<\/li>\n<li>\u00dcberpr\u00fcfung der Gasanschl\u00fcsse<\/li>\n<li>Funktions- und Sicherheitspr\u00fcfung<\/li>\n<\/ul>\n<h2>Bedeutung der regelm\u00e4\u00dfigen Wartung<\/h2>\n<p>Eine regelm\u00e4\u00dfige Wartung tr\u00e4gt dazu bei, die Lebensdauer des Warmwasserbereiters zu verl\u00e4ngern, die Leistung des Ger\u00e4ts zu verbessern und das Risiko von gasbedingten St\u00f6rungen oder Unf\u00e4llen zu verringern.<\/p>\n<h2>Professioneller Service in Lissabon<\/h2>\n<p>A <a href=\"https:\/\/canalizadordelisboa.pt\/de\/\">Klempnerfirma Lissabon<\/a> f\u00fchrt die Reinigung und Wartung von Gas-Wasserheizungen mit technischer Diagnose und schnellem Eingreifen durch, um einen sicheren und effizienten Betrieb der Ger\u00e4te zu gew\u00e4hrleisten.<\/p>","protected":false},"excerpt":{"rendered":"<p>A limpeza de um esquentador a g\u00e1s \u00e9 essencial para garantir o bom funcionamento do equipamento, reduzir o consumo de energia e evitar avarias. Com o tempo, poeiras, res\u00edduos de combust\u00e3o e calc\u00e1rio podem acumular-se no interior do aparelho, diminuindo a efici\u00eancia e causando problemas no aquecimento da \u00e1gua. Para uma manuten\u00e7\u00e3o segura e eficaz, [&hellip;]<\/p>\n","protected":false},"author":1,"featured_media":3673,"parent":0,"menu_order":0,"comment_status":"closed","ping_status":"closed","template":"","meta":{"iawp_total_views":0,"footnotes":""},"class_list":["post-3672","page","type-page","status-publish","has-post-thumbnail","hentry"],"yoast_head":"<!-- This site is optimized with the Yoast SEO plugin v27.4 - https:\/\/yoast.com\/product\/yoast-seo-wordpress\/ -->\n<title>Limpeza de esquentador a g\u00e1s<\/title>\n<meta name=\"description\" content=\"Servi\u00e7o de limpeza de esquentador a g\u00e1s para melhorar o desempenho, reduzir consumo e evitar avarias. Atendimento em Lisboa.\" \/>\n<meta name=\"robots\" content=\"index, follow, max-snippet:-1, max-image-preview:large, max-video-preview:-1\" \/>\n<link rel=\"canonical\" href=\"https:\/\/canalizadordelisboa.pt\/de\/reinigung-von-gas-wassererhitzern\/\" \/>\n<meta property=\"og:locale\" content=\"de_DE\" \/>\n<meta property=\"og:type\" content=\"article\" \/>\n<meta property=\"og:title\" content=\"Limpeza de esquentador a g\u00e1s\" \/>\n<meta property=\"og:description\" content=\"Servi\u00e7o de limpeza de esquentador a g\u00e1s para melhorar o desempenho, reduzir consumo e evitar avarias. Atendimento em Lisboa.\" \/>\n<meta property=\"og:url\" content=\"https:\/\/canalizadordelisboa.pt\/de\/reinigung-von-gas-wassererhitzern\/\" \/>\n<meta property=\"og:site_name\" content=\"Canalizador de Lisboa\" \/>\n<meta property=\"article:modified_time\" content=\"2026-03-09T10:21:07+00:00\" \/>\n<meta property=\"og:image\" content=\"https:\/\/canalizadordelisboa.pt\/wp-content\/uploads\/2026\/03\/limpeza-de-esquentador-a-gas.jpeg\" \/>\n\t<meta property=\"og:image:width\" content=\"800\" \/>\n\t<meta property=\"og:image:height\" content=\"1067\" \/>\n\t<meta property=\"og:image:type\" content=\"image\/jpeg\" \/>\n<meta name=\"twitter:card\" content=\"summary_large_image\" \/>\n<meta name=\"twitter:label1\" content=\"Gesch\u00e4tzte Lesezeit\" \/>\n\t<meta name=\"twitter:data1\" content=\"2\u00a0Minuten\" \/>\n<script type=\"application\/ld+json\" class=\"yoast-schema-graph\">{\"@context\":\"https:\\\/\\\/schema.org\",\"@graph\":[{\"@type\":\"WebPage\",\"@id\":\"https:\\\/\\\/canalizadordelisboa.pt\\\/limpeza-de-esquentador-a-gas\\\/\",\"url\":\"https:\\\/\\\/canalizadordelisboa.pt\\\/limpeza-de-esquentador-a-gas\\\/\",\"name\":\"Limpeza de esquentador a g\u00e1s\",\"isPartOf\":{\"@id\":\"https:\\\/\\\/canalizadordelisboa.pt\\\/#website\"},\"primaryImageOfPage\":{\"@id\":\"https:\\\/\\\/canalizadordelisboa.pt\\\/limpeza-de-esquentador-a-gas\\\/#primaryimage\"},\"image\":{\"@id\":\"https:\\\/\\\/canalizadordelisboa.pt\\\/limpeza-de-esquentador-a-gas\\\/#primaryimage\"},\"thumbnailUrl\":\"https:\\\/\\\/canalizadordelisboa.pt\\\/wp-content\\\/uploads\\\/2026\\\/03\\\/limpeza-de-esquentador-a-gas.jpeg\",\"datePublished\":\"2026-03-05T16:22:56+00:00\",\"dateModified\":\"2026-03-09T10:21:07+00:00\",\"description\":\"Servi\u00e7o de limpeza de esquentador a g\u00e1s para melhorar o desempenho, reduzir consumo e evitar avarias. Atendimento em Lisboa.\",\"breadcrumb\":{\"@id\":\"https:\\\/\\\/canalizadordelisboa.pt\\\/limpeza-de-esquentador-a-gas\\\/#breadcrumb\"},\"inLanguage\":\"de\",\"potentialAction\":[{\"@type\":\"ReadAction\",\"target\":[\"https:\\\/\\\/canalizadordelisboa.pt\\\/limpeza-de-esquentador-a-gas\\\/\"]}]},{\"@type\":\"ImageObject\",\"inLanguage\":\"de\",\"@id\":\"https:\\\/\\\/canalizadordelisboa.pt\\\/limpeza-de-esquentador-a-gas\\\/#primaryimage\",\"url\":\"https:\\\/\\\/canalizadordelisboa.pt\\\/wp-content\\\/uploads\\\/2026\\\/03\\\/limpeza-de-esquentador-a-gas.jpeg\",\"contentUrl\":\"https:\\\/\\\/canalizadordelisboa.pt\\\/wp-content\\\/uploads\\\/2026\\\/03\\\/limpeza-de-esquentador-a-gas.jpeg\",\"width\":800,\"height\":1067,\"caption\":\"limpeza de esquentador a ga\u0301s\"},{\"@type\":\"BreadcrumbList\",\"@id\":\"https:\\\/\\\/canalizadordelisboa.pt\\\/limpeza-de-esquentador-a-gas\\\/#breadcrumb\",\"itemListElement\":[{\"@type\":\"ListItem\",\"position\":1,\"name\":\"Accueil\",\"item\":\"https:\\\/\\\/canalizadordelisboa.pt\\\/\"},{\"@type\":\"ListItem\",\"position\":2,\"name\":\"Limpeza de esquentador a g\u00e1s\"}]},{\"@type\":\"WebSite\",\"@id\":\"https:\\\/\\\/canalizadordelisboa.pt\\\/#website\",\"url\":\"https:\\\/\\\/canalizadordelisboa.pt\\\/\",\"name\":\"Canalizador de Lisboa\",\"description\":\"Servi\u00e7os de canaliza\u00e7\u00e3o e desentupimentos de alta qualidade em Lisboa.\",\"potentialAction\":[{\"@type\":\"SearchAction\",\"target\":{\"@type\":\"EntryPoint\",\"urlTemplate\":\"https:\\\/\\\/canalizadordelisboa.pt\\\/?s={search_term_string}\"},\"query-input\":{\"@type\":\"PropertyValueSpecification\",\"valueRequired\":true,\"valueName\":\"search_term_string\"}}],\"inLanguage\":\"de\"}]}<\/script>\n<!-- \/ Yoast SEO plugin. -->","yoast_head_json":{"title":"Reinigung von Gasheizungen","description":"Reinigung von Warmwasserbereitern, um die Leistung zu verbessern, den Verbrauch zu senken und Ausf\u00e4lle zu vermeiden. Service in Lissabon.","robots":{"index":"index","follow":"follow","max-snippet":"max-snippet:-1","max-image-preview":"max-image-preview:large","max-video-preview":"max-video-preview:-1"},"canonical":"https:\/\/canalizadordelisboa.pt\/de\/reinigung-von-gas-wassererhitzern\/","og_locale":"de_DE","og_type":"article","og_title":"Limpeza de esquentador a g\u00e1s","og_description":"Servi\u00e7o de limpeza de esquentador a g\u00e1s para melhorar o desempenho, reduzir consumo e evitar avarias. Atendimento em Lisboa.","og_url":"https:\/\/canalizadordelisboa.pt\/de\/reinigung-von-gas-wassererhitzern\/","og_site_name":"Canalizador de Lisboa","article_modified_time":"2026-03-09T10:21:07+00:00","og_image":[{"width":800,"height":1067,"url":"https:\/\/canalizadordelisboa.pt\/wp-content\/uploads\/2026\/03\/limpeza-de-esquentador-a-gas.jpeg","type":"image\/jpeg"}],"twitter_card":"summary_large_image","twitter_misc":{"Gesch\u00e4tzte Lesezeit":"2\u00a0Minuten"},"schema":{"@context":"https:\/\/schema.org","@graph":[{"@type":"WebPage","@id":"https:\/\/canalizadordelisboa.pt\/limpeza-de-esquentador-a-gas\/","url":"https:\/\/canalizadordelisboa.pt\/limpeza-de-esquentador-a-gas\/","name":"Reinigung von Gasheizungen","isPartOf":{"@id":"https:\/\/canalizadordelisboa.pt\/#website"},"primaryImageOfPage":{"@id":"https:\/\/canalizadordelisboa.pt\/limpeza-de-esquentador-a-gas\/#primaryimage"},"image":{"@id":"https:\/\/canalizadordelisboa.pt\/limpeza-de-esquentador-a-gas\/#primaryimage"},"thumbnailUrl":"https:\/\/canalizadordelisboa.pt\/wp-content\/uploads\/2026\/03\/limpeza-de-esquentador-a-gas.jpeg","datePublished":"2026-03-05T16:22:56+00:00","dateModified":"2026-03-09T10:21:07+00:00","description":"Reinigung von Warmwasserbereitern, um die Leistung zu verbessern, den Verbrauch zu senken und Ausf\u00e4lle zu vermeiden. Service in Lissabon.","breadcrumb":{"@id":"https:\/\/canalizadordelisboa.pt\/limpeza-de-esquentador-a-gas\/#breadcrumb"},"inLanguage":"de","potentialAction":[{"@type":"ReadAction","target":["https:\/\/canalizadordelisboa.pt\/limpeza-de-esquentador-a-gas\/"]}]},{"@type":"ImageObject","inLanguage":"de","@id":"https:\/\/canalizadordelisboa.pt\/limpeza-de-esquentador-a-gas\/#primaryimage","url":"https:\/\/canalizadordelisboa.pt\/wp-content\/uploads\/2026\/03\/limpeza-de-esquentador-a-gas.jpeg","contentUrl":"https:\/\/canalizadordelisboa.pt\/wp-content\/uploads\/2026\/03\/limpeza-de-esquentador-a-gas.jpeg","width":800,"height":1067,"caption":"limpeza de esquentador a ga\u0301s"},{"@type":"BreadcrumbList","@id":"https:\/\/canalizadordelisboa.pt\/limpeza-de-esquentador-a-gas\/#breadcrumb","itemListElement":[{"@type":"ListItem","position":1,"name":"Accueil","item":"https:\/\/canalizadordelisboa.pt\/"},{"@type":"ListItem","position":2,"name":"Limpeza de esquentador a g\u00e1s"}]},{"@type":"WebSite","@id":"https:\/\/canalizadordelisboa.pt\/#website","url":"https:\/\/canalizadordelisboa.pt\/","name":"Canalizador de Lisboa","description":"Hochwertige Klempner- und Entw\u00e4sserungsdienstleistungen in Lissabon.","potentialAction":[{"@type":"SearchAction","target":{"@type":"EntryPoint","urlTemplate":"https:\/\/canalizadordelisboa.pt\/?s={search_term_string}"},"query-input":{"@type":"PropertyValueSpecification","valueRequired":true,"valueName":"search_term_string"}}],"inLanguage":"de"}]}},"_links":{"self":[{"href":"https:\/\/canalizadordelisboa.pt\/de\/wp-json\/wp\/v2\/pages\/3672","targetHints":{"allow":["GET"]}}],"collection":[{"href":"https:\/\/canalizadordelisboa.pt\/de\/wp-json\/wp\/v2\/pages"}],"about":[{"href":"https:\/\/canalizadordelisboa.pt\/de\/wp-json\/wp\/v2\/types\/page"}],"author":[{"embeddable":true,"href":"https:\/\/canalizadordelisboa.pt\/de\/wp-json\/wp\/v2\/users\/1"}],"replies":[{"embeddable":true,"href":"https:\/\/canalizadordelisboa.pt\/de\/wp-json\/wp\/v2\/comments?post=3672"}],"version-history":[{"count":2,"href":"https:\/\/canalizadordelisboa.pt\/de\/wp-json\/wp\/v2\/pages\/3672\/revisions"}],"predecessor-version":[{"id":3686,"href":"https:\/\/canalizadordelisboa.pt\/de\/wp-json\/wp\/v2\/pages\/3672\/revisions\/3686"}],"wp:featuredmedia":[{"embeddable":true,"href":"https:\/\/canalizadordelisboa.pt\/de\/wp-json\/wp\/v2\/media\/3673"}],"wp:attachment":[{"href":"https:\/\/canalizadordelisboa.pt\/de\/wp-json\/wp\/v2\/media?parent=3672"}],"curies":[{"name":"wp","href":"https:\/\/api.w.org\/{rel}","templated":true}]}}