{"id":3667,"date":"2026-03-05T16:17:48","date_gmt":"2026-03-05T16:17:48","guid":{"rendered":"https:\/\/canalizadordelisboa.pt\/?page_id=3667"},"modified":"2026-03-09T10:20:53","modified_gmt":"2026-03-09T10:20:53","slug":"reparatur-und-isolierung-des-toilettenbodens","status":"publish","type":"page","link":"https:\/\/canalizadordelisboa.pt\/de\/reparacao-e-isolamento-da-base-da-sanita\/","title":{"rendered":"Reparatur und Isolierung des Toilettenbodens"},"content":{"rendered":"<p>Der Sockel der Toilette muss perfekt abgedichtet sein, damit kein Wasser ausl\u00e4uft, der Fu\u00dfboden nicht versickert und keine unangenehmen Ger\u00fcche aus den Sanit\u00e4ranlagen kommen. Wenn die Isolierung besch\u00e4digt oder die Toilette nicht richtig gesichert ist, k\u00f6nnen Probleme wie Wasser auf dem Badezimmerboden oder ein unangenehmer Geruch auftreten.<\/p>\n<p><img fetchpriority=\"high\" decoding=\"async\" src=\"https:\/\/canalizadordelisboa.pt\/wp-content\/uploads\/2026\/03\/Reparacao-e-isolamento-de-base-Tampa-de-sanita.jpg-300x257.jpeg\" alt=\"Bodenreparatur und Isolierung + Toilettensitzbezug.jpg\" width=\"300\" height=\"257\" class=\"alignnone size-medium wp-image-3668\" srcset=\"https:\/\/canalizadordelisboa.pt\/wp-content\/uploads\/2026\/03\/Reparacao-e-isolamento-de-base-Tampa-de-sanita.jpg-300x257.jpeg 300w, https:\/\/canalizadordelisboa.pt\/wp-content\/uploads\/2026\/03\/Reparacao-e-isolamento-de-base-Tampa-de-sanita.jpg-14x12.jpeg 14w, https:\/\/canalizadordelisboa.pt\/wp-content\/uploads\/2026\/03\/Reparacao-e-isolamento-de-base-Tampa-de-sanita.jpg.jpeg 700w\" sizes=\"(max-width: 300px) 100vw, 300px\" \/><\/p>\n<p>Um eine sichere und dauerhafte Reparatur zu gew\u00e4hrleisten, <a href=\"https:\/\/canalizadordelisboa.pt\/de\/\">die Lissabonner Klempnerfirma<\/a> repariert und isoliert den Boden von Toiletten in H\u00e4usern, Wohnungen und Betrieben in Lissabon.<\/p>\n<h2>Anzeichen f\u00fcr ein Problem mit dem Toilettensitz<\/h2>\n<ul>\n<li>Wasser, das um die Basis herum erscheint<\/li>\n<li><a href=\"https:\/\/canalizadordelisboa.pt\/de\/wie-man-schlechte-geruche-in-badezimmerrohren-beseitigt\/\">Schlechter Geruch<\/a> hartn\u00e4ckig in <a href=\"https:\/\/canalizadordelisboa.pt\/de\/badezimmer-renovierung-lissabon\/\">Badezimmer<\/a><\/li>\n<li>Toilette leicht locker oder beweglich<\/li>\n<li>Feuchtigkeit im Boden oder in den Bodenfugen<\/li>\n<\/ul>\n<h2>M\u00f6gliche Ursachen<\/h2>\n<ul>\n<li>Verschlissene Silikondichtung<\/li>\n<li>Kanalisationsanschluss verschlissen<\/li>\n<li>Lose Befestigungsschrauben<\/li>\n<li>Falsche Installation der Toilette<\/li>\n<\/ul>\n<h2>Wie die Reparatur durchgef\u00fchrt wird<\/h2>\n<ul>\n<li>Entfernen der alten Dichtung<\/li>\n<li>Kontrolle des Kanalisationsanschlusses<\/li>\n<li>Auswechseln der Dichtung oder des Dichtungsrings<\/li>\n<li>Richtige Befestigung der Toilette auf dem Boden<\/li>\n<li>Anwendung der neuen Isolierung mit Sanit\u00e4rsilikon<\/li>\n<\/ul>\n<h2>Wann Sie einen Klempner rufen sollten<\/h2>\n<p>Wenn immer wieder Wasser am Boden der Toilette auftritt, wenn es auf den Boden sickert oder wenn die Toilette instabil ist, ist es ideal, eine technische Kontrolle durchzuf\u00fchren, um weitere Sch\u00e4den zu vermeiden.<\/p>\n<p>A <a href=\"https:\/\/canalizadordelisboa.pt\/de\/\">Klempnerfirma Lissabon<\/a> f\u00fchrt die Reparatur und Isolierung von Toilettenb\u00f6den in Lissabon und Umgebung schnell und professionell durch.<\/p>","protected":false},"excerpt":{"rendered":"<p>A base da sanita deve estar perfeitamente vedada para evitar fugas de \u00e1gua, infiltra\u00e7\u00f5es no ch\u00e3o e maus odores provenientes da canaliza\u00e7\u00e3o. Quando o isolamento est\u00e1 danificado ou a sanita n\u00e3o est\u00e1 bem fixada, podem surgir problemas como \u00e1gua no ch\u00e3o da casa de banho ou cheiro desagrad\u00e1vel. Para garantir uma repara\u00e7\u00e3o segura e duradoura, [&hellip;]<\/p>\n","protected":false},"author":1,"featured_media":3668,"parent":0,"menu_order":0,"comment_status":"closed","ping_status":"closed","template":"","meta":{"iawp_total_views":10,"footnotes":""},"class_list":["post-3667","page","type-page","status-publish","has-post-thumbnail","hentry"],"yoast_head":"<!-- This site is optimized with the Yoast SEO plugin v27.4 - https:\/\/yoast.com\/product\/yoast-seo-wordpress\/ -->\n<title>Repara\u00e7\u00e3o e isolamento da base da sanita<\/title>\n<meta name=\"description\" content=\"Repara\u00e7\u00e3o e isolamento da base da sanita para evitar fugas de \u00e1gua, maus odores e infiltra\u00e7\u00f5es. Servi\u00e7o profissional em Lisboa.\" \/>\n<meta name=\"robots\" content=\"index, follow, max-snippet:-1, max-image-preview:large, max-video-preview:-1\" \/>\n<link rel=\"canonical\" href=\"https:\/\/canalizadordelisboa.pt\/de\/reparatur-und-isolierung-des-toilettenbodens\/\" \/>\n<meta property=\"og:locale\" content=\"de_DE\" \/>\n<meta property=\"og:type\" content=\"article\" \/>\n<meta property=\"og:title\" content=\"Repara\u00e7\u00e3o e isolamento da base da sanita\" \/>\n<meta property=\"og:description\" content=\"Repara\u00e7\u00e3o e isolamento da base da sanita para evitar fugas de \u00e1gua, maus odores e infiltra\u00e7\u00f5es. Servi\u00e7o profissional em Lisboa.\" \/>\n<meta property=\"og:url\" content=\"https:\/\/canalizadordelisboa.pt\/de\/reparatur-und-isolierung-des-toilettenbodens\/\" \/>\n<meta property=\"og:site_name\" content=\"Canalizador de Lisboa\" \/>\n<meta property=\"article:modified_time\" content=\"2026-03-09T10:20:53+00:00\" \/>\n<meta property=\"og:image\" content=\"https:\/\/canalizadordelisboa.pt\/wp-content\/uploads\/2026\/03\/Reparacao-e-isolamento-de-base-Tampa-de-sanita.jpg.jpeg\" \/>\n\t<meta property=\"og:image:width\" content=\"700\" \/>\n\t<meta property=\"og:image:height\" content=\"600\" \/>\n\t<meta property=\"og:image:type\" content=\"image\/jpeg\" \/>\n<meta name=\"twitter:card\" content=\"summary_large_image\" \/>\n<meta name=\"twitter:label1\" content=\"Gesch\u00e4tzte Lesezeit\" \/>\n\t<meta name=\"twitter:data1\" content=\"2\u00a0Minuten\" \/>\n<script type=\"application\/ld+json\" class=\"yoast-schema-graph\">{\"@context\":\"https:\\\/\\\/schema.org\",\"@graph\":[{\"@type\":\"WebPage\",\"@id\":\"https:\\\/\\\/canalizadordelisboa.pt\\\/reparacao-e-isolamento-da-base-da-sanita\\\/\",\"url\":\"https:\\\/\\\/canalizadordelisboa.pt\\\/reparacao-e-isolamento-da-base-da-sanita\\\/\",\"name\":\"Repara\u00e7\u00e3o e isolamento da base da sanita\",\"isPartOf\":{\"@id\":\"https:\\\/\\\/canalizadordelisboa.pt\\\/#website\"},\"primaryImageOfPage\":{\"@id\":\"https:\\\/\\\/canalizadordelisboa.pt\\\/reparacao-e-isolamento-da-base-da-sanita\\\/#primaryimage\"},\"image\":{\"@id\":\"https:\\\/\\\/canalizadordelisboa.pt\\\/reparacao-e-isolamento-da-base-da-sanita\\\/#primaryimage\"},\"thumbnailUrl\":\"https:\\\/\\\/canalizadordelisboa.pt\\\/wp-content\\\/uploads\\\/2026\\\/03\\\/Reparacao-e-isolamento-de-base-Tampa-de-sanita.jpg.jpeg\",\"datePublished\":\"2026-03-05T16:17:48+00:00\",\"dateModified\":\"2026-03-09T10:20:53+00:00\",\"description\":\"Repara\u00e7\u00e3o e isolamento da base da sanita para evitar fugas de \u00e1gua, maus odores e infiltra\u00e7\u00f5es. Servi\u00e7o profissional em Lisboa.\",\"breadcrumb\":{\"@id\":\"https:\\\/\\\/canalizadordelisboa.pt\\\/reparacao-e-isolamento-da-base-da-sanita\\\/#breadcrumb\"},\"inLanguage\":\"de\",\"potentialAction\":[{\"@type\":\"ReadAction\",\"target\":[\"https:\\\/\\\/canalizadordelisboa.pt\\\/reparacao-e-isolamento-da-base-da-sanita\\\/\"]}]},{\"@type\":\"ImageObject\",\"inLanguage\":\"de\",\"@id\":\"https:\\\/\\\/canalizadordelisboa.pt\\\/reparacao-e-isolamento-da-base-da-sanita\\\/#primaryimage\",\"url\":\"https:\\\/\\\/canalizadordelisboa.pt\\\/wp-content\\\/uploads\\\/2026\\\/03\\\/Reparacao-e-isolamento-de-base-Tampa-de-sanita.jpg.jpeg\",\"contentUrl\":\"https:\\\/\\\/canalizadordelisboa.pt\\\/wp-content\\\/uploads\\\/2026\\\/03\\\/Reparacao-e-isolamento-de-base-Tampa-de-sanita.jpg.jpeg\",\"width\":700,\"height\":600,\"caption\":\"Reparac\u0327a\u0303o e isolamento de base + Tampa de sanita.jpg\"},{\"@type\":\"BreadcrumbList\",\"@id\":\"https:\\\/\\\/canalizadordelisboa.pt\\\/reparacao-e-isolamento-da-base-da-sanita\\\/#breadcrumb\",\"itemListElement\":[{\"@type\":\"ListItem\",\"position\":1,\"name\":\"Accueil\",\"item\":\"https:\\\/\\\/canalizadordelisboa.pt\\\/\"},{\"@type\":\"ListItem\",\"position\":2,\"name\":\"Repara\u00e7\u00e3o e isolamento da base da sanita\"}]},{\"@type\":\"WebSite\",\"@id\":\"https:\\\/\\\/canalizadordelisboa.pt\\\/#website\",\"url\":\"https:\\\/\\\/canalizadordelisboa.pt\\\/\",\"name\":\"Canalizador de Lisboa\",\"description\":\"Servi\u00e7os de canaliza\u00e7\u00e3o e desentupimentos de alta qualidade em Lisboa.\",\"potentialAction\":[{\"@type\":\"SearchAction\",\"target\":{\"@type\":\"EntryPoint\",\"urlTemplate\":\"https:\\\/\\\/canalizadordelisboa.pt\\\/?s={search_term_string}\"},\"query-input\":{\"@type\":\"PropertyValueSpecification\",\"valueRequired\":true,\"valueName\":\"search_term_string\"}}],\"inLanguage\":\"de\"}]}<\/script>\n<!-- \/ Yoast SEO plugin. -->","yoast_head_json":{"title":"Reparatur und Isolierung des Toilettenbodens","description":"Reparatur und Isolierung des Toilettenbodens, um Wasserlecks, schlechte Ger\u00fcche und Infiltration zu verhindern. Professioneller Service in Lissabon.","robots":{"index":"index","follow":"follow","max-snippet":"max-snippet:-1","max-image-preview":"max-image-preview:large","max-video-preview":"max-video-preview:-1"},"canonical":"https:\/\/canalizadordelisboa.pt\/de\/reparatur-und-isolierung-des-toilettenbodens\/","og_locale":"de_DE","og_type":"article","og_title":"Repara\u00e7\u00e3o e isolamento da base da sanita","og_description":"Repara\u00e7\u00e3o e isolamento da base da sanita para evitar fugas de \u00e1gua, maus odores e infiltra\u00e7\u00f5es. Servi\u00e7o profissional em Lisboa.","og_url":"https:\/\/canalizadordelisboa.pt\/de\/reparatur-und-isolierung-des-toilettenbodens\/","og_site_name":"Canalizador de Lisboa","article_modified_time":"2026-03-09T10:20:53+00:00","og_image":[{"width":700,"height":600,"url":"https:\/\/canalizadordelisboa.pt\/wp-content\/uploads\/2026\/03\/Reparacao-e-isolamento-de-base-Tampa-de-sanita.jpg.jpeg","type":"image\/jpeg"}],"twitter_card":"summary_large_image","twitter_misc":{"Gesch\u00e4tzte Lesezeit":"2\u00a0Minuten"},"schema":{"@context":"https:\/\/schema.org","@graph":[{"@type":"WebPage","@id":"https:\/\/canalizadordelisboa.pt\/reparacao-e-isolamento-da-base-da-sanita\/","url":"https:\/\/canalizadordelisboa.pt\/reparacao-e-isolamento-da-base-da-sanita\/","name":"Reparatur und Isolierung des Toilettenbodens","isPartOf":{"@id":"https:\/\/canalizadordelisboa.pt\/#website"},"primaryImageOfPage":{"@id":"https:\/\/canalizadordelisboa.pt\/reparacao-e-isolamento-da-base-da-sanita\/#primaryimage"},"image":{"@id":"https:\/\/canalizadordelisboa.pt\/reparacao-e-isolamento-da-base-da-sanita\/#primaryimage"},"thumbnailUrl":"https:\/\/canalizadordelisboa.pt\/wp-content\/uploads\/2026\/03\/Reparacao-e-isolamento-de-base-Tampa-de-sanita.jpg.jpeg","datePublished":"2026-03-05T16:17:48+00:00","dateModified":"2026-03-09T10:20:53+00:00","description":"Reparatur und Isolierung des Toilettenbodens, um Wasserlecks, schlechte Ger\u00fcche und Infiltration zu verhindern. Professioneller Service in Lissabon.","breadcrumb":{"@id":"https:\/\/canalizadordelisboa.pt\/reparacao-e-isolamento-da-base-da-sanita\/#breadcrumb"},"inLanguage":"de","potentialAction":[{"@type":"ReadAction","target":["https:\/\/canalizadordelisboa.pt\/reparacao-e-isolamento-da-base-da-sanita\/"]}]},{"@type":"ImageObject","inLanguage":"de","@id":"https:\/\/canalizadordelisboa.pt\/reparacao-e-isolamento-da-base-da-sanita\/#primaryimage","url":"https:\/\/canalizadordelisboa.pt\/wp-content\/uploads\/2026\/03\/Reparacao-e-isolamento-de-base-Tampa-de-sanita.jpg.jpeg","contentUrl":"https:\/\/canalizadordelisboa.pt\/wp-content\/uploads\/2026\/03\/Reparacao-e-isolamento-de-base-Tampa-de-sanita.jpg.jpeg","width":700,"height":600,"caption":"Reparac\u0327a\u0303o e isolamento de base + Tampa de sanita.jpg"},{"@type":"BreadcrumbList","@id":"https:\/\/canalizadordelisboa.pt\/reparacao-e-isolamento-da-base-da-sanita\/#breadcrumb","itemListElement":[{"@type":"ListItem","position":1,"name":"Accueil","item":"https:\/\/canalizadordelisboa.pt\/"},{"@type":"ListItem","position":2,"name":"Repara\u00e7\u00e3o e isolamento da base da sanita"}]},{"@type":"WebSite","@id":"https:\/\/canalizadordelisboa.pt\/#website","url":"https:\/\/canalizadordelisboa.pt\/","name":"Canalizador de Lisboa","description":"Hochwertige Klempner- und Entw\u00e4sserungsdienstleistungen in Lissabon.","potentialAction":[{"@type":"SearchAction","target":{"@type":"EntryPoint","urlTemplate":"https:\/\/canalizadordelisboa.pt\/?s={search_term_string}"},"query-input":{"@type":"PropertyValueSpecification","valueRequired":true,"valueName":"search_term_string"}}],"inLanguage":"de"}]}},"_links":{"self":[{"href":"https:\/\/canalizadordelisboa.pt\/de\/wp-json\/wp\/v2\/pages\/3667","targetHints":{"allow":["GET"]}}],"collection":[{"href":"https:\/\/canalizadordelisboa.pt\/de\/wp-json\/wp\/v2\/pages"}],"about":[{"href":"https:\/\/canalizadordelisboa.pt\/de\/wp-json\/wp\/v2\/types\/page"}],"author":[{"embeddable":true,"href":"https:\/\/canalizadordelisboa.pt\/de\/wp-json\/wp\/v2\/users\/1"}],"replies":[{"embeddable":true,"href":"https:\/\/canalizadordelisboa.pt\/de\/wp-json\/wp\/v2\/comments?post=3667"}],"version-history":[{"count":3,"href":"https:\/\/canalizadordelisboa.pt\/de\/wp-json\/wp\/v2\/pages\/3667\/revisions"}],"predecessor-version":[{"id":3685,"href":"https:\/\/canalizadordelisboa.pt\/de\/wp-json\/wp\/v2\/pages\/3667\/revisions\/3685"}],"wp:featuredmedia":[{"embeddable":true,"href":"https:\/\/canalizadordelisboa.pt\/de\/wp-json\/wp\/v2\/media\/3668"}],"wp:attachment":[{"href":"https:\/\/canalizadordelisboa.pt\/de\/wp-json\/wp\/v2\/media?parent=3667"}],"curies":[{"name":"wp","href":"https:\/\/api.w.org\/{rel}","templated":true}]}}