{"id":3591,"date":"2026-02-13T11:03:55","date_gmt":"2026-02-13T11:03:55","guid":{"rendered":"https:\/\/canalizadordelisboa.pt\/?page_id=3591"},"modified":"2026-02-13T11:03:55","modified_gmt":"2026-02-13T11:03:55","slug":"wie-der-rohrkamerainspektionsdienst-funktioniert","status":"publish","type":"page","link":"https:\/\/canalizadordelisboa.pt\/de\/como-funciona-o-servico-de-inspecao-por-camera-nos-canos\/","title":{"rendered":"Wie der Rohrkamerainspektionsdienst funktioniert"},"content":{"rendered":"<p>Die Inspektion von Rohrleitungen mit einer Kamera ist eine der modernsten Technologien, die in der Sanit\u00e4rbranche eingesetzt wird, um Probleme zu erkennen, ohne W\u00e4nde, B\u00f6den oder Strukturen durchbrechen zu m\u00fcssen. Diese Methode erm\u00f6glicht es, das Innere der Rohre in Echtzeit zu visualisieren, was eine schnelle und genaue Diagnose erm\u00f6glicht.<\/p>\n<p>In diesem umfassenden Leitfaden erkl\u00e4ren wir, wie dieser Service funktioniert, wann er ben\u00f6tigt wird, welche Vorteile er bietet und welche Arten von Problemen erkannt werden k\u00f6nnen. F\u00fcr professionelle und genaue Diagnosen, <a href=\"https:\/\/canalizadordelisboa.pt\/de\/\">die Lissabonner Klempnerfirma<\/a> ist die beste L\u00f6sung f\u00fcr die Durchf\u00fchrung von technischen Inspektionen mit moderner Ausr\u00fcstung.<\/p>\n<h2>Was ist eine Kamerainspektion in der Klempnerei?<\/h2>\n<p>Bei der Kamerainspektion wird eine hochaufl\u00f6sende Mikrokamera in die Rohre eingef\u00fchrt. Diese Kamera ist mit einem flexiblen Kabel verbunden, das entlang des Rohrs verl\u00e4uft und ein Live-Bild auf einen Monitor \u00fcbertr\u00e4gt.<\/p>\n<p>Mit dieser Technologie kann der Techniker den inneren Zustand der Rohre beobachten, Verstopfungen, Risse, Infiltrationen und andere mit dem blo\u00dfen Auge nicht sichtbare Probleme lokalisieren.<\/p>\n<h2>So funktioniert die Kamerainspektion<\/h2>\n<h3>1. Zugang zu den Rohrleitungen<\/h3>\n<p>Der Techniker ermittelt die beste Eintrittsstelle, in der Regel durch Abfl\u00fcsse, Siphons, Inspektionsk\u00e4sten oder Wartungsstellen.<\/p>\n<h3>2. Einf\u00fchrung in die Kamera<\/h3>\n<p>Die Kamera wird in das Rohr eingef\u00fchrt und bewegt sich langsam entlang der Innenseite der Rohre, wobei sie detaillierte Bilder aufnimmt.<\/p>\n<h3>3. Analyse in Echtzeit<\/h3>\n<p>Die Bilder werden auf einem Monitor angezeigt, so dass eventuelle Anomalien sofort erkannt werden k\u00f6nnen.<\/p>\n<h3>4. Genaue Lokalisierung des Problems<\/h3>\n<p>Moderne Ger\u00e4te erm\u00f6glichen es, die von der Kamera zur\u00fcckgelegte Strecke zu messen, was die genaue Lokalisierung des Fehlers erleichtert.<\/p>\n<h3>5. Technischer Bericht<\/h3>\n<p>Nach der Inspektion kann ein Bericht mit einer Diagnose und Reparaturempfehlung erstellt werden.<\/p>\n<h2>Wann ist eine Kamerainspektion erforderlich?<\/h2>\n<p>Dieser Dienst wird in verschiedenen Situationen empfohlen:<\/p>\n<ul>\n<li>Wiederkehrende Verstopfungen<\/li>\n<li>Anhaltende schlechte Ger\u00fcche<\/li>\n<li>Verdacht auf einen Rohrbruch<\/li>\n<li>Infiltrationen in W\u00e4nden<\/li>\n<li>Vor dem Kauf oder der Renovierung einer Immobilie<\/li>\n<li>\u00dcberpr\u00fcfung der alten Rohrleitungen<\/li>\n<li>Probleme mit dem Abwassersystem<\/li>\n<\/ul>\n<h2>Probleme, die mit einer Kamerainspektion erkannt werden k\u00f6nnen<\/h2>\n<ul>\n<li>Tiefe Verstopfungen<\/li>\n<li>Risse oder Spr\u00fcnge in Rohren<\/li>\n<li>Innere Korrosion<\/li>\n<li>Baumwurzeln im Inneren des Rohrs<\/li>\n<li>Schieflage oder Absinken von Rohren<\/li>\n<li>Anh\u00e4ufung von Fett und Abfallstoffen<\/li>\n<li>Im Rohr stecken gebliebene Gegenst\u00e4nde<\/li>\n<\/ul>\n<h2>Vorteile der Kamerainspektion<\/h2>\n<ul>\n<li>Schnelle und pr\u00e4zise Diagnose<\/li>\n<li>Vermeiden Sie unn\u00f6tige Besch\u00e4digungen von W\u00e4nden oder B\u00f6den<\/li>\n<li>Reduziert Reparaturkosten<\/li>\n<li>Erm\u00f6glicht Ihnen die Planung der am besten geeigneten L\u00f6sung<\/li>\n<li>Identifiziert versteckte Probleme, bevor sie sich verschlimmern<\/li>\n<\/ul>\n<h2>Unterschied zwischen Kamerainspektion und traditionellen Methoden<\/h2>\n<p>In der Vergangenheit musste man f\u00fcr die Lokalisierung von Sanit\u00e4rproblemen W\u00e4nde aufbrechen oder gro\u00dfe Fl\u00e4chen aufgraben, um die Ursache des Problems zu finden. Heute ist es mit der Kamerainspektion m\u00f6glich, den Fehler genau zu identifizieren und nur an der notwendigen Stelle einzugreifen.<\/p>\n<h2>Ist eine Kamerainspektion teuer?<\/h2>\n<p>Die Kosten h\u00e4ngen von der Art des Rohrs, dem Umfang der Inspektion und der Komplexit\u00e4t der Diagnose ab. In der Regel zahlen sie sich jedoch aus, da unn\u00f6tige Arbeiten vermieden und die Reparaturzeit verk\u00fcrzt werden.<\/p>\n<p>Allgemeine Informationen \u00fcber die Instandhaltung der Infrastruktur und gute technische Praktiken finden Sie in der <a href=\"https:\/\/www.lnec.pt\/\">Nationales Labor f\u00fcr Bauwesen<\/a>, die Studien und technische Empfehlungen liefert.<\/p>\n<h2>Wann sollten Sie einen Fachmann hinzuziehen?<\/h2>\n<p>Eine Kamerainspektion sollte in Betracht gezogen werden, wenn:<\/p>\n<ul>\n<li>Die Verstopfung kommt h\u00e4ufig wieder<\/li>\n<li>Es gibt Lecks ohne sichtbaren Ursprung<\/li>\n<li>Es gibt st\u00e4ndig schlechte Ger\u00fcche<\/li>\n<li>Verdacht auf strukturelle Probleme in den Sanit\u00e4ranlagen<\/li>\n<li>Sie lassen Arbeiten durchf\u00fchren und wollen den Zustand der Rohre beurteilen<\/li>\n<\/ul>\n<h2>Warum Lissabon Klempner w\u00e4hlen<\/h2>\n<p>A <a href=\"https:\/\/canalizadordelisboa.pt\/de\/\">Klempnerfirma Lissabon<\/a> setzt moderne Kamerainspektionstechnik ein, um Probleme genau und schnell zu lokalisieren und unn\u00f6tige Sch\u00e4den an Ihrem Haus zu vermeiden.<\/p>\n<p>Der Service umfasst:<\/p>\n<ul>\n<li>Detaillierte Rohrdiagnose<\/li>\n<li>Hochaufl\u00f6sende Ger\u00e4te<\/li>\n<li>Pr\u00e4zise Lokalisierung von Verstopfungen und Leckagen<\/li>\n<li>Technische Berichte, falls erforderlich<\/li>\n<li>Schneller Service in und um Lissabon<\/li>\n<\/ul>\n<h2>Fazit<\/h2>\n<p>Die Kamerainspektion ist eine moderne, effektive und wirtschaftliche L\u00f6sung f\u00fcr die Diagnose von Sanit\u00e4rproblemen ohne invasive Arbeiten. Sie erm\u00f6glicht es, Fehler schnell zu erkennen und von Anfang an die richtige L\u00f6sung anzuwenden.<\/p>\n<p>Wenn Sie den Zustand Ihrer Rohre genau \u00fcberpr\u00fcfen m\u00fcssen, ist das Unternehmen Lisbon Plumber bereit, vollst\u00e4ndige technische Inspektionen mit modernster Technologie durchzuf\u00fchren.<\/p>","protected":false},"excerpt":{"rendered":"<p>A inspe\u00e7\u00e3o por c\u00e2mera nos canos \u00e9 uma das tecnologias mais modernas utilizadas na canaliza\u00e7\u00e3o para identificar problemas sem necessidade de partir paredes, pisos ou estruturas. Este m\u00e9todo permite visualizar o interior das tubagens em tempo real, facilitando diagn\u00f3sticos r\u00e1pidos e precisos. Neste guia completo explicamos como funciona este servi\u00e7o, quando \u00e9 necess\u00e1rio, quais s\u00e3o [&hellip;]<\/p>\n","protected":false},"author":1,"featured_media":0,"parent":0,"menu_order":0,"comment_status":"closed","ping_status":"closed","template":"","meta":{"iawp_total_views":5,"footnotes":""},"class_list":["post-3591","page","type-page","status-publish","hentry"],"yoast_head":"<!-- This site is optimized with the Yoast SEO plugin v27.4 - https:\/\/yoast.com\/product\/yoast-seo-wordpress\/ -->\n<title>Como funciona o servi\u00e7o de inspe\u00e7\u00e3o por c\u00e2mera nos canos<\/title>\n<meta name=\"description\" content=\"Saiba como funciona a inspe\u00e7\u00e3o por c\u00e2mera nos canos, quando \u00e9 necess\u00e1ria, vantagens do m\u00e9todo e como ajuda a detectar entupimentos e fugas ocultas.\" \/>\n<meta name=\"robots\" content=\"index, follow, max-snippet:-1, max-image-preview:large, max-video-preview:-1\" \/>\n<link rel=\"canonical\" href=\"https:\/\/canalizadordelisboa.pt\/de\/wie-der-rohrkamerainspektionsdienst-funktioniert\/\" \/>\n<meta property=\"og:locale\" content=\"de_DE\" \/>\n<meta property=\"og:type\" content=\"article\" \/>\n<meta property=\"og:title\" content=\"Como funciona o servi\u00e7o de inspe\u00e7\u00e3o por c\u00e2mera nos canos\" \/>\n<meta property=\"og:description\" content=\"Saiba como funciona a inspe\u00e7\u00e3o por c\u00e2mera nos canos, quando \u00e9 necess\u00e1ria, vantagens do m\u00e9todo e como ajuda a detectar entupimentos e fugas ocultas.\" \/>\n<meta property=\"og:url\" content=\"https:\/\/canalizadordelisboa.pt\/de\/wie-der-rohrkamerainspektionsdienst-funktioniert\/\" \/>\n<meta property=\"og:site_name\" content=\"Canalizador de Lisboa\" \/>\n<meta name=\"twitter:card\" content=\"summary_large_image\" \/>\n<script type=\"application\/ld+json\" class=\"yoast-schema-graph\">{\"@context\":\"https:\\\/\\\/schema.org\",\"@graph\":[{\"@type\":\"WebPage\",\"@id\":\"https:\\\/\\\/canalizadordelisboa.pt\\\/como-funciona-o-servico-de-inspecao-por-camera-nos-canos\\\/\",\"url\":\"https:\\\/\\\/canalizadordelisboa.pt\\\/como-funciona-o-servico-de-inspecao-por-camera-nos-canos\\\/\",\"name\":\"Como funciona o servi\u00e7o de inspe\u00e7\u00e3o por c\u00e2mera nos canos\",\"isPartOf\":{\"@id\":\"https:\\\/\\\/canalizadordelisboa.pt\\\/#website\"},\"datePublished\":\"2026-02-13T11:03:55+00:00\",\"description\":\"Saiba como funciona a inspe\u00e7\u00e3o por c\u00e2mera nos canos, quando \u00e9 necess\u00e1ria, vantagens do m\u00e9todo e como ajuda a detectar entupimentos e fugas ocultas.\",\"breadcrumb\":{\"@id\":\"https:\\\/\\\/canalizadordelisboa.pt\\\/como-funciona-o-servico-de-inspecao-por-camera-nos-canos\\\/#breadcrumb\"},\"inLanguage\":\"de\",\"potentialAction\":[{\"@type\":\"ReadAction\",\"target\":[\"https:\\\/\\\/canalizadordelisboa.pt\\\/como-funciona-o-servico-de-inspecao-por-camera-nos-canos\\\/\"]}]},{\"@type\":\"BreadcrumbList\",\"@id\":\"https:\\\/\\\/canalizadordelisboa.pt\\\/como-funciona-o-servico-de-inspecao-por-camera-nos-canos\\\/#breadcrumb\",\"itemListElement\":[{\"@type\":\"ListItem\",\"position\":1,\"name\":\"Accueil\",\"item\":\"https:\\\/\\\/canalizadordelisboa.pt\\\/\"},{\"@type\":\"ListItem\",\"position\":2,\"name\":\"Como funciona o servi\u00e7o de inspe\u00e7\u00e3o por c\u00e2mera nos canos\"}]},{\"@type\":\"WebSite\",\"@id\":\"https:\\\/\\\/canalizadordelisboa.pt\\\/#website\",\"url\":\"https:\\\/\\\/canalizadordelisboa.pt\\\/\",\"name\":\"Canalizador de Lisboa\",\"description\":\"Servi\u00e7os de canaliza\u00e7\u00e3o e desentupimentos de alta qualidade em Lisboa.\",\"potentialAction\":[{\"@type\":\"SearchAction\",\"target\":{\"@type\":\"EntryPoint\",\"urlTemplate\":\"https:\\\/\\\/canalizadordelisboa.pt\\\/?s={search_term_string}\"},\"query-input\":{\"@type\":\"PropertyValueSpecification\",\"valueRequired\":true,\"valueName\":\"search_term_string\"}}],\"inLanguage\":\"de\"}]}<\/script>\n<!-- \/ Yoast SEO plugin. -->","yoast_head_json":{"title":"Wie der Rohrkamerainspektionsdienst funktioniert","description":"Erfahren Sie, wie die Inspektion von Rohrleitungen mit der Kamera funktioniert, wann sie notwendig ist, welche Vorteile die Methode hat und wie sie hilft, Verstopfungen und versteckte Lecks zu erkennen.","robots":{"index":"index","follow":"follow","max-snippet":"max-snippet:-1","max-image-preview":"max-image-preview:large","max-video-preview":"max-video-preview:-1"},"canonical":"https:\/\/canalizadordelisboa.pt\/de\/wie-der-rohrkamerainspektionsdienst-funktioniert\/","og_locale":"de_DE","og_type":"article","og_title":"Como funciona o servi\u00e7o de inspe\u00e7\u00e3o por c\u00e2mera nos canos","og_description":"Saiba como funciona a inspe\u00e7\u00e3o por c\u00e2mera nos canos, quando \u00e9 necess\u00e1ria, vantagens do m\u00e9todo e como ajuda a detectar entupimentos e fugas ocultas.","og_url":"https:\/\/canalizadordelisboa.pt\/de\/wie-der-rohrkamerainspektionsdienst-funktioniert\/","og_site_name":"Canalizador de Lisboa","twitter_card":"summary_large_image","schema":{"@context":"https:\/\/schema.org","@graph":[{"@type":"WebPage","@id":"https:\/\/canalizadordelisboa.pt\/como-funciona-o-servico-de-inspecao-por-camera-nos-canos\/","url":"https:\/\/canalizadordelisboa.pt\/como-funciona-o-servico-de-inspecao-por-camera-nos-canos\/","name":"Wie der Rohrkamerainspektionsdienst funktioniert","isPartOf":{"@id":"https:\/\/canalizadordelisboa.pt\/#website"},"datePublished":"2026-02-13T11:03:55+00:00","description":"Erfahren Sie, wie die Inspektion von Rohrleitungen mit der Kamera funktioniert, wann sie notwendig ist, welche Vorteile die Methode hat und wie sie hilft, Verstopfungen und versteckte Lecks zu erkennen.","breadcrumb":{"@id":"https:\/\/canalizadordelisboa.pt\/como-funciona-o-servico-de-inspecao-por-camera-nos-canos\/#breadcrumb"},"inLanguage":"de","potentialAction":[{"@type":"ReadAction","target":["https:\/\/canalizadordelisboa.pt\/como-funciona-o-servico-de-inspecao-por-camera-nos-canos\/"]}]},{"@type":"BreadcrumbList","@id":"https:\/\/canalizadordelisboa.pt\/como-funciona-o-servico-de-inspecao-por-camera-nos-canos\/#breadcrumb","itemListElement":[{"@type":"ListItem","position":1,"name":"Accueil","item":"https:\/\/canalizadordelisboa.pt\/"},{"@type":"ListItem","position":2,"name":"Como funciona o servi\u00e7o de inspe\u00e7\u00e3o por c\u00e2mera nos canos"}]},{"@type":"WebSite","@id":"https:\/\/canalizadordelisboa.pt\/#website","url":"https:\/\/canalizadordelisboa.pt\/","name":"Canalizador de Lisboa","description":"Hochwertige Klempner- und Entw\u00e4sserungsdienstleistungen in Lissabon.","potentialAction":[{"@type":"SearchAction","target":{"@type":"EntryPoint","urlTemplate":"https:\/\/canalizadordelisboa.pt\/?s={search_term_string}"},"query-input":{"@type":"PropertyValueSpecification","valueRequired":true,"valueName":"search_term_string"}}],"inLanguage":"de"}]}},"_links":{"self":[{"href":"https:\/\/canalizadordelisboa.pt\/de\/wp-json\/wp\/v2\/pages\/3591","targetHints":{"allow":["GET"]}}],"collection":[{"href":"https:\/\/canalizadordelisboa.pt\/de\/wp-json\/wp\/v2\/pages"}],"about":[{"href":"https:\/\/canalizadordelisboa.pt\/de\/wp-json\/wp\/v2\/types\/page"}],"author":[{"embeddable":true,"href":"https:\/\/canalizadordelisboa.pt\/de\/wp-json\/wp\/v2\/users\/1"}],"replies":[{"embeddable":true,"href":"https:\/\/canalizadordelisboa.pt\/de\/wp-json\/wp\/v2\/comments?post=3591"}],"version-history":[{"count":1,"href":"https:\/\/canalizadordelisboa.pt\/de\/wp-json\/wp\/v2\/pages\/3591\/revisions"}],"predecessor-version":[{"id":3592,"href":"https:\/\/canalizadordelisboa.pt\/de\/wp-json\/wp\/v2\/pages\/3591\/revisions\/3592"}],"wp:attachment":[{"href":"https:\/\/canalizadordelisboa.pt\/de\/wp-json\/wp\/v2\/media?parent=3591"}],"curies":[{"name":"wp","href":"https:\/\/api.w.org\/{rel}","templated":true}]}}