{"id":3443,"date":"2025-02-09T07:25:03","date_gmt":"2025-02-09T07:25:03","guid":{"rendered":"https:\/\/canalizadordelisboa.pt\/?page_id=3443"},"modified":"2025-02-09T07:25:03","modified_gmt":"2025-02-09T07:25:03","slug":"warmwasserbereiter-reparaturen-2","status":"publish","type":"page","link":"https:\/\/canalizadordelisboa.pt\/de\/reparacao-de-esquentadores\/","title":{"rendered":"Reparatur von Warmwasserbereitern - Professioneller und schneller Service"},"content":{"rendered":"<section>\n<p>Hat Ihr **Wassererhitzer aufgeh\u00f6rt zu funktionieren** oder ist er defekt? **Wir bieten einen Reparaturservice f\u00fcr Warmwasserbereiter in Lissabon an, der eine schnelle, sichere und effiziente L\u00f6sung zur Wiederherstellung Ihrer Warmwasserbereitung garantiert.<\/p>\n<\/section>\n<section>\n<h2>H\u00e4ufige Probleme mit Warmwasserbereitern<\/h2>\n<p>Warmwasserbereiter k\u00f6nnen auf unterschiedliche Weise defekt sein. Zu den h\u00e4ufigsten Problemen geh\u00f6ren:<\/p>\n<ul>\n<li><strong>Der Warmwasserbereiter l\u00e4sst sich nicht einschalten<\/strong> - Ausfall der Z\u00fcndanlage oder elektrisches Problem.<\/li>\n<li><strong>Wasser erw\u00e4rmt sich nicht<\/strong> - Die Ursache kann eine Verstopfung, Gasmangel oder ein defekter Thermostat sein.<\/li>\n<li><strong>Flamme erlischt von selbst<\/strong> - Problem mit dem Sicherheitssensor oder unzureichende Bel\u00fcftung.<\/li>\n<li><strong>Reduzierter Wasserdruck<\/strong> - Dies kann auf verstopfte Leitungen oder eine St\u00f6rung des Durchflussventils hinweisen.<\/li>\n<li><strong>Seltsame Ger\u00e4usche<\/strong> - Sie k\u00f6nnen durch eine Ansammlung von Kalk oder Luft im System verursacht werden.<\/li>\n<\/ul>\n<\/section>\n<section>\n<h2>Unser Reparaturservice f\u00fcr Warmwasserbereiter<\/h2>\n<p>Wir haben Techniker, die auf die Reparatur von **allen Modellen von Warmwasserbereitern** spezialisiert sind. Unser Service umfasst:<\/p>\n<ul>\n<li><strong>Ausf\u00fchrliche Diagnose<\/strong> - Wir ermitteln schnell die Ursache des Problems.<\/li>\n<li><strong>Reparatur oder Ersatz von Teilen<\/strong> - Wenn n\u00f6tig, ersetzen wir besch\u00e4digte Komponenten.<\/li>\n<li><strong>Reinigung und Wartung<\/strong> - Wir entfernen alle R\u00fcckst\u00e4nde, die die Leistung beeintr\u00e4chtigen k\u00f6nnten.<\/li>\n<li><strong>Sicherheitskontrolle<\/strong> - Wir testen die Effizienz des Systems, um einen sicheren Betrieb zu gew\u00e4hrleisten.<\/li>\n<\/ul>\n<\/section>\n<section>\n<h2>Wann sollte man einen Techniker rufen?<\/h2>\n<p>Wenn Sie eines dieser Anzeichen bemerken, muss Ihr Warmwasserbereiter m\u00f6glicherweise sofort repariert werden:<\/p>\n<ul>\n<li><strong>Wasser erw\u00e4rmt sich nicht richtig<\/strong> - M\u00f6glicherweise ein Problem mit dem Brenner oder dem Thermostat.<\/li>\n<li><strong>Gelbe oder schwache Flamme<\/strong> - Weist auf Verbrennungsprobleme hin.<\/li>\n<li><strong>Gasleck<\/strong> - Ein verd\u00e4chtiger Geruch sollte dringend behandelt werden.<\/li>\n<li><strong>Der Warmwasserbereiter schaltet sich ab<\/strong> - Es k\u00f6nnte sich um ein Problem mit dem Sensor oder dem Luftstrom handeln.<\/li>\n<\/ul>\n<\/section>\n<section>\n<h2>Vorbeugende Wartung von Warmwasserbereitern<\/h2>\n<p>Um unerwartete Ausf\u00e4lle zu vermeiden, empfehlen wir eine regelm\u00e4\u00dfige Wartung Ihres Warmwasserbereiters. Vorteile der Wartung:<\/p>\n<ul>\n<li><strong>Erh\u00f6ht die Lebensdauer<\/strong> der Ausr\u00fcstung.<\/li>\n<li><strong>Reduziert den Gasverbrauch<\/strong> und verbessert die Energieeffizienz.<\/li>\n<li><strong>Verhindert pl\u00f6tzliche Ausf\u00e4lle<\/strong> die dazu f\u00fchren k\u00f6nnen, dass Sie kein warmes Wasser haben.<\/li>\n<li><strong>Sorgt f\u00fcr mehr Sicherheit<\/strong> gegen das Austreten von Gas oder Kohlenmonoxid.<\/li>\n<\/ul>\n<\/section>\n<section>\n<h2>Wir arbeiten mit allen Arten von Warmwasserbereitern<\/h2>\n<p>Unabh\u00e4ngig vom Modell Ihres Warmwasserbereiters ist unser Team bereit, jedes Problem zu beheben:<\/p>\n<ul>\n<li><strong>Gas-Wasserheizer<\/strong> - NG und LPG.<\/li>\n<li><strong>Elektrische Warmwasserbereiter<\/strong> - Mit Innenwiderstand.<\/li>\n<li><strong>Automatische Warmwasserbereiter<\/strong> - Elektronische Z\u00fcndung.<\/li>\n<li><strong>Bel\u00fcftete Warmwasserbereiter<\/strong> - Modelle mit Zwangsauspuff.<\/li>\n<\/ul>\n<p>Unabh\u00e4ngig vom Typ Ihres Warmwasserbereiters garantieren wir Ihnen einen zuverl\u00e4ssigen und effizienten Service.<\/p>\n<\/section>\n<section>\n<h2>24-Stunden-Reparaturservice f\u00fcr Warmwasserbereiter<\/h2>\n<p>Wenn Ihr Warmwasserbereiter ausgefallen ist und dringend repariert werden muss, k\u00f6nnen Sie auf uns z\u00e4hlen. <strong>24-Stunden-Notdienst<\/strong> um das Problem schnell zu l\u00f6sen.<\/p>\n<\/section>\n<section>\n<h2>Brauchen Sie eine Reparatur des Warmwasserbereiters? Rufen Sie uns jetzt an!<\/h2>\n<p>Das Warmwasser darf nicht ausgehen! **Rufen Sie jetzt an und verlangen Sie eine Diagnose durch einen spezialisierten Techniker!<\/p>\n<\/section>","protected":false},"excerpt":{"rendered":"<p>O seu **esquentador deixou de funcionar** ou apresenta falhas? **Oferecemos servi\u00e7o de repara\u00e7\u00e3o de esquentadores em Lisboa**, garantindo uma solu\u00e7\u00e3o r\u00e1pida, segura e eficiente para restaurar o aquecimento da sua \u00e1gua. Problemas comuns nos esquentadores Os esquentadores podem apresentar diferentes tipos de avarias. Entre os problemas mais frequentes est\u00e3o: Esquentador n\u00e3o liga \u2013 Falha no [&hellip;]<\/p>\n","protected":false},"author":1,"featured_media":0,"parent":0,"menu_order":0,"comment_status":"closed","ping_status":"closed","template":"","meta":{"iawp_total_views":9,"footnotes":""},"class_list":["post-3443","page","type-page","status-publish","hentry"],"yoast_head":"<!-- This site is optimized with the Yoast SEO plugin v27.4 - https:\/\/yoast.com\/product\/yoast-seo-wordpress\/ -->\n<title>Repara\u00e7\u00e3o de Esquentadores \u2013 Servi\u00e7o R\u00e1pido Profissional<\/title>\n<meta name=\"description\" content=\"Repara\u00e7\u00e3o de esquentadores em Lisboa. Servi\u00e7o r\u00e1pido e profissional para consertar esquentadores a g\u00e1s e el\u00e9tricos. Atendimento 24h.\" \/>\n<meta name=\"robots\" content=\"index, follow, max-snippet:-1, max-image-preview:large, max-video-preview:-1\" \/>\n<link rel=\"canonical\" href=\"https:\/\/canalizadordelisboa.pt\/de\/warmwasserbereiter-reparaturen-2\/\" \/>\n<meta property=\"og:locale\" content=\"de_DE\" \/>\n<meta property=\"og:type\" content=\"article\" \/>\n<meta property=\"og:title\" content=\"Repara\u00e7\u00e3o de Esquentadores \u2013 Servi\u00e7o R\u00e1pido Profissional\" \/>\n<meta property=\"og:description\" content=\"Repara\u00e7\u00e3o de esquentadores em Lisboa. Servi\u00e7o r\u00e1pido e profissional para consertar esquentadores a g\u00e1s e el\u00e9tricos. Atendimento 24h.\" \/>\n<meta property=\"og:url\" content=\"https:\/\/canalizadordelisboa.pt\/de\/warmwasserbereiter-reparaturen-2\/\" \/>\n<meta property=\"og:site_name\" content=\"Canalizador de Lisboa\" \/>\n<meta name=\"twitter:card\" content=\"summary_large_image\" \/>\n<script type=\"application\/ld+json\" class=\"yoast-schema-graph\">{\"@context\":\"https:\\\/\\\/schema.org\",\"@graph\":[{\"@type\":\"WebPage\",\"@id\":\"https:\\\/\\\/canalizadordelisboa.pt\\\/reparacao-de-esquentadores\\\/\",\"url\":\"https:\\\/\\\/canalizadordelisboa.pt\\\/reparacao-de-esquentadores\\\/\",\"name\":\"Repara\u00e7\u00e3o de Esquentadores \u2013 Servi\u00e7o R\u00e1pido Profissional\",\"isPartOf\":{\"@id\":\"https:\\\/\\\/canalizadordelisboa.pt\\\/#website\"},\"datePublished\":\"2025-02-09T07:25:03+00:00\",\"description\":\"Repara\u00e7\u00e3o de esquentadores em Lisboa. Servi\u00e7o r\u00e1pido e profissional para consertar esquentadores a g\u00e1s e el\u00e9tricos. Atendimento 24h.\",\"breadcrumb\":{\"@id\":\"https:\\\/\\\/canalizadordelisboa.pt\\\/reparacao-de-esquentadores\\\/#breadcrumb\"},\"inLanguage\":\"de\",\"potentialAction\":[{\"@type\":\"ReadAction\",\"target\":[\"https:\\\/\\\/canalizadordelisboa.pt\\\/reparacao-de-esquentadores\\\/\"]}]},{\"@type\":\"BreadcrumbList\",\"@id\":\"https:\\\/\\\/canalizadordelisboa.pt\\\/reparacao-de-esquentadores\\\/#breadcrumb\",\"itemListElement\":[{\"@type\":\"ListItem\",\"position\":1,\"name\":\"Accueil\",\"item\":\"https:\\\/\\\/canalizadordelisboa.pt\\\/\"},{\"@type\":\"ListItem\",\"position\":2,\"name\":\"Repara\u00e7\u00e3o de Esquentadores \u2013 Servi\u00e7o R\u00e1pido Profissional\"}]},{\"@type\":\"WebSite\",\"@id\":\"https:\\\/\\\/canalizadordelisboa.pt\\\/#website\",\"url\":\"https:\\\/\\\/canalizadordelisboa.pt\\\/\",\"name\":\"Canalizador de Lisboa\",\"description\":\"Servi\u00e7os de canaliza\u00e7\u00e3o e desentupimentos de alta qualidade em Lisboa.\",\"potentialAction\":[{\"@type\":\"SearchAction\",\"target\":{\"@type\":\"EntryPoint\",\"urlTemplate\":\"https:\\\/\\\/canalizadordelisboa.pt\\\/?s={search_term_string}\"},\"query-input\":{\"@type\":\"PropertyValueSpecification\",\"valueRequired\":true,\"valueName\":\"search_term_string\"}}],\"inLanguage\":\"de\"}]}<\/script>\n<!-- \/ Yoast SEO plugin. -->","yoast_head_json":{"title":"Reparatur von Warmwasserbereitern - Professioneller und schneller Service","description":"Reparaturen von Wasserheizungen in Lissabon. Schneller und professioneller Service f\u00fcr die Reparatur von Gas- und Elektroboilern. 24-Stunden-Service.","robots":{"index":"index","follow":"follow","max-snippet":"max-snippet:-1","max-image-preview":"max-image-preview:large","max-video-preview":"max-video-preview:-1"},"canonical":"https:\/\/canalizadordelisboa.pt\/de\/warmwasserbereiter-reparaturen-2\/","og_locale":"de_DE","og_type":"article","og_title":"Repara\u00e7\u00e3o de Esquentadores \u2013 Servi\u00e7o R\u00e1pido Profissional","og_description":"Repara\u00e7\u00e3o de esquentadores em Lisboa. Servi\u00e7o r\u00e1pido e profissional para consertar esquentadores a g\u00e1s e el\u00e9tricos. Atendimento 24h.","og_url":"https:\/\/canalizadordelisboa.pt\/de\/warmwasserbereiter-reparaturen-2\/","og_site_name":"Canalizador de Lisboa","twitter_card":"summary_large_image","schema":{"@context":"https:\/\/schema.org","@graph":[{"@type":"WebPage","@id":"https:\/\/canalizadordelisboa.pt\/reparacao-de-esquentadores\/","url":"https:\/\/canalizadordelisboa.pt\/reparacao-de-esquentadores\/","name":"Reparatur von Warmwasserbereitern - Professioneller und schneller Service","isPartOf":{"@id":"https:\/\/canalizadordelisboa.pt\/#website"},"datePublished":"2025-02-09T07:25:03+00:00","description":"Reparaturen von Wasserheizungen in Lissabon. Schneller und professioneller Service f\u00fcr die Reparatur von Gas- und Elektroboilern. 24-Stunden-Service.","breadcrumb":{"@id":"https:\/\/canalizadordelisboa.pt\/reparacao-de-esquentadores\/#breadcrumb"},"inLanguage":"de","potentialAction":[{"@type":"ReadAction","target":["https:\/\/canalizadordelisboa.pt\/reparacao-de-esquentadores\/"]}]},{"@type":"BreadcrumbList","@id":"https:\/\/canalizadordelisboa.pt\/reparacao-de-esquentadores\/#breadcrumb","itemListElement":[{"@type":"ListItem","position":1,"name":"Accueil","item":"https:\/\/canalizadordelisboa.pt\/"},{"@type":"ListItem","position":2,"name":"Repara\u00e7\u00e3o de Esquentadores \u2013 Servi\u00e7o R\u00e1pido Profissional"}]},{"@type":"WebSite","@id":"https:\/\/canalizadordelisboa.pt\/#website","url":"https:\/\/canalizadordelisboa.pt\/","name":"Canalizador de Lisboa","description":"Hochwertige Klempner- und Entw\u00e4sserungsdienstleistungen in Lissabon.","potentialAction":[{"@type":"SearchAction","target":{"@type":"EntryPoint","urlTemplate":"https:\/\/canalizadordelisboa.pt\/?s={search_term_string}"},"query-input":{"@type":"PropertyValueSpecification","valueRequired":true,"valueName":"search_term_string"}}],"inLanguage":"de"}]}},"_links":{"self":[{"href":"https:\/\/canalizadordelisboa.pt\/de\/wp-json\/wp\/v2\/pages\/3443","targetHints":{"allow":["GET"]}}],"collection":[{"href":"https:\/\/canalizadordelisboa.pt\/de\/wp-json\/wp\/v2\/pages"}],"about":[{"href":"https:\/\/canalizadordelisboa.pt\/de\/wp-json\/wp\/v2\/types\/page"}],"author":[{"embeddable":true,"href":"https:\/\/canalizadordelisboa.pt\/de\/wp-json\/wp\/v2\/users\/1"}],"replies":[{"embeddable":true,"href":"https:\/\/canalizadordelisboa.pt\/de\/wp-json\/wp\/v2\/comments?post=3443"}],"version-history":[{"count":1,"href":"https:\/\/canalizadordelisboa.pt\/de\/wp-json\/wp\/v2\/pages\/3443\/revisions"}],"predecessor-version":[{"id":3444,"href":"https:\/\/canalizadordelisboa.pt\/de\/wp-json\/wp\/v2\/pages\/3443\/revisions\/3444"}],"wp:attachment":[{"href":"https:\/\/canalizadordelisboa.pt\/de\/wp-json\/wp\/v2\/media?parent=3443"}],"curies":[{"name":"wp","href":"https:\/\/api.w.org\/{rel}","templated":true}]}}