{"id":3434,"date":"2025-02-07T14:48:54","date_gmt":"2025-02-07T14:48:54","guid":{"rendered":"https:\/\/canalizadordelisboa.pt\/?page_id=3434"},"modified":"2025-02-07T14:48:54","modified_gmt":"2025-02-07T14:48:54","slug":"rechtliche-erwahnungen","status":"publish","type":"page","link":"https:\/\/canalizadordelisboa.pt\/de\/mencoes-legais\/","title":{"rendered":"Rechtliche Erw\u00e4hnungen"},"content":{"rendered":"<h2>1. Informationen zum Unternehmen<\/h2>\n<p>Diese Website ist Eigentum und wird betrieben von:<\/p>\n<p><strong>Thibaut Pakiry Unipessoal Lda<\/strong><br \/>\n       Avenida Antonio Augusto de Aguiar 187 RDC ESQ, 1050-014 Lisboa<br \/>\n       NIF: 513 876 707<br \/>\n       E-Mail: info@canalizadordelisboa.pt<br \/>\n       Telefon: +351 927 378 514<\/p>\n<h2>2. Geistiges Eigentum<\/h2>\n<p>Der gesamte Inhalt dieser Website (Texte, Bilder, Logos, Grafiken, Videos usw.) ist durch das Urheberrecht und das geistige Eigentum gesch\u00fctzt. Jede unerlaubte Vervielf\u00e4ltigung, Verbreitung oder Nutzung dieses Materials ohne vorherige schriftliche Zustimmung ist strengstens untersagt.<\/p>\n<h2>3. Verantwortung<\/h2>\n<p>Der Inhalt dieser Website dient nur zu Informationszwecken. Wir bem\u00fchen uns zwar um die Richtigkeit und Aktualit\u00e4t der Informationen, \u00fcbernehmen jedoch keine Haftung f\u00fcr Fehler, Auslassungen oder Sch\u00e4den, die sich aus der Nutzung der auf dieser Website enthaltenen Informationen ergeben.<\/p>\n<h2>4. Datenschutz und Privatsph\u00e4re<\/h2>\n<p>Die auf dieser Website erhobenen personenbezogenen Daten werden in \u00dcbereinstimmung mit den geltenden Datenschutzgesetzen verarbeitet. Die Nutzer haben das Recht, ihre personenbezogenen Daten auf Anfrage einzusehen, zu korrigieren oder zu l\u00f6schen.<\/p>\n<h2>5. Cookies<\/h2>\n<p>Diese Website kann Cookies verwenden, um die Benutzerfreundlichkeit zu verbessern. Wenn Sie weiter surfen, erkl\u00e4ren Sie sich mit der Verwendung von Cookies einverstanden. Sie k\u00f6nnen Ihren Browser so einstellen, dass er Cookies jederzeit blockiert oder l\u00f6scht.<\/p>\n<h2>6. Externe Links<\/h2>\n<p>Unsere Website kann Links zu Websites Dritter enthalten. Wir sind nicht verantwortlich f\u00fcr den Inhalt oder die Datenschutzpraktiken dieser Websites.<\/p>\n<h2>7. Anwendbare Rechtsprechung<\/h2>\n<p>Diese rechtlichen Erw\u00e4hnungen unterliegen dem portugiesischen Recht. Im Falle von Streitigkeiten sind ausschlie\u00dflich die portugiesischen Gerichte zust\u00e4ndig.<\/p>","protected":false},"excerpt":{"rendered":"<p>1. Informa\u00e7\u00f5es da Empresa Este site \u00e9 propriedade e operado por: Thibaut Pakiry Unipessoal Lda Avenida Antonio Augusto de Aguiar 187 RDC ESQ, 1050-014 Lisboa NIF: 513 876 707 E-mail: info@canalizadordelisboa.pt Telefone: +351 927 378 514 2. Propriedade Intelectual Todo o conte\u00fado deste site (textos, imagens, logotipos, gr\u00e1ficos, v\u00eddeos, etc.) est\u00e1 protegido por direitos autorais [&hellip;]<\/p>\n","protected":false},"author":1,"featured_media":0,"parent":0,"menu_order":0,"comment_status":"closed","ping_status":"closed","template":"","meta":{"iawp_total_views":25,"footnotes":""},"class_list":["post-3434","page","type-page","status-publish","hentry"],"yoast_head":"<!-- This site is optimized with the Yoast SEO plugin v27.4 - https:\/\/yoast.com\/product\/yoast-seo-wordpress\/ -->\n<title>Men\u00e7\u00f5es Legais<\/title>\n<meta name=\"description\" content=\"Men\u00e7\u00f5es Legais - Informa\u00e7\u00f5es sobre a empresa, propriedade intelectual, responsabilidade e prote\u00e7\u00e3o de dados.\" \/>\n<meta name=\"robots\" content=\"noindex, nofollow\" \/>\n<meta property=\"og:locale\" content=\"de_DE\" \/>\n<meta property=\"og:type\" content=\"article\" \/>\n<meta property=\"og:title\" content=\"Men\u00e7\u00f5es Legais\" \/>\n<meta property=\"og:description\" content=\"Men\u00e7\u00f5es Legais - Informa\u00e7\u00f5es sobre a empresa, propriedade intelectual, responsabilidade e prote\u00e7\u00e3o de dados.\" \/>\n<meta property=\"og:url\" content=\"https:\/\/canalizadordelisboa.pt\/de\/rechtliche-erwahnungen\/\" \/>\n<meta property=\"og:site_name\" content=\"Canalizador de Lisboa\" \/>\n<meta name=\"twitter:card\" content=\"summary_large_image\" \/>\n<script type=\"application\/ld+json\" class=\"yoast-schema-graph\">{\"@context\":\"https:\\\/\\\/schema.org\",\"@graph\":[{\"@type\":\"WebPage\",\"@id\":\"https:\\\/\\\/canalizadordelisboa.pt\\\/mencoes-legais\\\/\",\"url\":\"https:\\\/\\\/canalizadordelisboa.pt\\\/mencoes-legais\\\/\",\"name\":\"Men\u00e7\u00f5es Legais\",\"isPartOf\":{\"@id\":\"https:\\\/\\\/canalizadordelisboa.pt\\\/#website\"},\"datePublished\":\"2025-02-07T14:48:54+00:00\",\"description\":\"Men\u00e7\u00f5es Legais - Informa\u00e7\u00f5es sobre a empresa, propriedade intelectual, responsabilidade e prote\u00e7\u00e3o de dados.\",\"breadcrumb\":{\"@id\":\"https:\\\/\\\/canalizadordelisboa.pt\\\/mencoes-legais\\\/#breadcrumb\"},\"inLanguage\":\"de\",\"potentialAction\":[{\"@type\":\"ReadAction\",\"target\":[\"https:\\\/\\\/canalizadordelisboa.pt\\\/mencoes-legais\\\/\"]}]},{\"@type\":\"BreadcrumbList\",\"@id\":\"https:\\\/\\\/canalizadordelisboa.pt\\\/mencoes-legais\\\/#breadcrumb\",\"itemListElement\":[{\"@type\":\"ListItem\",\"position\":1,\"name\":\"Accueil\",\"item\":\"https:\\\/\\\/canalizadordelisboa.pt\\\/\"},{\"@type\":\"ListItem\",\"position\":2,\"name\":\"Men\u00e7\u00f5es Legais\"}]},{\"@type\":\"WebSite\",\"@id\":\"https:\\\/\\\/canalizadordelisboa.pt\\\/#website\",\"url\":\"https:\\\/\\\/canalizadordelisboa.pt\\\/\",\"name\":\"Canalizador de Lisboa\",\"description\":\"Servi\u00e7os de canaliza\u00e7\u00e3o e desentupimentos de alta qualidade em Lisboa.\",\"potentialAction\":[{\"@type\":\"SearchAction\",\"target\":{\"@type\":\"EntryPoint\",\"urlTemplate\":\"https:\\\/\\\/canalizadordelisboa.pt\\\/?s={search_term_string}\"},\"query-input\":{\"@type\":\"PropertyValueSpecification\",\"valueRequired\":true,\"valueName\":\"search_term_string\"}}],\"inLanguage\":\"de\"}]}<\/script>\n<!-- \/ Yoast SEO plugin. -->","yoast_head_json":{"title":"Rechtliche Erw\u00e4hnungen","description":"Rechtliche Hinweise - Informationen \u00fcber das Unternehmen, geistiges Eigentum, Haftung und Datenschutz.","robots":{"index":"noindex","follow":"nofollow"},"og_locale":"de_DE","og_type":"article","og_title":"Men\u00e7\u00f5es Legais","og_description":"Men\u00e7\u00f5es Legais - Informa\u00e7\u00f5es sobre a empresa, propriedade intelectual, responsabilidade e prote\u00e7\u00e3o de dados.","og_url":"https:\/\/canalizadordelisboa.pt\/de\/rechtliche-erwahnungen\/","og_site_name":"Canalizador de Lisboa","twitter_card":"summary_large_image","schema":{"@context":"https:\/\/schema.org","@graph":[{"@type":"WebPage","@id":"https:\/\/canalizadordelisboa.pt\/mencoes-legais\/","url":"https:\/\/canalizadordelisboa.pt\/mencoes-legais\/","name":"Rechtliche Erw\u00e4hnungen","isPartOf":{"@id":"https:\/\/canalizadordelisboa.pt\/#website"},"datePublished":"2025-02-07T14:48:54+00:00","description":"Rechtliche Hinweise - Informationen \u00fcber das Unternehmen, geistiges Eigentum, Haftung und Datenschutz.","breadcrumb":{"@id":"https:\/\/canalizadordelisboa.pt\/mencoes-legais\/#breadcrumb"},"inLanguage":"de","potentialAction":[{"@type":"ReadAction","target":["https:\/\/canalizadordelisboa.pt\/mencoes-legais\/"]}]},{"@type":"BreadcrumbList","@id":"https:\/\/canalizadordelisboa.pt\/mencoes-legais\/#breadcrumb","itemListElement":[{"@type":"ListItem","position":1,"name":"Accueil","item":"https:\/\/canalizadordelisboa.pt\/"},{"@type":"ListItem","position":2,"name":"Men\u00e7\u00f5es Legais"}]},{"@type":"WebSite","@id":"https:\/\/canalizadordelisboa.pt\/#website","url":"https:\/\/canalizadordelisboa.pt\/","name":"Canalizador de Lisboa","description":"Hochwertige Klempner- und Entw\u00e4sserungsdienstleistungen in Lissabon.","potentialAction":[{"@type":"SearchAction","target":{"@type":"EntryPoint","urlTemplate":"https:\/\/canalizadordelisboa.pt\/?s={search_term_string}"},"query-input":{"@type":"PropertyValueSpecification","valueRequired":true,"valueName":"search_term_string"}}],"inLanguage":"de"}]}},"_links":{"self":[{"href":"https:\/\/canalizadordelisboa.pt\/de\/wp-json\/wp\/v2\/pages\/3434","targetHints":{"allow":["GET"]}}],"collection":[{"href":"https:\/\/canalizadordelisboa.pt\/de\/wp-json\/wp\/v2\/pages"}],"about":[{"href":"https:\/\/canalizadordelisboa.pt\/de\/wp-json\/wp\/v2\/types\/page"}],"author":[{"embeddable":true,"href":"https:\/\/canalizadordelisboa.pt\/de\/wp-json\/wp\/v2\/users\/1"}],"replies":[{"embeddable":true,"href":"https:\/\/canalizadordelisboa.pt\/de\/wp-json\/wp\/v2\/comments?post=3434"}],"version-history":[{"count":1,"href":"https:\/\/canalizadordelisboa.pt\/de\/wp-json\/wp\/v2\/pages\/3434\/revisions"}],"predecessor-version":[{"id":3435,"href":"https:\/\/canalizadordelisboa.pt\/de\/wp-json\/wp\/v2\/pages\/3434\/revisions\/3435"}],"wp:attachment":[{"href":"https:\/\/canalizadordelisboa.pt\/de\/wp-json\/wp\/v2\/media?parent=3434"}],"curies":[{"name":"wp","href":"https:\/\/api.w.org\/{rel}","templated":true}]}}