{"id":3244,"date":"2024-11-06T09:11:40","date_gmt":"2024-11-06T09:11:40","guid":{"rendered":"https:\/\/canalizadordelisboa.pt\/?page_id=3244"},"modified":"2024-11-06T09:11:40","modified_gmt":"2024-11-06T09:11:40","slug":"duschkabine-installation-lissabon","status":"publish","type":"page","link":"https:\/\/canalizadordelisboa.pt\/de\/montagem-de-cabines-de-duche-lisboa\/","title":{"rendered":"Einbau einer Duschkabine Lissabon - Canalizador de Lisboa"},"content":{"rendered":"<p>Unter <strong>Canalizador de Lisboa<\/strong>bieten wir einen kompletten und spezialisierten Service f\u00fcr <strong>Einbau einer Duschkabine in Lissabon<\/strong>mit einem Schwerpunkt auf Qualit\u00e4t, Sicherheit und Stil. Unsere hochqualifizierten Fachleute garantieren eine sichere und effiziente Installation, die Ihr Bad in einen modernen und funktionalen Raum verwandelt.<\/p>\n<h2>Warum sollte man sich f\u00fcr Duschkabinen entscheiden?<\/h2>\n<p>Duschkabinen sind eine beliebte Wahl, weil sie praktisch und stilvoll sind und das Badezimmer bereichern. Eine gut eingebaute Duschkabine bietet Komfort, Sicherheit und spart Platz. Dar\u00fcber hinaus ist sie eine Option, die die Funktionalit\u00e4t und den Wert der Immobilie erh\u00f6ht. Mit der <strong>Canalizador de Lisboa<\/strong>Sie k\u00f6nnen sich auf eine professionelle Montage, eine lange Lebensdauer und eine hochwertige Verarbeitung verlassen.<\/p>\n<h3>Arten von Duschkabinen, die wir installieren<\/h3>\n<p>Wir sind bereit, verschiedene Arten von Duschkabinen zu installieren, je nach Ihren Platz- und Designvorlieben:<\/p>\n<ul>\n<li><strong>Eckkabinen:<\/strong> Ideal f\u00fcr die Optimierung des Platzes in kleineren B\u00e4dern, praktisch und stilvoll.<\/li>\n<li><strong>Rechteckige Kabinen:<\/strong> Perfekt f\u00fcr gr\u00f6\u00dfere B\u00e4der, die einen komfortablen Innenraum bieten.<\/li>\n<li><strong>Kabinen mit Schiebet\u00fcren:<\/strong> Sie nehmen im ge\u00f6ffneten Zustand weniger Platz ein und sind praktisch f\u00fcr verschiedene Grundrisse.<\/li>\n<li><strong>Kabinen mit zu \u00f6ffnenden T\u00fcren:<\/strong> Sie bieten ein raffiniertes Aussehen und sind ideal f\u00fcr gr\u00f6\u00dfere B\u00e4der.<\/li>\n<\/ul>\n<h2>Unser Duschkabinen-Montageprozess in Lissabon<\/h2>\n<p>Unter <strong>Canalizador de Lisboa<\/strong>Wir folgen einem detaillierten Prozess, um die korrekte Montage Ihrer Duschkabine zu gew\u00e4hrleisten:<\/p>\n<ul>\n<li><strong>Konsultation und Planung:<\/strong> Wir beurteilen den verf\u00fcgbaren Platz und helfen Ihnen bei der Auswahl der Duschkabine, die am besten zu Ihrem Stil und Ihren Bed\u00fcrfnissen passt.<\/li>\n<li><strong>Vollst\u00e4ndiger Haushalt:<\/strong> Wir erstellen einen klaren und detaillierten Kostenvoranschlag, in dem alle Kosten enthalten sind und der keine \u00dcberraschungen enth\u00e4lt.<\/li>\n<li><strong>Vorbereitung des Standorts:<\/strong> Wir bereiten den Bereich f\u00fcr die Installation vor und stellen sicher, dass alle Wasser- und Abflussanschl\u00fcsse in Ordnung sind.<\/li>\n<li><strong>Montage der Kabine:<\/strong> Wir bauen die Duschkabine sicher ein und dichten sie korrekt ab, um Leckagen zu vermeiden und Stabilit\u00e4t zu gew\u00e4hrleisten.<\/li>\n<li><strong>Fertigstellung und Pr\u00fcfung:<\/strong> Wir nehmen die letzten Feinarbeiten vor und testen die Kabine, um sicherzustellen, dass sie voll funktionsf\u00e4hig und wasserdicht ist.<\/li>\n<\/ul>\n<h2>Warum Lissabon Canalizador de Lisboa?<\/h2>\n<p>A <strong>Canalizador de Lisboa<\/strong> ist die ideale Wahl f\u00fcr <strong>Einbau einer Duschkabine in Lissabon<\/strong>aus den folgenden Gr\u00fcnden:<\/p>\n<ul>\n<li><strong>Erfahrene Fachleute:<\/strong> Das Team besteht aus qualifizierten Technikern mit umfassender Erfahrung in der Badinstallation.<\/li>\n<li><strong>Hochwertige Materialien:<\/strong> Wir verwenden erstklassige Materialien und Werkzeuge, um die Langlebigkeit und Sicherheit der Installation zu gew\u00e4hrleisten.<\/li>\n<li><strong>Transparenter Haushalt:<\/strong> Wir erstellen einen Kostenvoranschlag ohne versteckte Zusatzkosten, in dem alle Leistungen und Materialien aufgef\u00fchrt sind.<\/li>\n<li><strong>Pers\u00f6nlicher Service:<\/strong> Wir passen die Installation an Ihren Geschmack und Ihre Vorlieben an und schaffen ein Bad, das Ihren Bed\u00fcrfnissen entspricht.<\/li>\n<li><strong>Einhaltung von Fristen:<\/strong> Wir respektieren die vereinbarte Zeit und arbeiten effizient, um das Projekt p\u00fcnktlich abzuschlie\u00dfen.<\/li>\n<\/ul>","protected":false},"excerpt":{"rendered":"<p>Na Canalizador de Lisboa, oferecemos um servi\u00e7o completo e especializado de montagem de cabines de duche em Lisboa, com foco em qualidade, seguran\u00e7a e estilo. Nossos profissionais altamente qualificados garantem uma instala\u00e7\u00e3o segura e eficiente, transformando sua casa de banho em um espa\u00e7o moderno e funcional. Por Que Optar pela Montagem de Cabines de Duche? [&hellip;]<\/p>\n","protected":false},"author":1,"featured_media":0,"parent":0,"menu_order":0,"comment_status":"closed","ping_status":"closed","template":"","meta":{"iawp_total_views":37,"footnotes":""},"class_list":["post-3244","page","type-page","status-publish","hentry"],"yoast_head":"<!-- This site is optimized with the Yoast SEO plugin v27.4 - https:\/\/yoast.com\/product\/yoast-seo-wordpress\/ -->\n<title>Montagem de Cabines de Duche Lisboa - Canalizador de Lisboa<\/title>\n<meta name=\"description\" content=\"Servi\u00e7o profissional de montagem de cabines de duche em Lisboa. Transforme a sua casa de banho com a Canalizador de Lisboa, com qualidade e seguran\u00e7a.\" \/>\n<meta name=\"robots\" content=\"index, follow, max-snippet:-1, max-image-preview:large, max-video-preview:-1\" \/>\n<link rel=\"canonical\" href=\"https:\/\/canalizadordelisboa.pt\/de\/duschkabine-installation-lissabon\/\" \/>\n<meta property=\"og:locale\" content=\"de_DE\" \/>\n<meta property=\"og:type\" content=\"article\" \/>\n<meta property=\"og:title\" content=\"Montagem de Cabines de Duche Lisboa - Canalizador de Lisboa\" \/>\n<meta property=\"og:description\" content=\"Servi\u00e7o profissional de montagem de cabines de duche em Lisboa. Transforme a sua casa de banho com a Canalizador de Lisboa, com qualidade e seguran\u00e7a.\" \/>\n<meta property=\"og:url\" content=\"https:\/\/canalizadordelisboa.pt\/de\/duschkabine-installation-lissabon\/\" \/>\n<meta property=\"og:site_name\" content=\"Canalizador de Lisboa\" \/>\n<meta name=\"twitter:card\" content=\"summary_large_image\" \/>\n<script type=\"application\/ld+json\" class=\"yoast-schema-graph\">{\"@context\":\"https:\\\/\\\/schema.org\",\"@graph\":[{\"@type\":\"WebPage\",\"@id\":\"https:\\\/\\\/canalizadordelisboa.pt\\\/montagem-de-cabines-de-duche-lisboa\\\/\",\"url\":\"https:\\\/\\\/canalizadordelisboa.pt\\\/montagem-de-cabines-de-duche-lisboa\\\/\",\"name\":\"Montagem de Cabines de Duche Lisboa - Canalizador de Lisboa\",\"isPartOf\":{\"@id\":\"https:\\\/\\\/canalizadordelisboa.pt\\\/#website\"},\"datePublished\":\"2024-11-06T09:11:40+00:00\",\"description\":\"Servi\u00e7o profissional de montagem de cabines de duche em Lisboa. Transforme a sua casa de banho com a Canalizador de Lisboa, com qualidade e seguran\u00e7a.\",\"breadcrumb\":{\"@id\":\"https:\\\/\\\/canalizadordelisboa.pt\\\/montagem-de-cabines-de-duche-lisboa\\\/#breadcrumb\"},\"inLanguage\":\"de\",\"potentialAction\":[{\"@type\":\"ReadAction\",\"target\":[\"https:\\\/\\\/canalizadordelisboa.pt\\\/montagem-de-cabines-de-duche-lisboa\\\/\"]}]},{\"@type\":\"BreadcrumbList\",\"@id\":\"https:\\\/\\\/canalizadordelisboa.pt\\\/montagem-de-cabines-de-duche-lisboa\\\/#breadcrumb\",\"itemListElement\":[{\"@type\":\"ListItem\",\"position\":1,\"name\":\"Accueil\",\"item\":\"https:\\\/\\\/canalizadordelisboa.pt\\\/\"},{\"@type\":\"ListItem\",\"position\":2,\"name\":\"Montagem de Cabines de Duche Lisboa &#8211; Canalizador de Lisboa\"}]},{\"@type\":\"WebSite\",\"@id\":\"https:\\\/\\\/canalizadordelisboa.pt\\\/#website\",\"url\":\"https:\\\/\\\/canalizadordelisboa.pt\\\/\",\"name\":\"Canalizador de Lisboa\",\"description\":\"Servi\u00e7os de canaliza\u00e7\u00e3o e desentupimentos de alta qualidade em Lisboa.\",\"potentialAction\":[{\"@type\":\"SearchAction\",\"target\":{\"@type\":\"EntryPoint\",\"urlTemplate\":\"https:\\\/\\\/canalizadordelisboa.pt\\\/?s={search_term_string}\"},\"query-input\":{\"@type\":\"PropertyValueSpecification\",\"valueRequired\":true,\"valueName\":\"search_term_string\"}}],\"inLanguage\":\"de\"}]}<\/script>\n<!-- \/ Yoast SEO plugin. -->","yoast_head_json":{"title":"Einbau einer Duschkabine Lissabon - Canalizador de Lisboa","description":"Professioneller Service f\u00fcr den Einbau von Duschkabinen in Lissabon. Verwandeln Sie Ihr Badezimmer mit Canalizador de Lisboa, mit Qualit\u00e4t und Sicherheit.","robots":{"index":"index","follow":"follow","max-snippet":"max-snippet:-1","max-image-preview":"max-image-preview:large","max-video-preview":"max-video-preview:-1"},"canonical":"https:\/\/canalizadordelisboa.pt\/de\/duschkabine-installation-lissabon\/","og_locale":"de_DE","og_type":"article","og_title":"Montagem de Cabines de Duche Lisboa - Canalizador de Lisboa","og_description":"Servi\u00e7o profissional de montagem de cabines de duche em Lisboa. Transforme a sua casa de banho com a Canalizador de Lisboa, com qualidade e seguran\u00e7a.","og_url":"https:\/\/canalizadordelisboa.pt\/de\/duschkabine-installation-lissabon\/","og_site_name":"Canalizador de Lisboa","twitter_card":"summary_large_image","schema":{"@context":"https:\/\/schema.org","@graph":[{"@type":"WebPage","@id":"https:\/\/canalizadordelisboa.pt\/montagem-de-cabines-de-duche-lisboa\/","url":"https:\/\/canalizadordelisboa.pt\/montagem-de-cabines-de-duche-lisboa\/","name":"Einbau einer Duschkabine Lissabon - Canalizador de Lisboa","isPartOf":{"@id":"https:\/\/canalizadordelisboa.pt\/#website"},"datePublished":"2024-11-06T09:11:40+00:00","description":"Professioneller Service f\u00fcr den Einbau von Duschkabinen in Lissabon. Verwandeln Sie Ihr Badezimmer mit Canalizador de Lisboa, mit Qualit\u00e4t und Sicherheit.","breadcrumb":{"@id":"https:\/\/canalizadordelisboa.pt\/montagem-de-cabines-de-duche-lisboa\/#breadcrumb"},"inLanguage":"de","potentialAction":[{"@type":"ReadAction","target":["https:\/\/canalizadordelisboa.pt\/montagem-de-cabines-de-duche-lisboa\/"]}]},{"@type":"BreadcrumbList","@id":"https:\/\/canalizadordelisboa.pt\/montagem-de-cabines-de-duche-lisboa\/#breadcrumb","itemListElement":[{"@type":"ListItem","position":1,"name":"Accueil","item":"https:\/\/canalizadordelisboa.pt\/"},{"@type":"ListItem","position":2,"name":"Montagem de Cabines de Duche Lisboa &#8211; Canalizador de Lisboa"}]},{"@type":"WebSite","@id":"https:\/\/canalizadordelisboa.pt\/#website","url":"https:\/\/canalizadordelisboa.pt\/","name":"Canalizador de Lisboa","description":"Hochwertige Klempner- und Entw\u00e4sserungsdienstleistungen in Lissabon.","potentialAction":[{"@type":"SearchAction","target":{"@type":"EntryPoint","urlTemplate":"https:\/\/canalizadordelisboa.pt\/?s={search_term_string}"},"query-input":{"@type":"PropertyValueSpecification","valueRequired":true,"valueName":"search_term_string"}}],"inLanguage":"de"}]}},"_links":{"self":[{"href":"https:\/\/canalizadordelisboa.pt\/de\/wp-json\/wp\/v2\/pages\/3244","targetHints":{"allow":["GET"]}}],"collection":[{"href":"https:\/\/canalizadordelisboa.pt\/de\/wp-json\/wp\/v2\/pages"}],"about":[{"href":"https:\/\/canalizadordelisboa.pt\/de\/wp-json\/wp\/v2\/types\/page"}],"author":[{"embeddable":true,"href":"https:\/\/canalizadordelisboa.pt\/de\/wp-json\/wp\/v2\/users\/1"}],"replies":[{"embeddable":true,"href":"https:\/\/canalizadordelisboa.pt\/de\/wp-json\/wp\/v2\/comments?post=3244"}],"version-history":[{"count":1,"href":"https:\/\/canalizadordelisboa.pt\/de\/wp-json\/wp\/v2\/pages\/3244\/revisions"}],"predecessor-version":[{"id":3245,"href":"https:\/\/canalizadordelisboa.pt\/de\/wp-json\/wp\/v2\/pages\/3244\/revisions\/3245"}],"wp:attachment":[{"href":"https:\/\/canalizadordelisboa.pt\/de\/wp-json\/wp\/v2\/media?parent=3244"}],"curies":[{"name":"wp","href":"https:\/\/api.w.org\/{rel}","templated":true}]}}