{"id":3236,"date":"2024-10-25T09:12:50","date_gmt":"2024-10-25T09:12:50","guid":{"rendered":"https:\/\/canalizadordelisboa.pt\/?page_id=3236"},"modified":"2024-10-25T09:12:50","modified_gmt":"2024-10-25T09:12:50","slug":"badrenovierung","status":"publish","type":"page","link":"https:\/\/canalizadordelisboa.pt\/de\/renovar-casa-de-banho\/","title":{"rendered":"Renovierung des Badezimmers - Canalizador de Lisboa"},"content":{"rendered":"<p>Unter <strong>Canalizador de Lisboa<\/strong>wir bieten einen kompletten Service f\u00fcr <strong>Ihr Badezimmer renovieren<\/strong> und verwandeln ihn in einen modernen, funktionalen und gem\u00fctlichen Raum. Mit einem Team aus erfahrenen Fachleuten k\u00fcmmern wir uns um jedes Detail, damit die Renovierung mit Qualit\u00e4t, Effizienz und nach Ihrem pers\u00f6nlichen Geschmack durchgef\u00fchrt wird. Ob es sich um eine einfache Aktualisierung oder eine komplette Renovierung handelt, wir sind hier, um Ihr Projekt zu verwirklichen.<\/p>\n<h2>Warum das Bad renovieren?<\/h2>\n<p>Die Renovierung des Badezimmers ist eine hervorragende M\u00f6glichkeit, den Wert der Immobilie zu steigern, den Komfort zu verbessern und sicherzustellen, dass alle Komponenten in optimalem Zustand sind. Eine Renovierung erm\u00f6glicht es Ihnen, das Design zu aktualisieren, alte Sanit\u00e4ranlagen zu ersetzen, effizientere Ger\u00e4te zu installieren und eine sicherere und angenehmere Umgebung zu schaffen. Dar\u00fcber hinaus spart ein renoviertes Bad Wasser und Energie und ist somit eine Investition mit langfristigem Nutzen.<\/p>\n<h3>Vorteile der Renovierung des Badezimmers<\/h3>\n<p>Die Vorteile einer Renovierung gehen weit \u00fcber die \u00c4sthetik hinaus. Von <strong>Renovierung des Badezimmers<\/strong>Mit einem neuen System k\u00f6nnen Sie die Funktionalit\u00e4t des Raums verbessern, eine hygienischere Umgebung schaffen und das Risiko von Problemen wie Leckagen und Verstopfungen verringern. Mit <strong>Canalizador de Lisboa<\/strong>Ihr Badezimmer gewinnt an Komfort, Effizienz und Haltbarkeit.<\/p>\n<h2>Unser Prozess der Badrenovierung<\/h2>\n<p>Unter <strong>Canalizador de Lisboa<\/strong>Wir folgen einem strukturierten Prozess, um sicherzustellen, dass Ihre Badsanierung erfolgreich durchgef\u00fchrt wird:<\/p>\n<ul>\n<li><strong>Beratung und Planung:<\/strong> Wir besuchen Sie, um Ihre Bed\u00fcrfnisse zu verstehen und das Design, die Materialien und die Ausstattung zu besprechen, die am besten zu Ihrem Stil passen.<\/li>\n<li><strong>Vollst\u00e4ndiger Haushalt:<\/strong> Wir erstellen einen transparenten Kostenvoranschlag mit allen Kosten, einschlie\u00dflich Material und Arbeitsaufwand.<\/li>\n<li><strong>Vorbereitung und Abriss:<\/strong> Wir entfernten alte Strukturen und bereiteten den Raum f\u00fcr die neue Konfiguration und Einrichtung vor.<\/li>\n<li><strong>Installation neuer Rohrleitungen:<\/strong> Wir ersetzen alte Rohrleitungen durch moderne, effiziente Systeme, um zuk\u00fcnftige Probleme zu vermeiden.<\/li>\n<li><strong>Installation von Geschirr und Sanit\u00e4rkeramik:<\/strong> Wir installieren Waschbecken, Toiletten, Badewannen und Duschkabinen entsprechend der geplanten Anordnung.<\/li>\n<li><strong>Verarbeitungen und Verkleidungen:<\/strong> Wir bringen neue Beschichtungen und wasserfeste Bodenbel\u00e4ge an und sorgen f\u00fcr ein modernes und elegantes Aussehen.<\/li>\n<li><strong>Beleuchtung und Feinschliff:<\/strong> Wir installieren eine geeignete Beleuchtung und nehmen die letzten Anpassungen vor, um den Raum schl\u00fcsselfertig zu machen.<\/li>\n<\/ul>\n<h2>Was beinhaltet die Renovierung des Badezimmers?<\/h2>\n<p>Wir bieten eine breite Palette von Dienstleistungen f\u00fcr die komplette Renovierung Ihres Badezimmers:<\/p>\n<ul>\n<li><strong>Erneuerung der Rohrleitungen:<\/strong> Wir erneuern die gesamte Verrohrung, um Haltbarkeit und Sicherheit zu gew\u00e4hrleisten.<\/li>\n<li><strong>Installation von modernen Ger\u00e4ten:<\/strong> Wir bauen moderne Waschbecken, Toiletten und Duschen ein, die den Raum optimal ausnutzen.<\/li>\n<li><strong>Hochwertige Oberfl\u00e4chen:<\/strong> Wir verwenden Fliesen und B\u00f6den, die langlebig, leicht zu reinigen und feuchtigkeitsbest\u00e4ndig sind.<\/li>\n<li><strong>Heizungsanlagen:<\/strong> Einbau von Warmwasserbereitern und Heizungsanlagen f\u00fcr mehr Komfort.<\/li>\n<\/ul>\n<h2>Warum Lissabon Canalizador de Lisboa?<\/h2>\n<p>A <strong>Canalizador de Lisboa<\/strong> ist die richtige Wahl f\u00fcr die Renovierung Ihres Badezimmers in Lissabon. Wir bieten:<\/p>\n<ul>\n<li><strong>Qualifizierte Fachleute:<\/strong> Unser Team besteht aus erfahrenen Technikern, die eine sichere und hochwertige Renovierung garantieren.<\/li>\n<li><strong>Hochwertige Materialien:<\/strong> Wir verwenden nur langlebige Materialien, um die Dauerhaftigkeit der Renovierung zu gew\u00e4hrleisten.<\/li>\n<li><strong>Klares Budget:<\/strong> Detaillierte Kostenvoranschl\u00e4ge ohne versteckte Kosten, damit Sie genau wissen, wof\u00fcr Sie bezahlen.<\/li>\n<li><strong>Einhaltung von Fristen:<\/strong> Wir halten vereinbarte Fristen ein und pflegen eine klare Kommunikation in allen Phasen des Projekts.<\/li>\n<li><strong>Pers\u00f6nlicher Service:<\/strong> Wir passen das Projekt an Ihre Vorlieben und Ihren Stil an, so dass das renovierte Bad genau Ihren Vorstellungen entspricht.<\/li>\n<\/ul>\n<h2>Kontaktieren Sie uns f\u00fcr die Renovierung Ihres Badezimmers in Lissabon<\/h2>\n<p>Wenn Sie dar\u00fcber nachdenken <strong>Ihr Badezimmer renovieren<\/strong> und Sie einen Qualit\u00e4tsservice in Lissabon w\u00fcnschen, wenden Sie sich an <strong>Canalizador de Lisboa<\/strong>. Wir sind bereit, Ihren Raum in eine moderne und komfortable Umgebung zu verwandeln.<\/p>","protected":false},"excerpt":{"rendered":"<p>Na Canalizador de Lisboa, oferecemos um servi\u00e7o completo para renovar a sua casa de banho e transform\u00e1-la em um espa\u00e7o moderno, funcional e acolhedor. Com uma equipa de profissionais experientes, cuidamos de cada detalhe para que a renova\u00e7\u00e3o seja realizada com qualidade, efici\u00eancia e de acordo com o seu gosto pessoal. Quer se trate de [&hellip;]<\/p>\n","protected":false},"author":1,"featured_media":0,"parent":0,"menu_order":0,"comment_status":"closed","ping_status":"closed","template":"","meta":{"iawp_total_views":8,"footnotes":""},"class_list":["post-3236","page","type-page","status-publish","hentry"],"yoast_head":"<!-- This site is optimized with the Yoast SEO plugin v27.3 - https:\/\/yoast.com\/product\/yoast-seo-wordpress\/ -->\n<title>Renovar Casa de Banho - Canalizador de Lisboa<\/title>\n<meta name=\"description\" content=\"Servi\u00e7o profissional para renovar casa de banho em Lisboa. Transforme a sua casa de banho com a Canalizador de Lisboa, com qualidade e efici\u00eancia.\" \/>\n<meta name=\"robots\" content=\"index, follow, max-snippet:-1, max-image-preview:large, max-video-preview:-1\" \/>\n<link rel=\"canonical\" href=\"https:\/\/canalizadordelisboa.pt\/de\/badrenovierung\/\" \/>\n<meta property=\"og:locale\" content=\"de_DE\" \/>\n<meta property=\"og:type\" content=\"article\" \/>\n<meta property=\"og:title\" content=\"Renovar Casa de Banho - Canalizador de Lisboa\" \/>\n<meta property=\"og:description\" content=\"Servi\u00e7o profissional para renovar casa de banho em Lisboa. Transforme a sua casa de banho com a Canalizador de Lisboa, com qualidade e efici\u00eancia.\" \/>\n<meta property=\"og:url\" content=\"https:\/\/canalizadordelisboa.pt\/de\/badrenovierung\/\" \/>\n<meta property=\"og:site_name\" content=\"Canalizador de Lisboa\" \/>\n<meta name=\"twitter:card\" content=\"summary_large_image\" \/>\n<script type=\"application\/ld+json\" class=\"yoast-schema-graph\">{\"@context\":\"https:\\\/\\\/schema.org\",\"@graph\":[{\"@type\":\"WebPage\",\"@id\":\"https:\\\/\\\/canalizadordelisboa.pt\\\/renovar-casa-de-banho\\\/\",\"url\":\"https:\\\/\\\/canalizadordelisboa.pt\\\/renovar-casa-de-banho\\\/\",\"name\":\"Renovar Casa de Banho - Canalizador de Lisboa\",\"isPartOf\":{\"@id\":\"https:\\\/\\\/canalizadordelisboa.pt\\\/#website\"},\"datePublished\":\"2024-10-25T09:12:50+00:00\",\"description\":\"Servi\u00e7o profissional para renovar casa de banho em Lisboa. Transforme a sua casa de banho com a Canalizador de Lisboa, com qualidade e efici\u00eancia.\",\"breadcrumb\":{\"@id\":\"https:\\\/\\\/canalizadordelisboa.pt\\\/renovar-casa-de-banho\\\/#breadcrumb\"},\"inLanguage\":\"de\",\"potentialAction\":[{\"@type\":\"ReadAction\",\"target\":[\"https:\\\/\\\/canalizadordelisboa.pt\\\/renovar-casa-de-banho\\\/\"]}]},{\"@type\":\"BreadcrumbList\",\"@id\":\"https:\\\/\\\/canalizadordelisboa.pt\\\/renovar-casa-de-banho\\\/#breadcrumb\",\"itemListElement\":[{\"@type\":\"ListItem\",\"position\":1,\"name\":\"Accueil\",\"item\":\"https:\\\/\\\/canalizadordelisboa.pt\\\/\"},{\"@type\":\"ListItem\",\"position\":2,\"name\":\"Renovar Casa de Banho &#8211; Canalizador de Lisboa\"}]},{\"@type\":\"WebSite\",\"@id\":\"https:\\\/\\\/canalizadordelisboa.pt\\\/#website\",\"url\":\"https:\\\/\\\/canalizadordelisboa.pt\\\/\",\"name\":\"Canalizador de Lisboa\",\"description\":\"Servi\u00e7os de canaliza\u00e7\u00e3o e desentupimentos de alta qualidade em Lisboa.\",\"potentialAction\":[{\"@type\":\"SearchAction\",\"target\":{\"@type\":\"EntryPoint\",\"urlTemplate\":\"https:\\\/\\\/canalizadordelisboa.pt\\\/?s={search_term_string}\"},\"query-input\":{\"@type\":\"PropertyValueSpecification\",\"valueRequired\":true,\"valueName\":\"search_term_string\"}}],\"inLanguage\":\"de\"}]}<\/script>\n<!-- \/ Yoast SEO plugin. -->","yoast_head_json":{"title":"Renovierung des Badezimmers - Canalizador de Lisboa","description":"Professioneller Badsanierungsservice in Lissabon. Verwandeln Sie Ihr Bad mit Canalizador de Lisboa, mit Qualit\u00e4t und Effizienz.","robots":{"index":"index","follow":"follow","max-snippet":"max-snippet:-1","max-image-preview":"max-image-preview:large","max-video-preview":"max-video-preview:-1"},"canonical":"https:\/\/canalizadordelisboa.pt\/de\/badrenovierung\/","og_locale":"de_DE","og_type":"article","og_title":"Renovar Casa de Banho - Canalizador de Lisboa","og_description":"Servi\u00e7o profissional para renovar casa de banho em Lisboa. Transforme a sua casa de banho com a Canalizador de Lisboa, com qualidade e efici\u00eancia.","og_url":"https:\/\/canalizadordelisboa.pt\/de\/badrenovierung\/","og_site_name":"Canalizador de Lisboa","twitter_card":"summary_large_image","schema":{"@context":"https:\/\/schema.org","@graph":[{"@type":"WebPage","@id":"https:\/\/canalizadordelisboa.pt\/renovar-casa-de-banho\/","url":"https:\/\/canalizadordelisboa.pt\/renovar-casa-de-banho\/","name":"Renovierung des Badezimmers - Canalizador de Lisboa","isPartOf":{"@id":"https:\/\/canalizadordelisboa.pt\/#website"},"datePublished":"2024-10-25T09:12:50+00:00","description":"Professioneller Badsanierungsservice in Lissabon. Verwandeln Sie Ihr Bad mit Canalizador de Lisboa, mit Qualit\u00e4t und Effizienz.","breadcrumb":{"@id":"https:\/\/canalizadordelisboa.pt\/renovar-casa-de-banho\/#breadcrumb"},"inLanguage":"de","potentialAction":[{"@type":"ReadAction","target":["https:\/\/canalizadordelisboa.pt\/renovar-casa-de-banho\/"]}]},{"@type":"BreadcrumbList","@id":"https:\/\/canalizadordelisboa.pt\/renovar-casa-de-banho\/#breadcrumb","itemListElement":[{"@type":"ListItem","position":1,"name":"Accueil","item":"https:\/\/canalizadordelisboa.pt\/"},{"@type":"ListItem","position":2,"name":"Renovar Casa de Banho &#8211; Canalizador de Lisboa"}]},{"@type":"WebSite","@id":"https:\/\/canalizadordelisboa.pt\/#website","url":"https:\/\/canalizadordelisboa.pt\/","name":"Canalizador de Lisboa","description":"Hochwertige Klempner- und Entw\u00e4sserungsdienstleistungen in Lissabon.","potentialAction":[{"@type":"SearchAction","target":{"@type":"EntryPoint","urlTemplate":"https:\/\/canalizadordelisboa.pt\/?s={search_term_string}"},"query-input":{"@type":"PropertyValueSpecification","valueRequired":true,"valueName":"search_term_string"}}],"inLanguage":"de"}]}},"_links":{"self":[{"href":"https:\/\/canalizadordelisboa.pt\/de\/wp-json\/wp\/v2\/pages\/3236","targetHints":{"allow":["GET"]}}],"collection":[{"href":"https:\/\/canalizadordelisboa.pt\/de\/wp-json\/wp\/v2\/pages"}],"about":[{"href":"https:\/\/canalizadordelisboa.pt\/de\/wp-json\/wp\/v2\/types\/page"}],"author":[{"embeddable":true,"href":"https:\/\/canalizadordelisboa.pt\/de\/wp-json\/wp\/v2\/users\/1"}],"replies":[{"embeddable":true,"href":"https:\/\/canalizadordelisboa.pt\/de\/wp-json\/wp\/v2\/comments?post=3236"}],"version-history":[{"count":1,"href":"https:\/\/canalizadordelisboa.pt\/de\/wp-json\/wp\/v2\/pages\/3236\/revisions"}],"predecessor-version":[{"id":3237,"href":"https:\/\/canalizadordelisboa.pt\/de\/wp-json\/wp\/v2\/pages\/3236\/revisions\/3237"}],"wp:attachment":[{"href":"https:\/\/canalizadordelisboa.pt\/de\/wp-json\/wp\/v2\/media?parent=3236"}],"curies":[{"name":"wp","href":"https:\/\/api.w.org\/{rel}","templated":true}]}}