{"id":3234,"date":"2024-10-25T09:09:46","date_gmt":"2024-10-25T09:09:46","guid":{"rendered":"https:\/\/canalizadordelisboa.pt\/?page_id=3234"},"modified":"2024-10-25T09:09:46","modified_gmt":"2024-10-25T09:09:46","slug":"montage-der-duschkabine","status":"publish","type":"page","link":"https:\/\/canalizadordelisboa.pt\/de\/montagem-de-cabines-de-duche\/","title":{"rendered":"Einbau einer Duschkabine - Canalizador de Lisboa"},"content":{"rendered":"<p>A <strong>Canalizador de Lisboa<\/strong> bietet spezialisierte <strong>Montage der Duschkabine<\/strong>So erhalten Sie einen modernen, sicheren und funktionalen Raum in Ihrem Badezimmer. Mit einem Team von erfahrenen Fachleuten garantieren wir Ihnen eine qualitativ hochwertige Installation, die Funktionalit\u00e4t mit Design verbindet.<\/p>\n<h2>Warum in Duschkabinen investieren?<\/h2>\n<p>Duschkabinen erfreuen sich aufgrund ihrer Zweckm\u00e4\u00dfigkeit, ihres Stils und ihrer effizienten Raumnutzung immer gr\u00f6\u00dferer Beliebtheit. Eine gut ausgestattete Duschkabine bietet mehr Komfort und Sicherheit und wertet das Design Ihres Badezimmers auf. Mit der <strong>Canalizador de Lisboa<\/strong>Dies garantiert eine fachgerechte und dauerhafte Montage, bei der auch auf Details geachtet wird, um Leckagen und Verschlei\u00df zu vermeiden.<\/p>\n<h3>Vorteile einer Duschkabine<\/h3>\n<p>Duschkabinen sind nicht nur elegant, sondern nutzen das Wasser auch effizienter und nehmen weniger Platz ein. Sie eignen sich sowohl f\u00fcr kleine B\u00e4der als auch f\u00fcr moderne Projekte, werten die Immobilie auf und erleichtern die Reinigung und Organisation des Raums.<\/p>\n<h2>Unser Duschkabinen-Montageprozess<\/h2>\n<p>Unter <strong>Canalizador de Lisboa<\/strong>Um sicherzustellen, dass die Duschkabine korrekt und sicher montiert wird, folgen wir einem strukturierten Prozess. Die wichtigsten Schritte sind:<\/p>\n<ul>\n<li><strong>Konsultation und Planung:<\/strong> Wir besprechen die W\u00fcnsche des Kunden und beurteilen den verf\u00fcgbaren Platz, um die beste Duschkabinenoption zu empfehlen.<\/li>\n<li><strong>Detailliertes Budget:<\/strong> Wir erstellen einen klaren und transparenten Kostenvoranschlag, der alle Kosten, einschlie\u00dflich Material und Arbeit, enth\u00e4lt.<\/li>\n<li><strong>Vorbereitung des Standorts:<\/strong> Wir bereiten den Raum f\u00fcr die Installation vor, \u00fcberpr\u00fcfen die Wasser- und Abwasseranschl\u00fcsse und entfernen gegebenenfalls alte Strukturen.<\/li>\n<li><strong>Montage der Kabine:<\/strong> Wir montieren die Kabine mit Pr\u00e4zision und dichten alle Verbindungen ab, um Lecks zu vermeiden und die Stabilit\u00e4t der Struktur zu gew\u00e4hrleisten.<\/li>\n<li><strong>Versiegelung und Veredelung:<\/strong> Wir verwenden hochwertige Dichtungsmassen, um sicherzustellen, dass die Kabine vollst\u00e4ndig wasserdicht ist.<\/li>\n<li><strong>Abschlusstest:<\/strong> Wir testen die Kabine auf Wasserdurchfluss, Abfluss und Abdichtung und stellen sicher, dass alles perfekt funktioniert.<\/li>\n<\/ul>\n<h2>Arten von Duschkabinen, die wir installieren<\/h2>\n<p>Wir arbeiten mit verschiedenen Arten von Duschkabinen, die sich an den Stil und die Bed\u00fcrfnisse jedes Kunden anpassen:<\/p>\n<ul>\n<li><strong>Eck-Duschkabinen:<\/strong> Ideal f\u00fcr die Optimierung des Platzes in kleineren B\u00e4dern.<\/li>\n<li><strong>Rechteckige Kabinen:<\/strong> Perfekt f\u00fcr gr\u00f6\u00dfere B\u00e4der, die mehr Platz im Inneren bieten.<\/li>\n<li><strong>Kabinen mit Schiebet\u00fcren:<\/strong> Praktisch und sicher, ohne beim \u00d6ffnen zus\u00e4tzlichen Platz zu beanspruchen.<\/li>\n<li><strong>Kabinen mit zu \u00f6ffnenden T\u00fcren:<\/strong> Elegant und komfortabel, ideal f\u00fcr alle, die mehr Platz im Bad haben.<\/li>\n<\/ul>\n<h2>Warum Lissabon Canalizador de Lisboa?<\/h2>\n<p>W\u00e4hlen Sie die <strong>Canalizador de Lisboa<\/strong> f\u00fcr den Einbau Ihrer Duschkabine zu w\u00e4hlen:<\/p>\n<ul>\n<li><strong>Qualifizierte Fachleute:<\/strong> Unser Team besteht aus erfahrenen und qualifizierten Technikern, die eine sichere und dauerhafte Installation gew\u00e4hrleisten.<\/li>\n<li><strong>Hochwertige Materialien:<\/strong> Wir verwenden hochwertige Materialien und Dichtungen, die Langlebigkeit und Wasserbest\u00e4ndigkeit gew\u00e4hrleisten.<\/li>\n<li><strong>Transparenter Haushalt:<\/strong> Wir erstellen einen detaillierten Kostenvoranschlag ohne versteckte Kosten.<\/li>\n<li><strong>Pers\u00f6nlicher Service:<\/strong> Wir passen die Installation an Ihre W\u00fcnsche an und sorgen daf\u00fcr, dass das Ergebnis Ihren Vorstellungen entspricht.<\/li>\n<li><strong>Einhaltung von Fristen:<\/strong> Wir halten die vereinbarten Termine ein und bieten eine schnelle und effiziente Montage.<\/li>\n<\/ul>\n<h2>Kontaktieren Sie uns f\u00fcr Duschkabinen in Lissabon<\/h2>\n<p>Wenn Sie eine <strong>Montage der Duschkabine<\/strong> Professionalit\u00e4t und Qualit\u00e4t in Lissabon, Kontakt <strong>Canalizador de Lisboa<\/strong>. Wir sind bereit, Ihnen bei der Umgestaltung Ihres Badezimmers mit einer modernen und funktionalen Duschkabine zu helfen.<\/p>","protected":false},"excerpt":{"rendered":"<p>A Canalizador de Lisboa oferece servi\u00e7os especializados de montagem de cabines de duche, proporcionando um espa\u00e7o moderno, seguro e funcional na sua casa de banho. Com uma equipa de profissionais experientes, garantimos uma instala\u00e7\u00e3o de alta qualidade, que combina praticidade com design. Por Que Investir na Montagem de Cabines de Duche? As cabines de duche [&hellip;]<\/p>\n","protected":false},"author":1,"featured_media":0,"parent":0,"menu_order":0,"comment_status":"closed","ping_status":"closed","template":"","meta":{"iawp_total_views":16,"footnotes":""},"class_list":["post-3234","page","type-page","status-publish","hentry"],"yoast_head":"<!-- This site is optimized with the Yoast SEO plugin v27.4 - https:\/\/yoast.com\/product\/yoast-seo-wordpress\/ -->\n<title>Montagem de Cabines de Duche - Canalizador de Lisboa<\/title>\n<meta name=\"description\" content=\"Servi\u00e7o profissional de montagem de cabines de duche em Lisboa. Instale sua cabine de duche com a Canalizador de Lisboa, com qualidade e seguran\u00e7a.\" \/>\n<meta name=\"robots\" content=\"index, follow, max-snippet:-1, max-image-preview:large, max-video-preview:-1\" \/>\n<link rel=\"canonical\" href=\"https:\/\/canalizadordelisboa.pt\/de\/montage-der-duschkabine\/\" \/>\n<meta property=\"og:locale\" content=\"de_DE\" \/>\n<meta property=\"og:type\" content=\"article\" \/>\n<meta property=\"og:title\" content=\"Montagem de Cabines de Duche - Canalizador de Lisboa\" \/>\n<meta property=\"og:description\" content=\"Servi\u00e7o profissional de montagem de cabines de duche em Lisboa. Instale sua cabine de duche com a Canalizador de Lisboa, com qualidade e seguran\u00e7a.\" \/>\n<meta property=\"og:url\" content=\"https:\/\/canalizadordelisboa.pt\/de\/montage-der-duschkabine\/\" \/>\n<meta property=\"og:site_name\" content=\"Canalizador de Lisboa\" \/>\n<meta name=\"twitter:card\" content=\"summary_large_image\" \/>\n<script type=\"application\/ld+json\" class=\"yoast-schema-graph\">{\"@context\":\"https:\\\/\\\/schema.org\",\"@graph\":[{\"@type\":\"WebPage\",\"@id\":\"https:\\\/\\\/canalizadordelisboa.pt\\\/montagem-de-cabines-de-duche\\\/\",\"url\":\"https:\\\/\\\/canalizadordelisboa.pt\\\/montagem-de-cabines-de-duche\\\/\",\"name\":\"Montagem de Cabines de Duche - Canalizador de Lisboa\",\"isPartOf\":{\"@id\":\"https:\\\/\\\/canalizadordelisboa.pt\\\/#website\"},\"datePublished\":\"2024-10-25T09:09:46+00:00\",\"description\":\"Servi\u00e7o profissional de montagem de cabines de duche em Lisboa. Instale sua cabine de duche com a Canalizador de Lisboa, com qualidade e seguran\u00e7a.\",\"breadcrumb\":{\"@id\":\"https:\\\/\\\/canalizadordelisboa.pt\\\/montagem-de-cabines-de-duche\\\/#breadcrumb\"},\"inLanguage\":\"de\",\"potentialAction\":[{\"@type\":\"ReadAction\",\"target\":[\"https:\\\/\\\/canalizadordelisboa.pt\\\/montagem-de-cabines-de-duche\\\/\"]}]},{\"@type\":\"BreadcrumbList\",\"@id\":\"https:\\\/\\\/canalizadordelisboa.pt\\\/montagem-de-cabines-de-duche\\\/#breadcrumb\",\"itemListElement\":[{\"@type\":\"ListItem\",\"position\":1,\"name\":\"Accueil\",\"item\":\"https:\\\/\\\/canalizadordelisboa.pt\\\/\"},{\"@type\":\"ListItem\",\"position\":2,\"name\":\"Montagem de Cabines de Duche &#8211; Canalizador de Lisboa\"}]},{\"@type\":\"WebSite\",\"@id\":\"https:\\\/\\\/canalizadordelisboa.pt\\\/#website\",\"url\":\"https:\\\/\\\/canalizadordelisboa.pt\\\/\",\"name\":\"Canalizador de Lisboa\",\"description\":\"Servi\u00e7os de canaliza\u00e7\u00e3o e desentupimentos de alta qualidade em Lisboa.\",\"potentialAction\":[{\"@type\":\"SearchAction\",\"target\":{\"@type\":\"EntryPoint\",\"urlTemplate\":\"https:\\\/\\\/canalizadordelisboa.pt\\\/?s={search_term_string}\"},\"query-input\":{\"@type\":\"PropertyValueSpecification\",\"valueRequired\":true,\"valueName\":\"search_term_string\"}}],\"inLanguage\":\"de\"}]}<\/script>\n<!-- \/ Yoast SEO plugin. -->","yoast_head_json":{"title":"Einbau einer Duschkabine - Canalizador de Lisboa","description":"Professioneller Einbau von Duschkabinen in Lissabon. Installieren Sie Ihre Duschkabine mit Canalizador de Lisboa, mit Qualit\u00e4t und Sicherheit.","robots":{"index":"index","follow":"follow","max-snippet":"max-snippet:-1","max-image-preview":"max-image-preview:large","max-video-preview":"max-video-preview:-1"},"canonical":"https:\/\/canalizadordelisboa.pt\/de\/montage-der-duschkabine\/","og_locale":"de_DE","og_type":"article","og_title":"Montagem de Cabines de Duche - Canalizador de Lisboa","og_description":"Servi\u00e7o profissional de montagem de cabines de duche em Lisboa. Instale sua cabine de duche com a Canalizador de Lisboa, com qualidade e seguran\u00e7a.","og_url":"https:\/\/canalizadordelisboa.pt\/de\/montage-der-duschkabine\/","og_site_name":"Canalizador de Lisboa","twitter_card":"summary_large_image","schema":{"@context":"https:\/\/schema.org","@graph":[{"@type":"WebPage","@id":"https:\/\/canalizadordelisboa.pt\/montagem-de-cabines-de-duche\/","url":"https:\/\/canalizadordelisboa.pt\/montagem-de-cabines-de-duche\/","name":"Einbau einer Duschkabine - Canalizador de Lisboa","isPartOf":{"@id":"https:\/\/canalizadordelisboa.pt\/#website"},"datePublished":"2024-10-25T09:09:46+00:00","description":"Professioneller Einbau von Duschkabinen in Lissabon. Installieren Sie Ihre Duschkabine mit Canalizador de Lisboa, mit Qualit\u00e4t und Sicherheit.","breadcrumb":{"@id":"https:\/\/canalizadordelisboa.pt\/montagem-de-cabines-de-duche\/#breadcrumb"},"inLanguage":"de","potentialAction":[{"@type":"ReadAction","target":["https:\/\/canalizadordelisboa.pt\/montagem-de-cabines-de-duche\/"]}]},{"@type":"BreadcrumbList","@id":"https:\/\/canalizadordelisboa.pt\/montagem-de-cabines-de-duche\/#breadcrumb","itemListElement":[{"@type":"ListItem","position":1,"name":"Accueil","item":"https:\/\/canalizadordelisboa.pt\/"},{"@type":"ListItem","position":2,"name":"Montagem de Cabines de Duche &#8211; Canalizador de Lisboa"}]},{"@type":"WebSite","@id":"https:\/\/canalizadordelisboa.pt\/#website","url":"https:\/\/canalizadordelisboa.pt\/","name":"Canalizador de Lisboa","description":"Hochwertige Klempner- und Entw\u00e4sserungsdienstleistungen in Lissabon.","potentialAction":[{"@type":"SearchAction","target":{"@type":"EntryPoint","urlTemplate":"https:\/\/canalizadordelisboa.pt\/?s={search_term_string}"},"query-input":{"@type":"PropertyValueSpecification","valueRequired":true,"valueName":"search_term_string"}}],"inLanguage":"de"}]}},"_links":{"self":[{"href":"https:\/\/canalizadordelisboa.pt\/de\/wp-json\/wp\/v2\/pages\/3234","targetHints":{"allow":["GET"]}}],"collection":[{"href":"https:\/\/canalizadordelisboa.pt\/de\/wp-json\/wp\/v2\/pages"}],"about":[{"href":"https:\/\/canalizadordelisboa.pt\/de\/wp-json\/wp\/v2\/types\/page"}],"author":[{"embeddable":true,"href":"https:\/\/canalizadordelisboa.pt\/de\/wp-json\/wp\/v2\/users\/1"}],"replies":[{"embeddable":true,"href":"https:\/\/canalizadordelisboa.pt\/de\/wp-json\/wp\/v2\/comments?post=3234"}],"version-history":[{"count":1,"href":"https:\/\/canalizadordelisboa.pt\/de\/wp-json\/wp\/v2\/pages\/3234\/revisions"}],"predecessor-version":[{"id":3235,"href":"https:\/\/canalizadordelisboa.pt\/de\/wp-json\/wp\/v2\/pages\/3234\/revisions\/3235"}],"wp:attachment":[{"href":"https:\/\/canalizadordelisboa.pt\/de\/wp-json\/wp\/v2\/media?parent=3234"}],"curies":[{"name":"wp","href":"https:\/\/api.w.org\/{rel}","templated":true}]}}