{"id":3232,"date":"2024-10-25T09:07:39","date_gmt":"2024-10-25T09:07:39","guid":{"rendered":"https:\/\/canalizadordelisboa.pt\/?page_id=3232"},"modified":"2024-10-25T09:07:39","modified_gmt":"2024-10-25T09:07:39","slug":"toilettenanlage","status":"publish","type":"page","link":"https:\/\/canalizadordelisboa.pt\/de\/instalacao-de-sanitas\/","title":{"rendered":"Toiletteninstallation - Canalizador de Lisboa"},"content":{"rendered":"<p>A <strong>Canalizador de Lisboa<\/strong> bietet eine spezialisierte <strong>Toilettenanlage<\/strong>So wird sichergestellt, dass die Ger\u00e4te sicher, effizient und \u00e4sthetisch ansprechend installiert werden. Mit unserem Team erfahrener Fachleute wird jedes Detail ber\u00fccksichtigt, damit die Installation Ihrem Badezimmer Komfort, Hygiene und Langlebigkeit verleiht.<\/p>\n<h2>Warum in eine professionelle Toiletteninstallation investieren?<\/h2>\n<p>Eine von Fachleuten durchgef\u00fchrte Toiletteninstallation gew\u00e4hrleistet, dass die Anlage ordnungsgem\u00e4\u00df funktioniert und Probleme wie Lecks und Verstopfungen vermieden werden. Dar\u00fcber hinaus tr\u00e4gt eine gut installierte Toilette zu einer effizienten Wassernutzung bei und vermeidet Verschwendung. Mit <strong>Canalizador de Lisboa<\/strong>Sie k\u00f6nnen sicher sein, dass Sie eine sichere Installation mit einer tadellosen Verarbeitung erhalten.<\/p>\n<h3>Vorteile einer neuen Toilettenanlage<\/h3>\n<p>Eine neue Toilette bringt Vorteile wie eine bessere Sp\u00fclleistung, Wassereinsparungen und mehr Komfort bei der t\u00e4glichen Benutzung. Moderne Waschbecken sind so konzipiert, dass sie Verstopfungen vermeiden und den Wasserverbrauch senken, was langfristig Einsparungen und positive Auswirkungen auf die Umwelt bedeutet.<\/p>\n<h2>Unser Prozess der Toiletteninstallation<\/h2>\n<p>Unter <strong>Canalizador de Lisboa<\/strong>Um zu gew\u00e4hrleisten, dass die Installation der Toilette mit h\u00f6chster Qualit\u00e4t und Sicherheit erfolgt, folgen wir einem sorgf\u00e4ltigen Prozess. Hier sind die wichtigsten Schritte unserer Dienstleistung:<\/p>\n<ul>\n<li><strong>Erste Anfrage:<\/strong> Wir beurteilen den Raum und besprechen mit dem Kunden die ideale Art der Toilette f\u00fcr den Standort, wobei wir die Spezifikationen und Vorlieben ber\u00fccksichtigen.<\/li>\n<li><strong>Vollst\u00e4ndiger Haushalt:<\/strong> Wir erstellen Ihnen einen detaillierten Kostenvoranschlag, der alle Kosten enth\u00e4lt, und zwar auf transparente Weise.<\/li>\n<li><strong>Vorbereitung des Standorts:<\/strong> Wir bereiten den Raum vor, in dem die Toilette installiert werden soll, und stellen sicher, dass alle Wasser- und Abwasseranschl\u00fcsse geeignet und vorschriftsm\u00e4\u00dfig sind.<\/li>\n<li><strong>Einbau der Toilette:<\/strong> Wir f\u00fchren die Installation mit Pr\u00e4zision durch, befestigen die Ger\u00e4te und stellen sicher, dass alle Anschl\u00fcsse dicht sind.<\/li>\n<li><strong>Endbearbeitung und Versiegelung:<\/strong> Wir passen die Toilette an und dichten sie ab, um Lecks zu vermeiden und eine perfekte \u00c4sthetik zu gew\u00e4hrleisten.<\/li>\n<li><strong>Testlauf:<\/strong> Wir haben das Sp\u00fclsystem getestet und gepr\u00fcft, ob die Toilette ordnungsgem\u00e4\u00df funktioniert und nicht undicht ist.<\/li>\n<\/ul>\n<h2>Arten von Toiletten, die wir installieren<\/h2>\n<p>Wir bieten Ihnen die Installation verschiedener Arten von Toiletten an, die zu Ihrem Raum und Ihrem gew\u00fcnschten Stil passen:<\/p>\n<ul>\n<li><strong>Bodentoiletten:<\/strong> Das g\u00e4ngigste Modell wird direkt auf dem Boden befestigt und bietet Stabilit\u00e4t und eine einfache Installation.<\/li>\n<li><strong>H\u00e4ngetoiletten:<\/strong> Sie sind an der Wand montiert, sehen modern aus und erleichtern die Reinigung des Bodens.<\/li>\n<li><strong>Toiletten mit integrierter Sp\u00fclung:<\/strong> Sie sind mit einem eingebauten Sp\u00fclsystem ausgestattet und bieten Platzersparnis und ein minimalistisches Aussehen.<\/li>\n<li><strong>Toiletten mit Doppelsp\u00fclung:<\/strong> Sie sind ideal zum Wassersparen und k\u00f6nnen teilweise oder vollst\u00e4ndig gesp\u00fclt werden.<\/li>\n<\/ul>\n<h2>Warum Lissabon Canalizador de Lisboa?<\/h2>\n<p>A <strong>Canalizador de Lisboa<\/strong> ist die ideale Wahl f\u00fcr <strong>Toilettenanlage<\/strong> in Lissabon. Hier sind einige unserer Unterschiede:<\/p>\n<ul>\n<li><strong>Erfahrene Fachleute:<\/strong> Unser Team besteht aus qualifizierten und erfahrenen Technikern, die eine qualitativ hochwertige und sichere Installation garantieren.<\/li>\n<li><strong>Hochwertige Materialien:<\/strong> Wir verwenden die richtigen Materialien und Werkzeuge, um eine dauerhafte und sichere Installation zu gew\u00e4hrleisten.<\/li>\n<li><strong>Transparenter Haushalt:<\/strong> Wir arbeiten mit klaren und detaillierten Kostenvoranschl\u00e4gen, ohne unerwartete Zusatzkosten.<\/li>\n<li><strong>Schnelligkeit und Effizienz:<\/strong> Wir f\u00fchren die Installation innerhalb des vereinbarten Zeitrahmens durch, mit Respekt und Sorgfalt f\u00fcr Ihren Raum.<\/li>\n<li><strong>Pers\u00f6nlicher Service:<\/strong> Wir passen unsere Dienstleistungen an Ihre spezifischen Bed\u00fcrfnisse an und garantieren Ihnen, dass Sie mit dem Endergebnis zufrieden sind.<\/li>\n<\/ul>\n<h2>Kontaktieren Sie uns f\u00fcr die Installation von Toiletten in Lissabon<\/h2>\n<p>Wenn Sie nach einem <strong>Toilettenanlage<\/strong> Fachmann in Lissabon, wenden Sie sich an <strong>Canalizador de Lisboa<\/strong>. Unser Team ist bereit, daf\u00fcr zu sorgen, dass Ihr Badezimmer eine moderne, sichere und gut installierte Toilette hat.<\/p>","protected":false},"excerpt":{"rendered":"<p>A Canalizador de Lisboa oferece um servi\u00e7o especializado de instala\u00e7\u00e3o de sanitas, garantindo que o equipamento seja montado de forma segura, eficiente e esteticamente agrad\u00e1vel. Com a nossa equipa de profissionais experientes, cada detalhe \u00e9 levado em conta para que a instala\u00e7\u00e3o proporcione conforto, higiene e durabilidade \u00e0 sua casa de banho. Por Que Investir [&hellip;]<\/p>\n","protected":false},"author":1,"featured_media":0,"parent":0,"menu_order":0,"comment_status":"closed","ping_status":"closed","template":"","meta":{"iawp_total_views":10,"footnotes":""},"class_list":["post-3232","page","type-page","status-publish","hentry"],"yoast_head":"<!-- This site is optimized with the Yoast SEO plugin v27.4 - https:\/\/yoast.com\/product\/yoast-seo-wordpress\/ -->\n<title>Instala\u00e7\u00e3o de Sanitas - Canalizador de Lisboa<\/title>\n<meta name=\"description\" content=\"Servi\u00e7o profissional de instala\u00e7\u00e3o de sanitas em Lisboa. Garanta uma instala\u00e7\u00e3o eficiente e de qualidade com a Canalizador de Lisboa.\" \/>\n<meta name=\"robots\" content=\"index, follow, max-snippet:-1, max-image-preview:large, max-video-preview:-1\" \/>\n<link rel=\"canonical\" href=\"https:\/\/canalizadordelisboa.pt\/de\/toilettenanlage\/\" \/>\n<meta property=\"og:locale\" content=\"de_DE\" \/>\n<meta property=\"og:type\" content=\"article\" \/>\n<meta property=\"og:title\" content=\"Instala\u00e7\u00e3o de Sanitas - Canalizador de Lisboa\" \/>\n<meta property=\"og:description\" content=\"Servi\u00e7o profissional de instala\u00e7\u00e3o de sanitas em Lisboa. Garanta uma instala\u00e7\u00e3o eficiente e de qualidade com a Canalizador de Lisboa.\" \/>\n<meta property=\"og:url\" content=\"https:\/\/canalizadordelisboa.pt\/de\/toilettenanlage\/\" \/>\n<meta property=\"og:site_name\" content=\"Canalizador de Lisboa\" \/>\n<meta name=\"twitter:card\" content=\"summary_large_image\" \/>\n<script type=\"application\/ld+json\" class=\"yoast-schema-graph\">{\"@context\":\"https:\\\/\\\/schema.org\",\"@graph\":[{\"@type\":\"WebPage\",\"@id\":\"https:\\\/\\\/canalizadordelisboa.pt\\\/instalacao-de-sanitas\\\/\",\"url\":\"https:\\\/\\\/canalizadordelisboa.pt\\\/instalacao-de-sanitas\\\/\",\"name\":\"Instala\u00e7\u00e3o de Sanitas - Canalizador de Lisboa\",\"isPartOf\":{\"@id\":\"https:\\\/\\\/canalizadordelisboa.pt\\\/#website\"},\"datePublished\":\"2024-10-25T09:07:39+00:00\",\"description\":\"Servi\u00e7o profissional de instala\u00e7\u00e3o de sanitas em Lisboa. Garanta uma instala\u00e7\u00e3o eficiente e de qualidade com a Canalizador de Lisboa.\",\"breadcrumb\":{\"@id\":\"https:\\\/\\\/canalizadordelisboa.pt\\\/instalacao-de-sanitas\\\/#breadcrumb\"},\"inLanguage\":\"de\",\"potentialAction\":[{\"@type\":\"ReadAction\",\"target\":[\"https:\\\/\\\/canalizadordelisboa.pt\\\/instalacao-de-sanitas\\\/\"]}]},{\"@type\":\"BreadcrumbList\",\"@id\":\"https:\\\/\\\/canalizadordelisboa.pt\\\/instalacao-de-sanitas\\\/#breadcrumb\",\"itemListElement\":[{\"@type\":\"ListItem\",\"position\":1,\"name\":\"Accueil\",\"item\":\"https:\\\/\\\/canalizadordelisboa.pt\\\/\"},{\"@type\":\"ListItem\",\"position\":2,\"name\":\"Instala\u00e7\u00e3o de Sanitas &#8211; Canalizador de Lisboa\"}]},{\"@type\":\"WebSite\",\"@id\":\"https:\\\/\\\/canalizadordelisboa.pt\\\/#website\",\"url\":\"https:\\\/\\\/canalizadordelisboa.pt\\\/\",\"name\":\"Canalizador de Lisboa\",\"description\":\"Servi\u00e7os de canaliza\u00e7\u00e3o e desentupimentos de alta qualidade em Lisboa.\",\"potentialAction\":[{\"@type\":\"SearchAction\",\"target\":{\"@type\":\"EntryPoint\",\"urlTemplate\":\"https:\\\/\\\/canalizadordelisboa.pt\\\/?s={search_term_string}\"},\"query-input\":{\"@type\":\"PropertyValueSpecification\",\"valueRequired\":true,\"valueName\":\"search_term_string\"}}],\"inLanguage\":\"de\"}]}<\/script>\n<!-- \/ Yoast SEO plugin. -->","yoast_head_json":{"title":"Toiletteninstallation - Canalizador de Lisboa","description":"Professioneller Toiletteneinbauservice in Lissabon. Sichern Sie sich eine effiziente, qualitativ hochwertige Installation mit Canalizador de Lisboa.","robots":{"index":"index","follow":"follow","max-snippet":"max-snippet:-1","max-image-preview":"max-image-preview:large","max-video-preview":"max-video-preview:-1"},"canonical":"https:\/\/canalizadordelisboa.pt\/de\/toilettenanlage\/","og_locale":"de_DE","og_type":"article","og_title":"Instala\u00e7\u00e3o de Sanitas - Canalizador de Lisboa","og_description":"Servi\u00e7o profissional de instala\u00e7\u00e3o de sanitas em Lisboa. Garanta uma instala\u00e7\u00e3o eficiente e de qualidade com a Canalizador de Lisboa.","og_url":"https:\/\/canalizadordelisboa.pt\/de\/toilettenanlage\/","og_site_name":"Canalizador de Lisboa","twitter_card":"summary_large_image","schema":{"@context":"https:\/\/schema.org","@graph":[{"@type":"WebPage","@id":"https:\/\/canalizadordelisboa.pt\/instalacao-de-sanitas\/","url":"https:\/\/canalizadordelisboa.pt\/instalacao-de-sanitas\/","name":"Toiletteninstallation - Canalizador de Lisboa","isPartOf":{"@id":"https:\/\/canalizadordelisboa.pt\/#website"},"datePublished":"2024-10-25T09:07:39+00:00","description":"Professioneller Toiletteneinbauservice in Lissabon. Sichern Sie sich eine effiziente, qualitativ hochwertige Installation mit Canalizador de Lisboa.","breadcrumb":{"@id":"https:\/\/canalizadordelisboa.pt\/instalacao-de-sanitas\/#breadcrumb"},"inLanguage":"de","potentialAction":[{"@type":"ReadAction","target":["https:\/\/canalizadordelisboa.pt\/instalacao-de-sanitas\/"]}]},{"@type":"BreadcrumbList","@id":"https:\/\/canalizadordelisboa.pt\/instalacao-de-sanitas\/#breadcrumb","itemListElement":[{"@type":"ListItem","position":1,"name":"Accueil","item":"https:\/\/canalizadordelisboa.pt\/"},{"@type":"ListItem","position":2,"name":"Instala\u00e7\u00e3o de Sanitas &#8211; Canalizador de Lisboa"}]},{"@type":"WebSite","@id":"https:\/\/canalizadordelisboa.pt\/#website","url":"https:\/\/canalizadordelisboa.pt\/","name":"Canalizador de Lisboa","description":"Hochwertige Klempner- und Entw\u00e4sserungsdienstleistungen in Lissabon.","potentialAction":[{"@type":"SearchAction","target":{"@type":"EntryPoint","urlTemplate":"https:\/\/canalizadordelisboa.pt\/?s={search_term_string}"},"query-input":{"@type":"PropertyValueSpecification","valueRequired":true,"valueName":"search_term_string"}}],"inLanguage":"de"}]}},"_links":{"self":[{"href":"https:\/\/canalizadordelisboa.pt\/de\/wp-json\/wp\/v2\/pages\/3232","targetHints":{"allow":["GET"]}}],"collection":[{"href":"https:\/\/canalizadordelisboa.pt\/de\/wp-json\/wp\/v2\/pages"}],"about":[{"href":"https:\/\/canalizadordelisboa.pt\/de\/wp-json\/wp\/v2\/types\/page"}],"author":[{"embeddable":true,"href":"https:\/\/canalizadordelisboa.pt\/de\/wp-json\/wp\/v2\/users\/1"}],"replies":[{"embeddable":true,"href":"https:\/\/canalizadordelisboa.pt\/de\/wp-json\/wp\/v2\/comments?post=3232"}],"version-history":[{"count":1,"href":"https:\/\/canalizadordelisboa.pt\/de\/wp-json\/wp\/v2\/pages\/3232\/revisions"}],"predecessor-version":[{"id":3233,"href":"https:\/\/canalizadordelisboa.pt\/de\/wp-json\/wp\/v2\/pages\/3232\/revisions\/3233"}],"wp:attachment":[{"href":"https:\/\/canalizadordelisboa.pt\/de\/wp-json\/wp\/v2\/media?parent=3232"}],"curies":[{"name":"wp","href":"https:\/\/api.w.org\/{rel}","templated":true}]}}