{"id":3218,"date":"2024-07-04T07:33:10","date_gmt":"2024-07-04T07:33:10","guid":{"rendered":"https:\/\/canalizadordelisboa.pt\/?page_id=3218"},"modified":"2024-07-04T07:33:10","modified_gmt":"2024-07-04T07:33:10","slug":"leckreparatur","status":"publish","type":"page","link":"https:\/\/canalizadordelisboa.pt\/de\/reparacao-de-fugas\/","title":{"rendered":"Reparatur von Lecks - Canalizador de Lisboa"},"content":{"rendered":"<p>Unter <strong>Canalizador de Lisboa<\/strong>wir bieten spezialisierte Dienstleistungen in <strong>Reparatur von Lecks<\/strong>Unsere Techniker sind bereit, eine Vielzahl von Leckageproblemen zu diagnostizieren und sicherzustellen, dass Ihr Sanit\u00e4rsystem perfekt und ohne Unterbrechung funktioniert. Unsere qualifizierten Techniker sind bereit, eine Vielzahl von Leckageproblemen zu diagnostizieren und zu l\u00f6sen, um die Integrit\u00e4t Ihres Hydrauliksystems zu gew\u00e4hrleisten.<\/p>\n<h2>Die Bedeutung der Leckreparatur<\/h2>\n<p>Das Erkennen und Reparieren von Wasserlecks ist entscheidend, um Verschwendung und strukturelle Sch\u00e4den an Ihrer Immobilie zu vermeiden. Unbehobene Lecks k\u00f6nnen zu hohen Wasserrechnungen, Schimmel, Sch\u00e4den an W\u00e4nden und B\u00f6den und sogar zur Beeintr\u00e4chtigung der Geb\u00e4udestruktur f\u00fchren.<\/p>\n<h2>H\u00e4ufige Probleme im Zusammenhang mit Lecks<\/h2>\n<p>Einige der h\u00e4ufigsten Probleme, die zu Undichtigkeiten f\u00fchren k\u00f6nnen, sind:<\/p>\n<ul>\n<li><strong>Korrodierte Rohre:<\/strong> Mit der Zeit k\u00f6nnen Rohre korrodieren und kleine Risse bilden, die zu Lecks f\u00fchren.<\/li>\n<li><strong>Lose Verbindungen:<\/strong> Schlecht eingestellte Anschl\u00fcsse k\u00f6nnen Wasser austreten lassen.<\/li>\n<li><strong>Verschlissene Gelenke:<\/strong> Verschlissene Dichtungen k\u00f6nnen versagen und zu Undichtigkeiten an den Verbindungsstellen f\u00fchren.<\/li>\n<li><strong>\u00dcberm\u00e4\u00dfiger Druck:<\/strong> Sehr hoher Wasserdruck kann Verbindungen erzwingen und Rohre zum Platzen bringen.<\/li>\n<\/ul>\n<h2>Unser Leckreparaturservice<\/h2>\n<p>Unter <strong>Canalizador de Lisboa<\/strong>Unser Leckreparaturservice umfasst:<\/p>\n<ul>\n<li><strong>Lecksuche:<\/strong> Wir verwenden fortschrittliche Techniken und Ger\u00e4te, um die genaue Quelle des Lecks zu lokalisieren.<\/li>\n<li><strong>Pr\u00e4zise Reparatur:<\/strong> Wir f\u00fchren die Reparaturen mit hochwertigen Materialien durch, um die Langlebigkeit der Reparaturen zu gew\u00e4hrleisten.<\/li>\n<li><strong>Testlauf:<\/strong> Nach der Reparatur testen wir das System, um sicherzustellen, dass das Leck vollst\u00e4ndig beseitigt wurde.<\/li>\n<li><strong>Vorbeugende Wartung:<\/strong> Wir bieten Wartungsdienste an, um zuk\u00fcnftige Leckageprobleme zu vermeiden.<\/li>\n<\/ul>\n<h2>Warum Lissabon Canalizador de Lisboa?<\/h2>\n<p>A <strong>Canalizador de Lisboa<\/strong> ist die ideale Wahl f\u00fcr <strong>Reparatur von Lecks<\/strong> in Lissabon. Hier sind einige Gr\u00fcnde, uns zu w\u00e4hlen:<\/p>\n<ul>\n<li><strong>Erfahrene Fachleute:<\/strong> Unser Team besteht aus hochqualifizierten und erfahrenen Technikern.<\/li>\n<li><strong>Schneller Service:<\/strong> Wir verstehen die Dringlichkeit eines Wasserlecks und bieten einen schnellen und effizienten Service.<\/li>\n<li><strong>Qualit\u00e4t und Sicherheit:<\/strong> Wir verwenden nur hochwertige Materialien und befolgen strenge Sicherheitsstandards.<\/li>\n<li><strong>Transparenz:<\/strong> Wir erstellen detaillierte und transparente Kostenvoranschl\u00e4ge, ohne \u00dcberraschungen.<\/li>\n<\/ul>\n<h2>Kontakt<\/h2>\n<p>Wenn Sie <strong>Reparatur von Lecks<\/strong> in Lissabon, Kontakt <strong>Canalizador de Lisboa<\/strong> heute. Wir sind bereit, Ihr Sanit\u00e4rsystem in perfektem Zustand zu halten.<\/p>","protected":false},"excerpt":{"rendered":"<p>Na Canalizador de Lisboa, oferecemos servi\u00e7os especializados em repara\u00e7\u00e3o de fugas, garantindo que seu sistema de canaliza\u00e7\u00e3o funcione perfeitamente e sem interrup\u00e7\u00f5es. Nossos t\u00e9cnicos qualificados est\u00e3o prontos para diagnosticar e solucionar uma variedade de problemas de fugas, assegurando a integridade do seu sistema hidr\u00e1ulico. Import\u00e2ncia da Repara\u00e7\u00e3o de Fugas Detectar e reparar fugas de \u00e1gua [&hellip;]<\/p>\n","protected":false},"author":1,"featured_media":0,"parent":0,"menu_order":0,"comment_status":"closed","ping_status":"closed","template":"","meta":{"iawp_total_views":32,"footnotes":""},"class_list":["post-3218","page","type-page","status-publish","hentry"],"yoast_head":"<!-- This site is optimized with the Yoast SEO plugin v27.4 - https:\/\/yoast.com\/product\/yoast-seo-wordpress\/ -->\n<title>Repara\u00e7\u00e3o de Fugas - Canalizador de Lisboa<\/title>\n<meta name=\"description\" content=\"Servi\u00e7o profissional de repara\u00e7\u00e3o de fugas em Lisboa. Garanta a efici\u00eancia e o funcionamento do seu sistema de canaliza\u00e7\u00e3o com a Canalizador de Lisboa.\" \/>\n<meta name=\"robots\" content=\"index, follow, max-snippet:-1, max-image-preview:large, max-video-preview:-1\" \/>\n<link rel=\"canonical\" href=\"https:\/\/canalizadordelisboa.pt\/de\/leckreparatur\/\" \/>\n<meta property=\"og:locale\" content=\"de_DE\" \/>\n<meta property=\"og:type\" content=\"article\" \/>\n<meta property=\"og:title\" content=\"Repara\u00e7\u00e3o de Fugas - Canalizador de Lisboa\" \/>\n<meta property=\"og:description\" content=\"Servi\u00e7o profissional de repara\u00e7\u00e3o de fugas em Lisboa. Garanta a efici\u00eancia e o funcionamento do seu sistema de canaliza\u00e7\u00e3o com a Canalizador de Lisboa.\" \/>\n<meta property=\"og:url\" content=\"https:\/\/canalizadordelisboa.pt\/de\/leckreparatur\/\" \/>\n<meta property=\"og:site_name\" content=\"Canalizador de Lisboa\" \/>\n<meta name=\"twitter:card\" content=\"summary_large_image\" \/>\n<script type=\"application\/ld+json\" class=\"yoast-schema-graph\">{\"@context\":\"https:\\\/\\\/schema.org\",\"@graph\":[{\"@type\":\"WebPage\",\"@id\":\"https:\\\/\\\/canalizadordelisboa.pt\\\/reparacao-de-fugas\\\/\",\"url\":\"https:\\\/\\\/canalizadordelisboa.pt\\\/reparacao-de-fugas\\\/\",\"name\":\"Repara\u00e7\u00e3o de Fugas - Canalizador de Lisboa\",\"isPartOf\":{\"@id\":\"https:\\\/\\\/canalizadordelisboa.pt\\\/#website\"},\"datePublished\":\"2024-07-04T07:33:10+00:00\",\"description\":\"Servi\u00e7o profissional de repara\u00e7\u00e3o de fugas em Lisboa. Garanta a efici\u00eancia e o funcionamento do seu sistema de canaliza\u00e7\u00e3o com a Canalizador de Lisboa.\",\"breadcrumb\":{\"@id\":\"https:\\\/\\\/canalizadordelisboa.pt\\\/reparacao-de-fugas\\\/#breadcrumb\"},\"inLanguage\":\"de\",\"potentialAction\":[{\"@type\":\"ReadAction\",\"target\":[\"https:\\\/\\\/canalizadordelisboa.pt\\\/reparacao-de-fugas\\\/\"]}]},{\"@type\":\"BreadcrumbList\",\"@id\":\"https:\\\/\\\/canalizadordelisboa.pt\\\/reparacao-de-fugas\\\/#breadcrumb\",\"itemListElement\":[{\"@type\":\"ListItem\",\"position\":1,\"name\":\"Accueil\",\"item\":\"https:\\\/\\\/canalizadordelisboa.pt\\\/\"},{\"@type\":\"ListItem\",\"position\":2,\"name\":\"Repara\u00e7\u00e3o de Fugas &#8211; Canalizador de Lisboa\"}]},{\"@type\":\"WebSite\",\"@id\":\"https:\\\/\\\/canalizadordelisboa.pt\\\/#website\",\"url\":\"https:\\\/\\\/canalizadordelisboa.pt\\\/\",\"name\":\"Canalizador de Lisboa\",\"description\":\"Servi\u00e7os de canaliza\u00e7\u00e3o e desentupimentos de alta qualidade em Lisboa.\",\"potentialAction\":[{\"@type\":\"SearchAction\",\"target\":{\"@type\":\"EntryPoint\",\"urlTemplate\":\"https:\\\/\\\/canalizadordelisboa.pt\\\/?s={search_term_string}\"},\"query-input\":{\"@type\":\"PropertyValueSpecification\",\"valueRequired\":true,\"valueName\":\"search_term_string\"}}],\"inLanguage\":\"de\"}]}<\/script>\n<!-- \/ Yoast SEO plugin. -->","yoast_head_json":{"title":"Reparatur eines Lecks - Canalizador de Lisboa","description":"Professioneller Reparaturservice f\u00fcr Lecks in Lissabon. Garantieren Sie die Effizienz und das Funktionieren Ihres Klempnersystems mit Canalizador de Lisboa.","robots":{"index":"index","follow":"follow","max-snippet":"max-snippet:-1","max-image-preview":"max-image-preview:large","max-video-preview":"max-video-preview:-1"},"canonical":"https:\/\/canalizadordelisboa.pt\/de\/leckreparatur\/","og_locale":"de_DE","og_type":"article","og_title":"Repara\u00e7\u00e3o de Fugas - Canalizador de Lisboa","og_description":"Servi\u00e7o profissional de repara\u00e7\u00e3o de fugas em Lisboa. Garanta a efici\u00eancia e o funcionamento do seu sistema de canaliza\u00e7\u00e3o com a Canalizador de Lisboa.","og_url":"https:\/\/canalizadordelisboa.pt\/de\/leckreparatur\/","og_site_name":"Canalizador de Lisboa","twitter_card":"summary_large_image","schema":{"@context":"https:\/\/schema.org","@graph":[{"@type":"WebPage","@id":"https:\/\/canalizadordelisboa.pt\/reparacao-de-fugas\/","url":"https:\/\/canalizadordelisboa.pt\/reparacao-de-fugas\/","name":"Reparatur eines Lecks - Canalizador de Lisboa","isPartOf":{"@id":"https:\/\/canalizadordelisboa.pt\/#website"},"datePublished":"2024-07-04T07:33:10+00:00","description":"Professioneller Reparaturservice f\u00fcr Lecks in Lissabon. Garantieren Sie die Effizienz und das Funktionieren Ihres Klempnersystems mit Canalizador de Lisboa.","breadcrumb":{"@id":"https:\/\/canalizadordelisboa.pt\/reparacao-de-fugas\/#breadcrumb"},"inLanguage":"de","potentialAction":[{"@type":"ReadAction","target":["https:\/\/canalizadordelisboa.pt\/reparacao-de-fugas\/"]}]},{"@type":"BreadcrumbList","@id":"https:\/\/canalizadordelisboa.pt\/reparacao-de-fugas\/#breadcrumb","itemListElement":[{"@type":"ListItem","position":1,"name":"Accueil","item":"https:\/\/canalizadordelisboa.pt\/"},{"@type":"ListItem","position":2,"name":"Repara\u00e7\u00e3o de Fugas &#8211; Canalizador de Lisboa"}]},{"@type":"WebSite","@id":"https:\/\/canalizadordelisboa.pt\/#website","url":"https:\/\/canalizadordelisboa.pt\/","name":"Canalizador de Lisboa","description":"Hochwertige Klempner- und Entw\u00e4sserungsdienstleistungen in Lissabon.","potentialAction":[{"@type":"SearchAction","target":{"@type":"EntryPoint","urlTemplate":"https:\/\/canalizadordelisboa.pt\/?s={search_term_string}"},"query-input":{"@type":"PropertyValueSpecification","valueRequired":true,"valueName":"search_term_string"}}],"inLanguage":"de"}]}},"_links":{"self":[{"href":"https:\/\/canalizadordelisboa.pt\/de\/wp-json\/wp\/v2\/pages\/3218","targetHints":{"allow":["GET"]}}],"collection":[{"href":"https:\/\/canalizadordelisboa.pt\/de\/wp-json\/wp\/v2\/pages"}],"about":[{"href":"https:\/\/canalizadordelisboa.pt\/de\/wp-json\/wp\/v2\/types\/page"}],"author":[{"embeddable":true,"href":"https:\/\/canalizadordelisboa.pt\/de\/wp-json\/wp\/v2\/users\/1"}],"replies":[{"embeddable":true,"href":"https:\/\/canalizadordelisboa.pt\/de\/wp-json\/wp\/v2\/comments?post=3218"}],"version-history":[{"count":1,"href":"https:\/\/canalizadordelisboa.pt\/de\/wp-json\/wp\/v2\/pages\/3218\/revisions"}],"predecessor-version":[{"id":3219,"href":"https:\/\/canalizadordelisboa.pt\/de\/wp-json\/wp\/v2\/pages\/3218\/revisions\/3219"}],"wp:attachment":[{"href":"https:\/\/canalizadordelisboa.pt\/de\/wp-json\/wp\/v2\/media?parent=3218"}],"curies":[{"name":"wp","href":"https:\/\/api.w.org\/{rel}","templated":true}]}}