{"id":3205,"date":"2024-07-02T08:34:50","date_gmt":"2024-07-02T08:34:50","guid":{"rendered":"https:\/\/canalizadordelisboa.pt\/?page_id=3205"},"modified":"2024-07-02T08:34:50","modified_gmt":"2024-07-02T08:34:50","slug":"warmwasserbereiter-reparaturen","status":"publish","type":"page","link":"https:\/\/canalizadordelisboa.pt\/de\/reparacao-de-aquecedores-de-agua\/","title":{"rendered":"Reparaturen von Warmwasserbereitern"},"content":{"rendered":"<p>Unter <strong>Canalizador de Lisboa<\/strong>wir bieten spezialisierte Dienstleistungen in <strong>Reparatur von Warmwasserbereitern<\/strong>Unsere Techniker sind bereit, eine Vielzahl von Problemen zu diagnostizieren und zu l\u00f6sen, um sicherzustellen, dass Ihr Heizsystem reibungslos und ohne Unterbrechung funktioniert. Unsere qualifizierten Techniker sind bereit, eine Vielzahl von Problemen zu diagnostizieren und zu l\u00f6sen, um den Komfort in Ihrem Haus das ganze Jahr \u00fcber zu gew\u00e4hrleisten.<\/p>\n<h2>Die Bedeutung der Reparatur von Wasserheizungen<\/h2>\n<p>Regelm\u00e4\u00dfige Wartung und Reparatur von Warmwasserbereitern sind unerl\u00e4sslich, um die Effizienz und Langlebigkeit des Systems zu gew\u00e4hrleisten. Ungel\u00f6ste Probleme k\u00f6nnen zu erh\u00f6htem Energieverbrauch, Ausf\u00e4llen der Warmwasserversorgung und sogar zu dauerhaften Sch\u00e4den an der Anlage f\u00fchren.<\/p>\n<h2>H\u00e4ufige Probleme mit Wasserheizungen<\/h2>\n<p>Zu den h\u00e4ufigsten Problemen, die bei Warmwasserbereitern auftreten k\u00f6nnen, geh\u00f6ren:<\/p>\n<ul>\n<li><strong>Fehler im Thermostat:<\/strong> Ein defektes Thermostat kann verhindern, dass das Wasser die gew\u00fcnschte Temperatur erreicht.<\/li>\n<li><strong>Lecks:<\/strong> Wasserlecks k\u00f6nnen durch lose Verbindungen oder verschlissene Komponenten entstehen.<\/li>\n<li><strong>Die Heizung schaltet sich nicht ein:<\/strong> Elektrische Probleme oder ein Ausfall der Z\u00fcndflamme k\u00f6nnen dazu f\u00fchren, dass das Heizger\u00e4t nicht mehr richtig funktioniert.<\/li>\n<li><strong>Anh\u00e4ufung von Sedimenten:<\/strong> Im Tank k\u00f6nnen sich mineralische Ablagerungen bilden, die den Wirkungsgrad des Heizger\u00e4tes verringern.<\/li>\n<\/ul>\n<h2>Unser Wasserheizungs-Reparaturservice<\/h2>\n<p>Unter <strong>Canalizador de Lisboa<\/strong>Unser Reparaturservice f\u00fcr Warmwasserbereiter umfasst:<\/p>\n<ul>\n<li><strong>Vollst\u00e4ndige Diagnose:<\/strong> Wir ermitteln die Ursache des Problems und beurteilen den allgemeinen Zustand der Heizung.<\/li>\n<li><strong>Reparatur und Ersatz:<\/strong> Wir f\u00fchren notwendige Reparaturen oder Austauscharbeiten mit hochwertigen Teilen durch.<\/li>\n<li><strong>Testlauf:<\/strong> Nach der Reparatur testen wir das Heizger\u00e4t, um sicherzustellen, dass alles ordnungsgem\u00e4\u00df funktioniert.<\/li>\n<li><strong>Vorbeugende Wartung:<\/strong> Wir bieten Wartungsdienste an, um zuk\u00fcnftige Probleme zu vermeiden und die Lebensdauer der Heizung zu verl\u00e4ngern.<\/li>\n<\/ul>\n<h2>Warum Lissabon Canalizador de Lisboa?<\/h2>\n<p>A <strong>Canalizador de Lisboa<\/strong> ist die ideale Wahl f\u00fcr <strong>Reparatur von Warmwasserbereitern<\/strong> in Lissabon. Hier sind einige Gr\u00fcnde, uns zu w\u00e4hlen:<\/p>\n<ul>\n<li><strong>Erfahrene Fachleute:<\/strong> Unser Team besteht aus hochqualifizierten und erfahrenen Technikern.<\/li>\n<li><strong>Schneller Service:<\/strong> Wir wissen, wie wichtig hei\u00dfes Wasser ist und bieten einen schnellen und effizienten Service.<\/li>\n<li><strong>Qualit\u00e4t und Sicherheit:<\/strong> Wir verwenden nur hochwertige Materialien und befolgen strenge Sicherheitsstandards.<\/li>\n<li><strong>Transparenz:<\/strong> Wir erstellen detaillierte und transparente Kostenvoranschl\u00e4ge, ohne \u00dcberraschungen.<\/li>\n<\/ul>\n<h2>Kontakt<\/h2>\n<p>Wenn Sie <strong>Reparatur von Warmwasserbereitern<\/strong> in Lissabon, Kontakt <strong>Canalizador de Lisboa<\/strong> heute. Wir helfen Ihnen gerne dabei, Ihr Heizsystem in perfektem Zustand zu halten.<\/p>","protected":false},"excerpt":{"rendered":"<p>Na Canalizador de Lisboa, oferecemos servi\u00e7os especializados em repara\u00e7\u00e3o de aquecedores de \u00e1gua, garantindo que seu sistema de aquecimento funcione perfeitamente e sem interrup\u00e7\u00f5es. Nossos t\u00e9cnicos qualificados est\u00e3o prontos para diagnosticar e solucionar uma variedade de problemas, assegurando o conforto da sua casa durante todo o ano. Import\u00e2ncia da Repara\u00e7\u00e3o de Aquecedores de \u00c1gua A [&hellip;]<\/p>\n","protected":false},"author":1,"featured_media":0,"parent":0,"menu_order":0,"comment_status":"closed","ping_status":"closed","template":"","meta":{"iawp_total_views":32,"footnotes":""},"class_list":["post-3205","page","type-page","status-publish","hentry"],"yoast_head":"<!-- This site is optimized with the Yoast SEO plugin v27.4 - https:\/\/yoast.com\/product\/yoast-seo-wordpress\/ -->\n<title>Repara\u00e7\u00e3o de Aquecedores de \u00c1gua<\/title>\n<meta name=\"description\" content=\"Servi\u00e7o profissional de repara\u00e7\u00e3o de aquecedores de \u00e1gua em Lisboa. Garanta a efici\u00eancia e o funcionamento do seu sistema de aquecimento com a Canalizador de Lisboa.\" \/>\n<meta name=\"robots\" content=\"index, follow, max-snippet:-1, max-image-preview:large, max-video-preview:-1\" \/>\n<link rel=\"canonical\" href=\"https:\/\/canalizadordelisboa.pt\/de\/warmwasserbereiter-reparaturen\/\" \/>\n<meta property=\"og:locale\" content=\"de_DE\" \/>\n<meta property=\"og:type\" content=\"article\" \/>\n<meta property=\"og:title\" content=\"Repara\u00e7\u00e3o de Aquecedores de \u00c1gua\" \/>\n<meta property=\"og:description\" content=\"Servi\u00e7o profissional de repara\u00e7\u00e3o de aquecedores de \u00e1gua em Lisboa. Garanta a efici\u00eancia e o funcionamento do seu sistema de aquecimento com a Canalizador de Lisboa.\" \/>\n<meta property=\"og:url\" content=\"https:\/\/canalizadordelisboa.pt\/de\/warmwasserbereiter-reparaturen\/\" \/>\n<meta property=\"og:site_name\" content=\"Canalizador de Lisboa\" \/>\n<meta name=\"twitter:card\" content=\"summary_large_image\" \/>\n<script type=\"application\/ld+json\" class=\"yoast-schema-graph\">{\"@context\":\"https:\\\/\\\/schema.org\",\"@graph\":[{\"@type\":\"WebPage\",\"@id\":\"https:\\\/\\\/canalizadordelisboa.pt\\\/reparacao-de-aquecedores-de-agua\\\/\",\"url\":\"https:\\\/\\\/canalizadordelisboa.pt\\\/reparacao-de-aquecedores-de-agua\\\/\",\"name\":\"Repara\u00e7\u00e3o de Aquecedores de \u00c1gua\",\"isPartOf\":{\"@id\":\"https:\\\/\\\/canalizadordelisboa.pt\\\/#website\"},\"datePublished\":\"2024-07-02T08:34:50+00:00\",\"description\":\"Servi\u00e7o profissional de repara\u00e7\u00e3o de aquecedores de \u00e1gua em Lisboa. Garanta a efici\u00eancia e o funcionamento do seu sistema de aquecimento com a Canalizador de Lisboa.\",\"breadcrumb\":{\"@id\":\"https:\\\/\\\/canalizadordelisboa.pt\\\/reparacao-de-aquecedores-de-agua\\\/#breadcrumb\"},\"inLanguage\":\"de\",\"potentialAction\":[{\"@type\":\"ReadAction\",\"target\":[\"https:\\\/\\\/canalizadordelisboa.pt\\\/reparacao-de-aquecedores-de-agua\\\/\"]}]},{\"@type\":\"BreadcrumbList\",\"@id\":\"https:\\\/\\\/canalizadordelisboa.pt\\\/reparacao-de-aquecedores-de-agua\\\/#breadcrumb\",\"itemListElement\":[{\"@type\":\"ListItem\",\"position\":1,\"name\":\"Accueil\",\"item\":\"https:\\\/\\\/canalizadordelisboa.pt\\\/\"},{\"@type\":\"ListItem\",\"position\":2,\"name\":\"Repara\u00e7\u00e3o de Aquecedores de \u00c1gua\"}]},{\"@type\":\"WebSite\",\"@id\":\"https:\\\/\\\/canalizadordelisboa.pt\\\/#website\",\"url\":\"https:\\\/\\\/canalizadordelisboa.pt\\\/\",\"name\":\"Canalizador de Lisboa\",\"description\":\"Servi\u00e7os de canaliza\u00e7\u00e3o e desentupimentos de alta qualidade em Lisboa.\",\"potentialAction\":[{\"@type\":\"SearchAction\",\"target\":{\"@type\":\"EntryPoint\",\"urlTemplate\":\"https:\\\/\\\/canalizadordelisboa.pt\\\/?s={search_term_string}\"},\"query-input\":{\"@type\":\"PropertyValueSpecification\",\"valueRequired\":true,\"valueName\":\"search_term_string\"}}],\"inLanguage\":\"de\"}]}<\/script>\n<!-- \/ Yoast SEO plugin. -->","yoast_head_json":{"title":"Reparaturen von Warmwasserbereitern","description":"Professioneller Reparaturservice f\u00fcr Warmwasserbereiter in Lissabon. Sorgen Sie mit Canalizador de Lisboa daf\u00fcr, dass Ihr Heizsystem effizient und reibungslos funktioniert.","robots":{"index":"index","follow":"follow","max-snippet":"max-snippet:-1","max-image-preview":"max-image-preview:large","max-video-preview":"max-video-preview:-1"},"canonical":"https:\/\/canalizadordelisboa.pt\/de\/warmwasserbereiter-reparaturen\/","og_locale":"de_DE","og_type":"article","og_title":"Repara\u00e7\u00e3o de Aquecedores de \u00c1gua","og_description":"Servi\u00e7o profissional de repara\u00e7\u00e3o de aquecedores de \u00e1gua em Lisboa. Garanta a efici\u00eancia e o funcionamento do seu sistema de aquecimento com a Canalizador de Lisboa.","og_url":"https:\/\/canalizadordelisboa.pt\/de\/warmwasserbereiter-reparaturen\/","og_site_name":"Canalizador de Lisboa","twitter_card":"summary_large_image","schema":{"@context":"https:\/\/schema.org","@graph":[{"@type":"WebPage","@id":"https:\/\/canalizadordelisboa.pt\/reparacao-de-aquecedores-de-agua\/","url":"https:\/\/canalizadordelisboa.pt\/reparacao-de-aquecedores-de-agua\/","name":"Reparaturen von Warmwasserbereitern","isPartOf":{"@id":"https:\/\/canalizadordelisboa.pt\/#website"},"datePublished":"2024-07-02T08:34:50+00:00","description":"Professioneller Reparaturservice f\u00fcr Warmwasserbereiter in Lissabon. Sorgen Sie mit Canalizador de Lisboa daf\u00fcr, dass Ihr Heizsystem effizient und reibungslos funktioniert.","breadcrumb":{"@id":"https:\/\/canalizadordelisboa.pt\/reparacao-de-aquecedores-de-agua\/#breadcrumb"},"inLanguage":"de","potentialAction":[{"@type":"ReadAction","target":["https:\/\/canalizadordelisboa.pt\/reparacao-de-aquecedores-de-agua\/"]}]},{"@type":"BreadcrumbList","@id":"https:\/\/canalizadordelisboa.pt\/reparacao-de-aquecedores-de-agua\/#breadcrumb","itemListElement":[{"@type":"ListItem","position":1,"name":"Accueil","item":"https:\/\/canalizadordelisboa.pt\/"},{"@type":"ListItem","position":2,"name":"Repara\u00e7\u00e3o de Aquecedores de \u00c1gua"}]},{"@type":"WebSite","@id":"https:\/\/canalizadordelisboa.pt\/#website","url":"https:\/\/canalizadordelisboa.pt\/","name":"Canalizador de Lisboa","description":"Hochwertige Klempner- und Entw\u00e4sserungsdienstleistungen in Lissabon.","potentialAction":[{"@type":"SearchAction","target":{"@type":"EntryPoint","urlTemplate":"https:\/\/canalizadordelisboa.pt\/?s={search_term_string}"},"query-input":{"@type":"PropertyValueSpecification","valueRequired":true,"valueName":"search_term_string"}}],"inLanguage":"de"}]}},"_links":{"self":[{"href":"https:\/\/canalizadordelisboa.pt\/de\/wp-json\/wp\/v2\/pages\/3205","targetHints":{"allow":["GET"]}}],"collection":[{"href":"https:\/\/canalizadordelisboa.pt\/de\/wp-json\/wp\/v2\/pages"}],"about":[{"href":"https:\/\/canalizadordelisboa.pt\/de\/wp-json\/wp\/v2\/types\/page"}],"author":[{"embeddable":true,"href":"https:\/\/canalizadordelisboa.pt\/de\/wp-json\/wp\/v2\/users\/1"}],"replies":[{"embeddable":true,"href":"https:\/\/canalizadordelisboa.pt\/de\/wp-json\/wp\/v2\/comments?post=3205"}],"version-history":[{"count":1,"href":"https:\/\/canalizadordelisboa.pt\/de\/wp-json\/wp\/v2\/pages\/3205\/revisions"}],"predecessor-version":[{"id":3207,"href":"https:\/\/canalizadordelisboa.pt\/de\/wp-json\/wp\/v2\/pages\/3205\/revisions\/3207"}],"wp:attachment":[{"href":"https:\/\/canalizadordelisboa.pt\/de\/wp-json\/wp\/v2\/media?parent=3205"}],"curies":[{"name":"wp","href":"https:\/\/api.w.org\/{rel}","templated":true}]}}