{"id":3189,"date":"2024-06-29T16:57:54","date_gmt":"2024-06-29T16:57:54","guid":{"rendered":"https:\/\/canalizadordelisboa.pt\/?page_id=3189"},"modified":"2024-06-29T16:57:54","modified_gmt":"2024-06-29T16:57:54","slug":"installation-von-entsorgern-fur-lebensmittelabfalle-lissabon","status":"publish","type":"page","link":"https:\/\/canalizadordelisboa.pt\/de\/instalacao-de-trituradores-de-residuos-alimentares-lisboa\/","title":{"rendered":"Installation von Entsorgungsanlagen f\u00fcr Lebensmittelabf\u00e4lle Lissabon"},"content":{"rendered":"<p>A <strong>Canalizador de Lisboa<\/strong> bietet spezialisierte Dienstleistungen in den Bereichen <strong>Installation von Entsorgungsanlagen f\u00fcr Lebensmittelabf\u00e4lle Lissabon<\/strong>Dies sorgt f\u00fcr eine sauberere und effizientere K\u00fcchenumgebung. Unsere qualifizierten Fachleute sind bereit, Ihren Speiseresteentsorger schnell und sicher zu installieren.<\/p>\n<h2>Vorteile der Installation von Zerkleinerern f\u00fcr Lebensmittelabf\u00e4lle<\/h2>\n<p>Speiseresteentsorger sind eine hervorragende Erg\u00e4nzung f\u00fcr Ihre K\u00fcche und bieten mehrere Vorteile:<\/p>\n<ul>\n<li><strong>Abfallvermeidung:<\/strong> Erhebliche Verringerung der Menge an organischen Abf\u00e4llen, die deponiert werden.<\/li>\n<li><strong>Hygiene:<\/strong> Halten Sie Ihre K\u00fcche sauber und frei von unangenehmen Ger\u00fcchen, die durch Essensreste verursacht werden.<\/li>\n<li><strong>Praktikabilit\u00e4t:<\/strong> Entsorgen Sie Lebensmittelabf\u00e4lle direkt in der Sp\u00fcle, das spart Zeit und M\u00fche.<\/li>\n<li><strong>Nachhaltigkeit:<\/strong> Beitrag zu einer nachhaltigeren Umwelt durch Verringerung des Abfallaufkommens.<\/li>\n<\/ul>\n<h2>Unser Installationsservice<\/h2>\n<p>Unter <strong>Canalizador de Lisboa<\/strong>Wir garantieren Ihnen eine qualitativ hochwertige und effiziente Installation von Speiseresteentsorgern in Lissabon. Unser Prozess umfasst:<\/p>\n<ul>\n<li><strong>Erste Anfrage:<\/strong> Wir ermitteln Ihren Bedarf und empfehlen Ihnen den am besten geeigneten Speiseresteentsorger.<\/li>\n<li><strong>Haushalt:<\/strong> Wir erstellen einen detaillierten und transparenten Kostenvoranschlag, bei dem es keine \u00dcberraschungen gibt.<\/li>\n<li><strong>Professionelle Installation:<\/strong> Wir f\u00fchren die Installation mit geeigneten Techniken und Werkzeugen durch und sorgen daf\u00fcr, dass die Ger\u00e4te perfekt funktionieren.<\/li>\n<li><strong>Test und Demo:<\/strong> Wir testen die Ger\u00e4te nach der Installation und bieten eine kurze Demonstration der Nutzung und Wartung.<\/li>\n<\/ul>\n<h2>Warum Lissabon Canalizador de Lisboa?<\/h2>\n<p>A <strong>Canalizador de Lisboa<\/strong> ist die richtige Wahl f\u00fcr die Installation von Lebensmittelabfallentsorgern in Lissabon. Hier sind einige Gr\u00fcnde, uns zu w\u00e4hlen:<\/p>\n<ul>\n<li><strong>Erfahrene Fachleute:<\/strong> Unser Team besteht aus hochqualifizierten und erfahrenen Technikern.<\/li>\n<li><strong>Pers\u00f6nlicher Service:<\/strong> Wir passen unsere Dienstleistungen an Ihre spezifischen Bed\u00fcrfnisse an und garantieren Ihnen absolute Zufriedenheit.<\/li>\n<li><strong>Qualit\u00e4t und Sicherheit:<\/strong> Wir verwenden nur hochwertige Materialien und befolgen strenge Sicherheitsstandards.<\/li>\n<li><strong>Kontinuierliche Unterst\u00fctzung:<\/strong> Wir bieten Unterst\u00fctzung nach der Installation, um sicherzustellen, dass alles perfekt funktioniert.<\/li>\n<\/ul>\n<h2>Kontakt<\/h2>\n<p>Wenn Sie mit dem Gedanken spielen, in Ihrer K\u00fcche einen Abfallsammler zu installieren, wenden Sie sich an <strong>Canalizador de Lisboa<\/strong> heute. Wir helfen Ihnen gerne dabei, Ihre K\u00fcche praktischer und nachhaltiger zu gestalten.<\/p>","protected":false},"excerpt":{"rendered":"<p>A Canalizador de Lisboa oferece servi\u00e7os especializados em instala\u00e7\u00e3o de trituradores de res\u00edduos alimentares Lisboa, garantindo um ambiente de cozinha mais limpo e eficiente. Nossos profissionais qualificados est\u00e3o prontos para instalar seu triturador de res\u00edduos alimentares de forma r\u00e1pida e segura. Vantagens da Instala\u00e7\u00e3o de Trituradores de Res\u00edduos Alimentares Os trituradores de res\u00edduos alimentares s\u00e3o [&hellip;]<\/p>\n","protected":false},"author":1,"featured_media":0,"parent":0,"menu_order":0,"comment_status":"closed","ping_status":"closed","template":"","meta":{"iawp_total_views":24,"footnotes":""},"class_list":["post-3189","page","type-page","status-publish","hentry"],"yoast_head":"<!-- This site is optimized with the Yoast SEO plugin v27.4 - https:\/\/yoast.com\/product\/yoast-seo-wordpress\/ -->\n<title>Instala\u00e7\u00e3o de Trituradores de Res\u00edduos Alimentares Lisboa<\/title>\n<meta name=\"description\" content=\"Servi\u00e7o profissional de instala\u00e7\u00e3o de trituradores de res\u00edduos alimentares em Lisboa. Garanta um ambiente de cozinha mais limpo e eficiente com a Canalizador de Lisboa.\" \/>\n<meta name=\"robots\" content=\"index, follow, max-snippet:-1, max-image-preview:large, max-video-preview:-1\" \/>\n<link rel=\"canonical\" href=\"https:\/\/canalizadordelisboa.pt\/de\/installation-von-entsorgern-fur-lebensmittelabfalle-lissabon\/\" \/>\n<meta property=\"og:locale\" content=\"de_DE\" \/>\n<meta property=\"og:type\" content=\"article\" \/>\n<meta property=\"og:title\" content=\"Instala\u00e7\u00e3o de Trituradores de Res\u00edduos Alimentares Lisboa\" \/>\n<meta property=\"og:description\" content=\"Servi\u00e7o profissional de instala\u00e7\u00e3o de trituradores de res\u00edduos alimentares em Lisboa. Garanta um ambiente de cozinha mais limpo e eficiente com a Canalizador de Lisboa.\" \/>\n<meta property=\"og:url\" content=\"https:\/\/canalizadordelisboa.pt\/de\/installation-von-entsorgern-fur-lebensmittelabfalle-lissabon\/\" \/>\n<meta property=\"og:site_name\" content=\"Canalizador de Lisboa\" \/>\n<meta name=\"twitter:card\" content=\"summary_large_image\" \/>\n<script type=\"application\/ld+json\" class=\"yoast-schema-graph\">{\"@context\":\"https:\\\/\\\/schema.org\",\"@graph\":[{\"@type\":\"WebPage\",\"@id\":\"https:\\\/\\\/canalizadordelisboa.pt\\\/instalacao-de-trituradores-de-residuos-alimentares-lisboa\\\/\",\"url\":\"https:\\\/\\\/canalizadordelisboa.pt\\\/instalacao-de-trituradores-de-residuos-alimentares-lisboa\\\/\",\"name\":\"Instala\u00e7\u00e3o de Trituradores de Res\u00edduos Alimentares Lisboa\",\"isPartOf\":{\"@id\":\"https:\\\/\\\/canalizadordelisboa.pt\\\/#website\"},\"datePublished\":\"2024-06-29T16:57:54+00:00\",\"description\":\"Servi\u00e7o profissional de instala\u00e7\u00e3o de trituradores de res\u00edduos alimentares em Lisboa. Garanta um ambiente de cozinha mais limpo e eficiente com a Canalizador de Lisboa.\",\"breadcrumb\":{\"@id\":\"https:\\\/\\\/canalizadordelisboa.pt\\\/instalacao-de-trituradores-de-residuos-alimentares-lisboa\\\/#breadcrumb\"},\"inLanguage\":\"de\",\"potentialAction\":[{\"@type\":\"ReadAction\",\"target\":[\"https:\\\/\\\/canalizadordelisboa.pt\\\/instalacao-de-trituradores-de-residuos-alimentares-lisboa\\\/\"]}]},{\"@type\":\"BreadcrumbList\",\"@id\":\"https:\\\/\\\/canalizadordelisboa.pt\\\/instalacao-de-trituradores-de-residuos-alimentares-lisboa\\\/#breadcrumb\",\"itemListElement\":[{\"@type\":\"ListItem\",\"position\":1,\"name\":\"Accueil\",\"item\":\"https:\\\/\\\/canalizadordelisboa.pt\\\/\"},{\"@type\":\"ListItem\",\"position\":2,\"name\":\"Instala\u00e7\u00e3o de Trituradores de Res\u00edduos Alimentares Lisboa\"}]},{\"@type\":\"WebSite\",\"@id\":\"https:\\\/\\\/canalizadordelisboa.pt\\\/#website\",\"url\":\"https:\\\/\\\/canalizadordelisboa.pt\\\/\",\"name\":\"Canalizador de Lisboa\",\"description\":\"Servi\u00e7os de canaliza\u00e7\u00e3o e desentupimentos de alta qualidade em Lisboa.\",\"potentialAction\":[{\"@type\":\"SearchAction\",\"target\":{\"@type\":\"EntryPoint\",\"urlTemplate\":\"https:\\\/\\\/canalizadordelisboa.pt\\\/?s={search_term_string}\"},\"query-input\":{\"@type\":\"PropertyValueSpecification\",\"valueRequired\":true,\"valueName\":\"search_term_string\"}}],\"inLanguage\":\"de\"}]}<\/script>\n<!-- \/ Yoast SEO plugin. -->","yoast_head_json":{"title":"Installation von Entsorgungsanlagen f\u00fcr Lebensmittelabf\u00e4lle Lissabon","description":"Professioneller Service f\u00fcr die Installation von Speiseresteentsorgern in Lissabon. Sorgen Sie f\u00fcr eine saubere und effiziente K\u00fcchenumgebung mit Canalizador de Lisboa.","robots":{"index":"index","follow":"follow","max-snippet":"max-snippet:-1","max-image-preview":"max-image-preview:large","max-video-preview":"max-video-preview:-1"},"canonical":"https:\/\/canalizadordelisboa.pt\/de\/installation-von-entsorgern-fur-lebensmittelabfalle-lissabon\/","og_locale":"de_DE","og_type":"article","og_title":"Instala\u00e7\u00e3o de Trituradores de Res\u00edduos Alimentares Lisboa","og_description":"Servi\u00e7o profissional de instala\u00e7\u00e3o de trituradores de res\u00edduos alimentares em Lisboa. Garanta um ambiente de cozinha mais limpo e eficiente com a Canalizador de Lisboa.","og_url":"https:\/\/canalizadordelisboa.pt\/de\/installation-von-entsorgern-fur-lebensmittelabfalle-lissabon\/","og_site_name":"Canalizador de Lisboa","twitter_card":"summary_large_image","schema":{"@context":"https:\/\/schema.org","@graph":[{"@type":"WebPage","@id":"https:\/\/canalizadordelisboa.pt\/instalacao-de-trituradores-de-residuos-alimentares-lisboa\/","url":"https:\/\/canalizadordelisboa.pt\/instalacao-de-trituradores-de-residuos-alimentares-lisboa\/","name":"Installation von Entsorgungsanlagen f\u00fcr Lebensmittelabf\u00e4lle Lissabon","isPartOf":{"@id":"https:\/\/canalizadordelisboa.pt\/#website"},"datePublished":"2024-06-29T16:57:54+00:00","description":"Professioneller Service f\u00fcr die Installation von Speiseresteentsorgern in Lissabon. Sorgen Sie f\u00fcr eine saubere und effiziente K\u00fcchenumgebung mit Canalizador de Lisboa.","breadcrumb":{"@id":"https:\/\/canalizadordelisboa.pt\/instalacao-de-trituradores-de-residuos-alimentares-lisboa\/#breadcrumb"},"inLanguage":"de","potentialAction":[{"@type":"ReadAction","target":["https:\/\/canalizadordelisboa.pt\/instalacao-de-trituradores-de-residuos-alimentares-lisboa\/"]}]},{"@type":"BreadcrumbList","@id":"https:\/\/canalizadordelisboa.pt\/instalacao-de-trituradores-de-residuos-alimentares-lisboa\/#breadcrumb","itemListElement":[{"@type":"ListItem","position":1,"name":"Accueil","item":"https:\/\/canalizadordelisboa.pt\/"},{"@type":"ListItem","position":2,"name":"Instala\u00e7\u00e3o de Trituradores de Res\u00edduos Alimentares Lisboa"}]},{"@type":"WebSite","@id":"https:\/\/canalizadordelisboa.pt\/#website","url":"https:\/\/canalizadordelisboa.pt\/","name":"Canalizador de Lisboa","description":"Hochwertige Klempner- und Entw\u00e4sserungsdienstleistungen in Lissabon.","potentialAction":[{"@type":"SearchAction","target":{"@type":"EntryPoint","urlTemplate":"https:\/\/canalizadordelisboa.pt\/?s={search_term_string}"},"query-input":{"@type":"PropertyValueSpecification","valueRequired":true,"valueName":"search_term_string"}}],"inLanguage":"de"}]}},"_links":{"self":[{"href":"https:\/\/canalizadordelisboa.pt\/de\/wp-json\/wp\/v2\/pages\/3189","targetHints":{"allow":["GET"]}}],"collection":[{"href":"https:\/\/canalizadordelisboa.pt\/de\/wp-json\/wp\/v2\/pages"}],"about":[{"href":"https:\/\/canalizadordelisboa.pt\/de\/wp-json\/wp\/v2\/types\/page"}],"author":[{"embeddable":true,"href":"https:\/\/canalizadordelisboa.pt\/de\/wp-json\/wp\/v2\/users\/1"}],"replies":[{"embeddable":true,"href":"https:\/\/canalizadordelisboa.pt\/de\/wp-json\/wp\/v2\/comments?post=3189"}],"version-history":[{"count":1,"href":"https:\/\/canalizadordelisboa.pt\/de\/wp-json\/wp\/v2\/pages\/3189\/revisions"}],"predecessor-version":[{"id":3191,"href":"https:\/\/canalizadordelisboa.pt\/de\/wp-json\/wp\/v2\/pages\/3189\/revisions\/3191"}],"wp:attachment":[{"href":"https:\/\/canalizadordelisboa.pt\/de\/wp-json\/wp\/v2\/media?parent=3189"}],"curies":[{"name":"wp","href":"https:\/\/api.w.org\/{rel}","templated":true}]}}