{"id":3180,"date":"2024-06-28T10:03:11","date_gmt":"2024-06-28T10:03:11","guid":{"rendered":"https:\/\/canalizadordelisboa.pt\/?page_id=3180"},"modified":"2024-06-28T10:03:26","modified_gmt":"2024-06-28T10:03:26","slug":"wasserhahn-reparaturen-lissabon","status":"publish","type":"page","link":"https:\/\/canalizadordelisboa.pt\/de\/reparacao-de-torneiras-lisboa\/","title":{"rendered":"Reparatur von Wasserh\u00e4hnen in Lissabon - Canalizador de Lisboa"},"content":{"rendered":"<p>Unter <strong>Canalizador de Lisboa<\/strong>wir bieten spezialisierte Dienstleistungen in <strong>Wasserhahn-Reparatur Lissabon<\/strong> um sicherzustellen, dass Ihr Haus oder Ihr Unternehmen reibungslos funktioniert. Unser Team aus erfahrenen Fachleuten ist bereit, jedes Problem mit Ihren Wasserh\u00e4hnen zu l\u00f6sen und garantiert einen schnellen und effizienten Service.<\/p>\n<h2>Warum Canalizador de Lisboa f\u00fcr Lissabon Wasserhahn Reparaturen w\u00e4hlen?<\/h2>\n<p>A <strong>Canalizador de Lisboa<\/strong> zeichnet sich durch die Qualit\u00e4t und Effizienz seiner <strong>Wasserhahn-Reparatur Lissabon<\/strong>. Hier sind einige Gr\u00fcnde, uns zu w\u00e4hlen:<\/p>\n<ul>\n<li><strong>Qualifizierte Fachleute:<\/strong> Unser Team besteht aus gut ausgebildeten und qualifizierten Technikern.<\/li>\n<li><strong>Schneller Service:<\/strong> Wir wissen, wie wichtig eine schnelle Reparatur ist, um die Unannehmlichkeiten zu minimieren.<\/li>\n<li><strong>Pers\u00f6nlicher Service:<\/strong> Wir bieten ma\u00dfgeschneiderte L\u00f6sungen f\u00fcr Ihre spezifischen Bed\u00fcrfnisse.<\/li>\n<li><strong>Transparenz:<\/strong> Wir erstellen detaillierte und transparente Kostenvoranschl\u00e4ge, ohne \u00dcberraschungen.<\/li>\n<\/ul>\n<h2>H\u00e4ufige Probleme und L\u00f6sungen bei der Reparatur von Wasserh\u00e4hnen in Lissabon<\/h2>\n<p>Unser <strong>Wasserhahn-Reparatur Lissabon<\/strong> Dazu geh\u00f6rt die L\u00f6sung mehrerer g\u00e4ngiger Probleme, wie z. B.:<\/p>\n<ul>\n<li><strong>Tropfender Wasserhahn:<\/strong> Wir ersetzen verschlissene Dichtungen, um das Leck zu stoppen.<\/li>\n<li><strong>Niedriger Wasserdruck:<\/strong> Wir reinigen oder ersetzen verstopfte Perlatoren, um den richtigen Druck wiederherzustellen.<\/li>\n<li><strong>Loser Wasserhahn:<\/strong> Wir ziehen die Befestigungselemente nach oder ersetzen sie, um die Stabilit\u00e4t des Wasserhahns zu gew\u00e4hrleisten.<\/li>\n<li><strong>Undichter Boden:<\/strong> Wir ersetzen besch\u00e4digte Patronen oder Dichtungsringe, um Lecks zu beseitigen.<\/li>\n<\/ul>\n<h2>Wie unser Lissabonner Wasserhahn-Reparaturservice funktioniert<\/h2>\n<p>Unser Verfahren ist einfach und effizient und garantiert Ihre Zufriedenheit:<\/p>\n<ul>\n<li><strong>Die Diagnose:<\/strong> Wir haben das Problem genau erkannt.<\/li>\n<li><strong>Haushalt:<\/strong> Wir erstellen ein kostenloses, detailliertes Angebot.<\/li>\n<li><strong>Reparieren:<\/strong> Wir f\u00fchren Reparaturen mit hochwertigen Materialien durch.<\/li>\n<li><strong>Abschlusstest:<\/strong> Wir \u00fcberpr\u00fcfen die Funktionsweise des Wasserhahns, um sicherzustellen, dass alles perfekt ist.<\/li>\n<\/ul>\n<h2>Kontakt Canalizador de Lisboa<\/h2>\n<p>Wenn Sie <strong>Wasserhahn-Reparatur Lissabon<\/strong>z\u00f6gern Sie nicht, Kontakt aufzunehmen mit <strong>Canalizador de Lisboa<\/strong>. Wir sind auf der Hand, um jedes Klempnerproblem mit Effizienz und Professionalit\u00e4t zu l\u00f6sen.<\/p>","protected":false},"excerpt":{"rendered":"<p>Na Canalizador de Lisboa, oferecemos servi\u00e7os especializados em repara\u00e7\u00e3o de torneiras Lisboa para garantir que sua casa ou empresa funcione perfeitamente. Nossa equipe de profissionais experientes est\u00e1 preparada para resolver qualquer problema com suas torneiras, garantindo um servi\u00e7o r\u00e1pido e eficiente. Por que Escolher a Canalizador de Lisboa para Repara\u00e7\u00e3o de Torneiras Lisboa? A Canalizador [&hellip;]<\/p>\n","protected":false},"author":1,"featured_media":0,"parent":0,"menu_order":0,"comment_status":"closed","ping_status":"closed","template":"","meta":{"iawp_total_views":7,"footnotes":""},"class_list":["post-3180","page","type-page","status-publish","hentry"],"yoast_head":"<!-- This site is optimized with the Yoast SEO plugin v27.4 - https:\/\/yoast.com\/product\/yoast-seo-wordpress\/ -->\n<title>Repara\u00e7\u00e3o de Torneiras Lisboa - Canalizador de Lisboa<\/title>\n<meta name=\"description\" content=\"Servi\u00e7o de Repara\u00e7\u00e3o de Torneiras em Lisboa oferecido pela Canalizador de Lisboa. Profissionais experientes para resolver qualquer problema com suas torneiras.\" \/>\n<meta name=\"robots\" content=\"index, follow, max-snippet:-1, max-image-preview:large, max-video-preview:-1\" \/>\n<link rel=\"canonical\" href=\"https:\/\/canalizadordelisboa.pt\/de\/wasserhahn-reparaturen-lissabon\/\" \/>\n<meta property=\"og:locale\" content=\"de_DE\" \/>\n<meta property=\"og:type\" content=\"article\" \/>\n<meta property=\"og:title\" content=\"Repara\u00e7\u00e3o de Torneiras Lisboa - Canalizador de Lisboa\" \/>\n<meta property=\"og:description\" content=\"Servi\u00e7o de Repara\u00e7\u00e3o de Torneiras em Lisboa oferecido pela Canalizador de Lisboa. Profissionais experientes para resolver qualquer problema com suas torneiras.\" \/>\n<meta property=\"og:url\" content=\"https:\/\/canalizadordelisboa.pt\/de\/wasserhahn-reparaturen-lissabon\/\" \/>\n<meta property=\"og:site_name\" content=\"Canalizador de Lisboa\" \/>\n<meta property=\"article:modified_time\" content=\"2024-06-28T10:03:26+00:00\" \/>\n<meta name=\"twitter:card\" content=\"summary_large_image\" \/>\n<meta name=\"twitter:label1\" content=\"Gesch\u00e4tzte Lesezeit\" \/>\n\t<meta name=\"twitter:data1\" content=\"2\u00a0Minuten\" \/>\n<script type=\"application\/ld+json\" class=\"yoast-schema-graph\">{\"@context\":\"https:\\\/\\\/schema.org\",\"@graph\":[{\"@type\":\"WebPage\",\"@id\":\"https:\\\/\\\/canalizadordelisboa.pt\\\/reparacao-de-torneiras-lisboa\\\/\",\"url\":\"https:\\\/\\\/canalizadordelisboa.pt\\\/reparacao-de-torneiras-lisboa\\\/\",\"name\":\"Repara\u00e7\u00e3o de Torneiras Lisboa - Canalizador de Lisboa\",\"isPartOf\":{\"@id\":\"https:\\\/\\\/canalizadordelisboa.pt\\\/#website\"},\"datePublished\":\"2024-06-28T10:03:11+00:00\",\"dateModified\":\"2024-06-28T10:03:26+00:00\",\"description\":\"Servi\u00e7o de Repara\u00e7\u00e3o de Torneiras em Lisboa oferecido pela Canalizador de Lisboa. Profissionais experientes para resolver qualquer problema com suas torneiras.\",\"breadcrumb\":{\"@id\":\"https:\\\/\\\/canalizadordelisboa.pt\\\/reparacao-de-torneiras-lisboa\\\/#breadcrumb\"},\"inLanguage\":\"de\",\"potentialAction\":[{\"@type\":\"ReadAction\",\"target\":[\"https:\\\/\\\/canalizadordelisboa.pt\\\/reparacao-de-torneiras-lisboa\\\/\"]}]},{\"@type\":\"BreadcrumbList\",\"@id\":\"https:\\\/\\\/canalizadordelisboa.pt\\\/reparacao-de-torneiras-lisboa\\\/#breadcrumb\",\"itemListElement\":[{\"@type\":\"ListItem\",\"position\":1,\"name\":\"Accueil\",\"item\":\"https:\\\/\\\/canalizadordelisboa.pt\\\/\"},{\"@type\":\"ListItem\",\"position\":2,\"name\":\"Repara\u00e7\u00e3o de Torneiras Lisboa &#8211; Canalizador de Lisboa\"}]},{\"@type\":\"WebSite\",\"@id\":\"https:\\\/\\\/canalizadordelisboa.pt\\\/#website\",\"url\":\"https:\\\/\\\/canalizadordelisboa.pt\\\/\",\"name\":\"Canalizador de Lisboa\",\"description\":\"Servi\u00e7os de canaliza\u00e7\u00e3o e desentupimentos de alta qualidade em Lisboa.\",\"potentialAction\":[{\"@type\":\"SearchAction\",\"target\":{\"@type\":\"EntryPoint\",\"urlTemplate\":\"https:\\\/\\\/canalizadordelisboa.pt\\\/?s={search_term_string}\"},\"query-input\":{\"@type\":\"PropertyValueSpecification\",\"valueRequired\":true,\"valueName\":\"search_term_string\"}}],\"inLanguage\":\"de\"}]}<\/script>\n<!-- \/ Yoast SEO plugin. -->","yoast_head_json":{"title":"Reparatur von Wasserh\u00e4hnen in Lissabon - Canalizador de Lisboa","description":"Reparatur von Wasserh\u00e4hnen in Lissabon, angeboten von Canalizador de Lisboa. Erfahrene Fachleute, die jedes Problem mit Ihren Wasserh\u00e4hnen l\u00f6sen.","robots":{"index":"index","follow":"follow","max-snippet":"max-snippet:-1","max-image-preview":"max-image-preview:large","max-video-preview":"max-video-preview:-1"},"canonical":"https:\/\/canalizadordelisboa.pt\/de\/wasserhahn-reparaturen-lissabon\/","og_locale":"de_DE","og_type":"article","og_title":"Repara\u00e7\u00e3o de Torneiras Lisboa - Canalizador de Lisboa","og_description":"Servi\u00e7o de Repara\u00e7\u00e3o de Torneiras em Lisboa oferecido pela Canalizador de Lisboa. Profissionais experientes para resolver qualquer problema com suas torneiras.","og_url":"https:\/\/canalizadordelisboa.pt\/de\/wasserhahn-reparaturen-lissabon\/","og_site_name":"Canalizador de Lisboa","article_modified_time":"2024-06-28T10:03:26+00:00","twitter_card":"summary_large_image","twitter_misc":{"Gesch\u00e4tzte Lesezeit":"2\u00a0Minuten"},"schema":{"@context":"https:\/\/schema.org","@graph":[{"@type":"WebPage","@id":"https:\/\/canalizadordelisboa.pt\/reparacao-de-torneiras-lisboa\/","url":"https:\/\/canalizadordelisboa.pt\/reparacao-de-torneiras-lisboa\/","name":"Reparatur von Wasserh\u00e4hnen in Lissabon - Canalizador de Lisboa","isPartOf":{"@id":"https:\/\/canalizadordelisboa.pt\/#website"},"datePublished":"2024-06-28T10:03:11+00:00","dateModified":"2024-06-28T10:03:26+00:00","description":"Reparatur von Wasserh\u00e4hnen in Lissabon, angeboten von Canalizador de Lisboa. Erfahrene Fachleute, die jedes Problem mit Ihren Wasserh\u00e4hnen l\u00f6sen.","breadcrumb":{"@id":"https:\/\/canalizadordelisboa.pt\/reparacao-de-torneiras-lisboa\/#breadcrumb"},"inLanguage":"de","potentialAction":[{"@type":"ReadAction","target":["https:\/\/canalizadordelisboa.pt\/reparacao-de-torneiras-lisboa\/"]}]},{"@type":"BreadcrumbList","@id":"https:\/\/canalizadordelisboa.pt\/reparacao-de-torneiras-lisboa\/#breadcrumb","itemListElement":[{"@type":"ListItem","position":1,"name":"Accueil","item":"https:\/\/canalizadordelisboa.pt\/"},{"@type":"ListItem","position":2,"name":"Repara\u00e7\u00e3o de Torneiras Lisboa &#8211; Canalizador de Lisboa"}]},{"@type":"WebSite","@id":"https:\/\/canalizadordelisboa.pt\/#website","url":"https:\/\/canalizadordelisboa.pt\/","name":"Canalizador de Lisboa","description":"Hochwertige Klempner- und Entw\u00e4sserungsdienstleistungen in Lissabon.","potentialAction":[{"@type":"SearchAction","target":{"@type":"EntryPoint","urlTemplate":"https:\/\/canalizadordelisboa.pt\/?s={search_term_string}"},"query-input":{"@type":"PropertyValueSpecification","valueRequired":true,"valueName":"search_term_string"}}],"inLanguage":"de"}]}},"_links":{"self":[{"href":"https:\/\/canalizadordelisboa.pt\/de\/wp-json\/wp\/v2\/pages\/3180","targetHints":{"allow":["GET"]}}],"collection":[{"href":"https:\/\/canalizadordelisboa.pt\/de\/wp-json\/wp\/v2\/pages"}],"about":[{"href":"https:\/\/canalizadordelisboa.pt\/de\/wp-json\/wp\/v2\/types\/page"}],"author":[{"embeddable":true,"href":"https:\/\/canalizadordelisboa.pt\/de\/wp-json\/wp\/v2\/users\/1"}],"replies":[{"embeddable":true,"href":"https:\/\/canalizadordelisboa.pt\/de\/wp-json\/wp\/v2\/comments?post=3180"}],"version-history":[{"count":1,"href":"https:\/\/canalizadordelisboa.pt\/de\/wp-json\/wp\/v2\/pages\/3180\/revisions"}],"predecessor-version":[{"id":3181,"href":"https:\/\/canalizadordelisboa.pt\/de\/wp-json\/wp\/v2\/pages\/3180\/revisions\/3181"}],"wp:attachment":[{"href":"https:\/\/canalizadordelisboa.pt\/de\/wp-json\/wp\/v2\/media?parent=3180"}],"curies":[{"name":"wp","href":"https:\/\/api.w.org\/{rel}","templated":true}]}}