{"id":3121,"date":"2024-06-23T14:19:57","date_gmt":"2024-06-23T14:19:57","guid":{"rendered":"https:\/\/canalizadordelisboa.pt\/?page_id=3121"},"modified":"2026-02-25T09:28:08","modified_gmt":"2026-02-25T09:28:08","slug":"wie-man-eine-toilette-entstopft","status":"publish","type":"page","link":"https:\/\/canalizadordelisboa.pt\/de\/como-desentupir-sanita\/","title":{"rendered":"Wie man eine Toilette entstopft: Effektive Tipps und Techniken"},"content":{"rendered":"<p><img fetchpriority=\"high\" decoding=\"async\" class=\"alignright size-medium wp-image-2881\" src=\"https:\/\/canalizadordelisboa.pt\/wp-content\/uploads\/2024\/06\/como-desentupir-sanita-300x195.jpg\" alt=\"wie man eine Toilette entstopft\" width=\"300\" height=\"195\" srcset=\"https:\/\/canalizadordelisboa.pt\/wp-content\/uploads\/2024\/06\/como-desentupir-sanita-300x195.jpg 300w, https:\/\/canalizadordelisboa.pt\/wp-content\/uploads\/2024\/06\/como-desentupir-sanita-768x499.jpg 768w, https:\/\/canalizadordelisboa.pt\/wp-content\/uploads\/2024\/06\/como-desentupir-sanita.jpg 852w\" sizes=\"(max-width: 300px) 100vw, 300px\" \/><\/p>\n<p>Eine verstopfte Toilette ist ein h\u00e4ufiges Problem, das gro\u00dfe Unannehmlichkeiten verursachen kann. Wissen <strong>wie man eine Toilette entstopft<\/strong> ist wichtig, um weitere Komplikationen zu vermeiden. In diesem Artikel werden wir verschiedene Techniken und Tipps f\u00fcr <a href=\"https:\/\/canalizadordelisboa.pt\/de\/wie-viel-kostet-es-eine-toilette-in-lissabon-zu-reinigen\/\">Entstopfung Ihrer Toilette<\/a> schnell und effizient.<\/p>\n<h2>Identifizierung des Problems<\/h2>\n<p>Bevor Sie mit der Beseitigung der Verstopfung beginnen, ist es wichtig, die Ursache des Problems zu ermitteln. <a href=\"https:\/\/canalizadordelisboa.pt\/de\/klempnerarbeiten-lissabon-2\/\">Verstopfung<\/a>. Die Hauptgr\u00fcnde f\u00fcr eine verstopfte Toilette sind:<\/p>\n<ul>\n<li>\u00dcbersch\u00fcssiges Toilettenpapier<\/li>\n<li>In die Toilette geworfene Fremdk\u00f6rper<\/li>\n<li>Ansammlung von Abf\u00e4llen in der Leitung<\/li>\n<li>Probleme mit dem Abwassersystem<\/li>\n<\/ul>\n<h2>Einfache Techniken zur Beseitigung von Verstopfungen in Toiletten<\/h2>\n<p>Hier sind einige einfache Techniken, die Sie zu Hause ausprobieren k\u00f6nnen, um die Verstopfung der Toilette zu beseitigen:<\/p>\n<h3>1. Verwenden Sie einen St\u00f6\u00dfel<\/h3>\n<p>Der Gummipfropfen ist ein einfaches, aber sehr wirksames Werkzeug. So verwenden Sie ihn:<\/p>\n<ul>\n<li>Setzen Sie den Kolben in die Toiletten\u00f6ffnung und achten Sie darauf, dass diese gut verschlossen ist.<\/li>\n<li>Dr\u00fccken und ziehen Sie den Kolben kr\u00e4ftig, um Druck zu erzeugen und die Verstopfung zu beseitigen.<\/li>\n<li>Wiederholen Sie den Vorgang mehrere Male, bis das Wasser normal abl\u00e4uft.<\/li>\n<\/ul>\n<h3>2. Hei\u00dfes Wasser und Reinigungsmittel<\/h3>\n<p>Dies ist eine einfache und wirksame Technik f\u00fcr kleinere Verstopfungen:<\/p>\n<ul>\n<li>Gie\u00dfen Sie eine gro\u00dfz\u00fcgige Menge Fl\u00fcssigwaschmittel in die Toilettensch\u00fcssel.<\/li>\n<li>Erhitzen Sie Wasser (ohne zu kochen) und gie\u00dfen Sie es langsam in die Toilette.<\/li>\n<li>Lassen Sie die Mischung ein paar Minuten einwirken und versuchen Sie dann zu sp\u00fclen.<\/li>\n<\/ul>\n<h3>3. Drahtb\u00fcgel<\/h3>\n<p>Befindet sich die Verstopfung in der N\u00e4he der \u00d6ffnung, kann ein Drahtb\u00fcgel helfen:<\/p>\n<ul>\n<li>Entfalten Sie einen Drahtb\u00fcgel, so dass ein Ende gebogen ist.<\/li>\n<li>F\u00fchren Sie den Aufh\u00e4nger vorsichtig in die Toilette ein und bewegen Sie ihn hin und her, um die Verstopfung zu l\u00f6sen.<\/li>\n<li>Versuchen Sie, es zu sp\u00fclen, um zu sehen, ob das Problem gel\u00f6st ist.<\/li>\n<\/ul>\n<h2>Wann sollte man einen Fachmann hinzuziehen?<\/h2>\n<p>Wenn die oben genannten Techniken das Problem nicht l\u00f6sen, m\u00fcssen Sie m\u00f6glicherweise einen professionellen Klempner hinzuziehen. Hier sind einige Situationen, in denen Sie professionelle Hilfe in Betracht ziehen sollten:<\/p>\n<ul>\n<li>Hartn\u00e4ckige Verstopfungen, die mit h\u00e4uslichen Methoden nicht gel\u00f6st werden k\u00f6nnen<\/li>\n<li>Mehrere verstopfte Abfl\u00fcsse und Toiletten, was auf ein Problem im Abwassersystem hinweist<\/li>\n<li>Anhaltender schlechter Geruch aus der Toilette oder den Abfl\u00fcssen<\/li>\n<\/ul>\n<p>Ein Fachmann verf\u00fcgt \u00fcber die Werkzeuge und das Wissen, um Klempnerprobleme sicher und effektiv zu l\u00f6sen.<\/p>\n<h2>Verhinderung von Verstopfungen<\/h2>\n<p>Vorbeugen ist immer besser als heilen. Hier sind einige Tipps, wie Sie eine Verstopfung Ihrer Toilette verhindern k\u00f6nnen:<\/p>\n<ul>\n<li>Gehen Sie sparsam mit Toilettenpapier um und vermeiden Sie es, Gegenst\u00e4nde in der Toilette zu entsorgen.<\/li>\n<li>F\u00fchren Sie regelm\u00e4\u00dfige Wartungsarbeiten am Abwassersystem durch.<\/li>\n<li>Installieren Sie ein Sieb in der Toilette, um zu verhindern, dass gro\u00dfe Gegenst\u00e4nde in das Rohr gelangen.<\/li>\n<\/ul>\n<h2>Kontakt<\/h2>\n<p>Wenn Sie Probleme mit anhaltenden Verstopfungen haben oder professionelle Hilfe ben\u00f6tigen, wenden Sie sich bitte an <a href=\"https:\/\/canalizadordelisboa.pt\/de\/\">Canalizador de Lisboa<\/a>. Wir sind bereit, alle Ihre Klempner Probleme effizient und schnell zu l\u00f6sen.<\/p>\n<p>Verlassen Sie sich auf unsere Erfahrung und unser Engagement, um sicherzustellen, dass Ihr Klempnersystem perfekt funktioniert. Canalizador de Lisboa ist Ihre beste Wahl f\u00fcr Klempnerarbeiten. <a href=\"https:\/\/canalizadordelisboa.pt\/de\/klempnerarbeiten-lissabon-2\/\">Klempnerarbeiten in Lissabon<\/a>.<\/p>","protected":false},"excerpt":{"rendered":"<p>Uma sanita entupida \u00e9 um problema comum que pode causar grandes inconvenientes. Saber como desentupir sanita de maneira eficaz \u00e9 essencial para evitar maiores complica\u00e7\u00f5es. Neste artigo, vamos explorar v\u00e1rias t\u00e9cnicas e dicas para desentupir sua sanita de forma r\u00e1pida e eficiente. Identificando o Problema Antes de come\u00e7ar a desentupir a sanita, \u00e9 importante identificar [&hellip;]<\/p>\n","protected":false},"author":1,"featured_media":0,"parent":0,"menu_order":0,"comment_status":"closed","ping_status":"closed","template":"","meta":{"iawp_total_views":16,"footnotes":""},"class_list":["post-3121","page","type-page","status-publish","hentry"],"yoast_head":"<!-- This site is optimized with the Yoast SEO plugin v27.4 - https:\/\/yoast.com\/product\/yoast-seo-wordpress\/ -->\n<title>Como Desentupir Sanita: Dicas e T\u00e9cnicas Eficazes<\/title>\n<meta name=\"description\" content=\"Aprenda como desentupir sanita de forma r\u00e1pida e eficaz com nossas dicas e t\u00e9cnicas. Evite problemas de canaliza\u00e7\u00e3o !\" \/>\n<meta name=\"robots\" content=\"index, follow, max-snippet:-1, max-image-preview:large, max-video-preview:-1\" \/>\n<link rel=\"canonical\" href=\"https:\/\/canalizadordelisboa.pt\/de\/wie-man-eine-toilette-entstopft\/\" \/>\n<meta property=\"og:locale\" content=\"de_DE\" \/>\n<meta property=\"og:type\" content=\"article\" \/>\n<meta property=\"og:title\" content=\"Como Desentupir Sanita: Dicas e T\u00e9cnicas Eficazes\" \/>\n<meta property=\"og:description\" content=\"Aprenda como desentupir sanita de forma r\u00e1pida e eficaz com nossas dicas e t\u00e9cnicas. Evite problemas de canaliza\u00e7\u00e3o !\" \/>\n<meta property=\"og:url\" content=\"https:\/\/canalizadordelisboa.pt\/de\/wie-man-eine-toilette-entstopft\/\" \/>\n<meta property=\"og:site_name\" content=\"Canalizador de Lisboa\" \/>\n<meta property=\"article:modified_time\" content=\"2026-02-25T09:28:08+00:00\" \/>\n<meta property=\"og:image\" content=\"https:\/\/canalizadordelisboa.pt\/wp-content\/uploads\/2024\/06\/como-desentupir-sanita.jpg\" \/>\n\t<meta property=\"og:image:width\" content=\"852\" \/>\n\t<meta property=\"og:image:height\" content=\"554\" \/>\n\t<meta property=\"og:image:type\" content=\"image\/jpeg\" \/>\n<meta name=\"twitter:card\" content=\"summary_large_image\" \/>\n<meta name=\"twitter:label1\" content=\"Gesch\u00e4tzte Lesezeit\" \/>\n\t<meta name=\"twitter:data1\" content=\"3\u00a0Minuten\" \/>\n<script type=\"application\/ld+json\" class=\"yoast-schema-graph\">{\"@context\":\"https:\\\/\\\/schema.org\",\"@graph\":[{\"@type\":\"WebPage\",\"@id\":\"https:\\\/\\\/canalizadordelisboa.pt\\\/como-desentupir-sanita\\\/\",\"url\":\"https:\\\/\\\/canalizadordelisboa.pt\\\/como-desentupir-sanita\\\/\",\"name\":\"Como Desentupir Sanita: Dicas e T\u00e9cnicas Eficazes\",\"isPartOf\":{\"@id\":\"https:\\\/\\\/canalizadordelisboa.pt\\\/#website\"},\"primaryImageOfPage\":{\"@id\":\"https:\\\/\\\/canalizadordelisboa.pt\\\/como-desentupir-sanita\\\/#primaryimage\"},\"image\":{\"@id\":\"https:\\\/\\\/canalizadordelisboa.pt\\\/como-desentupir-sanita\\\/#primaryimage\"},\"thumbnailUrl\":\"https:\\\/\\\/canalizadordelisboa.pt\\\/wp-content\\\/uploads\\\/2024\\\/06\\\/como-desentupir-sanita-300x195.jpg\",\"datePublished\":\"2024-06-23T14:19:57+00:00\",\"dateModified\":\"2026-02-25T09:28:08+00:00\",\"description\":\"Aprenda como desentupir sanita de forma r\u00e1pida e eficaz com nossas dicas e t\u00e9cnicas. Evite problemas de canaliza\u00e7\u00e3o !\",\"breadcrumb\":{\"@id\":\"https:\\\/\\\/canalizadordelisboa.pt\\\/como-desentupir-sanita\\\/#breadcrumb\"},\"inLanguage\":\"de\",\"potentialAction\":[{\"@type\":\"ReadAction\",\"target\":[\"https:\\\/\\\/canalizadordelisboa.pt\\\/como-desentupir-sanita\\\/\"]}]},{\"@type\":\"ImageObject\",\"inLanguage\":\"de\",\"@id\":\"https:\\\/\\\/canalizadordelisboa.pt\\\/como-desentupir-sanita\\\/#primaryimage\",\"url\":\"https:\\\/\\\/canalizadordelisboa.pt\\\/wp-content\\\/uploads\\\/2024\\\/06\\\/como-desentupir-sanita-300x195.jpg\",\"contentUrl\":\"https:\\\/\\\/canalizadordelisboa.pt\\\/wp-content\\\/uploads\\\/2024\\\/06\\\/como-desentupir-sanita-300x195.jpg\"},{\"@type\":\"BreadcrumbList\",\"@id\":\"https:\\\/\\\/canalizadordelisboa.pt\\\/como-desentupir-sanita\\\/#breadcrumb\",\"itemListElement\":[{\"@type\":\"ListItem\",\"position\":1,\"name\":\"Accueil\",\"item\":\"https:\\\/\\\/canalizadordelisboa.pt\\\/\"},{\"@type\":\"ListItem\",\"position\":2,\"name\":\"Como Desentupir Sanita: Dicas e T\u00e9cnicas Eficazes\"}]},{\"@type\":\"WebSite\",\"@id\":\"https:\\\/\\\/canalizadordelisboa.pt\\\/#website\",\"url\":\"https:\\\/\\\/canalizadordelisboa.pt\\\/\",\"name\":\"Canalizador de Lisboa\",\"description\":\"Servi\u00e7os de canaliza\u00e7\u00e3o e desentupimentos de alta qualidade em Lisboa.\",\"potentialAction\":[{\"@type\":\"SearchAction\",\"target\":{\"@type\":\"EntryPoint\",\"urlTemplate\":\"https:\\\/\\\/canalizadordelisboa.pt\\\/?s={search_term_string}\"},\"query-input\":{\"@type\":\"PropertyValueSpecification\",\"valueRequired\":true,\"valueName\":\"search_term_string\"}}],\"inLanguage\":\"de\"}]}<\/script>\n<!-- \/ Yoast SEO plugin. -->","yoast_head_json":{"title":"Wie man eine Toilette entstopft: Effektive Tipps und Techniken","description":"Erfahren Sie, wie Sie eine verstopfte Toilette schnell und effektiv mit unseren Tipps und Techniken befreien k\u00f6nnen. Vermeiden Sie Klempnerprobleme!","robots":{"index":"index","follow":"follow","max-snippet":"max-snippet:-1","max-image-preview":"max-image-preview:large","max-video-preview":"max-video-preview:-1"},"canonical":"https:\/\/canalizadordelisboa.pt\/de\/wie-man-eine-toilette-entstopft\/","og_locale":"de_DE","og_type":"article","og_title":"Como Desentupir Sanita: Dicas e T\u00e9cnicas Eficazes","og_description":"Aprenda como desentupir sanita de forma r\u00e1pida e eficaz com nossas dicas e t\u00e9cnicas. Evite problemas de canaliza\u00e7\u00e3o !","og_url":"https:\/\/canalizadordelisboa.pt\/de\/wie-man-eine-toilette-entstopft\/","og_site_name":"Canalizador de Lisboa","article_modified_time":"2026-02-25T09:28:08+00:00","og_image":[{"width":852,"height":554,"url":"https:\/\/canalizadordelisboa.pt\/wp-content\/uploads\/2024\/06\/como-desentupir-sanita.jpg","type":"image\/jpeg"}],"twitter_card":"summary_large_image","twitter_misc":{"Gesch\u00e4tzte Lesezeit":"3\u00a0Minuten"},"schema":{"@context":"https:\/\/schema.org","@graph":[{"@type":"WebPage","@id":"https:\/\/canalizadordelisboa.pt\/como-desentupir-sanita\/","url":"https:\/\/canalizadordelisboa.pt\/como-desentupir-sanita\/","name":"Wie man eine Toilette entstopft: Effektive Tipps und Techniken","isPartOf":{"@id":"https:\/\/canalizadordelisboa.pt\/#website"},"primaryImageOfPage":{"@id":"https:\/\/canalizadordelisboa.pt\/como-desentupir-sanita\/#primaryimage"},"image":{"@id":"https:\/\/canalizadordelisboa.pt\/como-desentupir-sanita\/#primaryimage"},"thumbnailUrl":"https:\/\/canalizadordelisboa.pt\/wp-content\/uploads\/2024\/06\/como-desentupir-sanita-300x195.jpg","datePublished":"2024-06-23T14:19:57+00:00","dateModified":"2026-02-25T09:28:08+00:00","description":"Erfahren Sie, wie Sie eine verstopfte Toilette schnell und effektiv mit unseren Tipps und Techniken befreien k\u00f6nnen. Vermeiden Sie Klempnerprobleme!","breadcrumb":{"@id":"https:\/\/canalizadordelisboa.pt\/como-desentupir-sanita\/#breadcrumb"},"inLanguage":"de","potentialAction":[{"@type":"ReadAction","target":["https:\/\/canalizadordelisboa.pt\/como-desentupir-sanita\/"]}]},{"@type":"ImageObject","inLanguage":"de","@id":"https:\/\/canalizadordelisboa.pt\/como-desentupir-sanita\/#primaryimage","url":"https:\/\/canalizadordelisboa.pt\/wp-content\/uploads\/2024\/06\/como-desentupir-sanita-300x195.jpg","contentUrl":"https:\/\/canalizadordelisboa.pt\/wp-content\/uploads\/2024\/06\/como-desentupir-sanita-300x195.jpg"},{"@type":"BreadcrumbList","@id":"https:\/\/canalizadordelisboa.pt\/como-desentupir-sanita\/#breadcrumb","itemListElement":[{"@type":"ListItem","position":1,"name":"Accueil","item":"https:\/\/canalizadordelisboa.pt\/"},{"@type":"ListItem","position":2,"name":"Como Desentupir Sanita: Dicas e T\u00e9cnicas Eficazes"}]},{"@type":"WebSite","@id":"https:\/\/canalizadordelisboa.pt\/#website","url":"https:\/\/canalizadordelisboa.pt\/","name":"Canalizador de Lisboa","description":"Hochwertige Klempner- und Entw\u00e4sserungsdienstleistungen in Lissabon.","potentialAction":[{"@type":"SearchAction","target":{"@type":"EntryPoint","urlTemplate":"https:\/\/canalizadordelisboa.pt\/?s={search_term_string}"},"query-input":{"@type":"PropertyValueSpecification","valueRequired":true,"valueName":"search_term_string"}}],"inLanguage":"de"}]}},"_links":{"self":[{"href":"https:\/\/canalizadordelisboa.pt\/de\/wp-json\/wp\/v2\/pages\/3121","targetHints":{"allow":["GET"]}}],"collection":[{"href":"https:\/\/canalizadordelisboa.pt\/de\/wp-json\/wp\/v2\/pages"}],"about":[{"href":"https:\/\/canalizadordelisboa.pt\/de\/wp-json\/wp\/v2\/types\/page"}],"author":[{"embeddable":true,"href":"https:\/\/canalizadordelisboa.pt\/de\/wp-json\/wp\/v2\/users\/1"}],"replies":[{"embeddable":true,"href":"https:\/\/canalizadordelisboa.pt\/de\/wp-json\/wp\/v2\/comments?post=3121"}],"version-history":[{"count":3,"href":"https:\/\/canalizadordelisboa.pt\/de\/wp-json\/wp\/v2\/pages\/3121\/revisions"}],"predecessor-version":[{"id":3628,"href":"https:\/\/canalizadordelisboa.pt\/de\/wp-json\/wp\/v2\/pages\/3121\/revisions\/3628"}],"wp:attachment":[{"href":"https:\/\/canalizadordelisboa.pt\/de\/wp-json\/wp\/v2\/media?parent=3121"}],"curies":[{"name":"wp","href":"https:\/\/api.w.org\/{rel}","templated":true}]}}