{"id":3113,"date":"2026-03-17T14:17:00","date_gmt":"2026-03-17T14:17:00","guid":{"rendered":"https:\/\/canalizadordelisboa.pt\/?page_id=3113"},"modified":"2026-04-23T13:56:28","modified_gmt":"2026-04-23T13:56:28","slug":"alle-artikel","status":"publish","type":"page","link":"https:\/\/canalizadordelisboa.pt\/de\/todos-os-artigos\/","title":{"rendered":"Alle Artikel"},"content":{"rendered":"<h2>Alle Dienstleistungen in Lissabon:<\/h2>\n<p><a href=\"https:\/\/canalizadordelisboa.pt\/de\/badezimmer-klempnerarbeiten-lissabon\/\">Klempnerarbeiten im Badezimmer Lissabon<\/a><\/p>\n<p><a href=\"https:\/\/canalizadordelisboa.pt\/de\/klempner-desentope-lisboa\/\">24-Stunden-Klempner Lissabon<\/a><\/p>\n<p><a href=\"https:\/\/canalizadordelisboa.pt\/de\/24-stunden-klempnerarbeiten-in-lissabon\/\">Klempner in Lissabon<\/a><\/p>\n<p><a href=\"https:\/\/canalizadordelisboa.pt\/de\/kostengunstiger-klempner-in-lissabon\/\">Kosteng\u00fcnstiger Klempner Lissabon<\/a><\/p>\n<p><a href=\"https:\/\/canalizadordelisboa.pt\/de\/klempner-vor-ort-lissabon\/\">Klempner vor Ort Lissabon<\/a><\/p>\n<p><a href=\"https:\/\/canalizadordelisboa.pt\/de\/dringender-klempner-lissabon\/\">Dringender Klempner Lissabon<\/a><\/p>\n<p><a href=\"https:\/\/canalizadordelisboa.pt\/de\/24h-klempner-lisbon\/\">Klempner 24h Lissabon<\/a><\/p>\n<p><a href=\"https:\/\/canalizadordelisboa.pt\/de\/dringende-klempner-lissabon\/\">Dringende Klempner Lissabon<\/a><\/p>\n<p><a href=\"https:\/\/canalizadordelisboa.pt\/de\/entstopfung-der-abflusse-in-lissabon\/\">Entleerung Lissabon<\/a><\/p>\n<p><a href=\"https:\/\/canalizadordelisboa.pt\/de\/klempnerarbeiten-lissabon-2\/\">Klempnerarbeiten in Lissabon<\/a><\/p>\n<p><a href=\"https:\/\/canalizadordelisboa.pt\/de\/kostengunstige-reparaturen-von-klempnerarbeiten-in-lissabon\/\">Kosteng\u00fcnstige Sanit\u00e4rinstallation Lissabon<\/a><\/p>\n<p><a href=\"https:\/\/canalizadordelisboa.pt\/de\/lecksuche-lissabon\/\">Lecksuche Lissabon<\/a><\/p>\n<p><a href=\"https:\/\/canalizadordelisboa.pt\/de\/klempnerbetriebe-lissabon\/\">Klempnerbetriebe Lissabon<\/a><\/p>\n<p><a href=\"https:\/\/canalizadordelisboa.pt\/de\/installation-von-wasserheizungen-lissabon\/\">Wasserheizungsinstallation Lissabon<\/a><\/p>\n<p><a href=\"https:\/\/canalizadordelisboa.pt\/de\/badewanne-einbau-lissabon\/\">Badewanneneinbau Lissabon<\/a><\/p>\n<p><a href=\"https:\/\/canalizadordelisboa.pt\/de\/kesselanlage-lissabon\/\">Kesselinstallation Lissabon<\/a><\/p>\n<p><a href=\"https:\/\/canalizadordelisboa.pt\/de\/dusche-installation-lissabon\/\">Duschanlage Lissabon<\/a><\/p>\n<p><a href=\"https:\/\/canalizadordelisboa.pt\/de\/dusche-installation-lissabon\/\"><\/a><\/p>\n<p><a href=\"https:\/\/canalizadordelisboa.pt\/de\/installation-von-haushaltsgeraten-lissabon\/\">Installation von Elektroger\u00e4ten Lissabon<\/a><\/p>\n<p><a href=\"https:\/\/canalizadordelisboa.pt\/de\/installation-von-wasserfiltern-lissabon\/\">Wasserfilteranlage Lissabon<\/a><\/p>\n<p><a href=\"https:\/\/canalizadordelisboa.pt\/de\/installation-des-gasnetzes-lissabon\/\">Installation von Gasnetzen Lissabon<\/a><\/p>\n<p><a href=\"https:\/\/canalizadordelisboa.pt\/de\/installation-von-sanitaranlagen-lissabon\/\">Klempnerarbeiten Lissabon<\/a><\/p>\n<p><a href=\"https:\/\/canalizadordelisboa.pt\/de\/installation-von-bewasserungsanlagen-lissabon\/\">Installation von Bew\u00e4sserungsanlagen Lissabon<\/a><\/p>\n<p><a href=\"https:\/\/canalizadordelisboa.pt\/de\/installation-von-wasserhahnen-lissabon\/\">Installation von Wasserh\u00e4hnen Lissabon<\/a><\/p>\n<p><a href=\"https:\/\/canalizadordelisboa.pt\/de\/ventilinstallation-lissabon\/\">Ventilinstallation Lissabon<\/a><\/p>\n<p><a href=\"https:\/\/canalizadordelisboa.pt\/de\/reinigung-von-fettabscheidern-lissabon\/\">Reinigung von Fettabscheidern Lissabon<\/a><\/p>\n<p><a href=\"https:\/\/canalizadordelisboa.pt\/de\/vorbeugende-wartung-lissabon\/\">Vorbeugende Wartung Lissabon<\/a><\/p>\n<p><a href=\"https:\/\/canalizadordelisboa.pt\/de\/badezimmer-umgestaltung-lissabon\/\">Renovierung von Badezimmern in Lissabon<\/a><\/p>\n<p><a href=\"https:\/\/canalizadordelisboa.pt\/de\/kuchenrenovierung-lissabon\/\">K\u00fcchenrenovierung Lissabon<\/a><\/p>\n<p><a href=\"https:\/\/canalizadordelisboa.pt\/de\/spulkasten-reparatur-lissabon\/\">Zisterne reparieren Lissabon<\/a><\/p>\n<p><a href=\"https:\/\/canalizadordelisboa.pt\/de\/reparaturen-von-wasserpumpen-lissabon\/\">Wasserpumpen-Reparatur Lissabon<\/a><\/p>\n<p><a href=\"https:\/\/canalizadordelisboa.pt\/de\/klempnerarbeiten-lissabon\/\">Klempnerarbeiten Lissabon<\/a><\/p>\n<p><a href=\"https:\/\/canalizadordelisboa.pt\/de\/toiletten-reparaturen-lissabon\/\">Toilettenreparaturen Lissabon<\/a><\/p>\n<p><a href=\"https:\/\/canalizadordelisboa.pt\/de\/toilette-ersatz-lisbon\/\">Toilettenwechsel Lissabon<\/a><\/p>\n<p><a href=\"https:\/\/canalizadordelisboa.pt\/de\/wasserhahn-reparaturen-lissabon\/\">Wasserh\u00e4hne reparieren Lissabon<\/a><\/p>\n<p><a href=\"https:\/\/canalizadordelisboa.pt\/de\/installation-von-entsorgern-fur-lebensmittelabfalle-lissabon\/\">Installation von Entsorgungsanlagen f\u00fcr Lebensmittelabf\u00e4lle Lissabon<\/a><\/p>\n<p><a href=\"https:\/\/canalizadordelisboa.pt\/de\/rohrreinigung-lissabon\/\">Rohrreinigung Lissabon<\/a><\/p>\n<p><a href=\"https:\/\/canalizadordelisboa.pt\/de\/abflussreinigung-lissabon\/\">Kanalisationsreinigung Lissabon<\/a><\/p>\n<p><a href=\"https:\/\/canalizadordelisboa.pt\/de\/reparaturen-von-wassererhitzern-lissabon\/\">Wassererhitzer-Reparaturen Lissabon<\/a><\/p>\n<p><a href=\"https:\/\/canalizadordelisboa.pt\/de\/dusche-reparaturen-lissabon\/\">Dusche reparieren Lissabon<\/a><\/p>\n<p><a href=\"https:\/\/canalizadordelisboa.pt\/de\/reparatur-von-lecks-in-lissabon\/\">Leckreparaturen Lissabon<\/a><\/p>\n<p><a href=\"https:\/\/canalizadordelisboa.pt\/de\/einbau-von-waschbecken-lissabon\/\">Einbau eines Waschbeckens in Lissabon<\/a><\/p>\n<p><a href=\"https:\/\/canalizadordelisboa.pt\/de\/toilettenanlage-lissabon\/\">Toilettenanlage Lissabon<\/a><\/p>\n<p><a href=\"https:\/\/canalizadordelisboa.pt\/de\/duschkabine-installation-lissabon\/\">Einbau einer Duschkabine Lissabon<\/a><\/p>\n<p><a href=\"https:\/\/canalizadordelisboa.pt\/de\/badezimmer-renovierung-lissabon\/\">Badrenovierung Lissabon<\/a><\/p>\n<p><a href=\"https:\/\/canalizadordelisboa.pt\/de\/klempner-hilfe\/\">Klempner Hilfe<\/a><\/p>\n<p><a href=\"https:\/\/canalizadordelisboa.pt\/de\/klempner-almada\/\">Klempner Almada<\/a><\/p>\n<p><a href=\"https:\/\/canalizadordelisboa.pt\/de\/klempner-benfica\/\">Benfica Klempner<\/a><\/p>\n<p><a href=\"https:\/\/canalizadordelisboa.pt\/de\/klempner-sudufer\/\">Klempner South Bank<\/a><\/p>\n<p><a href=\"https:\/\/canalizadordelisboa.pt\/de\/odivelas-klempner\/\">Klempner Odivelas<\/a><\/p>\n<h2>Allgemeine Dienstleistungen:<\/h2>\n<p><a href=\"https:\/\/canalizadordelisboa.pt\/de\/abflussfreimachung\/\">Entw\u00e4sserung der Kanalisation<\/a><\/p>\n<p><a href=\"https:\/\/canalizadordelisboa.pt\/de\/kostengunstige-sanitarinstallation\/\">Kosteng\u00fcnstige Sanit\u00e4rinstallation<\/a><\/p>\n<p><a href=\"https:\/\/canalizadordelisboa.pt\/de\/klempnerbetriebe\/\">Klempnerbetriebe<\/a><\/p>\n<p><a href=\"https:\/\/canalizadordelisboa.pt\/de\/sanitarinstallation-im-badezimmer\/\">Sanit\u00e4ranlagen im Badezimmer<\/a><\/p>\n<p><a href=\"https:\/\/canalizadordelisboa.pt\/de\/24-stunden-klempner\/\">24-Stunden-Klempner<\/a><\/p>\n<p><a href=\"https:\/\/canalizadordelisboa.pt\/de\/klempner-entblockt\/\">Klempner Entsperren<\/a><\/p>\n<p><a href=\"https:\/\/canalizadordelisboa.pt\/de\/klempner-mit-niedrigem-preis\/\">Kosteng\u00fcnstiger Klempner<\/a><\/p>\n<p><a href=\"https:\/\/canalizadordelisboa.pt\/de\/klempner-vor-ort\/\">Klempner vor Ort<\/a><\/p>\n<p><a href=\"https:\/\/canalizadordelisboa.pt\/de\/dringender-klempner\/\">Dringender Klempner<\/a><\/p>\n<p><a href=\"https:\/\/canalizadordelisboa.pt\/de\/24h-klempner\/\">24h Klempner<\/a><\/p>\n<p><a href=\"https:\/\/canalizadordelisboa.pt\/de\/dringende-klempner\/\">Dringende Klempner<\/a><\/p>\n<h2>Andere Artikel:<\/h2>\n<p><a href=\"https:\/\/canalizadordelisboa.pt\/de\/wie-man-eine-toilette-entstopft\/\">Wie man eine Toilette entstopft<\/a><\/p>\n<p><a href=\"https:\/\/canalizadordelisboa.pt\/de\/entstopfung-von-kuchenabflussen\/\">Entstopfung von K\u00fcchenrohren<\/a><\/p>\n<p><a href=\"https:\/\/canalizadordelisboa.pt\/de\/wen-man-bei-wasserlecks-anrufen-muss\/\">Wen man bei Wasserlecks anruft<\/a><\/p>\n<p><a href=\"https:\/\/canalizadordelisboa.pt\/de\/wie-viel-kostet-die-reparatur-eines-rohrbruchs\/\">Wie hoch sind die Kosten f\u00fcr die Reparatur eines Rohrbruchs?<\/a><\/p>\n<p><a href=\"https:\/\/canalizadordelisboa.pt\/de\/reparatur-von-sanitaranlagen-fur-privathaushalte\/\">Reparatur von Sanit\u00e4ranlagen f\u00fcr Privathaushalte<\/a><\/p>\n<p><a href=\"https:\/\/canalizadordelisboa.pt\/de\/bester-klempner-fur-reparaturen-in-lissabon\/\">Bester Klempner f\u00fcr Reparaturen in Lissabon<\/a><\/p>\n<p><a href=\"https:\/\/canalizadordelisboa.pt\/de\/durchschnittlicher-preis-fur-rohrreparaturen\/\">Durchschnittlicher Preis f\u00fcr Rohrreparaturen: Aktuelle Kosten<\/a><\/p>\n<p><a href=\"https:\/\/canalizadordelisboa.pt\/de\/notklempnerarbeiten-lissabon\/\">Notfall-Klempnerarbeiten Lissabon<\/a><\/p>\n<p><a href=\"https:\/\/canalizadordelisboa.pt\/de\/unternehmen-fur-die-reparatur-von-wasserlecks\/\">Unternehmen f\u00fcr die Reparatur von Wasserlecks<\/a><\/p>\n<p><a href=\"https:\/\/canalizadordelisboa.pt\/de\/uberholung-der-alten-rohrleitungen\/\">\u00dcberholung der alten Rohrleitungen<\/a><\/p>\n<p><a href=\"https:\/\/canalizadordelisboa.pt\/de\/verstopfte-abflusse-schnell-reparieren\/\">Verstopfte Abfl\u00fcsse schnell reparieren<\/a><\/p>\n<p><a href=\"https:\/\/canalizadordelisboa.pt\/de\/beseitigung-von-rohrverstopfungen-in-der-kuche\/\">Beseitigung von Rohrverstopfungen in der K\u00fcche<\/a><\/p>\n<p><a href=\"https:\/\/canalizadordelisboa.pt\/de\/klempner-fur-dringende-verstopfungsbeseitigung\/\">Klempner f\u00fcr dringende Verstopfungsbeseitigung<\/a><\/p>\n<p><a href=\"https:\/\/canalizadordelisboa.pt\/de\/verstopfte-abflusse-hausgemachte-losungen\/\">Hausmittel gegen verstopfte Abfl\u00fcsse<\/a><\/p>\n<p><a href=\"https:\/\/canalizadordelisboa.pt\/de\/beste-klempnerfirma-lissabon\/\">Beste Klempnerfirma in Lissabon<\/a><\/p>\n<p><a href=\"https:\/\/canalizadordelisboa.pt\/de\/rohrentsperrung\/\">Entsperrung von Rohren<\/a><\/p>\n<p><a href=\"https:\/\/canalizadordelisboa.pt\/de\/kesselreparatur\/\">Kesselreparatur<\/a><\/p>\n<p><a href=\"https:\/\/canalizadordelisboa.pt\/de\/warmwasserbereiter-reparaturen-2\/\">Reparatur von Warmwasserbereitern<\/a><\/p>\n<p><a href=\"https:\/\/canalizadordelisboa.pt\/de\/reparatur-von-warmwasserbereitern\/\">Junkers Wasserheizung reparieren<\/a><\/p>\n<p><a href=\"https:\/\/canalizadordelisboa.pt\/de\/vulkan-wassererhitzer-reparaturen\/\">Reparatur von Vulcano-Wasserheizungen<\/a><\/p>\n<p><a href=\"https:\/\/canalizadordelisboa.pt\/de\/warmwasserbereiter-reparaturen-3\/\">Reparatur von Warmwasserbereitern<\/a><\/p>\n<p><a href=\"https:\/\/canalizadordelisboa.pt\/de\/ersatz-der-wassersaule-lissabon\/\">Austausch der Wassers\u00e4ule Lissabon<\/a><\/p>\n<p><a href=\"https:\/\/canalizadordelisboa.pt\/de\/bester-klempner-in-lissabon\/\">Bester Klempner in Lissabon<\/a><\/p>\n<p><a href=\"https:\/\/canalizadordelisboa.pt\/de\/wie-man-die-lava-loica-reinigt\/\">Wie man den Sp\u00fclbeckenabfluss reinigt<\/a><\/p>\n<p><a href=\"https:\/\/canalizadordelisboa.pt\/de\/wie-viel-kostet-es-eine-toilette-in-lissabon-zu-reinigen\/\">Wie viel kostet es, eine Toilette in Lissabon zu reinigen?<\/a><\/p>\n<p><a href=\"https:\/\/canalizadordelisboa.pt\/de\/wie-man-einen-riss-im-rohr-innerhalb-der-wand-erkennt\/\">Wie man einen Riss im Rohr innerhalb der Wand erkennt<\/a><\/p>\n<p><a href=\"https:\/\/canalizadordelisboa.pt\/de\/was-tun-wenn-der-wasserhahn-nicht-aufhort-zu-tropfen\/\">Was tun, wenn der Wasserhahn nicht aufh\u00f6rt zu tropfen?<\/a><\/p>\n<p><a href=\"https:\/\/canalizadordelisboa.pt\/de\/niedriger-wasserdruck-im-haus-ursachen-und-losungen\/\">Niedriger Wasserdruck im Haus: Ursachen und L\u00f6sungen<\/a><\/p>\n<p><a href=\"https:\/\/canalizadordelisboa.pt\/de\/wie-man-lecks-erkennt-bevor-sie-schaden-verursachen\/\">Wie man Lecks erkennt, bevor sie Sch\u00e4den verursachen<\/a><\/p>\n<p><a href=\"https:\/\/canalizadordelisboa.pt\/de\/wiederkehrende-verstopfungen-in-der-kuche-warum-das-so-ist\/\">Immer wiederkehrende Verstopfungen in der K\u00fcche: Warum passieren sie?<\/a><\/p>\n<p><a href=\"https:\/\/canalizadordelisboa.pt\/de\/vollstandiger-leitfaden-fur-die-vorbeugende-wartung-von-sanitaranlagen\/\">Vollst\u00e4ndiger Leitfaden f\u00fcr die vorbeugende Wartung von Sanit\u00e4ranlagen<br \/>\n<\/a><\/p>\n<p><a href=\"https:\/\/canalizadordelisboa.pt\/de\/wie-viel-kostet-die-installation-eines-neuen-wasserhahns\/\">Wie viel kostet die Installation eines neuen Wasserhahns? Preisleitfaden<\/a><\/p>\n<p><a href=\"https:\/\/canalizadordelisboa.pt\/de\/wie-man-schlechte-geruche-in-badezimmerrohren-beseitigt\/\">Wie man schlechte Ger\u00fcche in Badezimmerrohren beseitigt<\/a><\/p>\n<p><a href=\"https:\/\/canalizadordelisboa.pt\/de\/das-dach-des-nachbarn-ist-undicht-was-ist-zu-tun-und-wen-kann-man-anrufen\/\">Ein Leck im Dach des Nachbarn: Was tun und wen anrufen?<\/a><\/p>\n<p><a href=\"https:\/\/canalizadordelisboa.pt\/de\/alte-sanitaranlagen-anzeichen-dafur-dass-sie-ersetzt-werden-mussen\/\">Alte Sanit\u00e4ranlagen: Anzeichen daf\u00fcr, dass sie ersetzt werden m\u00fcssen<\/a><\/p>\n<p><a href=\"https:\/\/canalizadordelisboa.pt\/de\/wie-der-rohrkamerainspektionsdienst-funktioniert\/\">Wie der Rohrkamerainspektionsdienst funktioniert<\/a><\/p>\n<p><a href=\"https:\/\/canalizadordelisboa.pt\/de\/wie-viel-kostet-es-einen-warmwasserbereiter-zu-ersetzen-aktualisierte-preise\/\">Wie viel kostet der Austausch eines Warmwasserbereiters? Aktualisierte Preise<\/a><\/p>\n<p><a href=\"https:\/\/canalizadordelisboa.pt\/de\/wie-reinige-ich-einen-siphon-schritt-fur-schritt\/\">Wie man einen Siphon f\u00fcr ein Waschbecken Schritt f\u00fcr Schritt reinigt<\/a><\/p>\n<p><a href=\"https:\/\/canalizadordelisboa.pt\/de\/wann-man-dringend-einen-klempner-rufen-sollte\/\">Wann sollte man dringend einen Klempner rufen? H\u00e4ufige Situationen<\/a><\/p>\n<p><a href=\"https:\/\/canalizadordelisboa.pt\/de\/warum-verschuttet-die-waschmaschine-wasser-auf-den-boden\/\">Warum versch\u00fcttet die Waschmaschine Wasser auf den Boden? Ursachen und L\u00f6sungen<\/a><\/p>\n<p><a href=\"https:\/\/canalizadordelisboa.pt\/de\/ruckschlagventile\/\">Alles \u00fcber R\u00fcckschlagventile und warum sie wichtig sind<\/a><\/p>\n<p><a href=\"https:\/\/canalizadordelisboa.pt\/de\/verstopftes-waschbecken-mit-abflusspumpe\/\">Verstopftes Waschbecken mit Abflusspumpe: Was ist zu tun?<\/a><\/p>\n<p><a href=\"https:\/\/canalizadordelisboa.pt\/de\/einbau-der-duschvorrichtung\/\">Einbau der Duschanlage<\/a><\/p>\n<p><a href=\"https:\/\/canalizadordelisboa.pt\/de\/reparatur-und-einbau-eines-beluftungssystems-in-einem-waschbecken\/\">Reparatur und Einbau eines Sp\u00fclenentsorgersystems<\/a><\/p>\n<p><a href=\"https:\/\/canalizadordelisboa.pt\/de\/reparatur-und-isolierung-des-toilettenbodens\/\">Reparatur und Isolierung des Toilettenbodens<\/a><\/p>\n<p><a href=\"https:\/\/canalizadordelisboa.pt\/de\/reinigung-von-gas-wassererhitzern\/\">Reinigung von Gasheizungen<\/a><\/p>\n<p><a href=\"https:\/\/canalizadordelisboa.pt\/de\/ersetzen-eines-gas-wassererhitzers-durch-einen-elektrischen-wassererhitzer\/\">Ersetzen eines Gas-Wassererhitzers durch einen elektrischen Wassererhitzer<\/a><\/p>\n<p><a href=\"https:\/\/canalizadordelisboa.pt\/de\/preisleitfaden-fur-den-einbau-von-waschbecken\/\">Preisleitfaden f\u00fcr den Einbau von Waschbecken<\/a><\/p>\n<p><a href=\"https:\/\/canalizadordelisboa.pt\/de\/wie-rohrbruche-entstehen-und-wie-man-sie-verhindert\/\">Was sind die Ursachen f\u00fcr Rohrbr\u00fcche und wie kann man sie verhindern?<\/a><\/p>\n<p><a href=\"https:\/\/canalizadordelisboa.pt\/de\/gelbes-wasser-im-wasserhahn-ursachen-und-losungen\/\">Gelbes Wasser im Wasserhahn: Ursachen und L\u00f6sungen<\/a><\/p>\n<p><a href=\"https:\/\/canalizadordelisboa.pt\/de\/unsichtbare-lecks-wie-sie-erkennen-ob-sie-wasser-verlieren\/\">Unsichtbare Lecks: Woran Sie erkennen, ob Sie Wasser verlieren<\/a><\/p>\n<p><a href=\"https:\/\/canalizadordelisboa.pt\/de\/reparatur-einer-automatischen-gartenbewasserungsanlage\/\">Reparatur einer automatischen Gartenbew\u00e4sserungsanlage<\/a><\/p>\n<p><a href=\"https:\/\/canalizadordelisboa.pt\/de\/instalacao-de-sifao-de-wc\/\">WC-Siphon-Installation<\/a><\/p>\n<p><a href=\"https:\/\/canalizadordelisboa.pt\/de\/ausenanstrich-lissabon\/\">Au\u00dfenanstrich Lissabon<\/a><\/p>\n<p><a href=\"https:\/\/canalizadordelisboa.pt\/de\/kuhlerabbau-lissabon\/\">Entfernung von Heizk\u00f6rpern Lissabon<\/a><\/p>\n<p><a href=\"https:\/\/canalizadordelisboa.pt\/de\/silikondichtung-lissabon\/\">Silikondichtung Lissabon<\/a><\/p>\n<p><a href=\"https:\/\/canalizadordelisboa.pt\/de\/undichte-badezimmer-lissabon\/\">Leckagen im Badezimmer Lissabon<\/a><\/p>\n<p><a href=\"https:\/\/canalizadordelisboa.pt\/de\/dach-undichtigkeiten-lissabon\/\">Dach undicht Lissabon<\/a><\/p>\n<p><a href=\"https:\/\/canalizadordelisboa.pt\/de\/mauer-undichtigkeiten-lissabon\/\">Wandleckagen Lissabon<\/a><\/p>\n<p><a href=\"https:\/\/canalizadordelisboa.pt\/de\/rohrleitungsaustausch-lissabon\/\">Rohrleitungsaustausch Lissabon<\/a><\/p>\n<p><a href=\"https:\/\/canalizadordelisboa.pt\/de\/austausch-von-sanitaranlagen-in-lissabon\/\">Austausch von Rohrleitungen Lissabon<\/a><\/p>","protected":false},"excerpt":{"rendered":"<p>Todos os servi\u00e7os em Lisboa: Canaliza\u00e7\u00e3o Casa de Banho Lisboa Canalizador 24 Horas Lisboa Canalizador Desentope Lisboa Canalizador Low Cost Lisboa Canalizador na Hora Lisboa Canalizador Urgente Lisboa Canalizadores 24h Lisboa Canalizadores Urgentes Lisboa Desentupimento de Esgoto Lisboa Desentupimentos Lisboa Desentupimentos Low Cost Lisboa Detec\u00e7\u00e3o de Fugas Lisboa Empresas de Canalizadores Lisboa Instala\u00e7\u00e3o de Aquecedores [&hellip;]<\/p>\n","protected":false},"author":1,"featured_media":0,"parent":0,"menu_order":0,"comment_status":"closed","ping_status":"closed","template":"","meta":{"iawp_total_views":68,"footnotes":""},"class_list":["post-3113","page","type-page","status-publish","hentry"],"yoast_head":"<!-- This site is optimized with the Yoast SEO plugin v27.4 - https:\/\/yoast.com\/product\/yoast-seo-wordpress\/ -->\n<title>Todos os artigos<\/title>\n<meta name=\"robots\" content=\"index, follow, max-snippet:-1, max-image-preview:large, max-video-preview:-1\" \/>\n<link rel=\"canonical\" href=\"https:\/\/canalizadordelisboa.pt\/de\/alle-artikel\/\" \/>\n<meta property=\"og:locale\" content=\"de_DE\" \/>\n<meta property=\"og:type\" content=\"article\" \/>\n<meta property=\"og:title\" content=\"Todos os artigos\" \/>\n<meta property=\"og:description\" content=\"Todos os servi\u00e7os em Lisboa: Canaliza\u00e7\u00e3o Casa de Banho Lisboa Canalizador 24 Horas Lisboa Canalizador Desentope Lisboa Canalizador Low Cost Lisboa Canalizador na Hora Lisboa Canalizador Urgente Lisboa Canalizadores 24h Lisboa Canalizadores Urgentes Lisboa Desentupimento de Esgoto Lisboa Desentupimentos Lisboa Desentupimentos Low Cost Lisboa Detec\u00e7\u00e3o de Fugas Lisboa Empresas de Canalizadores Lisboa Instala\u00e7\u00e3o de Aquecedores [&hellip;]\" \/>\n<meta property=\"og:url\" content=\"https:\/\/canalizadordelisboa.pt\/de\/alle-artikel\/\" \/>\n<meta property=\"og:site_name\" content=\"Canalizador de Lisboa\" \/>\n<meta property=\"article:modified_time\" content=\"2026-04-23T13:56:28+00:00\" \/>\n<meta name=\"twitter:card\" content=\"summary_large_image\" \/>\n<meta name=\"twitter:label1\" content=\"Gesch\u00e4tzte Lesezeit\" \/>\n\t<meta name=\"twitter:data1\" content=\"4\u00a0Minuten\" \/>\n<script type=\"application\/ld+json\" class=\"yoast-schema-graph\">{\"@context\":\"https:\\\/\\\/schema.org\",\"@graph\":[{\"@type\":\"WebPage\",\"@id\":\"https:\\\/\\\/canalizadordelisboa.pt\\\/todos-os-artigos\\\/\",\"url\":\"https:\\\/\\\/canalizadordelisboa.pt\\\/todos-os-artigos\\\/\",\"name\":\"Todos os artigos\",\"isPartOf\":{\"@id\":\"https:\\\/\\\/canalizadordelisboa.pt\\\/#website\"},\"datePublished\":\"2026-03-17T14:17:00+00:00\",\"dateModified\":\"2026-04-23T13:56:28+00:00\",\"breadcrumb\":{\"@id\":\"https:\\\/\\\/canalizadordelisboa.pt\\\/todos-os-artigos\\\/#breadcrumb\"},\"inLanguage\":\"de\",\"potentialAction\":[{\"@type\":\"ReadAction\",\"target\":[\"https:\\\/\\\/canalizadordelisboa.pt\\\/todos-os-artigos\\\/\"]}]},{\"@type\":\"BreadcrumbList\",\"@id\":\"https:\\\/\\\/canalizadordelisboa.pt\\\/todos-os-artigos\\\/#breadcrumb\",\"itemListElement\":[{\"@type\":\"ListItem\",\"position\":1,\"name\":\"Accueil\",\"item\":\"https:\\\/\\\/canalizadordelisboa.pt\\\/\"},{\"@type\":\"ListItem\",\"position\":2,\"name\":\"Todos os artigos\"}]},{\"@type\":\"WebSite\",\"@id\":\"https:\\\/\\\/canalizadordelisboa.pt\\\/#website\",\"url\":\"https:\\\/\\\/canalizadordelisboa.pt\\\/\",\"name\":\"Canalizador de Lisboa\",\"description\":\"Servi\u00e7os de canaliza\u00e7\u00e3o e desentupimentos de alta qualidade em Lisboa.\",\"potentialAction\":[{\"@type\":\"SearchAction\",\"target\":{\"@type\":\"EntryPoint\",\"urlTemplate\":\"https:\\\/\\\/canalizadordelisboa.pt\\\/?s={search_term_string}\"},\"query-input\":{\"@type\":\"PropertyValueSpecification\",\"valueRequired\":true,\"valueName\":\"search_term_string\"}}],\"inLanguage\":\"de\"}]}<\/script>\n<!-- \/ Yoast SEO plugin. -->","yoast_head_json":{"title":"Alle Artikel","robots":{"index":"index","follow":"follow","max-snippet":"max-snippet:-1","max-image-preview":"max-image-preview:large","max-video-preview":"max-video-preview:-1"},"canonical":"https:\/\/canalizadordelisboa.pt\/de\/alle-artikel\/","og_locale":"de_DE","og_type":"article","og_title":"Todos os artigos","og_description":"Todos os servi\u00e7os em Lisboa: Canaliza\u00e7\u00e3o Casa de Banho Lisboa Canalizador 24 Horas Lisboa Canalizador Desentope Lisboa Canalizador Low Cost Lisboa Canalizador na Hora Lisboa Canalizador Urgente Lisboa Canalizadores 24h Lisboa Canalizadores Urgentes Lisboa Desentupimento de Esgoto Lisboa Desentupimentos Lisboa Desentupimentos Low Cost Lisboa Detec\u00e7\u00e3o de Fugas Lisboa Empresas de Canalizadores Lisboa Instala\u00e7\u00e3o de Aquecedores [&hellip;]","og_url":"https:\/\/canalizadordelisboa.pt\/de\/alle-artikel\/","og_site_name":"Canalizador de Lisboa","article_modified_time":"2026-04-23T13:56:28+00:00","twitter_card":"summary_large_image","twitter_misc":{"Gesch\u00e4tzte Lesezeit":"4\u00a0Minuten"},"schema":{"@context":"https:\/\/schema.org","@graph":[{"@type":"WebPage","@id":"https:\/\/canalizadordelisboa.pt\/todos-os-artigos\/","url":"https:\/\/canalizadordelisboa.pt\/todos-os-artigos\/","name":"Alle Artikel","isPartOf":{"@id":"https:\/\/canalizadordelisboa.pt\/#website"},"datePublished":"2026-03-17T14:17:00+00:00","dateModified":"2026-04-23T13:56:28+00:00","breadcrumb":{"@id":"https:\/\/canalizadordelisboa.pt\/todos-os-artigos\/#breadcrumb"},"inLanguage":"de","potentialAction":[{"@type":"ReadAction","target":["https:\/\/canalizadordelisboa.pt\/todos-os-artigos\/"]}]},{"@type":"BreadcrumbList","@id":"https:\/\/canalizadordelisboa.pt\/todos-os-artigos\/#breadcrumb","itemListElement":[{"@type":"ListItem","position":1,"name":"Accueil","item":"https:\/\/canalizadordelisboa.pt\/"},{"@type":"ListItem","position":2,"name":"Todos os artigos"}]},{"@type":"WebSite","@id":"https:\/\/canalizadordelisboa.pt\/#website","url":"https:\/\/canalizadordelisboa.pt\/","name":"Canalizador de Lisboa","description":"Hochwertige Klempner- und Entw\u00e4sserungsdienstleistungen in Lissabon.","potentialAction":[{"@type":"SearchAction","target":{"@type":"EntryPoint","urlTemplate":"https:\/\/canalizadordelisboa.pt\/?s={search_term_string}"},"query-input":{"@type":"PropertyValueSpecification","valueRequired":true,"valueName":"search_term_string"}}],"inLanguage":"de"}]}},"_links":{"self":[{"href":"https:\/\/canalizadordelisboa.pt\/de\/wp-json\/wp\/v2\/pages\/3113","targetHints":{"allow":["GET"]}}],"collection":[{"href":"https:\/\/canalizadordelisboa.pt\/de\/wp-json\/wp\/v2\/pages"}],"about":[{"href":"https:\/\/canalizadordelisboa.pt\/de\/wp-json\/wp\/v2\/types\/page"}],"author":[{"embeddable":true,"href":"https:\/\/canalizadordelisboa.pt\/de\/wp-json\/wp\/v2\/users\/1"}],"replies":[{"embeddable":true,"href":"https:\/\/canalizadordelisboa.pt\/de\/wp-json\/wp\/v2\/comments?post=3113"}],"version-history":[{"count":55,"href":"https:\/\/canalizadordelisboa.pt\/de\/wp-json\/wp\/v2\/pages\/3113\/revisions"}],"predecessor-version":[{"id":3758,"href":"https:\/\/canalizadordelisboa.pt\/de\/wp-json\/wp\/v2\/pages\/3113\/revisions\/3758"}],"wp:attachment":[{"href":"https:\/\/canalizadordelisboa.pt\/de\/wp-json\/wp\/v2\/media?parent=3113"}],"curies":[{"name":"wp","href":"https:\/\/api.w.org\/{rel}","templated":true}]}}