{"id":3060,"date":"2024-06-20T14:46:30","date_gmt":"2024-06-20T14:46:30","guid":{"rendered":"https:\/\/canalizadordelisboa.pt\/?page_id=3060"},"modified":"2024-06-20T14:46:38","modified_gmt":"2024-06-20T14:46:38","slug":"installation-von-wasserhahnen-lissabon","status":"publish","type":"page","link":"https:\/\/canalizadordelisboa.pt\/de\/instalacao-de-torneiras-lisboa\/","title":{"rendered":"Wasserh\u00e4hne Installation Lissabon - Professionelle Dienstleistungen"},"content":{"rendered":"<p>Wenn Sie auf der Suche nach <strong>Installation von Wasserh\u00e4hnen in Lissabon<\/strong>Ihre Suche endet hier. Canalizador de Lisboabietet hochwertige Dienstleistungen f\u00fcr die Installation und den Austausch von Wasserh\u00e4hnen und garantiert Effizienz, Schnelligkeit und faire Preise. Unser Team aus erfahrenen Fachleuten ist immer bereit, daf\u00fcr zu sorgen, dass Ihre Armaturen perfekt funktionieren.<\/p>\n<h2>Warum einen Canalizador de Lisboa w\u00e4hlen?<\/h2>\n<p>Wir von Canalizador de Lisboa wissen, wie wichtig es ist, Armaturen korrekt und effizient zu installieren. Hier sind einige Gr\u00fcnde, warum sich unsere Kunden f\u00fcr uns entscheiden:<\/p>\n<ul>\n<li><strong>Fachwissen:<\/strong> Jahrelange Erfahrung in der Branche, die eine Vielzahl von Anforderungen an die Installation von Wasserh\u00e4hnen erf\u00fcllt.<\/li>\n<li><strong>Qualifizierte Fachleute:<\/strong> Unser Team besteht aus hochqualifizierten und zertifizierten Technikern, die f\u00fcr jede Situation gewappnet sind.<\/li>\n<li><strong>Moderne Ausstattung:<\/strong> Wir verwenden modernste Werkzeuge und Ger\u00e4te, um eine schnelle und effiziente Installation zu gew\u00e4hrleisten.<\/li>\n<li><strong>Kostenloses Angebot:<\/strong> Wir erstellen kostenlose und transparente Kostenvoranschl\u00e4ge f\u00fcr alle unsere Dienstleistungen.<\/li>\n<li><strong>Qualit\u00e4tssicherung:<\/strong> Alle unsere Arbeiten sind garantiert, was Ihnen Sicherheit und Vertrauen gibt.<\/li>\n<\/ul>\n<h2>Unsere Dienstleistungen zur Installation von Wasserh\u00e4hnen in Lissabon<\/h2>\n<p>Wir bieten eine breite Palette von Dienstleistungen f\u00fcr die Installation von Wasserh\u00e4hnen in Lissabon an, einschlie\u00dflich:<\/p>\n<ul>\n<li><strong>Einbau von Wasserh\u00e4hnen:<\/strong> Montage von Armaturen verschiedener Modelle und Typen, die eine sichere und effiziente Installation garantieren.<\/li>\n<li><strong>Ersetzen von Wasserh\u00e4hnen:<\/strong> Ausbau alter Armaturen und Einbau neuer Ger\u00e4te, die die Funktionalit\u00e4t und \u00c4sthetik Ihres Raumes verbessern.<\/li>\n<li><strong>Wasserh\u00e4hne reparieren:<\/strong> Wir reparieren Lecks und andere Probleme mit Wasserh\u00e4hnen und sorgen daf\u00fcr, dass sie wieder einwandfrei funktionieren.<\/li>\n<li><strong>Installation des Mischers:<\/strong> Anschluss und Installation von Mischern zur effizienten Mischung von Warm- und Kaltwasser.<\/li>\n<li><strong>Klempnerarbeiten:<\/strong> Anpassung der Wasserleitungen f\u00fcr die Installation von Wasserh\u00e4hnen, um ein effizientes System ohne Lecks zu gew\u00e4hrleisten.<\/li>\n<\/ul>\n<h2>Wie unser Wasserhahn-Installationsservice funktioniert<\/h2>\n<p>Unser Installationsverfahren ist einfach und effektiv:<\/p>\n<ul>\n<li><strong>Erste Anfrage:<\/strong> Wir nehmen Ihren Anruf entgegen und vereinbaren einen Vor-Ort-Termin, um die Situation und die spezifischen Bed\u00fcrfnisse zu beurteilen.<\/li>\n<li><strong>Die Diagnose:<\/strong> Wir setzen moderne Werkzeuge ein, um den besten Weg zur Durchf\u00fchrung der Installation zu ermitteln.<\/li>\n<li><strong>Haushalt:<\/strong> Wir erstellen einen kostenlosen und transparenten Kostenvoranschlag f\u00fcr die gew\u00fcnschte Dienstleistung.<\/li>\n<li><strong>Einbau:<\/strong> Bei der Installation verwenden wir hochwertige Materialien und fortschrittliche Techniken, damit die Armaturen perfekt eingebaut werden k\u00f6nnen.<\/li>\n<li><strong>Abschlusstest:<\/strong> Wir \u00fcberpr\u00fcfen die Funktionsweise der Wasserh\u00e4hne, um sicherzustellen, dass alles perfekt ist, bevor wir das Geb\u00e4ude verlassen.<\/li>\n<\/ul>\n<h2>Anzeichen, dass Sie einen neuen Wasserhahn brauchen<\/h2>\n<p>Einige h\u00e4ufige Anzeichen daf\u00fcr, dass Sie m\u00f6glicherweise einen neuen Wasserhahn ben\u00f6tigen, sind:<\/p>\n<ul>\n<li>Alte oder besch\u00e4digte Wasserh\u00e4hne.<\/li>\n<li>St\u00e4ndig lecken die Wasserh\u00e4hne.<\/li>\n<li>Schwierigkeiten beim \u00d6ffnen oder Schlie\u00dfen des Wasserhahns.<\/li>\n<li>Ich m\u00f6chte auf ein moderneres und effizienteres Modell umsteigen.<\/li>\n<\/ul>\n<h2>Vorteile der Beauftragung von Klempnern f\u00fcr die Installation von Wasserh\u00e4hnen in Lissabon<\/h2>\n<p>Die Investition in eine professionelle Installation von Wasserh\u00e4hnen bringt eine Reihe von Vorteilen mit sich, wie zum Beispiel:<\/p>\n<ul>\n<li><strong>Effizienz:<\/strong> Ein korrekt installierter Wasserhahn garantiert einen effizienten, leckagefreien Betrieb.<\/li>\n<li><strong>Komfort:<\/strong> Eine moderne, gut installierte Armatur sorgt f\u00fcr mehr Komfort und Zweckm\u00e4\u00dfigkeit im t\u00e4glichen Gebrauch.<\/li>\n<li><strong>\u00c4sthetik:<\/strong> Verbessern Sie das Aussehen Ihres Badezimmers oder Ihrer K\u00fcche mit stilvollen neuen Armaturen.<\/li>\n<li><strong>Bewertung von Immobilien:<\/strong> Der Einbau neuer Wasserh\u00e4hne kann den Marktwert Ihrer Immobilie erh\u00f6hen.<\/li>\n<\/ul>\n<h2>Kontaktieren Sie uns heute<\/h2>\n<p>Wenn Sie mit dem Gedanken spielen, neue Wasserh\u00e4hne in Lissabon einzubauen, sollten Sie keine Zeit verlieren. Wenden Sie sich an die Canalizador de Lisboa und vereinbaren Sie einen Termin. Wir sind bereit, Sie schnell und effizient zu bedienen und daf\u00fcr zu sorgen, dass Ihre Armaturen immer in perfektem Zustand sind.<\/p>","protected":false},"excerpt":{"rendered":"<p>Se voc\u00ea est\u00e1 \u00e0 procura de servi\u00e7os de instala\u00e7\u00e3o de torneiras em Lisboa, a sua busca termina aqui. A Canalizador de Lisboa oferece servi\u00e7os de instala\u00e7\u00e3o e substitui\u00e7\u00e3o de torneiras de alta qualidade, garantindo efici\u00eancia, rapidez e pre\u00e7os justos. Nossa equipe de profissionais experientes est\u00e1 sempre pronta para garantir que as suas torneiras estejam em [&hellip;]<\/p>\n","protected":false},"author":1,"featured_media":0,"parent":0,"menu_order":0,"comment_status":"closed","ping_status":"closed","template":"","meta":{"iawp_total_views":14,"footnotes":""},"class_list":["post-3060","page","type-page","status-publish","hentry"],"yoast_head":"<!-- This site is optimized with the Yoast SEO plugin v27.4 - https:\/\/yoast.com\/product\/yoast-seo-wordpress\/ -->\n<title>Instala\u00e7\u00e3o de Torneiras Lisboa - Servi\u00e7os Profissionais<\/title>\n<meta name=\"description\" content=\"Procura servi\u00e7os de instala\u00e7\u00e3o de torneiras em Lisboa? Canalizador de Lisboa oferece instala\u00e7\u00e3o e substitui\u00e7\u00e3o de torneiras com qualidade e efici\u00eancia.\" \/>\n<meta name=\"robots\" content=\"index, follow, max-snippet:-1, max-image-preview:large, max-video-preview:-1\" \/>\n<link rel=\"canonical\" href=\"https:\/\/canalizadordelisboa.pt\/de\/installation-von-wasserhahnen-lissabon\/\" \/>\n<meta property=\"og:locale\" content=\"de_DE\" \/>\n<meta property=\"og:type\" content=\"article\" \/>\n<meta property=\"og:title\" content=\"Instala\u00e7\u00e3o de Torneiras Lisboa - Servi\u00e7os Profissionais\" \/>\n<meta property=\"og:description\" content=\"Procura servi\u00e7os de instala\u00e7\u00e3o de torneiras em Lisboa? Canalizador de Lisboa oferece instala\u00e7\u00e3o e substitui\u00e7\u00e3o de torneiras com qualidade e efici\u00eancia.\" \/>\n<meta property=\"og:url\" content=\"https:\/\/canalizadordelisboa.pt\/de\/installation-von-wasserhahnen-lissabon\/\" \/>\n<meta property=\"og:site_name\" content=\"Canalizador de Lisboa\" \/>\n<meta property=\"article:modified_time\" content=\"2024-06-20T14:46:38+00:00\" \/>\n<meta name=\"twitter:card\" content=\"summary_large_image\" \/>\n<meta name=\"twitter:label1\" content=\"Gesch\u00e4tzte Lesezeit\" \/>\n\t<meta name=\"twitter:data1\" content=\"4\u00a0Minuten\" \/>\n<script type=\"application\/ld+json\" class=\"yoast-schema-graph\">{\"@context\":\"https:\\\/\\\/schema.org\",\"@graph\":[{\"@type\":\"WebPage\",\"@id\":\"https:\\\/\\\/canalizadordelisboa.pt\\\/instalacao-de-torneiras-lisboa\\\/\",\"url\":\"https:\\\/\\\/canalizadordelisboa.pt\\\/instalacao-de-torneiras-lisboa\\\/\",\"name\":\"Instala\u00e7\u00e3o de Torneiras Lisboa - Servi\u00e7os Profissionais\",\"isPartOf\":{\"@id\":\"https:\\\/\\\/canalizadordelisboa.pt\\\/#website\"},\"datePublished\":\"2024-06-20T14:46:30+00:00\",\"dateModified\":\"2024-06-20T14:46:38+00:00\",\"description\":\"Procura servi\u00e7os de instala\u00e7\u00e3o de torneiras em Lisboa? Canalizador de Lisboa oferece instala\u00e7\u00e3o e substitui\u00e7\u00e3o de torneiras com qualidade e efici\u00eancia.\",\"breadcrumb\":{\"@id\":\"https:\\\/\\\/canalizadordelisboa.pt\\\/instalacao-de-torneiras-lisboa\\\/#breadcrumb\"},\"inLanguage\":\"de\",\"potentialAction\":[{\"@type\":\"ReadAction\",\"target\":[\"https:\\\/\\\/canalizadordelisboa.pt\\\/instalacao-de-torneiras-lisboa\\\/\"]}]},{\"@type\":\"BreadcrumbList\",\"@id\":\"https:\\\/\\\/canalizadordelisboa.pt\\\/instalacao-de-torneiras-lisboa\\\/#breadcrumb\",\"itemListElement\":[{\"@type\":\"ListItem\",\"position\":1,\"name\":\"Accueil\",\"item\":\"https:\\\/\\\/canalizadordelisboa.pt\\\/\"},{\"@type\":\"ListItem\",\"position\":2,\"name\":\"Instala\u00e7\u00e3o de Torneiras Lisboa &#8211; Servi\u00e7os Profissionais\"}]},{\"@type\":\"WebSite\",\"@id\":\"https:\\\/\\\/canalizadordelisboa.pt\\\/#website\",\"url\":\"https:\\\/\\\/canalizadordelisboa.pt\\\/\",\"name\":\"Canalizador de Lisboa\",\"description\":\"Servi\u00e7os de canaliza\u00e7\u00e3o e desentupimentos de alta qualidade em Lisboa.\",\"potentialAction\":[{\"@type\":\"SearchAction\",\"target\":{\"@type\":\"EntryPoint\",\"urlTemplate\":\"https:\\\/\\\/canalizadordelisboa.pt\\\/?s={search_term_string}\"},\"query-input\":{\"@type\":\"PropertyValueSpecification\",\"valueRequired\":true,\"valueName\":\"search_term_string\"}}],\"inLanguage\":\"de\"}]}<\/script>\n<!-- \/ Yoast SEO plugin. -->","yoast_head_json":{"title":"Wasserh\u00e4hne Installation Lissabon - Professionelle Dienstleistungen","description":"Suchen Sie nach Dienstleistungen f\u00fcr den Einbau von Wasserh\u00e4hnen in Lissabon? Canalizador de Lisboa bietet Qualit\u00e4t und effiziente Installation und Austausch von Wasserh\u00e4hnen.","robots":{"index":"index","follow":"follow","max-snippet":"max-snippet:-1","max-image-preview":"max-image-preview:large","max-video-preview":"max-video-preview:-1"},"canonical":"https:\/\/canalizadordelisboa.pt\/de\/installation-von-wasserhahnen-lissabon\/","og_locale":"de_DE","og_type":"article","og_title":"Instala\u00e7\u00e3o de Torneiras Lisboa - Servi\u00e7os Profissionais","og_description":"Procura servi\u00e7os de instala\u00e7\u00e3o de torneiras em Lisboa? Canalizador de Lisboa oferece instala\u00e7\u00e3o e substitui\u00e7\u00e3o de torneiras com qualidade e efici\u00eancia.","og_url":"https:\/\/canalizadordelisboa.pt\/de\/installation-von-wasserhahnen-lissabon\/","og_site_name":"Canalizador de Lisboa","article_modified_time":"2024-06-20T14:46:38+00:00","twitter_card":"summary_large_image","twitter_misc":{"Gesch\u00e4tzte Lesezeit":"4\u00a0Minuten"},"schema":{"@context":"https:\/\/schema.org","@graph":[{"@type":"WebPage","@id":"https:\/\/canalizadordelisboa.pt\/instalacao-de-torneiras-lisboa\/","url":"https:\/\/canalizadordelisboa.pt\/instalacao-de-torneiras-lisboa\/","name":"Wasserh\u00e4hne Installation Lissabon - Professionelle Dienstleistungen","isPartOf":{"@id":"https:\/\/canalizadordelisboa.pt\/#website"},"datePublished":"2024-06-20T14:46:30+00:00","dateModified":"2024-06-20T14:46:38+00:00","description":"Suchen Sie nach Dienstleistungen f\u00fcr den Einbau von Wasserh\u00e4hnen in Lissabon? Canalizador de Lisboa bietet Qualit\u00e4t und effiziente Installation und Austausch von Wasserh\u00e4hnen.","breadcrumb":{"@id":"https:\/\/canalizadordelisboa.pt\/instalacao-de-torneiras-lisboa\/#breadcrumb"},"inLanguage":"de","potentialAction":[{"@type":"ReadAction","target":["https:\/\/canalizadordelisboa.pt\/instalacao-de-torneiras-lisboa\/"]}]},{"@type":"BreadcrumbList","@id":"https:\/\/canalizadordelisboa.pt\/instalacao-de-torneiras-lisboa\/#breadcrumb","itemListElement":[{"@type":"ListItem","position":1,"name":"Accueil","item":"https:\/\/canalizadordelisboa.pt\/"},{"@type":"ListItem","position":2,"name":"Instala\u00e7\u00e3o de Torneiras Lisboa &#8211; Servi\u00e7os Profissionais"}]},{"@type":"WebSite","@id":"https:\/\/canalizadordelisboa.pt\/#website","url":"https:\/\/canalizadordelisboa.pt\/","name":"Canalizador de Lisboa","description":"Hochwertige Klempner- und Entw\u00e4sserungsdienstleistungen in Lissabon.","potentialAction":[{"@type":"SearchAction","target":{"@type":"EntryPoint","urlTemplate":"https:\/\/canalizadordelisboa.pt\/?s={search_term_string}"},"query-input":{"@type":"PropertyValueSpecification","valueRequired":true,"valueName":"search_term_string"}}],"inLanguage":"de"}]}},"_links":{"self":[{"href":"https:\/\/canalizadordelisboa.pt\/de\/wp-json\/wp\/v2\/pages\/3060","targetHints":{"allow":["GET"]}}],"collection":[{"href":"https:\/\/canalizadordelisboa.pt\/de\/wp-json\/wp\/v2\/pages"}],"about":[{"href":"https:\/\/canalizadordelisboa.pt\/de\/wp-json\/wp\/v2\/types\/page"}],"author":[{"embeddable":true,"href":"https:\/\/canalizadordelisboa.pt\/de\/wp-json\/wp\/v2\/users\/1"}],"replies":[{"embeddable":true,"href":"https:\/\/canalizadordelisboa.pt\/de\/wp-json\/wp\/v2\/comments?post=3060"}],"version-history":[{"count":1,"href":"https:\/\/canalizadordelisboa.pt\/de\/wp-json\/wp\/v2\/pages\/3060\/revisions"}],"predecessor-version":[{"id":3061,"href":"https:\/\/canalizadordelisboa.pt\/de\/wp-json\/wp\/v2\/pages\/3060\/revisions\/3061"}],"wp:attachment":[{"href":"https:\/\/canalizadordelisboa.pt\/de\/wp-json\/wp\/v2\/media?parent=3060"}],"curies":[{"name":"wp","href":"https:\/\/api.w.org\/{rel}","templated":true}]}}