{"id":3058,"date":"2024-06-20T14:41:07","date_gmt":"2024-06-20T14:41:07","guid":{"rendered":"https:\/\/canalizadordelisboa.pt\/?page_id=3058"},"modified":"2024-06-20T14:41:14","modified_gmt":"2024-06-20T14:41:14","slug":"installation-von-bewasserungsanlagen-lissabon","status":"publish","type":"page","link":"https:\/\/canalizadordelisboa.pt\/de\/instalacao-de-sistemas-de-rega-lisboa\/","title":{"rendered":"Installation von Bew\u00e4sserungsanlagen Lissabon - Professionelle Dienstleistungen"},"content":{"rendered":"<p>Wenn Sie auf der Suche nach <strong>Installation von Bew\u00e4sserungsanlagen in Lissabon<\/strong>Ihre Suche endet hier. Canalizador de Lisboa bietet hochwertige Dienstleistungen f\u00fcr die Installation von Bew\u00e4sserungssystemen und garantiert Effizienz, Schnelligkeit und faire Preise. Unser Team von erfahrenen Fachleuten ist immer bereit, daf\u00fcr zu sorgen, dass Ihr Garten oder Ihre Gr\u00fcnfl\u00e4che die richtige Bew\u00e4sserung erh\u00e4lt.<\/p>\n<h2>Warum einen Canalizador de Lisboa w\u00e4hlen?<\/h2>\n<p>Wir von Canalizador de Lisboa wissen, wie wichtig ein effizientes Bew\u00e4sserungssystem ist. Hier sind einige Gr\u00fcnde, warum unsere Kunden uns w\u00e4hlen:<\/p>\n<ul>\n<li><strong>Fachwissen:<\/strong> Jahrelange Erfahrung in der Branche, die eine Vielzahl von Anforderungen an die Installation von Bew\u00e4sserungssystemen erf\u00fcllt.<\/li>\n<li><strong>Qualifizierte Fachleute:<\/strong> Unser Team besteht aus hochqualifizierten und zertifizierten Technikern, die f\u00fcr jede Situation gewappnet sind.<\/li>\n<li><strong>Moderne Ausstattung:<\/strong> Wir verwenden modernste Werkzeuge und Ger\u00e4te, um eine schnelle und effiziente Installation zu gew\u00e4hrleisten.<\/li>\n<li><strong>Kostenloses Angebot:<\/strong> Wir erstellen kostenlose und transparente Kostenvoranschl\u00e4ge f\u00fcr alle unsere Dienstleistungen.<\/li>\n<li><strong>Qualit\u00e4tssicherung:<\/strong> Alle unsere Arbeiten sind garantiert, was Ihnen Sicherheit und Vertrauen gibt.<\/li>\n<\/ul>\n<h2>Unsere Dienstleistungen bei der Installation von Bew\u00e4sserungssystemen in Lissabon<\/h2>\n<p>Wir bieten eine breite Palette von Dienstleistungen f\u00fcr die Installation von Bew\u00e4sserungssystemen in Lissabon an, darunter:<\/p>\n<ul>\n<li><strong>Installation von automatischen Bew\u00e4sserungssystemen:<\/strong> Installation von automatischen Bew\u00e4sserungssystemen f\u00fcr G\u00e4rten, die eine effiziente und programmierte Bew\u00e4sserung garantieren.<\/li>\n<li><strong>Erneuerung der Bew\u00e4sserungssysteme:<\/strong> Entfernung alter und Installation neuer Systeme zur Verbesserung der Bew\u00e4sserungseffizienz und -abdeckung.<\/li>\n<li><strong>Reparatur von Bew\u00e4sserungsanlagen:<\/strong> Wir reparieren undichte Stellen und andere Probleme in Bew\u00e4sserungssystemen und sorgen daf\u00fcr, dass sie wieder einwandfrei funktionieren.<\/li>\n<li><strong>Vorbeugende Wartung:<\/strong> Regelm\u00e4\u00dfige Wartungsdienste, um sicherzustellen, dass Ihr Bew\u00e4sserungssystem effizient und sicher funktioniert.<\/li>\n<li><strong>Installation von Mikro-Bew\u00e4sserungssystemen:<\/strong> Anschluss und Installation von Mikro-Bew\u00e4sserungssystemen f\u00fcr eine pr\u00e4zise und wirtschaftliche Bew\u00e4sserung.<\/li>\n<\/ul>\n<h2>Wie unser Bew\u00e4sserungssystem-Installationsservice funktioniert<\/h2>\n<p>Unser Installationsverfahren ist einfach und effektiv:<\/p>\n<ul>\n<li><strong>Erste Anfrage:<\/strong> Wir nehmen Ihren Anruf entgegen und vereinbaren einen Vor-Ort-Termin, um die Situation und die spezifischen Bed\u00fcrfnisse zu beurteilen.<\/li>\n<li><strong>Die Diagnose:<\/strong> Wir setzen moderne Werkzeuge ein, um den besten Weg zur Durchf\u00fchrung der Installation zu ermitteln.<\/li>\n<li><strong>Haushalt:<\/strong> Wir erstellen einen kostenlosen und transparenten Kostenvoranschlag f\u00fcr die gew\u00fcnschte Dienstleistung.<\/li>\n<li><strong>Einbau:<\/strong> Wir f\u00fchren die Installation mit hochwertigen Materialien und fortschrittlichen Techniken durch und sorgen daf\u00fcr, dass das Bew\u00e4sserungssystem perfekt installiert wird.<\/li>\n<li><strong>Abschlusstest:<\/strong> Wir \u00fcberpr\u00fcfen die Funktionsweise des Bew\u00e4sserungssystems, um sicherzustellen, dass alles perfekt ist, bevor wir die Baustelle verlassen.<\/li>\n<\/ul>\n<h2>Anzeichen, dass Sie ein neues Bew\u00e4sserungssystem ben\u00f6tigen<\/h2>\n<p>Einige h\u00e4ufige Anzeichen daf\u00fcr, dass Sie m\u00f6glicherweise ein neues Bew\u00e4sserungssystem ben\u00f6tigen, sind<\/p>\n<ul>\n<li>Alte oder ineffiziente Bew\u00e4sserungssysteme.<\/li>\n<li>Bereiche des Gartens, die nicht ausreichend bew\u00e4ssert werden.<\/li>\n<li>St\u00e4ndige Probleme mit Lecks oder Ausf\u00e4llen im Bew\u00e4sserungssystem.<\/li>\n<li>Ich m\u00f6chte auf ein moderneres und effizienteres System umsteigen.<\/li>\n<\/ul>\n<h2>Vorteile der Beauftragung von Klempnern f\u00fcr die Installation von Bew\u00e4sserungssystemen in Lissabon<\/h2>\n<p>Die Investition in eine professionelle Installation von Bew\u00e4sserungssystemen bringt mehrere Vorteile mit sich, wie zum Beispiel:<\/p>\n<ul>\n<li><strong>Effizienz:<\/strong> Ein korrekt installiertes Bew\u00e4sserungssystem garantiert eine gleichm\u00e4\u00dfige und effiziente Bew\u00e4sserung und spart Wasser.<\/li>\n<li><strong>Bequemlichkeit:<\/strong> Automatische Bew\u00e4sserungssysteme erm\u00f6glichen eine pr\u00e4zise Programmierung, die Sie von der manuellen Bew\u00e4sserung entlastet.<\/li>\n<li><strong>Pflanzengesundheit:<\/strong> Ein effizientes Bew\u00e4sserungssystem versorgt die Pflanzen mit der richtigen Menge an Wasser und f\u00f6rdert so ein gesundes Wachstum.<\/li>\n<li><strong>Bewertung von Immobilien:<\/strong> Ein gut gepflegter und bew\u00e4sserter Garten steigert die \u00c4sthetik und den Marktwert Ihrer Immobilie.<\/li>\n<\/ul>\n<h2>Kontaktieren Sie uns heute<\/h2>\n<p>Wenn Sie mit dem Gedanken spielen, eine neue Bew\u00e4sserungsanlage in Lissabon zu installieren, sollten Sie keine Zeit verlieren. Nehmen Sie Kontakt mit Canalizador de Lisboa auf und vereinbaren Sie einen Termin. Wir sind bereit, Sie schnell und effizient zu bedienen und sicherzustellen, dass Ihr Bew\u00e4sserungssystem immer in perfektem Zustand ist.<\/p>","protected":false},"excerpt":{"rendered":"<p>Se voc\u00ea est\u00e1 \u00e0 procura de servi\u00e7os de instala\u00e7\u00e3o de sistemas de rega em Lisboa, a sua busca termina aqui. A Canalizador de Lisboa oferece servi\u00e7os de instala\u00e7\u00e3o de sistemas de rega de alta qualidade, garantindo efici\u00eancia, rapidez e pre\u00e7os justos. Nossa equipe de profissionais experientes est\u00e1 sempre pronta para garantir que o seu jardim [&hellip;]<\/p>\n","protected":false},"author":1,"featured_media":0,"parent":0,"menu_order":0,"comment_status":"closed","ping_status":"closed","template":"","meta":{"iawp_total_views":30,"footnotes":""},"class_list":["post-3058","page","type-page","status-publish","hentry"],"yoast_head":"<!-- This site is optimized with the Yoast SEO plugin v27.4 - https:\/\/yoast.com\/product\/yoast-seo-wordpress\/ -->\n<title>Instala\u00e7\u00e3o de Sistemas de Rega Lisboa - Servi\u00e7os Profissionais<\/title>\n<meta name=\"description\" content=\"Procura servi\u00e7os de instala\u00e7\u00e3o de sistemas de rega em Lisboa? Canalizador de Lisboa oferece instala\u00e7\u00e3o de sistemas de rega com qualidade e efici\u00eancia.\" \/>\n<meta name=\"robots\" content=\"index, follow, max-snippet:-1, max-image-preview:large, max-video-preview:-1\" \/>\n<link rel=\"canonical\" href=\"https:\/\/canalizadordelisboa.pt\/de\/installation-von-bewasserungsanlagen-lissabon\/\" \/>\n<meta property=\"og:locale\" content=\"de_DE\" \/>\n<meta property=\"og:type\" content=\"article\" \/>\n<meta property=\"og:title\" content=\"Instala\u00e7\u00e3o de Sistemas de Rega Lisboa - Servi\u00e7os Profissionais\" \/>\n<meta property=\"og:description\" content=\"Procura servi\u00e7os de instala\u00e7\u00e3o de sistemas de rega em Lisboa? Canalizador de Lisboa oferece instala\u00e7\u00e3o de sistemas de rega com qualidade e efici\u00eancia.\" \/>\n<meta property=\"og:url\" content=\"https:\/\/canalizadordelisboa.pt\/de\/installation-von-bewasserungsanlagen-lissabon\/\" \/>\n<meta property=\"og:site_name\" content=\"Canalizador de Lisboa\" \/>\n<meta property=\"article:modified_time\" content=\"2024-06-20T14:41:14+00:00\" \/>\n<meta name=\"twitter:card\" content=\"summary_large_image\" \/>\n<meta name=\"twitter:label1\" content=\"Gesch\u00e4tzte Lesezeit\" \/>\n\t<meta name=\"twitter:data1\" content=\"4\u00a0Minuten\" \/>\n<script type=\"application\/ld+json\" class=\"yoast-schema-graph\">{\"@context\":\"https:\\\/\\\/schema.org\",\"@graph\":[{\"@type\":\"WebPage\",\"@id\":\"https:\\\/\\\/canalizadordelisboa.pt\\\/instalacao-de-sistemas-de-rega-lisboa\\\/\",\"url\":\"https:\\\/\\\/canalizadordelisboa.pt\\\/instalacao-de-sistemas-de-rega-lisboa\\\/\",\"name\":\"Instala\u00e7\u00e3o de Sistemas de Rega Lisboa - Servi\u00e7os Profissionais\",\"isPartOf\":{\"@id\":\"https:\\\/\\\/canalizadordelisboa.pt\\\/#website\"},\"datePublished\":\"2024-06-20T14:41:07+00:00\",\"dateModified\":\"2024-06-20T14:41:14+00:00\",\"description\":\"Procura servi\u00e7os de instala\u00e7\u00e3o de sistemas de rega em Lisboa? Canalizador de Lisboa oferece instala\u00e7\u00e3o de sistemas de rega com qualidade e efici\u00eancia.\",\"breadcrumb\":{\"@id\":\"https:\\\/\\\/canalizadordelisboa.pt\\\/instalacao-de-sistemas-de-rega-lisboa\\\/#breadcrumb\"},\"inLanguage\":\"de\",\"potentialAction\":[{\"@type\":\"ReadAction\",\"target\":[\"https:\\\/\\\/canalizadordelisboa.pt\\\/instalacao-de-sistemas-de-rega-lisboa\\\/\"]}]},{\"@type\":\"BreadcrumbList\",\"@id\":\"https:\\\/\\\/canalizadordelisboa.pt\\\/instalacao-de-sistemas-de-rega-lisboa\\\/#breadcrumb\",\"itemListElement\":[{\"@type\":\"ListItem\",\"position\":1,\"name\":\"Accueil\",\"item\":\"https:\\\/\\\/canalizadordelisboa.pt\\\/\"},{\"@type\":\"ListItem\",\"position\":2,\"name\":\"Instala\u00e7\u00e3o de Sistemas de Rega Lisboa &#8211; Servi\u00e7os Profissionais\"}]},{\"@type\":\"WebSite\",\"@id\":\"https:\\\/\\\/canalizadordelisboa.pt\\\/#website\",\"url\":\"https:\\\/\\\/canalizadordelisboa.pt\\\/\",\"name\":\"Canalizador de Lisboa\",\"description\":\"Servi\u00e7os de canaliza\u00e7\u00e3o e desentupimentos de alta qualidade em Lisboa.\",\"potentialAction\":[{\"@type\":\"SearchAction\",\"target\":{\"@type\":\"EntryPoint\",\"urlTemplate\":\"https:\\\/\\\/canalizadordelisboa.pt\\\/?s={search_term_string}\"},\"query-input\":{\"@type\":\"PropertyValueSpecification\",\"valueRequired\":true,\"valueName\":\"search_term_string\"}}],\"inLanguage\":\"de\"}]}<\/script>\n<!-- \/ Yoast SEO plugin. -->","yoast_head_json":{"title":"Installation von Bew\u00e4sserungsanlagen Lissabon - Professionelle Dienstleistungen","description":"Suchen Sie nach Dienstleistungen f\u00fcr die Installation von Bew\u00e4sserungssystemen in Lissabon? Canalizador de Lisboa bietet die Installation von Bew\u00e4sserungssystemen mit Qualit\u00e4t und Effizienz.","robots":{"index":"index","follow":"follow","max-snippet":"max-snippet:-1","max-image-preview":"max-image-preview:large","max-video-preview":"max-video-preview:-1"},"canonical":"https:\/\/canalizadordelisboa.pt\/de\/installation-von-bewasserungsanlagen-lissabon\/","og_locale":"de_DE","og_type":"article","og_title":"Instala\u00e7\u00e3o de Sistemas de Rega Lisboa - Servi\u00e7os Profissionais","og_description":"Procura servi\u00e7os de instala\u00e7\u00e3o de sistemas de rega em Lisboa? Canalizador de Lisboa oferece instala\u00e7\u00e3o de sistemas de rega com qualidade e efici\u00eancia.","og_url":"https:\/\/canalizadordelisboa.pt\/de\/installation-von-bewasserungsanlagen-lissabon\/","og_site_name":"Canalizador de Lisboa","article_modified_time":"2024-06-20T14:41:14+00:00","twitter_card":"summary_large_image","twitter_misc":{"Gesch\u00e4tzte Lesezeit":"4\u00a0Minuten"},"schema":{"@context":"https:\/\/schema.org","@graph":[{"@type":"WebPage","@id":"https:\/\/canalizadordelisboa.pt\/instalacao-de-sistemas-de-rega-lisboa\/","url":"https:\/\/canalizadordelisboa.pt\/instalacao-de-sistemas-de-rega-lisboa\/","name":"Installation von Bew\u00e4sserungsanlagen Lissabon - Professionelle Dienstleistungen","isPartOf":{"@id":"https:\/\/canalizadordelisboa.pt\/#website"},"datePublished":"2024-06-20T14:41:07+00:00","dateModified":"2024-06-20T14:41:14+00:00","description":"Suchen Sie nach Dienstleistungen f\u00fcr die Installation von Bew\u00e4sserungssystemen in Lissabon? Canalizador de Lisboa bietet die Installation von Bew\u00e4sserungssystemen mit Qualit\u00e4t und Effizienz.","breadcrumb":{"@id":"https:\/\/canalizadordelisboa.pt\/instalacao-de-sistemas-de-rega-lisboa\/#breadcrumb"},"inLanguage":"de","potentialAction":[{"@type":"ReadAction","target":["https:\/\/canalizadordelisboa.pt\/instalacao-de-sistemas-de-rega-lisboa\/"]}]},{"@type":"BreadcrumbList","@id":"https:\/\/canalizadordelisboa.pt\/instalacao-de-sistemas-de-rega-lisboa\/#breadcrumb","itemListElement":[{"@type":"ListItem","position":1,"name":"Accueil","item":"https:\/\/canalizadordelisboa.pt\/"},{"@type":"ListItem","position":2,"name":"Instala\u00e7\u00e3o de Sistemas de Rega Lisboa &#8211; Servi\u00e7os Profissionais"}]},{"@type":"WebSite","@id":"https:\/\/canalizadordelisboa.pt\/#website","url":"https:\/\/canalizadordelisboa.pt\/","name":"Canalizador de Lisboa","description":"Hochwertige Klempner- und Entw\u00e4sserungsdienstleistungen in Lissabon.","potentialAction":[{"@type":"SearchAction","target":{"@type":"EntryPoint","urlTemplate":"https:\/\/canalizadordelisboa.pt\/?s={search_term_string}"},"query-input":{"@type":"PropertyValueSpecification","valueRequired":true,"valueName":"search_term_string"}}],"inLanguage":"de"}]}},"_links":{"self":[{"href":"https:\/\/canalizadordelisboa.pt\/de\/wp-json\/wp\/v2\/pages\/3058","targetHints":{"allow":["GET"]}}],"collection":[{"href":"https:\/\/canalizadordelisboa.pt\/de\/wp-json\/wp\/v2\/pages"}],"about":[{"href":"https:\/\/canalizadordelisboa.pt\/de\/wp-json\/wp\/v2\/types\/page"}],"author":[{"embeddable":true,"href":"https:\/\/canalizadordelisboa.pt\/de\/wp-json\/wp\/v2\/users\/1"}],"replies":[{"embeddable":true,"href":"https:\/\/canalizadordelisboa.pt\/de\/wp-json\/wp\/v2\/comments?post=3058"}],"version-history":[{"count":1,"href":"https:\/\/canalizadordelisboa.pt\/de\/wp-json\/wp\/v2\/pages\/3058\/revisions"}],"predecessor-version":[{"id":3059,"href":"https:\/\/canalizadordelisboa.pt\/de\/wp-json\/wp\/v2\/pages\/3058\/revisions\/3059"}],"wp:attachment":[{"href":"https:\/\/canalizadordelisboa.pt\/de\/wp-json\/wp\/v2\/media?parent=3058"}],"curies":[{"name":"wp","href":"https:\/\/api.w.org\/{rel}","templated":true}]}}