{"id":3050,"date":"2024-06-20T14:22:48","date_gmt":"2024-06-20T14:22:48","guid":{"rendered":"https:\/\/canalizadordelisboa.pt\/?page_id=3050"},"modified":"2024-06-20T14:22:56","modified_gmt":"2024-06-20T14:22:56","slug":"installation-von-haushaltsgeraten-lissabon","status":"publish","type":"page","link":"https:\/\/canalizadordelisboa.pt\/de\/instalacao-de-eletrodomesticos-lisboa\/","title":{"rendered":"Installation von Haushaltsger\u00e4ten Lissabon - Professionelle Dienstleistungen"},"content":{"rendered":"<p>Wenn Sie auf der Suche nach <strong>Installation von Haushaltsger\u00e4ten in Lissabon<\/strong>Ihre Suche endet hier. Canalizador de Lisboa bietet qualitativ hochwertige Dienstleistungen f\u00fcr die Installation von Haushaltsger\u00e4ten und garantiert Effizienz, Schnelligkeit und faire Preise. Unser Team aus erfahrenen Fachleuten ist immer bereit, daf\u00fcr zu sorgen, dass Ihre Ger\u00e4te korrekt und sicher installiert werden.<\/p>\n<h2>Warum einen Canalizador de Lisboa w\u00e4hlen?<\/h2>\n<p>Wir von Canalizador de Lisboa wissen, wie wichtig die korrekte und effiziente Installation von Haushaltsger\u00e4ten ist. Hier sind einige Gr\u00fcnde, warum sich unsere Kunden f\u00fcr uns entscheiden:<\/p>\n<ul>\n<li><strong>Fachwissen:<\/strong> Jahrelange Erfahrung in der Branche, die eine Vielzahl von Anforderungen an die Installation von Ger\u00e4ten erf\u00fcllt.<\/li>\n<li><strong>Qualifizierte Fachleute:<\/strong> Unser Team besteht aus hochqualifizierten und zertifizierten Technikern, die f\u00fcr jede Situation gewappnet sind.<\/li>\n<li><strong>Moderne Ausstattung:<\/strong> Wir verwenden modernste Werkzeuge und Ger\u00e4te, um eine schnelle und effiziente Installation zu gew\u00e4hrleisten.<\/li>\n<li><strong>Kostenloses Angebot:<\/strong> Wir erstellen kostenlose und transparente Kostenvoranschl\u00e4ge f\u00fcr alle unsere Dienstleistungen.<\/li>\n<li><strong>Qualit\u00e4tssicherung:<\/strong> Alle unsere Arbeiten sind garantiert, was Ihnen Sicherheit und Vertrauen gibt.<\/li>\n<\/ul>\n<h2>Unsere Dienstleistungen f\u00fcr die Installation von Haushaltsger\u00e4ten in Lissabon<\/h2>\n<p>Wir bieten eine breite Palette von Dienstleistungen f\u00fcr die Installation von Haushaltsger\u00e4ten in Lissabon an, darunter:<\/p>\n<ul>\n<li><strong>Installation einer Waschmaschine:<\/strong> Anschluss und Installation von Waschmaschinen, um einen effizienten und leckagefreien Betrieb zu gew\u00e4hrleisten.<\/li>\n<li><strong>Einbau eines Geschirrsp\u00fclers:<\/strong> Anschluss und Einbau von Geschirrsp\u00fclern, um eine perfekte Integration in Ihre K\u00fcche zu gew\u00e4hrleisten.<\/li>\n<li><strong>Einbau von Herden und Back\u00f6fen:<\/strong> Montage und Anschluss von Elektro- oder Gasherden und Back\u00f6fen, um Sicherheit und Effizienz zu gew\u00e4hrleisten.<\/li>\n<li><strong>Einbau eines K\u00fchlschranks:<\/strong> Installation von K\u00fchlschr\u00e4nken, ggf. Sicherstellung eines ordnungsgem\u00e4\u00dfen Anschlusses an das Wassersystem.<\/li>\n<li><strong>Einbau von Mikrowellen:<\/strong> Montage und Installation von Einbau- oder Arbeitsplattenmikrowellen, Gew\u00e4hrleistung eines korrekten und sicheren Betriebs.<\/li>\n<li><strong>Installation von Abluftventilatoren:<\/strong> Installation von Dunstabzugshauben zur Gew\u00e4hrleistung einer angemessenen Bel\u00fcftung in Ihrer K\u00fcche.<\/li>\n<li><strong>Installation eines Warmwasserbereiters:<\/strong> Anschluss und Installation von elektrischen oder gasbetriebenen Warmwasserbereitern, die eine konstante Versorgung mit warmem Wasser gew\u00e4hrleisten.<\/li>\n<li><strong>Klempnerarbeiten:<\/strong> Montage von Wasser- und Gasleitungen f\u00fcr die Installation von Haushaltsger\u00e4ten, um ein effizientes und leckfreies System zu gew\u00e4hrleisten.<\/li>\n<\/ul>\n<h2>So funktioniert unser Installationsdienst f\u00fcr Haushaltsger\u00e4te<\/h2>\n<p>Unser Installationsverfahren ist einfach und effektiv:<\/p>\n<ul>\n<li><strong>Erste Anfrage:<\/strong> Wir nehmen Ihren Anruf entgegen und vereinbaren einen Vor-Ort-Termin, um die Situation und die spezifischen Bed\u00fcrfnisse zu beurteilen.<\/li>\n<li><strong>Die Diagnose:<\/strong> Wir setzen moderne Werkzeuge ein, um den besten Weg zur Durchf\u00fchrung der Installation zu ermitteln.<\/li>\n<li><strong>Haushalt:<\/strong> Wir erstellen einen kostenlosen und transparenten Kostenvoranschlag f\u00fcr die gew\u00fcnschte Dienstleistung.<\/li>\n<li><strong>Einbau:<\/strong> Wir f\u00fchren die Installation mit hochwertigen Materialien und fortschrittlichen Techniken durch und sorgen daf\u00fcr, dass das Ger\u00e4t perfekt installiert wird.<\/li>\n<li><strong>Abschlusstest:<\/strong> Wir \u00fcberpr\u00fcfen die Funktionsweise des Ger\u00e4ts, um sicherzustellen, dass alles perfekt ist, bevor wir das Haus verlassen.<\/li>\n<\/ul>\n<h2>Anzeichen daf\u00fcr, dass Sie einen Installationsdienst f\u00fcr Haushaltsger\u00e4te ben\u00f6tigen<\/h2>\n<p>Einige h\u00e4ufige Anzeichen daf\u00fcr, dass Sie eine Ger\u00e4teinstallation ben\u00f6tigen, sind:<\/p>\n<ul>\n<li>Kauf eines neuen Ger\u00e4ts, das eine professionelle Installation erfordert.<\/li>\n<li>Ersetzen eines alten Ger\u00e4ts durch ein neues Modell.<\/li>\n<li>Die Notwendigkeit, eine sichere und effiziente Installation zu gew\u00e4hrleisten.<\/li>\n<li>Integration von Einbauger\u00e4ten in der K\u00fcche.<\/li>\n<\/ul>\n<h2>Vorteile der Beauftragung von Klempnern f\u00fcr die Installation von Haushaltsger\u00e4ten in Lissabon<\/h2>\n<p>Die Investition in einen professionellen Hausger\u00e4te-Installationsservice bringt mehrere Vorteile mit sich, wie z. B:<\/p>\n<ul>\n<li><strong>Sicherheit:<\/strong> Garantieren Sie, dass die Installation von qualifiziertem Fachpersonal durchgef\u00fchrt wurde, um das Risiko von Unf\u00e4llen und Sch\u00e4den zu minimieren.<\/li>\n<li><strong>Effizienz:<\/strong> Eine ordnungsgem\u00e4\u00dfe Installation sorgt daf\u00fcr, dass Haushaltsger\u00e4te effizient arbeiten und Energie und Zeit sparen.<\/li>\n<li><strong>Bequemlichkeit:<\/strong> Sie ersparen sich die M\u00fche, die Ger\u00e4te selbst zu installieren, und k\u00f6nnen Ihre Zeit f\u00fcr andere Aktivit\u00e4ten nutzen.<\/li>\n<li><strong>Gelassenheit:<\/strong> Sie wissen, dass die Installation gem\u00e4\u00df den Normen und Spezifikationen des Herstellers durchgef\u00fchrt wurde.<\/li>\n<\/ul>\n<h2>Kontaktieren Sie uns heute<\/h2>\n<p>Wenn Sie mit dem Gedanken spielen, neue Haushaltsger\u00e4te in Lissabon zu installieren, sollten Sie keine Zeit verlieren. Setzen Sie sich mit Canalizador de Lisboa in Verbindung und vereinbaren Sie einen Termin. Wir sind bereit, Sie schnell und effizient zu bedienen und daf\u00fcr zu sorgen, dass Ihre Ger\u00e4te immer in perfektem Zustand sind.<\/p>","protected":false},"excerpt":{"rendered":"<p>Se voc\u00ea est\u00e1 \u00e0 procura de servi\u00e7os de instala\u00e7\u00e3o de eletrodom\u00e9sticos em Lisboa, a sua busca termina aqui. A Canalizador de Lisboa oferece servi\u00e7os de instala\u00e7\u00e3o de eletrodom\u00e9sticos de alta qualidade, garantindo efici\u00eancia, rapidez e pre\u00e7os justos. Nossa equipe de profissionais experientes est\u00e1 sempre pronta para garantir que os seus eletrodom\u00e9sticos sejam instalados de forma [&hellip;]<\/p>\n","protected":false},"author":1,"featured_media":0,"parent":0,"menu_order":0,"comment_status":"closed","ping_status":"closed","template":"","meta":{"iawp_total_views":57,"footnotes":""},"class_list":["post-3050","page","type-page","status-publish","hentry"],"yoast_head":"<!-- This site is optimized with the Yoast SEO plugin v27.4 - https:\/\/yoast.com\/product\/yoast-seo-wordpress\/ -->\n<title>Instala\u00e7\u00e3o de Eletrodom\u00e9sticos Lisboa - Servi\u00e7os Profissionais<\/title>\n<meta name=\"description\" content=\"Procura servi\u00e7os de instala\u00e7\u00e3o de eletrodom\u00e9sticos em Lisboa? Canalizador de Lisboa oferece instala\u00e7\u00e3o de eletrodom\u00e9sticos com qualidade e efici\u00eancia.\" \/>\n<meta name=\"robots\" content=\"index, follow, max-snippet:-1, max-image-preview:large, max-video-preview:-1\" \/>\n<link rel=\"canonical\" href=\"https:\/\/canalizadordelisboa.pt\/de\/installation-von-haushaltsgeraten-lissabon\/\" \/>\n<meta property=\"og:locale\" content=\"de_DE\" \/>\n<meta property=\"og:type\" content=\"article\" \/>\n<meta property=\"og:title\" content=\"Instala\u00e7\u00e3o de Eletrodom\u00e9sticos Lisboa - Servi\u00e7os Profissionais\" \/>\n<meta property=\"og:description\" content=\"Procura servi\u00e7os de instala\u00e7\u00e3o de eletrodom\u00e9sticos em Lisboa? Canalizador de Lisboa oferece instala\u00e7\u00e3o de eletrodom\u00e9sticos com qualidade e efici\u00eancia.\" \/>\n<meta property=\"og:url\" content=\"https:\/\/canalizadordelisboa.pt\/de\/installation-von-haushaltsgeraten-lissabon\/\" \/>\n<meta property=\"og:site_name\" content=\"Canalizador de Lisboa\" \/>\n<meta property=\"article:modified_time\" content=\"2024-06-20T14:22:56+00:00\" \/>\n<meta name=\"twitter:card\" content=\"summary_large_image\" \/>\n<meta name=\"twitter:label1\" content=\"Gesch\u00e4tzte Lesezeit\" \/>\n\t<meta name=\"twitter:data1\" content=\"4\u00a0Minuten\" \/>\n<script type=\"application\/ld+json\" class=\"yoast-schema-graph\">{\"@context\":\"https:\\\/\\\/schema.org\",\"@graph\":[{\"@type\":\"WebPage\",\"@id\":\"https:\\\/\\\/canalizadordelisboa.pt\\\/instalacao-de-eletrodomesticos-lisboa\\\/\",\"url\":\"https:\\\/\\\/canalizadordelisboa.pt\\\/instalacao-de-eletrodomesticos-lisboa\\\/\",\"name\":\"Instala\u00e7\u00e3o de Eletrodom\u00e9sticos Lisboa - Servi\u00e7os Profissionais\",\"isPartOf\":{\"@id\":\"https:\\\/\\\/canalizadordelisboa.pt\\\/#website\"},\"datePublished\":\"2024-06-20T14:22:48+00:00\",\"dateModified\":\"2024-06-20T14:22:56+00:00\",\"description\":\"Procura servi\u00e7os de instala\u00e7\u00e3o de eletrodom\u00e9sticos em Lisboa? Canalizador de Lisboa oferece instala\u00e7\u00e3o de eletrodom\u00e9sticos com qualidade e efici\u00eancia.\",\"breadcrumb\":{\"@id\":\"https:\\\/\\\/canalizadordelisboa.pt\\\/instalacao-de-eletrodomesticos-lisboa\\\/#breadcrumb\"},\"inLanguage\":\"de\",\"potentialAction\":[{\"@type\":\"ReadAction\",\"target\":[\"https:\\\/\\\/canalizadordelisboa.pt\\\/instalacao-de-eletrodomesticos-lisboa\\\/\"]}]},{\"@type\":\"BreadcrumbList\",\"@id\":\"https:\\\/\\\/canalizadordelisboa.pt\\\/instalacao-de-eletrodomesticos-lisboa\\\/#breadcrumb\",\"itemListElement\":[{\"@type\":\"ListItem\",\"position\":1,\"name\":\"Accueil\",\"item\":\"https:\\\/\\\/canalizadordelisboa.pt\\\/\"},{\"@type\":\"ListItem\",\"position\":2,\"name\":\"Instala\u00e7\u00e3o de Eletrodom\u00e9sticos Lisboa &#8211; Servi\u00e7os Profissionais\"}]},{\"@type\":\"WebSite\",\"@id\":\"https:\\\/\\\/canalizadordelisboa.pt\\\/#website\",\"url\":\"https:\\\/\\\/canalizadordelisboa.pt\\\/\",\"name\":\"Canalizador de Lisboa\",\"description\":\"Servi\u00e7os de canaliza\u00e7\u00e3o e desentupimentos de alta qualidade em Lisboa.\",\"potentialAction\":[{\"@type\":\"SearchAction\",\"target\":{\"@type\":\"EntryPoint\",\"urlTemplate\":\"https:\\\/\\\/canalizadordelisboa.pt\\\/?s={search_term_string}\"},\"query-input\":{\"@type\":\"PropertyValueSpecification\",\"valueRequired\":true,\"valueName\":\"search_term_string\"}}],\"inLanguage\":\"de\"}]}<\/script>\n<!-- \/ Yoast SEO plugin. -->","yoast_head_json":{"title":"Installation von Haushaltsger\u00e4ten Lissabon - Professionelle Dienstleistungen","description":"Suchen Sie nach Dienstleistungen f\u00fcr die Installation von Haushaltsger\u00e4ten in Lissabon? Der Canalizador de Lisboa bietet qualitativ hochwertige und effiziente Installationen von Haushaltsger\u00e4ten.","robots":{"index":"index","follow":"follow","max-snippet":"max-snippet:-1","max-image-preview":"max-image-preview:large","max-video-preview":"max-video-preview:-1"},"canonical":"https:\/\/canalizadordelisboa.pt\/de\/installation-von-haushaltsgeraten-lissabon\/","og_locale":"de_DE","og_type":"article","og_title":"Instala\u00e7\u00e3o de Eletrodom\u00e9sticos Lisboa - Servi\u00e7os Profissionais","og_description":"Procura servi\u00e7os de instala\u00e7\u00e3o de eletrodom\u00e9sticos em Lisboa? Canalizador de Lisboa oferece instala\u00e7\u00e3o de eletrodom\u00e9sticos com qualidade e efici\u00eancia.","og_url":"https:\/\/canalizadordelisboa.pt\/de\/installation-von-haushaltsgeraten-lissabon\/","og_site_name":"Canalizador de Lisboa","article_modified_time":"2024-06-20T14:22:56+00:00","twitter_card":"summary_large_image","twitter_misc":{"Gesch\u00e4tzte Lesezeit":"4\u00a0Minuten"},"schema":{"@context":"https:\/\/schema.org","@graph":[{"@type":"WebPage","@id":"https:\/\/canalizadordelisboa.pt\/instalacao-de-eletrodomesticos-lisboa\/","url":"https:\/\/canalizadordelisboa.pt\/instalacao-de-eletrodomesticos-lisboa\/","name":"Installation von Haushaltsger\u00e4ten Lissabon - Professionelle Dienstleistungen","isPartOf":{"@id":"https:\/\/canalizadordelisboa.pt\/#website"},"datePublished":"2024-06-20T14:22:48+00:00","dateModified":"2024-06-20T14:22:56+00:00","description":"Suchen Sie nach Dienstleistungen f\u00fcr die Installation von Haushaltsger\u00e4ten in Lissabon? Der Canalizador de Lisboa bietet qualitativ hochwertige und effiziente Installationen von Haushaltsger\u00e4ten.","breadcrumb":{"@id":"https:\/\/canalizadordelisboa.pt\/instalacao-de-eletrodomesticos-lisboa\/#breadcrumb"},"inLanguage":"de","potentialAction":[{"@type":"ReadAction","target":["https:\/\/canalizadordelisboa.pt\/instalacao-de-eletrodomesticos-lisboa\/"]}]},{"@type":"BreadcrumbList","@id":"https:\/\/canalizadordelisboa.pt\/instalacao-de-eletrodomesticos-lisboa\/#breadcrumb","itemListElement":[{"@type":"ListItem","position":1,"name":"Accueil","item":"https:\/\/canalizadordelisboa.pt\/"},{"@type":"ListItem","position":2,"name":"Instala\u00e7\u00e3o de Eletrodom\u00e9sticos Lisboa &#8211; Servi\u00e7os Profissionais"}]},{"@type":"WebSite","@id":"https:\/\/canalizadordelisboa.pt\/#website","url":"https:\/\/canalizadordelisboa.pt\/","name":"Canalizador de Lisboa","description":"Hochwertige Klempner- und Entw\u00e4sserungsdienstleistungen in Lissabon.","potentialAction":[{"@type":"SearchAction","target":{"@type":"EntryPoint","urlTemplate":"https:\/\/canalizadordelisboa.pt\/?s={search_term_string}"},"query-input":{"@type":"PropertyValueSpecification","valueRequired":true,"valueName":"search_term_string"}}],"inLanguage":"de"}]}},"_links":{"self":[{"href":"https:\/\/canalizadordelisboa.pt\/de\/wp-json\/wp\/v2\/pages\/3050","targetHints":{"allow":["GET"]}}],"collection":[{"href":"https:\/\/canalizadordelisboa.pt\/de\/wp-json\/wp\/v2\/pages"}],"about":[{"href":"https:\/\/canalizadordelisboa.pt\/de\/wp-json\/wp\/v2\/types\/page"}],"author":[{"embeddable":true,"href":"https:\/\/canalizadordelisboa.pt\/de\/wp-json\/wp\/v2\/users\/1"}],"replies":[{"embeddable":true,"href":"https:\/\/canalizadordelisboa.pt\/de\/wp-json\/wp\/v2\/comments?post=3050"}],"version-history":[{"count":1,"href":"https:\/\/canalizadordelisboa.pt\/de\/wp-json\/wp\/v2\/pages\/3050\/revisions"}],"predecessor-version":[{"id":3051,"href":"https:\/\/canalizadordelisboa.pt\/de\/wp-json\/wp\/v2\/pages\/3050\/revisions\/3051"}],"wp:attachment":[{"href":"https:\/\/canalizadordelisboa.pt\/de\/wp-json\/wp\/v2\/media?parent=3050"}],"curies":[{"name":"wp","href":"https:\/\/api.w.org\/{rel}","templated":true}]}}