{"id":3048,"date":"2024-06-20T14:20:42","date_gmt":"2024-06-20T14:20:42","guid":{"rendered":"https:\/\/canalizadordelisboa.pt\/?page_id=3048"},"modified":"2024-06-20T14:20:51","modified_gmt":"2024-06-20T14:20:51","slug":"installation-von-wasserheizungen-lissabon","status":"publish","type":"page","link":"https:\/\/canalizadordelisboa.pt\/de\/instalacao-de-aquecedores-de-agua-lisboa\/","title":{"rendered":"Wasserheizungsinstallation Lissabon - Professionelle Dienstleistungen"},"content":{"rendered":"<p>Wenn Sie auf der Suche nach <strong>Installation von Warmwasserbereitern in Lissabon<\/strong>Ihre Suche endet hier. Canalizador de Lisboa bietet hochwertige Dienstleistungen f\u00fcr die Installation und Wartung von Warmwasserbereitern und garantiert Effizienz, Schnelligkeit und faire Preise. Unser Team erfahrener Klempner ist immer bereit, daf\u00fcr zu sorgen, dass Ihr Wasserheizungssystem perfekt funktioniert.<\/p>\n<h2>Warum einen Canalizador de Lisboa w\u00e4hlen?<\/h2>\n<p>Wir von Canalizador de Lisboa wissen, wie wichtig eine korrekte und effiziente Installation von Warmwasserbereitern ist. Hier sind ein paar Gr\u00fcnde, warum unsere Kunden uns w\u00e4hlen:<\/p>\n<ul>\n<li><strong>Fachwissen:<\/strong> Langj\u00e4hrige Erfahrung im Bereich Sanit\u00e4r- und Warmwasserbereitung, die sich auf die unterschiedlichsten Bed\u00fcrfnisse bezieht.<\/li>\n<li><strong>Qualifizierte Fachleute:<\/strong> Unser Team besteht aus gut ausgebildeten und zertifizierten Klempnern, die f\u00fcr jede Situation gewappnet sind.<\/li>\n<li><strong>Moderne Ausstattung:<\/strong> Wir verwenden modernste Ausr\u00fcstung, um sicherzustellen, dass die Installationen schnell und effizient durchgef\u00fchrt werden.<\/li>\n<li><strong>Kostenloses Angebot:<\/strong> Wir erstellen kostenlose und transparente Kostenvoranschl\u00e4ge f\u00fcr alle unsere Dienstleistungen.<\/li>\n<li><strong>Qualit\u00e4tssicherung:<\/strong> Alle unsere Arbeiten sind garantiert, was Ihnen Sicherheit und Vertrauen gibt.<\/li>\n<\/ul>\n<h2>Unsere Dienstleistungen bei der Installation von Wasserheizungen in Lissabon<\/h2>\n<p>Wir bieten eine breite Palette von Dienstleistungen f\u00fcr die Installation von Warmwasserbereitern in Lissabon an, einschlie\u00dflich:<\/p>\n<ul>\n<li><strong>Installation eines Warmwasserbereiters:<\/strong> Montage von Warmwasserbereitern verschiedener Modelle und Gr\u00f6\u00dfen, um eine sichere und effiziente Installation zu gew\u00e4hrleisten.<\/li>\n<li><strong>Austausch des Warmwasserbereiters:<\/strong> Ausbau alter Heizungen und Einbau neuer Ger\u00e4te zur Verbesserung der Effizienz der Heizungsanlage.<\/li>\n<li><strong>Reparaturen von Warmwasserbereitern:<\/strong> Wir reparieren undichte Stellen und andere Probleme in Warmwasserbereitern und sorgen daf\u00fcr, dass sie wieder einwandfrei funktionieren.<\/li>\n<li><strong>Vorbeugende Wartung:<\/strong> Regelm\u00e4\u00dfige Wartungsarbeiten, um sicherzustellen, dass Ihr Warmwasserbereiter effizient und sicher arbeitet.<\/li>\n<li><strong>Klempnerarbeiten:<\/strong> Montage von Wasser- und Gasleitungen f\u00fcr die Installation von Heizungen, um ein effizientes und leckfreies System zu gew\u00e4hrleisten.<\/li>\n<\/ul>\n<h2>So funktioniert unser Service f\u00fcr die Installation von Wasserheizungen<\/h2>\n<p>Unser Installationsverfahren ist einfach und effektiv:<\/p>\n<ul>\n<li><strong>Erste Anfrage:<\/strong> Wir haben Ihren Anruf erhalten und einen Ortstermin vereinbart, um die Situation zu beurteilen.<\/li>\n<li><strong>Die Diagnose:<\/strong> Wir verwenden moderne Ger\u00e4te, um die beste Art und Weise der Installation zu ermitteln.<\/li>\n<li><strong>Haushalt:<\/strong> Wir erstellen einen kostenlosen und transparenten Kostenvoranschlag f\u00fcr die gew\u00fcnschte Dienstleistung.<\/li>\n<li><strong>Einbau:<\/strong> Wir f\u00fchren die Installation mit hochwertigen Materialien und fortschrittlichen Techniken durch und sorgen daf\u00fcr, dass der Warmwasserbereiter perfekt installiert wird.<\/li>\n<li><strong>Abschlusstest:<\/strong> Wir \u00fcberpr\u00fcfen die Funktionsweise des Wassererhitzers, um sicherzustellen, dass alles perfekt ist, bevor wir das Gel\u00e4nde verlassen.<\/li>\n<\/ul>\n<h2>Anzeichen f\u00fcr die Notwendigkeit eines neuen Wassererhitzers<\/h2>\n<p>Einige h\u00e4ufige Anzeichen daf\u00fcr, dass Sie einen neuen Warmwasserbereiter ben\u00f6tigen, sind:<\/p>\n<ul>\n<li>Alter oder ineffizienter Warmwasserbereiter.<\/li>\n<li>Anstieg der Energierechnungen.<\/li>\n<li>St\u00e4ndige Probleme mit Undichtigkeiten oder St\u00f6rungen.<\/li>\n<li>Ich m\u00f6chte auf ein effizienteres und moderneres Modell umsteigen.<\/li>\n<\/ul>\n<h2>Vorteile der Beauftragung von Klempnern f\u00fcr die Installation von Wasserheizungen in Lissabon<\/h2>\n<p>Die Investition in eine professionelle Wasserheizungsinstallation bringt mehrere Vorteile mit sich, wie z. B.:<\/p>\n<ul>\n<li><strong>Energie-Effizienz:<\/strong> Ein korrekt installierter Warmwasserbereiter verbraucht weniger Energie und senkt damit Ihre Energierechnung.<\/li>\n<li><strong>Komfort:<\/strong> Ein effizientes Heizsystem garantiert hei\u00dfes Wasser, wann immer Sie es brauchen.<\/li>\n<li><strong>Sicherheit:<\/strong> Garantieren Sie, dass die Installation von qualifizierten Fachleuten durchgef\u00fchrt wurde, um das Risiko von Leckagen und anderen Problemen zu minimieren.<\/li>\n<li><strong>Bewertung von Immobilien:<\/strong> Verbessert die Energieeffizienz und den Marktwert Ihrer Immobilie.<\/li>\n<\/ul>\n<h2>Kontaktieren Sie uns heute<\/h2>\n<p>Wenn Sie mit dem Gedanken spielen, einen neuen Warmwasserbereiter in Lissabon zu installieren, sollten Sie keine Zeit verlieren. Setzen Sie sich mit Lisbon Plumbing in Verbindung und vereinbaren Sie einen Termin. Wir sind bereit, Sie schnell und effizient zu bedienen und daf\u00fcr zu sorgen, dass Ihr Heizsystem immer in perfektem Zustand ist.<\/p>","protected":false},"excerpt":{"rendered":"<p>Se voc\u00ea est\u00e1 \u00e0 procura de servi\u00e7os de instala\u00e7\u00e3o de aquecedores de \u00e1gua em Lisboa, a sua busca termina aqui. A Canalizador de Lisboa oferece servi\u00e7os de instala\u00e7\u00e3o e manuten\u00e7\u00e3o de aquecedores de \u00e1gua de alta qualidade, garantindo efici\u00eancia, rapidez e pre\u00e7os justos. Nossa equipe de canalizadores experientes est\u00e1 sempre pronta para garantir que o [&hellip;]<\/p>\n","protected":false},"author":1,"featured_media":0,"parent":0,"menu_order":0,"comment_status":"closed","ping_status":"closed","template":"","meta":{"iawp_total_views":12,"footnotes":""},"class_list":["post-3048","page","type-page","status-publish","hentry"],"yoast_head":"<!-- This site is optimized with the Yoast SEO plugin v27.4 - https:\/\/yoast.com\/product\/yoast-seo-wordpress\/ -->\n<title>Instala\u00e7\u00e3o de Aquecedores de \u00c1gua Lisboa - Servi\u00e7os Profissionais<\/title>\n<meta name=\"description\" content=\"Procura servi\u00e7os de instala\u00e7\u00e3o de aquecedores de \u00e1gua em Lisboa? Canalizador de Lisboa oferece instala\u00e7\u00e3o e manuten\u00e7\u00e3o de aquecedores de \u00e1gua com qualidade e efici\u00eancia.\" \/>\n<meta name=\"robots\" content=\"index, follow, max-snippet:-1, max-image-preview:large, max-video-preview:-1\" \/>\n<link rel=\"canonical\" href=\"https:\/\/canalizadordelisboa.pt\/de\/installation-von-wasserheizungen-lissabon\/\" \/>\n<meta property=\"og:locale\" content=\"de_DE\" \/>\n<meta property=\"og:type\" content=\"article\" \/>\n<meta property=\"og:title\" content=\"Instala\u00e7\u00e3o de Aquecedores de \u00c1gua Lisboa - Servi\u00e7os Profissionais\" \/>\n<meta property=\"og:description\" content=\"Procura servi\u00e7os de instala\u00e7\u00e3o de aquecedores de \u00e1gua em Lisboa? Canalizador de Lisboa oferece instala\u00e7\u00e3o e manuten\u00e7\u00e3o de aquecedores de \u00e1gua com qualidade e efici\u00eancia.\" \/>\n<meta property=\"og:url\" content=\"https:\/\/canalizadordelisboa.pt\/de\/installation-von-wasserheizungen-lissabon\/\" \/>\n<meta property=\"og:site_name\" content=\"Canalizador de Lisboa\" \/>\n<meta property=\"article:modified_time\" content=\"2024-06-20T14:20:51+00:00\" \/>\n<meta name=\"twitter:card\" content=\"summary_large_image\" \/>\n<meta name=\"twitter:label1\" content=\"Gesch\u00e4tzte Lesezeit\" \/>\n\t<meta name=\"twitter:data1\" content=\"4\u00a0Minuten\" \/>\n<script type=\"application\/ld+json\" class=\"yoast-schema-graph\">{\"@context\":\"https:\\\/\\\/schema.org\",\"@graph\":[{\"@type\":\"WebPage\",\"@id\":\"https:\\\/\\\/canalizadordelisboa.pt\\\/instalacao-de-aquecedores-de-agua-lisboa\\\/\",\"url\":\"https:\\\/\\\/canalizadordelisboa.pt\\\/instalacao-de-aquecedores-de-agua-lisboa\\\/\",\"name\":\"Instala\u00e7\u00e3o de Aquecedores de \u00c1gua Lisboa - Servi\u00e7os Profissionais\",\"isPartOf\":{\"@id\":\"https:\\\/\\\/canalizadordelisboa.pt\\\/#website\"},\"datePublished\":\"2024-06-20T14:20:42+00:00\",\"dateModified\":\"2024-06-20T14:20:51+00:00\",\"description\":\"Procura servi\u00e7os de instala\u00e7\u00e3o de aquecedores de \u00e1gua em Lisboa? Canalizador de Lisboa oferece instala\u00e7\u00e3o e manuten\u00e7\u00e3o de aquecedores de \u00e1gua com qualidade e efici\u00eancia.\",\"breadcrumb\":{\"@id\":\"https:\\\/\\\/canalizadordelisboa.pt\\\/instalacao-de-aquecedores-de-agua-lisboa\\\/#breadcrumb\"},\"inLanguage\":\"de\",\"potentialAction\":[{\"@type\":\"ReadAction\",\"target\":[\"https:\\\/\\\/canalizadordelisboa.pt\\\/instalacao-de-aquecedores-de-agua-lisboa\\\/\"]}]},{\"@type\":\"BreadcrumbList\",\"@id\":\"https:\\\/\\\/canalizadordelisboa.pt\\\/instalacao-de-aquecedores-de-agua-lisboa\\\/#breadcrumb\",\"itemListElement\":[{\"@type\":\"ListItem\",\"position\":1,\"name\":\"Accueil\",\"item\":\"https:\\\/\\\/canalizadordelisboa.pt\\\/\"},{\"@type\":\"ListItem\",\"position\":2,\"name\":\"Instala\u00e7\u00e3o de Aquecedores de \u00c1gua Lisboa &#8211; Servi\u00e7os Profissionais\"}]},{\"@type\":\"WebSite\",\"@id\":\"https:\\\/\\\/canalizadordelisboa.pt\\\/#website\",\"url\":\"https:\\\/\\\/canalizadordelisboa.pt\\\/\",\"name\":\"Canalizador de Lisboa\",\"description\":\"Servi\u00e7os de canaliza\u00e7\u00e3o e desentupimentos de alta qualidade em Lisboa.\",\"potentialAction\":[{\"@type\":\"SearchAction\",\"target\":{\"@type\":\"EntryPoint\",\"urlTemplate\":\"https:\\\/\\\/canalizadordelisboa.pt\\\/?s={search_term_string}\"},\"query-input\":{\"@type\":\"PropertyValueSpecification\",\"valueRequired\":true,\"valueName\":\"search_term_string\"}}],\"inLanguage\":\"de\"}]}<\/script>\n<!-- \/ Yoast SEO plugin. -->","yoast_head_json":{"title":"Wasserheizungsinstallation Lissabon - Professionelle Dienstleistungen","description":"Suchen Sie nach Dienstleistungen f\u00fcr die Installation von Warmwasserbereitern in Lissabon? Canalizador de Lisboa bietet die Installation und Wartung von Warmwasserbereitern mit Qualit\u00e4t und Effizienz.","robots":{"index":"index","follow":"follow","max-snippet":"max-snippet:-1","max-image-preview":"max-image-preview:large","max-video-preview":"max-video-preview:-1"},"canonical":"https:\/\/canalizadordelisboa.pt\/de\/installation-von-wasserheizungen-lissabon\/","og_locale":"de_DE","og_type":"article","og_title":"Instala\u00e7\u00e3o de Aquecedores de \u00c1gua Lisboa - Servi\u00e7os Profissionais","og_description":"Procura servi\u00e7os de instala\u00e7\u00e3o de aquecedores de \u00e1gua em Lisboa? Canalizador de Lisboa oferece instala\u00e7\u00e3o e manuten\u00e7\u00e3o de aquecedores de \u00e1gua com qualidade e efici\u00eancia.","og_url":"https:\/\/canalizadordelisboa.pt\/de\/installation-von-wasserheizungen-lissabon\/","og_site_name":"Canalizador de Lisboa","article_modified_time":"2024-06-20T14:20:51+00:00","twitter_card":"summary_large_image","twitter_misc":{"Gesch\u00e4tzte Lesezeit":"4\u00a0Minuten"},"schema":{"@context":"https:\/\/schema.org","@graph":[{"@type":"WebPage","@id":"https:\/\/canalizadordelisboa.pt\/instalacao-de-aquecedores-de-agua-lisboa\/","url":"https:\/\/canalizadordelisboa.pt\/instalacao-de-aquecedores-de-agua-lisboa\/","name":"Wasserheizungsinstallation Lissabon - Professionelle Dienstleistungen","isPartOf":{"@id":"https:\/\/canalizadordelisboa.pt\/#website"},"datePublished":"2024-06-20T14:20:42+00:00","dateModified":"2024-06-20T14:20:51+00:00","description":"Suchen Sie nach Dienstleistungen f\u00fcr die Installation von Warmwasserbereitern in Lissabon? Canalizador de Lisboa bietet die Installation und Wartung von Warmwasserbereitern mit Qualit\u00e4t und Effizienz.","breadcrumb":{"@id":"https:\/\/canalizadordelisboa.pt\/instalacao-de-aquecedores-de-agua-lisboa\/#breadcrumb"},"inLanguage":"de","potentialAction":[{"@type":"ReadAction","target":["https:\/\/canalizadordelisboa.pt\/instalacao-de-aquecedores-de-agua-lisboa\/"]}]},{"@type":"BreadcrumbList","@id":"https:\/\/canalizadordelisboa.pt\/instalacao-de-aquecedores-de-agua-lisboa\/#breadcrumb","itemListElement":[{"@type":"ListItem","position":1,"name":"Accueil","item":"https:\/\/canalizadordelisboa.pt\/"},{"@type":"ListItem","position":2,"name":"Instala\u00e7\u00e3o de Aquecedores de \u00c1gua Lisboa &#8211; Servi\u00e7os Profissionais"}]},{"@type":"WebSite","@id":"https:\/\/canalizadordelisboa.pt\/#website","url":"https:\/\/canalizadordelisboa.pt\/","name":"Canalizador de Lisboa","description":"Hochwertige Klempner- und Entw\u00e4sserungsdienstleistungen in Lissabon.","potentialAction":[{"@type":"SearchAction","target":{"@type":"EntryPoint","urlTemplate":"https:\/\/canalizadordelisboa.pt\/?s={search_term_string}"},"query-input":{"@type":"PropertyValueSpecification","valueRequired":true,"valueName":"search_term_string"}}],"inLanguage":"de"}]}},"_links":{"self":[{"href":"https:\/\/canalizadordelisboa.pt\/de\/wp-json\/wp\/v2\/pages\/3048","targetHints":{"allow":["GET"]}}],"collection":[{"href":"https:\/\/canalizadordelisboa.pt\/de\/wp-json\/wp\/v2\/pages"}],"about":[{"href":"https:\/\/canalizadordelisboa.pt\/de\/wp-json\/wp\/v2\/types\/page"}],"author":[{"embeddable":true,"href":"https:\/\/canalizadordelisboa.pt\/de\/wp-json\/wp\/v2\/users\/1"}],"replies":[{"embeddable":true,"href":"https:\/\/canalizadordelisboa.pt\/de\/wp-json\/wp\/v2\/comments?post=3048"}],"version-history":[{"count":1,"href":"https:\/\/canalizadordelisboa.pt\/de\/wp-json\/wp\/v2\/pages\/3048\/revisions"}],"predecessor-version":[{"id":3049,"href":"https:\/\/canalizadordelisboa.pt\/de\/wp-json\/wp\/v2\/pages\/3048\/revisions\/3049"}],"wp:attachment":[{"href":"https:\/\/canalizadordelisboa.pt\/de\/wp-json\/wp\/v2\/media?parent=3048"}],"curies":[{"name":"wp","href":"https:\/\/api.w.org\/{rel}","templated":true}]}}