{"id":3042,"date":"2024-06-20T14:12:34","date_gmt":"2024-06-20T14:12:34","guid":{"rendered":"https:\/\/canalizadordelisboa.pt\/?page_id=3042"},"modified":"2024-06-20T14:12:43","modified_gmt":"2024-06-20T14:12:43","slug":"badewanne-einbau-lissabon","status":"publish","type":"page","link":"https:\/\/canalizadordelisboa.pt\/de\/instalacao-de-banheiras-lisboa\/","title":{"rendered":"Badewanneneinbau Lissabon - Professionelle Dienstleistungen"},"content":{"rendered":"<p>Wenn Sie auf der Suche nach <strong>Einbau einer Badewanne in Lissabon<\/strong>Ihre Suche endet hier. Canalizador de Lisboa bietet qualitativ hochwertige Dienstleistungen f\u00fcr den Einbau und die Reparatur von Badewannen an und garantiert Effizienz, Schnelligkeit und faire Preise. Unser Team von erfahrenen Klempnern ist immer bereit, Ihr Badezimmer in einen Raum der Entspannung und des Komforts zu verwandeln.<\/p>\n<h2>Warum einen Canalizador de Lisboa w\u00e4hlen?<\/h2>\n<p>Wir von Canalizador de Lisboa wissen, wie wichtig ein korrekter und effizienter Einbau einer Badewanne ist. Hier sind einige Gr\u00fcnde, warum sich unsere Kunden f\u00fcr uns entscheiden:<\/p>\n<ul>\n<li><strong>Fachwissen:<\/strong> Jahrelange Erfahrung im Sanit\u00e4rbereich, die sich auf die unterschiedlichsten Bed\u00fcrfnisse bei der Installation und Reparatur von Badewannen erstreckt.<\/li>\n<li><strong>Qualifizierte Fachleute:<\/strong> Unser Team besteht aus gut ausgebildeten und zertifizierten Klempnern, die f\u00fcr jede Situation gewappnet sind.<\/li>\n<li><strong>Moderne Ausstattung:<\/strong> Wir verwenden modernste Ausr\u00fcstung, um sicherzustellen, dass die Installationen schnell und effizient durchgef\u00fchrt werden.<\/li>\n<li><strong>Kostenloses Angebot:<\/strong> Wir erstellen kostenlose und transparente Kostenvoranschl\u00e4ge f\u00fcr alle unsere Dienstleistungen.<\/li>\n<li><strong>Qualit\u00e4tssicherung:<\/strong> Alle unsere Arbeiten sind garantiert, was Ihnen Sicherheit und Vertrauen gibt.<\/li>\n<\/ul>\n<h2>Unsere Dienstleistungen f\u00fcr die Installation von Badewannen in Lissabon<\/h2>\n<p>Wir bieten eine breite Palette von Dienstleistungen f\u00fcr den Einbau von Badewannen in Lissabon an, einschlie\u00dflich:<\/p>\n<ul>\n<li><strong>Einbau einer Badewanne:<\/strong> Montage von Badewannen verschiedener Modelle und Gr\u00f6\u00dfen, um eine sichere und effiziente Installation zu gew\u00e4hrleisten.<\/li>\n<li><strong>Austausch der Badewanne:<\/strong> Ausbau alter Badewannen und Einbau neuer Einheiten, die den Komfort und die \u00c4sthetik Ihres Badezimmers verbessern.<\/li>\n<li><strong>Reparaturen an Badewannen:<\/strong> Wir reparieren Lecks und Sch\u00e4den an Badewannen und sorgen daf\u00fcr, dass sie wieder einwandfrei funktionieren.<\/li>\n<li><strong>Einbau von Hydromassageb\u00e4dern:<\/strong> Einbau von Badewannen mit Hydromassage-Systemen, die ein Spa-Erlebnis in Ihrem Haus erm\u00f6glichen.<\/li>\n<li><strong>Klempnerarbeiten:<\/strong> Anpassung der Wasser- und Abwasserleitungen f\u00fcr den Einbau von Badewannen, um ein effizientes und leckfreies System zu gew\u00e4hrleisten.<\/li>\n<\/ul>\n<h2>Wie unser Badewanneneinbauservice funktioniert<\/h2>\n<p>Unser Installationsverfahren ist einfach und effektiv:<\/p>\n<ul>\n<li><strong>Erste Anfrage:<\/strong> Wir haben Ihren Anruf erhalten und einen Ortstermin vereinbart, um die Situation zu beurteilen.<\/li>\n<li><strong>Die Diagnose:<\/strong> Wir verwenden moderne Ger\u00e4te, um die beste Art und Weise der Installation zu ermitteln.<\/li>\n<li><strong>Haushalt:<\/strong> Wir erstellen einen kostenlosen und transparenten Kostenvoranschlag f\u00fcr die gew\u00fcnschte Dienstleistung.<\/li>\n<li><strong>Einbau:<\/strong> Wir f\u00fchren den Einbau mit hochwertigen Materialien und fortschrittlichen Techniken durch und sorgen daf\u00fcr, dass die Badewanne perfekt eingebaut wird.<\/li>\n<li><strong>Abschlusstest:<\/strong> Wir \u00fcberpr\u00fcfen die Funktion der Badewanne, um sicherzustellen, dass alles perfekt ist, bevor wir das Haus verlassen.<\/li>\n<\/ul>\n<h2>Anzeichen, dass Sie eine neue Badewanne brauchen<\/h2>\n<p>Einige h\u00e4ufige Anzeichen daf\u00fcr, dass Sie eine neue Badewanne ben\u00f6tigen, sind:<\/p>\n<ul>\n<li>Alte oder besch\u00e4digte Badewanne.<\/li>\n<li>Ich w\u00fcrde gerne eine Whirlpool-Badewanne einbauen.<\/li>\n<li>Renovierung des Badezimmers, um den Raum zu modernisieren.<\/li>\n<li>St\u00e4ndige Probleme mit Leckagen oder Infiltrationen.<\/li>\n<\/ul>\n<h2>Vorteile der Beauftragung von Klempnern zum Einbau von Badewannen in Lissabon<\/h2>\n<p>Die Investition in einen professionellen Badewanneneinbau bringt mehrere Vorteile mit sich, wie zum Beispiel:<\/p>\n<ul>\n<li><strong>Komfort:<\/strong> Eine richtig eingebaute Badewanne ist ein Ort der Entspannung und des Wohlbefindens.<\/li>\n<li><strong>Bewertung von Immobilien:<\/strong> Verbessert die \u00c4sthetik und den Marktwert Ihrer Immobilie.<\/li>\n<li><strong>Effizienz:<\/strong> Schnelle und wirksame L\u00f6sungen unter Einsatz moderner Ger\u00e4te und fortschrittlicher Techniken.<\/li>\n<li><strong>Gelassenheit:<\/strong> Sie k\u00f6nnen sich darauf verlassen, dass die Installation von qualifizierten Fachleuten durchgef\u00fchrt wurde, was eine lange Lebensdauer und Sicherheit garantiert.<\/li>\n<\/ul>\n<h2>Kontaktieren Sie uns heute<\/h2>\n<p>Wenn Sie mit dem Gedanken spielen, eine Badewanne in Lissabon einzubauen, sollten Sie keine Zeit verlieren. Setzen Sie sich mit Canalizador de Lisboa in Verbindung und vereinbaren Sie einen Termin. Wir sind bereit, Sie schnell und effizient zu bedienen und daf\u00fcr zu sorgen, dass Ihr Bad immer in perfektem Zustand ist.<\/p>","protected":false},"excerpt":{"rendered":"<p>Se voc\u00ea est\u00e1 \u00e0 procura de servi\u00e7os de instala\u00e7\u00e3o de banheiras em Lisboa, a sua busca termina aqui. A Canalizador de Lisboa oferece servi\u00e7os de instala\u00e7\u00e3o e repara\u00e7\u00e3o de banheiras de alta qualidade, garantindo efici\u00eancia, rapidez e pre\u00e7os justos. Nossa equipe de canalizadores experientes est\u00e1 sempre pronta para transformar o seu banheiro em um espa\u00e7o [&hellip;]<\/p>\n","protected":false},"author":1,"featured_media":0,"parent":0,"menu_order":0,"comment_status":"closed","ping_status":"closed","template":"","meta":{"iawp_total_views":35,"footnotes":""},"class_list":["post-3042","page","type-page","status-publish","hentry"],"yoast_head":"<!-- This site is optimized with the Yoast SEO plugin v27.4 - https:\/\/yoast.com\/product\/yoast-seo-wordpress\/ -->\n<title>Instala\u00e7\u00e3o de Banheiras Lisboa - Servi\u00e7os Profissionais<\/title>\n<meta name=\"description\" content=\"Procura servi\u00e7os de instala\u00e7\u00e3o de banheiras em Lisboa? Canalizador de Lisboa oferece instala\u00e7\u00e3o e repara\u00e7\u00e3o de banheiras com qualidade e efici\u00eancia.\" \/>\n<meta name=\"robots\" content=\"index, follow, max-snippet:-1, max-image-preview:large, max-video-preview:-1\" \/>\n<link rel=\"canonical\" href=\"https:\/\/canalizadordelisboa.pt\/de\/badewanne-einbau-lissabon\/\" \/>\n<meta property=\"og:locale\" content=\"de_DE\" \/>\n<meta property=\"og:type\" content=\"article\" \/>\n<meta property=\"og:title\" content=\"Instala\u00e7\u00e3o de Banheiras Lisboa - Servi\u00e7os Profissionais\" \/>\n<meta property=\"og:description\" content=\"Procura servi\u00e7os de instala\u00e7\u00e3o de banheiras em Lisboa? Canalizador de Lisboa oferece instala\u00e7\u00e3o e repara\u00e7\u00e3o de banheiras com qualidade e efici\u00eancia.\" \/>\n<meta property=\"og:url\" content=\"https:\/\/canalizadordelisboa.pt\/de\/badewanne-einbau-lissabon\/\" \/>\n<meta property=\"og:site_name\" content=\"Canalizador de Lisboa\" \/>\n<meta property=\"article:modified_time\" content=\"2024-06-20T14:12:43+00:00\" \/>\n<meta name=\"twitter:card\" content=\"summary_large_image\" \/>\n<meta name=\"twitter:label1\" content=\"Gesch\u00e4tzte Lesezeit\" \/>\n\t<meta name=\"twitter:data1\" content=\"4\u00a0Minuten\" \/>\n<script type=\"application\/ld+json\" class=\"yoast-schema-graph\">{\"@context\":\"https:\\\/\\\/schema.org\",\"@graph\":[{\"@type\":\"WebPage\",\"@id\":\"https:\\\/\\\/canalizadordelisboa.pt\\\/instalacao-de-banheiras-lisboa\\\/\",\"url\":\"https:\\\/\\\/canalizadordelisboa.pt\\\/instalacao-de-banheiras-lisboa\\\/\",\"name\":\"Instala\u00e7\u00e3o de Banheiras Lisboa - Servi\u00e7os Profissionais\",\"isPartOf\":{\"@id\":\"https:\\\/\\\/canalizadordelisboa.pt\\\/#website\"},\"datePublished\":\"2024-06-20T14:12:34+00:00\",\"dateModified\":\"2024-06-20T14:12:43+00:00\",\"description\":\"Procura servi\u00e7os de instala\u00e7\u00e3o de banheiras em Lisboa? Canalizador de Lisboa oferece instala\u00e7\u00e3o e repara\u00e7\u00e3o de banheiras com qualidade e efici\u00eancia.\",\"breadcrumb\":{\"@id\":\"https:\\\/\\\/canalizadordelisboa.pt\\\/instalacao-de-banheiras-lisboa\\\/#breadcrumb\"},\"inLanguage\":\"de\",\"potentialAction\":[{\"@type\":\"ReadAction\",\"target\":[\"https:\\\/\\\/canalizadordelisboa.pt\\\/instalacao-de-banheiras-lisboa\\\/\"]}]},{\"@type\":\"BreadcrumbList\",\"@id\":\"https:\\\/\\\/canalizadordelisboa.pt\\\/instalacao-de-banheiras-lisboa\\\/#breadcrumb\",\"itemListElement\":[{\"@type\":\"ListItem\",\"position\":1,\"name\":\"Accueil\",\"item\":\"https:\\\/\\\/canalizadordelisboa.pt\\\/\"},{\"@type\":\"ListItem\",\"position\":2,\"name\":\"Instala\u00e7\u00e3o de Banheiras Lisboa &#8211; Servi\u00e7os Profissionais\"}]},{\"@type\":\"WebSite\",\"@id\":\"https:\\\/\\\/canalizadordelisboa.pt\\\/#website\",\"url\":\"https:\\\/\\\/canalizadordelisboa.pt\\\/\",\"name\":\"Canalizador de Lisboa\",\"description\":\"Servi\u00e7os de canaliza\u00e7\u00e3o e desentupimentos de alta qualidade em Lisboa.\",\"potentialAction\":[{\"@type\":\"SearchAction\",\"target\":{\"@type\":\"EntryPoint\",\"urlTemplate\":\"https:\\\/\\\/canalizadordelisboa.pt\\\/?s={search_term_string}\"},\"query-input\":{\"@type\":\"PropertyValueSpecification\",\"valueRequired\":true,\"valueName\":\"search_term_string\"}}],\"inLanguage\":\"de\"}]}<\/script>\n<!-- \/ Yoast SEO plugin. -->","yoast_head_json":{"title":"Badewanneneinbau Lissabon - Professionelle Dienstleistungen","description":"Suchen Sie nach Dienstleistungen f\u00fcr den Einbau einer Badewanne in Lissabon? Canalizador de Lisboa bietet Einbau und Reparatur von Badewannen mit Qualit\u00e4t und Effizienz.","robots":{"index":"index","follow":"follow","max-snippet":"max-snippet:-1","max-image-preview":"max-image-preview:large","max-video-preview":"max-video-preview:-1"},"canonical":"https:\/\/canalizadordelisboa.pt\/de\/badewanne-einbau-lissabon\/","og_locale":"de_DE","og_type":"article","og_title":"Instala\u00e7\u00e3o de Banheiras Lisboa - Servi\u00e7os Profissionais","og_description":"Procura servi\u00e7os de instala\u00e7\u00e3o de banheiras em Lisboa? Canalizador de Lisboa oferece instala\u00e7\u00e3o e repara\u00e7\u00e3o de banheiras com qualidade e efici\u00eancia.","og_url":"https:\/\/canalizadordelisboa.pt\/de\/badewanne-einbau-lissabon\/","og_site_name":"Canalizador de Lisboa","article_modified_time":"2024-06-20T14:12:43+00:00","twitter_card":"summary_large_image","twitter_misc":{"Gesch\u00e4tzte Lesezeit":"4\u00a0Minuten"},"schema":{"@context":"https:\/\/schema.org","@graph":[{"@type":"WebPage","@id":"https:\/\/canalizadordelisboa.pt\/instalacao-de-banheiras-lisboa\/","url":"https:\/\/canalizadordelisboa.pt\/instalacao-de-banheiras-lisboa\/","name":"Badewanneneinbau Lissabon - Professionelle Dienstleistungen","isPartOf":{"@id":"https:\/\/canalizadordelisboa.pt\/#website"},"datePublished":"2024-06-20T14:12:34+00:00","dateModified":"2024-06-20T14:12:43+00:00","description":"Suchen Sie nach Dienstleistungen f\u00fcr den Einbau einer Badewanne in Lissabon? Canalizador de Lisboa bietet Einbau und Reparatur von Badewannen mit Qualit\u00e4t und Effizienz.","breadcrumb":{"@id":"https:\/\/canalizadordelisboa.pt\/instalacao-de-banheiras-lisboa\/#breadcrumb"},"inLanguage":"de","potentialAction":[{"@type":"ReadAction","target":["https:\/\/canalizadordelisboa.pt\/instalacao-de-banheiras-lisboa\/"]}]},{"@type":"BreadcrumbList","@id":"https:\/\/canalizadordelisboa.pt\/instalacao-de-banheiras-lisboa\/#breadcrumb","itemListElement":[{"@type":"ListItem","position":1,"name":"Accueil","item":"https:\/\/canalizadordelisboa.pt\/"},{"@type":"ListItem","position":2,"name":"Instala\u00e7\u00e3o de Banheiras Lisboa &#8211; Servi\u00e7os Profissionais"}]},{"@type":"WebSite","@id":"https:\/\/canalizadordelisboa.pt\/#website","url":"https:\/\/canalizadordelisboa.pt\/","name":"Canalizador de Lisboa","description":"Hochwertige Klempner- und Entw\u00e4sserungsdienstleistungen in Lissabon.","potentialAction":[{"@type":"SearchAction","target":{"@type":"EntryPoint","urlTemplate":"https:\/\/canalizadordelisboa.pt\/?s={search_term_string}"},"query-input":{"@type":"PropertyValueSpecification","valueRequired":true,"valueName":"search_term_string"}}],"inLanguage":"de"}]}},"_links":{"self":[{"href":"https:\/\/canalizadordelisboa.pt\/de\/wp-json\/wp\/v2\/pages\/3042","targetHints":{"allow":["GET"]}}],"collection":[{"href":"https:\/\/canalizadordelisboa.pt\/de\/wp-json\/wp\/v2\/pages"}],"about":[{"href":"https:\/\/canalizadordelisboa.pt\/de\/wp-json\/wp\/v2\/types\/page"}],"author":[{"embeddable":true,"href":"https:\/\/canalizadordelisboa.pt\/de\/wp-json\/wp\/v2\/users\/1"}],"replies":[{"embeddable":true,"href":"https:\/\/canalizadordelisboa.pt\/de\/wp-json\/wp\/v2\/comments?post=3042"}],"version-history":[{"count":1,"href":"https:\/\/canalizadordelisboa.pt\/de\/wp-json\/wp\/v2\/pages\/3042\/revisions"}],"predecessor-version":[{"id":3043,"href":"https:\/\/canalizadordelisboa.pt\/de\/wp-json\/wp\/v2\/pages\/3042\/revisions\/3043"}],"wp:attachment":[{"href":"https:\/\/canalizadordelisboa.pt\/de\/wp-json\/wp\/v2\/media?parent=3042"}],"curies":[{"name":"wp","href":"https:\/\/api.w.org\/{rel}","templated":true}]}}