{"id":3027,"date":"2024-06-19T15:42:33","date_gmt":"2024-06-19T15:42:33","guid":{"rendered":"https:\/\/canalizadordelisboa.pt\/?page_id=3027"},"modified":"2024-06-19T15:42:40","modified_gmt":"2024-06-19T15:42:40","slug":"kostengunstiger-klempner-in-lissabon","status":"publish","type":"page","link":"https:\/\/canalizadordelisboa.pt\/de\/canalizador-low-cost-lisboa\/","title":{"rendered":"Kosteng\u00fcnstiger Klempner Lissabon - Professionelle Dienstleistungen"},"content":{"rendered":"<p>Wenn Sie nach einem <strong>Kosteng\u00fcnstiger Klempner in Lissabon<\/strong>Ihre Suche endet hier. Canalizador de Lisboa bietet hochwertige Klempnerdienste zu erschwinglichen Preisen und garantiert Effizienz, Schnelligkeit und Wirtschaftlichkeit. Unser Team von erfahrenen Klempnern ist immer bereit, jedes Klempnerproblem zu l\u00f6sen, von kleineren Reparaturen bis hin zu gr\u00f6\u00dferen Installationen und Notf\u00e4llen, ohne Kompromisse bei der Qualit\u00e4t einzugehen.<\/p>\n<h2>Warum einen Canalizador de Lisboa w\u00e4hlen?<\/h2>\n<p>Wir von Canalizador de Lisboa wissen, wie wichtig ein erschwinglicher und zuverl\u00e4ssiger Klempnerdienst ist. Hier sind ein paar Gr\u00fcnde, warum unsere Kunden uns w\u00e4hlen:<\/p>\n<ul>\n<li><strong>Wettbewerbsf\u00e4hige Preise:<\/strong> Wir bieten qualitativ hochwertige Dienstleistungen zu erschwinglichen Preisen an, damit Sie den besten Gegenwert f\u00fcr Ihr Geld erhalten.<\/li>\n<li><strong>Fachwissen:<\/strong> Jahrelange Erfahrung im Sanit\u00e4rbereich, die sich auf eine Vielzahl von Bed\u00fcrfnissen erstreckt.<\/li>\n<li><strong>Qualifizierte Fachleute:<\/strong> Unser Team besteht aus gut ausgebildeten und zertifizierten Klempnern, die f\u00fcr jede Situation gewappnet sind.<\/li>\n<li><strong>Kostenloses Angebot:<\/strong> Wir erstellen kostenlose und transparente Kostenvoranschl\u00e4ge f\u00fcr alle unsere Dienstleistungen.<\/li>\n<li><strong>Qualit\u00e4tssicherung:<\/strong> Alle unsere Arbeiten sind garantiert, was Ihnen Sicherheit und Vertrauen gibt.<\/li>\n<\/ul>\n<h2>Unsere kosteng\u00fcnstigen Dienstleistungen<\/h2>\n<p>Wir bieten eine breite Palette von Sanit\u00e4rdienstleistungen zu erschwinglichen Preisen an, darunter:<\/p>\n<ul>\n<li><strong>Klempnerarbeiten:<\/strong> Wir beheben Lecks, Br\u00fcche und andere Sanit\u00e4rprobleme. Unser Ziel ist es, sicherzustellen, dass Ihr Sanit\u00e4rsystem perfekt funktioniert, um Wasserverschwendung und m\u00f6gliche strukturelle Sch\u00e4den zu vermeiden.<\/li>\n<li><strong>Installation von Sanit\u00e4ranlagen:<\/strong> Installation von neuen Wasser- und Abwassernetzen. Ganz gleich, ob Sie ein neues Haus bauen oder Ihr Haus renovieren, unser Team kann ein effizientes und langlebiges Sanit\u00e4rsystem installieren.<\/li>\n<li><strong>Klempnerarbeiten:<\/strong> Wir beheben Verstopfungen in Abfl\u00fcssen, Waschbecken, Abfl\u00fcssen und Klosetts. Wir verwenden moderne Ger\u00e4te, um sicherzustellen, dass die Verstopfung schnell und effizient beseitigt wird.<\/li>\n<li><strong>Vorbeugende Wartung:<\/strong> Regelm\u00e4\u00dfige Inspektionen zur Vermeidung von Sanit\u00e4rproblemen. Vorbeugende Wartung kann gr\u00f6\u00dfere Probleme in der Zukunft vermeiden und die Lebensdauer Ihres Sanit\u00e4rsystems verl\u00e4ngern.<\/li>\n<li><strong>Einbau von Wasserh\u00e4hnen und Ventilen:<\/strong> Wir ersetzen und installieren Wasserh\u00e4hne und Ventile aller Marken und Modelle und sorgen daf\u00fcr, dass Ihr Sanit\u00e4rsystem reibungslos funktioniert.<\/li>\n<li><strong>Reparatur und Ersatz von Toiletten:<\/strong> Wir reparieren undichte Stellen und ersetzen besch\u00e4digte Toiletten. Wir bieten eine breite Palette von M\u00f6glichkeiten, um den Komfort und die Effizienz Ihres Badezimmers zu verbessern.<\/li>\n<li><strong>Installation von Heizkesseln und Warmwasserbereitern:<\/strong> Installation und Wartung von Warmwasserbereitungsanlagen. Wir arbeiten mit den besten Marken auf dem Markt, um sicherzustellen, dass Sie warmes Wasser haben, wann immer Sie es brauchen.<\/li>\n<li><strong>Lecksuche:<\/strong> Einsatz von Technologie zum Aufsp\u00fcren versteckter Lecks. Wir verwenden fortschrittliche Ger\u00e4te, um Lecks zu erkennen und zu reparieren, ohne unn\u00f6tige Sch\u00e4den an Ihrem Eigentum zu verursachen.<\/li>\n<li><strong>Installation eines Wasserfilters:<\/strong> Installation von Trinkwasserfiltrationssystemen. Sichern Sie die Qualit\u00e4t des Wassers, das Sie und Ihre Familie trinken, mit unseren Filtersystemen.<\/li>\n<li><strong>Installation von Haushaltsger\u00e4ten:<\/strong> Anschluss von Waschmaschinen, Geschirrsp\u00fclern und anderen Haushaltsger\u00e4ten. Wir garantieren, dass alle Ger\u00e4te korrekt installiert sind und einwandfrei funktionieren.<\/li>\n<li><strong>Umgestaltung von B\u00e4dern und K\u00fcchen:<\/strong> Planung und Durchf\u00fchrung kompletter Renovierungsarbeiten. Unser Team kann diese R\u00e4ume so umgestalten, dass sie funktionaler und \u00e4sthetisch ansprechender werden.<\/li>\n<li><strong>Notfalldienste:<\/strong> 24\/7-Service f\u00fcr dringende Reparaturen. Egal, ob es sich um ein ernsthaftes Leck oder einen verstopften Abwasserkanal handelt, wir sind zu jeder Tages- und Nachtzeit f\u00fcr Sie da.<\/li>\n<li><strong>Reparaturen von Wasserpumpen:<\/strong> Wartung und Austausch von Wasserpumpen. Wir sorgen daf\u00fcr, dass Ihr Wasserpumpensystem effizient arbeitet, um Versorgungsunterbrechungen zu vermeiden.<\/li>\n<li><strong>Installation von Bew\u00e4sserungsanlagen:<\/strong> Installation von automatischen Bew\u00e4sserungssystemen. Unsere Bew\u00e4sserungssysteme eignen sich perfekt f\u00fcr G\u00e4rten und Gr\u00fcnfl\u00e4chen und sind so konzipiert, dass sie den Wasserverbrauch optimieren und Ihre Pflanzen gesund erhalten.<\/li>\n<li><strong>Reinigung von Fettabscheidern:<\/strong> Reinigung und Wartung von Fettabscheidern, um Verstopfungen zu vermeiden und das ordnungsgem\u00e4\u00dfe Funktionieren des Abwassersystems zu gew\u00e4hrleisten.<\/li>\n<li><strong>Einbau von Badewannen und Duschen:<\/strong> Installation und Reparatur von B\u00e4dern und Duschen. Verwandeln Sie Ihr Badezimmer mit unseren professionellen Installationen in einen Ort der Entspannung.<\/li>\n<li><strong>Kamera-Inspektion:<\/strong> Einsatz von Kameras zur Inspektion von Rohrleitungen, die eine genaue Identifizierung von Problemen erm\u00f6glichen, ohne dass invasive Eingriffe erforderlich sind.<\/li>\n<li><strong>Installation des Gasnetzes:<\/strong> Montage und Wartung von Gasleitungen, Gew\u00e4hrleistung der Sicherheit und Einhaltung der geltenden Vorschriften.<\/li>\n<\/ul>\n<h2>Wie unser kosteng\u00fcnstiger Service funktioniert<\/h2>\n<p>Unser Serviceprozess ist einfach und effektiv:<\/p>\n<ul>\n<li><strong>Erste Anfrage:<\/strong> Wir haben Ihren Anruf erhalten und einen Ortstermin vereinbart, um die Situation zu beurteilen.<\/li>\n<li><strong>Die Diagnose:<\/strong> Wir setzen moderne Ger\u00e4te ein, um die Ursache des Problems zu diagnostizieren und die beste L\u00f6sung zu finden.<\/li>\n<li><strong>Haushalt:<\/strong> Wir erstellen einen kostenlosen und transparenten Kostenvoranschlag f\u00fcr die gew\u00fcnschte Dienstleistung, damit Sie genau wissen, was Sie erwartet.<\/li>\n<li><strong>Ausf\u00fchrung des Dienstes:<\/strong> Wir f\u00fchren den Service mit hochwertigen Materialien und fortschrittlichen Techniken durch und sorgen so f\u00fcr eine wirksame und dauerhafte L\u00f6sung des Problems.<\/li>\n<li><strong>Abschlusstest:<\/strong> Wir \u00fcberpr\u00fcfen die Funktionsweise des Systems, um sicherzustellen, dass alles perfekt ist, bevor wir die Baustelle verlassen.<\/li>\n<\/ul>\n<h2>Anzeichen daf\u00fcr, dass Sie einen preisg\u00fcnstigen Klempner brauchen<\/h2>\n<p>Einige h\u00e4ufige Anzeichen daf\u00fcr, dass Sie Klempnerarbeiten ben\u00f6tigen, sind:<\/p>\n<ul>\n<li>Sichtbare oder versteckte Lecks in Rohrleitungen.<\/li>\n<li>Das Wasser flie\u00dft langsam in die Abfl\u00fcsse.<\/li>\n<li>Schlechte Ger\u00fcche aus den Abwasserkan\u00e4len.<\/li>\n<li>Niedriger Druck oder verf\u00e4rbtes Wasser.<\/li>\n<li>H\u00e4ufige Verstopfungsprobleme.<\/li>\n<\/ul>\n<h2>Vorteile der Beauftragung kosteng\u00fcnstiger Installateure<\/h2>\n<p>Die Investition in professionelle, kosteng\u00fcnstige Klempnerdienste bringt mehrere Vorteile mit sich, wie zum Beispiel:<\/p>\n<ul>\n<li><strong>Effizienz:<\/strong> Schnelle und wirksame L\u00f6sungen unter Einsatz moderner Ger\u00e4te und fortschrittlicher Techniken.<\/li>\n<li><strong>Schadensverh\u00fctung:<\/strong> Verhindert gr\u00f6\u00dfere Sch\u00e4den an der Sanit\u00e4ranlage und der Struktur Ihres Hauses.<\/li>\n<li><strong>Wirtschaft:<\/strong> Qualitativ hochwertige Dienstleistungen zu erschwinglichen Preisen, die Ihnen das beste Preis-Leistungs-Verh\u00e4ltnis garantieren.<\/li>\n<li><strong>Gelassenheit:<\/strong> Die Gewissheit, dass das Problem von qualifizierten Fachleuten gel\u00f6st wurde und dass die Sanit\u00e4ranlage perfekt funktioniert.<\/li>\n<\/ul>\n<h2>Kontaktieren Sie uns heute<\/h2>\n<p>Wenn Sie mit Klempnerproblemen konfrontiert sind und nach einem Qualit\u00e4tsservice zu erschwinglichen Preisen in Lissabon suchen, sollten Sie keine Zeit verlieren. Nehmen Sie Kontakt mit Canalizador de Lisboa auf und vereinbaren Sie einen Termin. Wir sind bereit, Sie schnell und effizient zu bedienen und daf\u00fcr zu sorgen, dass Ihr Klempnersystem immer in perfektem Zustand ist.<\/p>","protected":false},"excerpt":{"rendered":"<p>Se voc\u00ea est\u00e1 \u00e0 procura de um canalizador low cost em Lisboa, a sua busca termina aqui. A Canalizador de Lisboa oferece servi\u00e7os de canaliza\u00e7\u00e3o de alta qualidade a pre\u00e7os acess\u00edveis, garantindo efici\u00eancia, rapidez e economia. Nossa equipe de canalizadores experientes est\u00e1 sempre pronta para resolver qualquer problema de canaliza\u00e7\u00e3o, desde pequenas repara\u00e7\u00f5es at\u00e9 grandes [&hellip;]<\/p>\n","protected":false},"author":1,"featured_media":0,"parent":0,"menu_order":0,"comment_status":"closed","ping_status":"closed","template":"","meta":{"iawp_total_views":51,"footnotes":""},"class_list":["post-3027","page","type-page","status-publish","hentry"],"yoast_head":"<!-- This site is optimized with the Yoast SEO plugin v27.4 - https:\/\/yoast.com\/product\/yoast-seo-wordpress\/ -->\n<title>Canalizador Low Cost Lisboa - Servi\u00e7os Profissionais<\/title>\n<meta name=\"description\" content=\"Procura um canalizador low cost em Lisboa? Canalizador de Lisboa oferece servi\u00e7os profissionais de canaliza\u00e7\u00e3o a pre\u00e7os acess\u00edveis.\" \/>\n<meta name=\"robots\" content=\"index, follow, max-snippet:-1, max-image-preview:large, max-video-preview:-1\" \/>\n<link rel=\"canonical\" href=\"https:\/\/canalizadordelisboa.pt\/de\/kostengunstiger-klempner-in-lissabon\/\" \/>\n<meta property=\"og:locale\" content=\"de_DE\" \/>\n<meta property=\"og:type\" content=\"article\" \/>\n<meta property=\"og:title\" content=\"Canalizador Low Cost Lisboa - Servi\u00e7os Profissionais\" \/>\n<meta property=\"og:description\" content=\"Procura um canalizador low cost em Lisboa? Canalizador de Lisboa oferece servi\u00e7os profissionais de canaliza\u00e7\u00e3o a pre\u00e7os acess\u00edveis.\" \/>\n<meta property=\"og:url\" content=\"https:\/\/canalizadordelisboa.pt\/de\/kostengunstiger-klempner-in-lissabon\/\" \/>\n<meta property=\"og:site_name\" content=\"Canalizador de Lisboa\" \/>\n<meta property=\"article:modified_time\" content=\"2024-06-19T15:42:40+00:00\" \/>\n<meta name=\"twitter:card\" content=\"summary_large_image\" \/>\n<meta name=\"twitter:label1\" content=\"Gesch\u00e4tzte Lesezeit\" \/>\n\t<meta name=\"twitter:data1\" content=\"6\u00a0Minuten\" \/>\n<script type=\"application\/ld+json\" class=\"yoast-schema-graph\">{\"@context\":\"https:\\\/\\\/schema.org\",\"@graph\":[{\"@type\":\"WebPage\",\"@id\":\"https:\\\/\\\/canalizadordelisboa.pt\\\/canalizador-low-cost-lisboa\\\/\",\"url\":\"https:\\\/\\\/canalizadordelisboa.pt\\\/canalizador-low-cost-lisboa\\\/\",\"name\":\"Canalizador Low Cost Lisboa - Servi\u00e7os Profissionais\",\"isPartOf\":{\"@id\":\"https:\\\/\\\/canalizadordelisboa.pt\\\/#website\"},\"datePublished\":\"2024-06-19T15:42:33+00:00\",\"dateModified\":\"2024-06-19T15:42:40+00:00\",\"description\":\"Procura um canalizador low cost em Lisboa? Canalizador de Lisboa oferece servi\u00e7os profissionais de canaliza\u00e7\u00e3o a pre\u00e7os acess\u00edveis.\",\"breadcrumb\":{\"@id\":\"https:\\\/\\\/canalizadordelisboa.pt\\\/canalizador-low-cost-lisboa\\\/#breadcrumb\"},\"inLanguage\":\"de\",\"potentialAction\":[{\"@type\":\"ReadAction\",\"target\":[\"https:\\\/\\\/canalizadordelisboa.pt\\\/canalizador-low-cost-lisboa\\\/\"]}]},{\"@type\":\"BreadcrumbList\",\"@id\":\"https:\\\/\\\/canalizadordelisboa.pt\\\/canalizador-low-cost-lisboa\\\/#breadcrumb\",\"itemListElement\":[{\"@type\":\"ListItem\",\"position\":1,\"name\":\"Accueil\",\"item\":\"https:\\\/\\\/canalizadordelisboa.pt\\\/\"},{\"@type\":\"ListItem\",\"position\":2,\"name\":\"Canalizador Low Cost Lisboa &#8211; Servi\u00e7os Profissionais\"}]},{\"@type\":\"WebSite\",\"@id\":\"https:\\\/\\\/canalizadordelisboa.pt\\\/#website\",\"url\":\"https:\\\/\\\/canalizadordelisboa.pt\\\/\",\"name\":\"Canalizador de Lisboa\",\"description\":\"Servi\u00e7os de canaliza\u00e7\u00e3o e desentupimentos de alta qualidade em Lisboa.\",\"potentialAction\":[{\"@type\":\"SearchAction\",\"target\":{\"@type\":\"EntryPoint\",\"urlTemplate\":\"https:\\\/\\\/canalizadordelisboa.pt\\\/?s={search_term_string}\"},\"query-input\":{\"@type\":\"PropertyValueSpecification\",\"valueRequired\":true,\"valueName\":\"search_term_string\"}}],\"inLanguage\":\"de\"}]}<\/script>\n<!-- \/ Yoast SEO plugin. -->","yoast_head_json":{"title":"Kosteng\u00fcnstiger Klempner Lissabon - Professionelle Dienstleistungen","description":"Suchen Sie einen preiswerten Klempner in Lissabon? Canalizador de Lisboa bietet professionelle Klempnerdienste zu erschwinglichen Preisen.","robots":{"index":"index","follow":"follow","max-snippet":"max-snippet:-1","max-image-preview":"max-image-preview:large","max-video-preview":"max-video-preview:-1"},"canonical":"https:\/\/canalizadordelisboa.pt\/de\/kostengunstiger-klempner-in-lissabon\/","og_locale":"de_DE","og_type":"article","og_title":"Canalizador Low Cost Lisboa - Servi\u00e7os Profissionais","og_description":"Procura um canalizador low cost em Lisboa? Canalizador de Lisboa oferece servi\u00e7os profissionais de canaliza\u00e7\u00e3o a pre\u00e7os acess\u00edveis.","og_url":"https:\/\/canalizadordelisboa.pt\/de\/kostengunstiger-klempner-in-lissabon\/","og_site_name":"Canalizador de Lisboa","article_modified_time":"2024-06-19T15:42:40+00:00","twitter_card":"summary_large_image","twitter_misc":{"Gesch\u00e4tzte Lesezeit":"6\u00a0Minuten"},"schema":{"@context":"https:\/\/schema.org","@graph":[{"@type":"WebPage","@id":"https:\/\/canalizadordelisboa.pt\/canalizador-low-cost-lisboa\/","url":"https:\/\/canalizadordelisboa.pt\/canalizador-low-cost-lisboa\/","name":"Kosteng\u00fcnstiger Klempner Lissabon - Professionelle Dienstleistungen","isPartOf":{"@id":"https:\/\/canalizadordelisboa.pt\/#website"},"datePublished":"2024-06-19T15:42:33+00:00","dateModified":"2024-06-19T15:42:40+00:00","description":"Suchen Sie einen preiswerten Klempner in Lissabon? Canalizador de Lisboa bietet professionelle Klempnerdienste zu erschwinglichen Preisen.","breadcrumb":{"@id":"https:\/\/canalizadordelisboa.pt\/canalizador-low-cost-lisboa\/#breadcrumb"},"inLanguage":"de","potentialAction":[{"@type":"ReadAction","target":["https:\/\/canalizadordelisboa.pt\/canalizador-low-cost-lisboa\/"]}]},{"@type":"BreadcrumbList","@id":"https:\/\/canalizadordelisboa.pt\/canalizador-low-cost-lisboa\/#breadcrumb","itemListElement":[{"@type":"ListItem","position":1,"name":"Accueil","item":"https:\/\/canalizadordelisboa.pt\/"},{"@type":"ListItem","position":2,"name":"Canalizador Low Cost Lisboa &#8211; Servi\u00e7os Profissionais"}]},{"@type":"WebSite","@id":"https:\/\/canalizadordelisboa.pt\/#website","url":"https:\/\/canalizadordelisboa.pt\/","name":"Canalizador de Lisboa","description":"Hochwertige Klempner- und Entw\u00e4sserungsdienstleistungen in Lissabon.","potentialAction":[{"@type":"SearchAction","target":{"@type":"EntryPoint","urlTemplate":"https:\/\/canalizadordelisboa.pt\/?s={search_term_string}"},"query-input":{"@type":"PropertyValueSpecification","valueRequired":true,"valueName":"search_term_string"}}],"inLanguage":"de"}]}},"_links":{"self":[{"href":"https:\/\/canalizadordelisboa.pt\/de\/wp-json\/wp\/v2\/pages\/3027","targetHints":{"allow":["GET"]}}],"collection":[{"href":"https:\/\/canalizadordelisboa.pt\/de\/wp-json\/wp\/v2\/pages"}],"about":[{"href":"https:\/\/canalizadordelisboa.pt\/de\/wp-json\/wp\/v2\/types\/page"}],"author":[{"embeddable":true,"href":"https:\/\/canalizadordelisboa.pt\/de\/wp-json\/wp\/v2\/users\/1"}],"replies":[{"embeddable":true,"href":"https:\/\/canalizadordelisboa.pt\/de\/wp-json\/wp\/v2\/comments?post=3027"}],"version-history":[{"count":1,"href":"https:\/\/canalizadordelisboa.pt\/de\/wp-json\/wp\/v2\/pages\/3027\/revisions"}],"predecessor-version":[{"id":3028,"href":"https:\/\/canalizadordelisboa.pt\/de\/wp-json\/wp\/v2\/pages\/3027\/revisions\/3028"}],"wp:attachment":[{"href":"https:\/\/canalizadordelisboa.pt\/de\/wp-json\/wp\/v2\/media?parent=3027"}],"curies":[{"name":"wp","href":"https:\/\/api.w.org\/{rel}","templated":true}]}}