{"id":3023,"date":"2024-06-19T15:33:02","date_gmt":"2024-06-19T15:33:02","guid":{"rendered":"https:\/\/canalizadordelisboa.pt\/?page_id=3023"},"modified":"2024-06-19T15:33:10","modified_gmt":"2024-06-19T15:33:10","slug":"24-stunden-klempnerarbeiten-in-lissabon","status":"publish","type":"page","link":"https:\/\/canalizadordelisboa.pt\/de\/canalizador-24-horas-lisboa\/","title":{"rendered":"24-Stunden-Klempner Lissabon - Notfalldienste"},"content":{"rendered":"<p>Wenn Sie nach einem <strong>24-Stunden-Klempner in Lissabon<\/strong>Ihre Suche endet hier. Canalizador de Lisboa bietet qualitativ hochwertige Klempner-Notdienste, die sicherstellen, dass Sie sofort Hilfe bekommen, wenn Sie sie brauchen. Unser Team von erfahrenen Klempnern ist immer bereit, jedes Klempnerproblem zu jeder Tages- und Nachtzeit zu l\u00f6sen.<\/p>\n<h2>Warum einen Canalizador de Lisboa w\u00e4hlen?<\/h2>\n<p>Wir von Canalizador de Lisboa wissen, wie wichtig ein schneller und zuverl\u00e4ssiger Klempnerdienst ist. Hier sind ein paar Gr\u00fcnde, warum unsere Kunden uns w\u00e4hlen:<\/p>\n<ul>\n<li><strong>24\/7 Verf\u00fcgbarkeit:<\/strong> Wir bieten Notdienste an, damit Sie in einer kritischen Situation niemals hilflos dastehen, egal zu welcher Zeit.<\/li>\n<li><strong>Fachwissen:<\/strong> Jahrelange Erfahrung im Sanit\u00e4rbereich, die sich auf eine Vielzahl von Notf\u00e4llen erstreckt.<\/li>\n<li><strong>Qualifizierte Fachleute:<\/strong> Unser Team besteht aus gut ausgebildeten und zertifizierten Klempnern, die f\u00fcr jede Situation gewappnet sind.<\/li>\n<li><strong>Kostenloses Angebot:<\/strong> Wir erstellen kostenlose und transparente Kostenvoranschl\u00e4ge f\u00fcr alle unsere Dienstleistungen, auch f\u00fcr Notf\u00e4lle.<\/li>\n<li><strong>Qualit\u00e4tssicherung:<\/strong> Alle unsere Arbeiten sind garantiert, was Ihnen Sicherheit und Vertrauen gibt.<\/li>\n<\/ul>\n<h2>Unser 24-Stunden-Service<\/h2>\n<p>Wir bieten eine breite Palette von 24-Stunden-Notfall-Sanit\u00e4rdienstleistungen in Lissabon, einschlie\u00dflich:<\/p>\n<ul>\n<li><strong>Notreparaturen:<\/strong> Schnelle Reaktion bei der Reparatur von Leckagen, Br\u00fcchen und anderen dringenden Klempnerproblemen. Unser Team ist schnell vor Ort, um den Schaden zu minimieren und das Problem zu l\u00f6sen.<\/li>\n<li><strong>Klempnerarbeiten:<\/strong> Wir befreien Abfl\u00fcsse, Waschbecken, Abfl\u00fcsse und Toiletten zu jeder Tages- und Nachtzeit von Verstopfungen. Wir verwenden moderne Ger\u00e4te, um sicherzustellen, dass die Verstopfung schnell und effizient beseitigt wird.<\/li>\n<li><strong>Lecksuche:<\/strong> Wir setzen fortschrittliche Technologie ein, um versteckte Lecks zu lokalisieren und zu reparieren. Dank modernster Ausr\u00fcstung k\u00f6nnen wir die Ursache von Problemen pr\u00e4zise lokalisieren.<\/li>\n<li><strong>Reparaturen von Heizkesseln und Heizungen:<\/strong> Wir reparieren und warten Wasserheizungssysteme in Notf\u00e4llen. Wir sorgen daf\u00fcr, dass Sie warmes Wasser haben, wann immer Sie es brauchen.<\/li>\n<li><strong>Installation von Haushaltsger\u00e4ten:<\/strong> Anschluss und Reparatur von Waschmaschinen, Geschirrsp\u00fclern und anderen Haushaltsger\u00e4ten, um sicherzustellen, dass sie korrekt installiert sind und einwandfrei funktionieren.<\/li>\n<li><strong>Reparaturen von Wasserpumpen:<\/strong> Wartung und Austausch von Wasserpumpen in Notf\u00e4llen. Wir sorgen daf\u00fcr, dass Ihr Wasserpumpensystem effizient arbeitet, um Versorgungsunterbrechungen zu vermeiden.<\/li>\n<\/ul>\n<h2>Wie unser 24-Stunden-Klempnerdienst funktioniert<\/h2>\n<p>Unser Verfahren zur Reaktion auf Notf\u00e4lle ist einfach und effektiv:<\/p>\n<ul>\n<li><strong>Notruf:<\/strong> Wir nehmen Ihren Notruf zu jeder Tages- und Nachtzeit entgegen. Unser Serviceteam ist immer bereit zu helfen.<\/li>\n<li><strong>Schnelldiagnose:<\/strong> Wir sind schnell vor Ort und diagnostizieren das Problem genau, wobei wir moderne Ger\u00e4te und fortschrittliche Techniken einsetzen.<\/li>\n<li><strong>Reparieren:<\/strong> Wir f\u00fchren die Reparatur mit hochwertigen Materialien und fortschrittlichen Techniken durch und sorgen daf\u00fcr, dass das Problem wirksam und langfristig gel\u00f6st wird.<\/li>\n<li><strong>Abschlusstest:<\/strong> Wir \u00fcberpr\u00fcfen die Funktionsweise des Systems, um sicherzustellen, dass alles perfekt ist, bevor wir die Baustelle verlassen.<\/li>\n<\/ul>\n<h2>Anzeichen daf\u00fcr, dass Sie einen 24-Stunden-Klempner ben\u00f6tigen<\/h2>\n<p>Einige h\u00e4ufige Anzeichen daf\u00fcr, dass Sie m\u00f6glicherweise die Dienste eines Rechtsanwalts ben\u00f6tigen <strong>24-Stunden-Klempner<\/strong> umfassen:<\/p>\n<ul>\n<li>Erhebliche Lecks oder \u00dcberschwemmungen.<\/li>\n<li>Schwere Verstopfungen, die die Benutzung von Waschbecken oder Toiletten verhindern.<\/li>\n<li>Mangel an hei\u00dfem Wasser aufgrund eines Heizungsausfalls.<\/li>\n<li>Anhaltende Geruchsbel\u00e4stigung durch Abw\u00e4sser.<\/li>\n<li>Jedes Sanit\u00e4rproblem, das sofort behoben werden muss, um weitere Sch\u00e4den zu verhindern.<\/li>\n<\/ul>\n<h2>Vorteile der Beauftragung eines 24-Stunden-Klempners<\/h2>\n<p>Die Investition in einen 24-Stunden-Klempnerdienst bringt mehrere Vorteile mit sich, wie zum Beispiel:<\/p>\n<ul>\n<li><strong>Gelassenheit:<\/strong> Die Gewissheit, dass Ihnen zu jeder Tages- und Nachtzeit Hilfe zur Verf\u00fcgung steht.<\/li>\n<li><strong>Schadensverh\u00fctung:<\/strong> Eine schnelle Probleml\u00f6sung vermeidet gr\u00f6\u00dfere Sch\u00e4den und hohe Reparaturkosten.<\/li>\n<li><strong>Sicherheit:<\/strong> Garantieren Sie, dass das Problem sicher und wirksam gel\u00f6st wird.<\/li>\n<li><strong>Bequemlichkeit:<\/strong> Schnelle und effiziente Dienstleistungen minimieren die Auswirkungen auf Ihr t\u00e4gliches Leben.<\/li>\n<\/ul>\n<h2>Kontaktieren Sie uns heute<\/h2>\n<p>Wenn Sie mit einem Klempnernotfall konfrontiert sind, sollten Sie keine Zeit verlieren. Setzen Sie sich mit Canalizador de Lisboa in Verbindung und vereinbaren Sie einen sofortigen Besuch. Wir sind 24 Stunden am Tag, 7 Tage die Woche f\u00fcr Sie da und sorgen daf\u00fcr, dass Ihr Sanit\u00e4rsystem immer in einwandfreiem Zustand ist.<\/p>","protected":false},"excerpt":{"rendered":"<p>Se voc\u00ea est\u00e1 \u00e0 procura de um canalizador 24 horas em Lisboa, a sua busca termina aqui. A Canalizador de Lisboa oferece servi\u00e7os de canaliza\u00e7\u00e3o de emerg\u00eancia de alta qualidade, garantindo que voc\u00ea tenha assist\u00eancia imediata quando precisar. Nossa equipe de canalizadores experientes est\u00e1 sempre pronta para resolver qualquer problema de canaliza\u00e7\u00e3o, a qualquer hora [&hellip;]<\/p>\n","protected":false},"author":1,"featured_media":0,"parent":0,"menu_order":0,"comment_status":"closed","ping_status":"closed","template":"","meta":{"iawp_total_views":15,"footnotes":""},"class_list":["post-3023","page","type-page","status-publish","hentry"],"yoast_head":"<!-- This site is optimized with the Yoast SEO plugin v27.4 - https:\/\/yoast.com\/product\/yoast-seo-wordpress\/ -->\n<title>Canalizador 24 Horas Lisboa - Servi\u00e7os de Emerg\u00eancia<\/title>\n<meta name=\"description\" content=\"Procura um canalizador 24 horas em Lisboa? Canalizador de Lisboa oferece servi\u00e7os de emerg\u00eancia de canaliza\u00e7\u00e3o. Contacte-nos !\" \/>\n<meta name=\"robots\" content=\"index, follow, max-snippet:-1, max-image-preview:large, max-video-preview:-1\" \/>\n<link rel=\"canonical\" href=\"https:\/\/canalizadordelisboa.pt\/de\/24-stunden-klempnerarbeiten-in-lissabon\/\" \/>\n<meta property=\"og:locale\" content=\"de_DE\" \/>\n<meta property=\"og:type\" content=\"article\" \/>\n<meta property=\"og:title\" content=\"Canalizador 24 Horas Lisboa - Servi\u00e7os de Emerg\u00eancia\" \/>\n<meta property=\"og:description\" content=\"Procura um canalizador 24 horas em Lisboa? Canalizador de Lisboa oferece servi\u00e7os de emerg\u00eancia de canaliza\u00e7\u00e3o. Contacte-nos !\" \/>\n<meta property=\"og:url\" content=\"https:\/\/canalizadordelisboa.pt\/de\/24-stunden-klempnerarbeiten-in-lissabon\/\" \/>\n<meta property=\"og:site_name\" content=\"Canalizador de Lisboa\" \/>\n<meta property=\"article:modified_time\" content=\"2024-06-19T15:33:10+00:00\" \/>\n<meta name=\"twitter:card\" content=\"summary_large_image\" \/>\n<meta name=\"twitter:label1\" content=\"Gesch\u00e4tzte Lesezeit\" \/>\n\t<meta name=\"twitter:data1\" content=\"4\u00a0Minuten\" \/>\n<script type=\"application\/ld+json\" class=\"yoast-schema-graph\">{\"@context\":\"https:\\\/\\\/schema.org\",\"@graph\":[{\"@type\":\"WebPage\",\"@id\":\"https:\\\/\\\/canalizadordelisboa.pt\\\/canalizador-24-horas-lisboa\\\/\",\"url\":\"https:\\\/\\\/canalizadordelisboa.pt\\\/canalizador-24-horas-lisboa\\\/\",\"name\":\"Canalizador 24 Horas Lisboa - Servi\u00e7os de Emerg\u00eancia\",\"isPartOf\":{\"@id\":\"https:\\\/\\\/canalizadordelisboa.pt\\\/#website\"},\"datePublished\":\"2024-06-19T15:33:02+00:00\",\"dateModified\":\"2024-06-19T15:33:10+00:00\",\"description\":\"Procura um canalizador 24 horas em Lisboa? Canalizador de Lisboa oferece servi\u00e7os de emerg\u00eancia de canaliza\u00e7\u00e3o. Contacte-nos !\",\"breadcrumb\":{\"@id\":\"https:\\\/\\\/canalizadordelisboa.pt\\\/canalizador-24-horas-lisboa\\\/#breadcrumb\"},\"inLanguage\":\"de\",\"potentialAction\":[{\"@type\":\"ReadAction\",\"target\":[\"https:\\\/\\\/canalizadordelisboa.pt\\\/canalizador-24-horas-lisboa\\\/\"]}]},{\"@type\":\"BreadcrumbList\",\"@id\":\"https:\\\/\\\/canalizadordelisboa.pt\\\/canalizador-24-horas-lisboa\\\/#breadcrumb\",\"itemListElement\":[{\"@type\":\"ListItem\",\"position\":1,\"name\":\"Accueil\",\"item\":\"https:\\\/\\\/canalizadordelisboa.pt\\\/\"},{\"@type\":\"ListItem\",\"position\":2,\"name\":\"Canalizador 24 Horas Lisboa &#8211; Servi\u00e7os de Emerg\u00eancia\"}]},{\"@type\":\"WebSite\",\"@id\":\"https:\\\/\\\/canalizadordelisboa.pt\\\/#website\",\"url\":\"https:\\\/\\\/canalizadordelisboa.pt\\\/\",\"name\":\"Canalizador de Lisboa\",\"description\":\"Servi\u00e7os de canaliza\u00e7\u00e3o e desentupimentos de alta qualidade em Lisboa.\",\"potentialAction\":[{\"@type\":\"SearchAction\",\"target\":{\"@type\":\"EntryPoint\",\"urlTemplate\":\"https:\\\/\\\/canalizadordelisboa.pt\\\/?s={search_term_string}\"},\"query-input\":{\"@type\":\"PropertyValueSpecification\",\"valueRequired\":true,\"valueName\":\"search_term_string\"}}],\"inLanguage\":\"de\"}]}<\/script>\n<!-- \/ Yoast SEO plugin. -->","yoast_head_json":{"title":"24-Stunden-Klempner Lissabon - Notfalldienste","description":"Suchen Sie einen 24-Stunden-Klempner in Lissabon? Canalizador de Lisboa bietet einen Notdienst f\u00fcr Klempnerarbeiten. Kontaktieren Sie uns!","robots":{"index":"index","follow":"follow","max-snippet":"max-snippet:-1","max-image-preview":"max-image-preview:large","max-video-preview":"max-video-preview:-1"},"canonical":"https:\/\/canalizadordelisboa.pt\/de\/24-stunden-klempnerarbeiten-in-lissabon\/","og_locale":"de_DE","og_type":"article","og_title":"Canalizador 24 Horas Lisboa - Servi\u00e7os de Emerg\u00eancia","og_description":"Procura um canalizador 24 horas em Lisboa? Canalizador de Lisboa oferece servi\u00e7os de emerg\u00eancia de canaliza\u00e7\u00e3o. Contacte-nos !","og_url":"https:\/\/canalizadordelisboa.pt\/de\/24-stunden-klempnerarbeiten-in-lissabon\/","og_site_name":"Canalizador de Lisboa","article_modified_time":"2024-06-19T15:33:10+00:00","twitter_card":"summary_large_image","twitter_misc":{"Gesch\u00e4tzte Lesezeit":"4\u00a0Minuten"},"schema":{"@context":"https:\/\/schema.org","@graph":[{"@type":"WebPage","@id":"https:\/\/canalizadordelisboa.pt\/canalizador-24-horas-lisboa\/","url":"https:\/\/canalizadordelisboa.pt\/canalizador-24-horas-lisboa\/","name":"24-Stunden-Klempner Lissabon - Notfalldienste","isPartOf":{"@id":"https:\/\/canalizadordelisboa.pt\/#website"},"datePublished":"2024-06-19T15:33:02+00:00","dateModified":"2024-06-19T15:33:10+00:00","description":"Suchen Sie einen 24-Stunden-Klempner in Lissabon? Canalizador de Lisboa bietet einen Notdienst f\u00fcr Klempnerarbeiten. Kontaktieren Sie uns!","breadcrumb":{"@id":"https:\/\/canalizadordelisboa.pt\/canalizador-24-horas-lisboa\/#breadcrumb"},"inLanguage":"de","potentialAction":[{"@type":"ReadAction","target":["https:\/\/canalizadordelisboa.pt\/canalizador-24-horas-lisboa\/"]}]},{"@type":"BreadcrumbList","@id":"https:\/\/canalizadordelisboa.pt\/canalizador-24-horas-lisboa\/#breadcrumb","itemListElement":[{"@type":"ListItem","position":1,"name":"Accueil","item":"https:\/\/canalizadordelisboa.pt\/"},{"@type":"ListItem","position":2,"name":"Canalizador 24 Horas Lisboa &#8211; Servi\u00e7os de Emerg\u00eancia"}]},{"@type":"WebSite","@id":"https:\/\/canalizadordelisboa.pt\/#website","url":"https:\/\/canalizadordelisboa.pt\/","name":"Canalizador de Lisboa","description":"Hochwertige Klempner- und Entw\u00e4sserungsdienstleistungen in Lissabon.","potentialAction":[{"@type":"SearchAction","target":{"@type":"EntryPoint","urlTemplate":"https:\/\/canalizadordelisboa.pt\/?s={search_term_string}"},"query-input":{"@type":"PropertyValueSpecification","valueRequired":true,"valueName":"search_term_string"}}],"inLanguage":"de"}]}},"_links":{"self":[{"href":"https:\/\/canalizadordelisboa.pt\/de\/wp-json\/wp\/v2\/pages\/3023","targetHints":{"allow":["GET"]}}],"collection":[{"href":"https:\/\/canalizadordelisboa.pt\/de\/wp-json\/wp\/v2\/pages"}],"about":[{"href":"https:\/\/canalizadordelisboa.pt\/de\/wp-json\/wp\/v2\/types\/page"}],"author":[{"embeddable":true,"href":"https:\/\/canalizadordelisboa.pt\/de\/wp-json\/wp\/v2\/users\/1"}],"replies":[{"embeddable":true,"href":"https:\/\/canalizadordelisboa.pt\/de\/wp-json\/wp\/v2\/comments?post=3023"}],"version-history":[{"count":1,"href":"https:\/\/canalizadordelisboa.pt\/de\/wp-json\/wp\/v2\/pages\/3023\/revisions"}],"predecessor-version":[{"id":3024,"href":"https:\/\/canalizadordelisboa.pt\/de\/wp-json\/wp\/v2\/pages\/3023\/revisions\/3024"}],"wp:attachment":[{"href":"https:\/\/canalizadordelisboa.pt\/de\/wp-json\/wp\/v2\/media?parent=3023"}],"curies":[{"name":"wp","href":"https:\/\/api.w.org\/{rel}","templated":true}]}}