{"id":3021,"date":"2024-06-19T15:29:57","date_gmt":"2024-06-19T15:29:57","guid":{"rendered":"https:\/\/canalizadordelisboa.pt\/?page_id=3021"},"modified":"2024-06-19T15:30:07","modified_gmt":"2024-06-19T15:30:07","slug":"kostengunstige-reparaturen-von-klempnerarbeiten-in-lissabon","status":"publish","type":"page","link":"https:\/\/canalizadordelisboa.pt\/de\/desentupimentos-low-cost-lisboa\/","title":{"rendered":"G\u00fcnstige Wasserentsorgung Lissabon - Professionelle Dienstleistungen"},"content":{"rendered":"<p>Wenn Sie auf der Suche nach <strong>Kosteng\u00fcnstige Klempnerarbeiten in Lissabon<\/strong>Ihre Suche endet hier. Canalizador de Lisboa bietet hochwertige Klempnerdienste zu erschwinglichen Preisen und garantiert Effizienz, Schnelligkeit und Wirtschaftlichkeit. Unser Team von erfahrenen Klempnern ist immer bereit, jedes Verstopfungsproblem zu l\u00f6sen, von kleinen Verstopfungen bis hin zu komplexeren Problemen in Abfl\u00fcssen und Rohren.<\/p>\n<h2>Warum einen Canalizador de Lisboa w\u00e4hlen?<\/h2>\n<p>Wir von Canalizador de Lisboa wissen, wie wichtig ein erschwinglicher und zuverl\u00e4ssiger Entstopfungsdienst ist. Hier sind einige Gr\u00fcnde, warum unsere Kunden uns w\u00e4hlen:<\/p>\n<ul>\n<li><strong>Wettbewerbsf\u00e4hige Preise:<\/strong> Wir bieten qualitativ hochwertige Dienstleistungen zu erschwinglichen Preisen an, damit Sie den besten Gegenwert f\u00fcr Ihr Geld erhalten.<\/li>\n<li><strong>Fachwissen:<\/strong> Jahrelange Erfahrung in der Klempnerbranche, die eine Vielzahl von Entstopfungsarbeiten abdeckt.<\/li>\n<li><strong>Qualifizierte Fachleute:<\/strong> Unser Team besteht aus hochqualifizierten und zertifizierten Klempnern, die bereit sind, jede Verstopfung zu beheben.<\/li>\n<li><strong>Moderne Ausstattung:<\/strong> Wir setzen modernste Ger\u00e4te ein, um sicherzustellen, dass unsere Verstopfungen schnell und effizient behoben werden.<\/li>\n<li><strong>Kostenloses Angebot:<\/strong> Wir erstellen kostenlose und transparente Kostenvoranschl\u00e4ge f\u00fcr alle unsere Dienstleistungen.<\/li>\n<li><strong>Qualit\u00e4tssicherung:<\/strong> Alle unsere Arbeiten sind garantiert, was Ihnen Sicherheit und Vertrauen gibt.<\/li>\n<\/ul>\n<h2>Unsere kosteng\u00fcnstigen Wasserentsorgungsdienste in Lissabon<\/h2>\n<p>Wir bieten eine breite Palette von Entsperrungsdiensten zu erschwinglichen Preisen an, darunter:<\/p>\n<ul>\n<li><strong>Abflussreinigung:<\/strong> Wir befreien Abfl\u00fcsse mit modernen Ger\u00e4ten, die eine effiziente Beseitigung von Verstopfungen garantieren.<\/li>\n<li><strong>Abfluss der Sp\u00fcle:<\/strong> Wir beseitigen Verstopfungen in Sp\u00fclbecken in K\u00fcche und Bad und sorgen daf\u00fcr, dass das Wasser frei abflie\u00dfen kann.<\/li>\n<li><strong>Abflussreinigung:<\/strong> Wir reinigen und entstopfen Abfl\u00fcsse, um \u00dcberschwemmungen zu verhindern und das ordnungsgem\u00e4\u00dfe Funktionieren des Abwassersystems zu gew\u00e4hrleisten.<\/li>\n<li><strong>Beseitigung von Toilettenverstopfungen:<\/strong> Wir l\u00f6sen Verstopfungsprobleme in Toiletten und sorgen daf\u00fcr, dass sie perfekt funktionieren.<\/li>\n<li><strong>Entsperrung von Rohren:<\/strong> Wir setzen fortschrittliche Technologien ein, um Wasser- und Abwasserrohre zu entstopfen, Sch\u00e4den zu vermeiden und die Effizienz des Systems zu gew\u00e4hrleisten.<\/li>\n<li><strong>Kamera-Inspektion:<\/strong> Wir setzen hochaufl\u00f6sende Kameras ein, um die Ursache und die genaue Position von Verstopfungen zu ermitteln und so ein pr\u00e4zises und effektives Eingreifen zu erm\u00f6glichen.<\/li>\n<li><strong>Vorbeugende Reinigung:<\/strong> Wir bieten vorbeugende Reinigungsdienste an, um neue Verstopfungen zu vermeiden und das reibungslose Funktionieren des Rohrleitungssystems zu gew\u00e4hrleisten.<\/li>\n<\/ul>\n<h2>Wie unser preiswerter Klempnerdienst funktioniert<\/h2>\n<p>Unser Entblockungsprozess ist einfach und effektiv:<\/p>\n<ul>\n<li><strong>Erste Anfrage:<\/strong> Wir haben Ihren Anruf erhalten und einen Ortstermin vereinbart, um die Situation zu beurteilen.<\/li>\n<li><strong>Die Diagnose:<\/strong> Wir verwenden moderne Ger\u00e4te, um die Ursache der Verstopfung zu diagnostizieren und die beste L\u00f6sung zu finden.<\/li>\n<li><strong>Haushalt:<\/strong> Wir erstellen einen kostenlosen und transparenten Kostenvoranschlag f\u00fcr die gew\u00fcnschte Dienstleistung.<\/li>\n<li><strong>Entstopfung:<\/strong> Wir f\u00fchren die Entstopfung mit hochwertigen Materialien und fortschrittlichen Techniken durch und sorgen daf\u00fcr, dass das Problem wirksam gel\u00f6st wird.<\/li>\n<li><strong>Abschlusstest:<\/strong> Wir \u00fcberpr\u00fcfen die Funktionsweise des Systems, um sicherzustellen, dass alles perfekt ist, bevor wir die Baustelle verlassen.<\/li>\n<\/ul>\n<h2>Anzeichen daf\u00fcr, dass Sie einen Klempnerservice ben\u00f6tigen<\/h2>\n<p>Einige h\u00e4ufige Anzeichen daf\u00fcr, dass Sie Klempnerarbeiten ben\u00f6tigen, sind:<\/p>\n<ul>\n<li>Das Wasser flie\u00dft langsam in die Abfl\u00fcsse.<\/li>\n<li>Anhaltende Geruchsbel\u00e4stigung durch Abw\u00e4sser.<\/li>\n<li>Wasser l\u00e4uft in Abfl\u00fcsse oder Toiletten zur\u00fcck.<\/li>\n<li>Gluckernde Ger\u00e4usche in den Rohrleitungen w\u00e4hrend des Gebrauchs.<\/li>\n<li>H\u00e4ufige Notwendigkeit, Abfl\u00fcsse zu entstopfen.<\/li>\n<\/ul>\n<h2>Vorteile der Beauftragung kosteng\u00fcnstiger Installateure<\/h2>\n<p>Die Investition in professionelle Entsperrungsdienste bringt mehrere Vorteile mit sich, wie z. B:<\/p>\n<ul>\n<li><strong>Effizienz:<\/strong> Schnelle und effektive Entleerung von Abfl\u00fcssen mit modernen Ger\u00e4ten und fortschrittlichen Techniken.<\/li>\n<li><strong>Schadensverh\u00fctung:<\/strong> Verhindert gr\u00f6\u00dfere Sch\u00e4den an der Sanit\u00e4ranlage und der Struktur Ihres Hauses.<\/li>\n<li><strong>Hygiene:<\/strong> Verbessert die Umgebungshygiene, beseitigt schlechte Ger\u00fcche und verhindert \u00dcberschwemmungen.<\/li>\n<li><strong>Gelassenheit:<\/strong> Die Gewissheit, dass das Problem von qualifizierten Fachleuten gel\u00f6st wurde und dass die Sanit\u00e4ranlage perfekt funktioniert.<\/li>\n<\/ul>\n<h2>Kontaktieren Sie uns heute<\/h2>\n<p>Wenn Sie Probleme mit Verstopfungen haben, sollten Sie keine Zeit verlieren. Setzen Sie sich mit Canalizador de Lisboa in Verbindung und vereinbaren Sie einen Termin. Wir sind bereit, Sie schnell und effizient zu bedienen und daf\u00fcr zu sorgen, dass Ihr Klempnersystem immer in perfektem Zustand ist.<\/p>","protected":false},"excerpt":{"rendered":"<p>Se voc\u00ea est\u00e1 \u00e0 procura de servi\u00e7os de desentupimentos low cost em Lisboa, a sua busca termina aqui. A Canalizador de Lisboa oferece servi\u00e7os de desentupimento de alta qualidade a pre\u00e7os acess\u00edveis, garantindo efici\u00eancia, rapidez e economia. Nossa equipe de canalizadores experientes est\u00e1 sempre pronta para resolver qualquer problema de entupimento, desde pequenas obstru\u00e7\u00f5es at\u00e9 [&hellip;]<\/p>\n","protected":false},"author":1,"featured_media":0,"parent":0,"menu_order":0,"comment_status":"closed","ping_status":"closed","template":"","meta":{"iawp_total_views":10,"footnotes":""},"class_list":["post-3021","page","type-page","status-publish","hentry"],"yoast_head":"<!-- This site is optimized with the Yoast SEO plugin v27.4 - https:\/\/yoast.com\/product\/yoast-seo-wordpress\/ -->\n<title>Desentupimentos Low Cost Lisboa - Servi\u00e7os Profissionais<\/title>\n<meta name=\"description\" content=\"Procura desentupimentos low cost em Lisboa? Canalizador de Lisboa oferece servi\u00e7os profissionais de desentupimento a pre\u00e7os acess\u00edveis.\" \/>\n<meta name=\"robots\" content=\"index, follow, max-snippet:-1, max-image-preview:large, max-video-preview:-1\" \/>\n<link rel=\"canonical\" href=\"https:\/\/canalizadordelisboa.pt\/de\/kostengunstige-reparaturen-von-klempnerarbeiten-in-lissabon\/\" \/>\n<meta property=\"og:locale\" content=\"de_DE\" \/>\n<meta property=\"og:type\" content=\"article\" \/>\n<meta property=\"og:title\" content=\"Desentupimentos Low Cost Lisboa - Servi\u00e7os Profissionais\" \/>\n<meta property=\"og:description\" content=\"Procura desentupimentos low cost em Lisboa? Canalizador de Lisboa oferece servi\u00e7os profissionais de desentupimento a pre\u00e7os acess\u00edveis.\" \/>\n<meta property=\"og:url\" content=\"https:\/\/canalizadordelisboa.pt\/de\/kostengunstige-reparaturen-von-klempnerarbeiten-in-lissabon\/\" \/>\n<meta property=\"og:site_name\" content=\"Canalizador de Lisboa\" \/>\n<meta property=\"article:modified_time\" content=\"2024-06-19T15:30:07+00:00\" \/>\n<meta name=\"twitter:card\" content=\"summary_large_image\" \/>\n<meta name=\"twitter:label1\" content=\"Gesch\u00e4tzte Lesezeit\" \/>\n\t<meta name=\"twitter:data1\" content=\"4\u00a0Minuten\" \/>\n<script type=\"application\/ld+json\" class=\"yoast-schema-graph\">{\"@context\":\"https:\\\/\\\/schema.org\",\"@graph\":[{\"@type\":\"WebPage\",\"@id\":\"https:\\\/\\\/canalizadordelisboa.pt\\\/desentupimentos-low-cost-lisboa\\\/\",\"url\":\"https:\\\/\\\/canalizadordelisboa.pt\\\/desentupimentos-low-cost-lisboa\\\/\",\"name\":\"Desentupimentos Low Cost Lisboa - Servi\u00e7os Profissionais\",\"isPartOf\":{\"@id\":\"https:\\\/\\\/canalizadordelisboa.pt\\\/#website\"},\"datePublished\":\"2024-06-19T15:29:57+00:00\",\"dateModified\":\"2024-06-19T15:30:07+00:00\",\"description\":\"Procura desentupimentos low cost em Lisboa? Canalizador de Lisboa oferece servi\u00e7os profissionais de desentupimento a pre\u00e7os acess\u00edveis.\",\"breadcrumb\":{\"@id\":\"https:\\\/\\\/canalizadordelisboa.pt\\\/desentupimentos-low-cost-lisboa\\\/#breadcrumb\"},\"inLanguage\":\"de\",\"potentialAction\":[{\"@type\":\"ReadAction\",\"target\":[\"https:\\\/\\\/canalizadordelisboa.pt\\\/desentupimentos-low-cost-lisboa\\\/\"]}]},{\"@type\":\"BreadcrumbList\",\"@id\":\"https:\\\/\\\/canalizadordelisboa.pt\\\/desentupimentos-low-cost-lisboa\\\/#breadcrumb\",\"itemListElement\":[{\"@type\":\"ListItem\",\"position\":1,\"name\":\"Accueil\",\"item\":\"https:\\\/\\\/canalizadordelisboa.pt\\\/\"},{\"@type\":\"ListItem\",\"position\":2,\"name\":\"Desentupimentos Low Cost Lisboa &#8211; Servi\u00e7os Profissionais\"}]},{\"@type\":\"WebSite\",\"@id\":\"https:\\\/\\\/canalizadordelisboa.pt\\\/#website\",\"url\":\"https:\\\/\\\/canalizadordelisboa.pt\\\/\",\"name\":\"Canalizador de Lisboa\",\"description\":\"Servi\u00e7os de canaliza\u00e7\u00e3o e desentupimentos de alta qualidade em Lisboa.\",\"potentialAction\":[{\"@type\":\"SearchAction\",\"target\":{\"@type\":\"EntryPoint\",\"urlTemplate\":\"https:\\\/\\\/canalizadordelisboa.pt\\\/?s={search_term_string}\"},\"query-input\":{\"@type\":\"PropertyValueSpecification\",\"valueRequired\":true,\"valueName\":\"search_term_string\"}}],\"inLanguage\":\"de\"}]}<\/script>\n<!-- \/ Yoast SEO plugin. -->","yoast_head_json":{"title":"G\u00fcnstige Wasserentsorgung Lissabon - Professionelle Dienstleistungen","description":"Suchen Sie nach kosteng\u00fcnstigen Klempnerarbeiten in Lissabon? Canalizador de Lisboa bietet professionelle Klempnerdienste zu erschwinglichen Preisen.","robots":{"index":"index","follow":"follow","max-snippet":"max-snippet:-1","max-image-preview":"max-image-preview:large","max-video-preview":"max-video-preview:-1"},"canonical":"https:\/\/canalizadordelisboa.pt\/de\/kostengunstige-reparaturen-von-klempnerarbeiten-in-lissabon\/","og_locale":"de_DE","og_type":"article","og_title":"Desentupimentos Low Cost Lisboa - Servi\u00e7os Profissionais","og_description":"Procura desentupimentos low cost em Lisboa? Canalizador de Lisboa oferece servi\u00e7os profissionais de desentupimento a pre\u00e7os acess\u00edveis.","og_url":"https:\/\/canalizadordelisboa.pt\/de\/kostengunstige-reparaturen-von-klempnerarbeiten-in-lissabon\/","og_site_name":"Canalizador de Lisboa","article_modified_time":"2024-06-19T15:30:07+00:00","twitter_card":"summary_large_image","twitter_misc":{"Gesch\u00e4tzte Lesezeit":"4\u00a0Minuten"},"schema":{"@context":"https:\/\/schema.org","@graph":[{"@type":"WebPage","@id":"https:\/\/canalizadordelisboa.pt\/desentupimentos-low-cost-lisboa\/","url":"https:\/\/canalizadordelisboa.pt\/desentupimentos-low-cost-lisboa\/","name":"G\u00fcnstige Wasserentsorgung Lissabon - Professionelle Dienstleistungen","isPartOf":{"@id":"https:\/\/canalizadordelisboa.pt\/#website"},"datePublished":"2024-06-19T15:29:57+00:00","dateModified":"2024-06-19T15:30:07+00:00","description":"Suchen Sie nach kosteng\u00fcnstigen Klempnerarbeiten in Lissabon? Canalizador de Lisboa bietet professionelle Klempnerdienste zu erschwinglichen Preisen.","breadcrumb":{"@id":"https:\/\/canalizadordelisboa.pt\/desentupimentos-low-cost-lisboa\/#breadcrumb"},"inLanguage":"de","potentialAction":[{"@type":"ReadAction","target":["https:\/\/canalizadordelisboa.pt\/desentupimentos-low-cost-lisboa\/"]}]},{"@type":"BreadcrumbList","@id":"https:\/\/canalizadordelisboa.pt\/desentupimentos-low-cost-lisboa\/#breadcrumb","itemListElement":[{"@type":"ListItem","position":1,"name":"Accueil","item":"https:\/\/canalizadordelisboa.pt\/"},{"@type":"ListItem","position":2,"name":"Desentupimentos Low Cost Lisboa &#8211; Servi\u00e7os Profissionais"}]},{"@type":"WebSite","@id":"https:\/\/canalizadordelisboa.pt\/#website","url":"https:\/\/canalizadordelisboa.pt\/","name":"Canalizador de Lisboa","description":"Hochwertige Klempner- und Entw\u00e4sserungsdienstleistungen in Lissabon.","potentialAction":[{"@type":"SearchAction","target":{"@type":"EntryPoint","urlTemplate":"https:\/\/canalizadordelisboa.pt\/?s={search_term_string}"},"query-input":{"@type":"PropertyValueSpecification","valueRequired":true,"valueName":"search_term_string"}}],"inLanguage":"de"}]}},"_links":{"self":[{"href":"https:\/\/canalizadordelisboa.pt\/de\/wp-json\/wp\/v2\/pages\/3021","targetHints":{"allow":["GET"]}}],"collection":[{"href":"https:\/\/canalizadordelisboa.pt\/de\/wp-json\/wp\/v2\/pages"}],"about":[{"href":"https:\/\/canalizadordelisboa.pt\/de\/wp-json\/wp\/v2\/types\/page"}],"author":[{"embeddable":true,"href":"https:\/\/canalizadordelisboa.pt\/de\/wp-json\/wp\/v2\/users\/1"}],"replies":[{"embeddable":true,"href":"https:\/\/canalizadordelisboa.pt\/de\/wp-json\/wp\/v2\/comments?post=3021"}],"version-history":[{"count":1,"href":"https:\/\/canalizadordelisboa.pt\/de\/wp-json\/wp\/v2\/pages\/3021\/revisions"}],"predecessor-version":[{"id":3022,"href":"https:\/\/canalizadordelisboa.pt\/de\/wp-json\/wp\/v2\/pages\/3021\/revisions\/3022"}],"wp:attachment":[{"href":"https:\/\/canalizadordelisboa.pt\/de\/wp-json\/wp\/v2\/media?parent=3021"}],"curies":[{"name":"wp","href":"https:\/\/api.w.org\/{rel}","templated":true}]}}