{"id":3010,"date":"2024-06-19T14:00:36","date_gmt":"2024-06-19T14:00:36","guid":{"rendered":"https:\/\/canalizadordelisboa.pt\/?page_id=3010"},"modified":"2024-06-19T14:00:48","modified_gmt":"2024-06-19T14:00:48","slug":"sanitarinstallation-im-badezimmer","status":"publish","type":"page","link":"https:\/\/canalizadordelisboa.pt\/de\/canalizacao-casa-de-banho\/","title":{"rendered":"Sanit\u00e4rinstallation im Badezimmer - Professionelle Dienstleistungen"},"content":{"rendered":"<p>Wenn Sie auf der Suche nach <strong>Sanit\u00e4rinstallation im Badezimmer<\/strong>Ihre Suche endet hier. Canalizador de Lisboa bietet qualitativ hochwertige Sanit\u00e4rinstallationen und -reparaturen f\u00fcr B\u00e4der und garantiert Effizienz, Schnelligkeit und faire Preise. Unser Team von erfahrenen Klempnern ist immer bereit, jedes Klempnerproblem zu l\u00f6sen, von kleinen Reparaturen bis hin zu gro\u00dfen Installationen.<\/p>\n<h2>Warum einen Canalizador de Lisboa w\u00e4hlen?<\/h2>\n<p>Wir von Canalizador de Lisboa wissen, wie wichtig ein effizientes und zuverl\u00e4ssiges Sanit\u00e4rsystem in Ihrem Badezimmer ist. Hier sind einige Gr\u00fcnde, warum sich unsere Kunden f\u00fcr uns entscheiden:<\/p>\n<ul>\n<li><strong>Fachwissen:<\/strong> Jahrelange Erfahrung im Sanit\u00e4rbereich, die sich auf eine Vielzahl von Installations- und Reparaturarbeiten im Badezimmer erstreckt.<\/li>\n<li><strong>Qualifizierte Fachleute:<\/strong> Unser Team besteht aus gut ausgebildeten und zertifizierten Klempnern, die f\u00fcr jede Situation gewappnet sind.<\/li>\n<li><strong>Moderne Ausstattung:<\/strong> Wir verwenden modernste Ger\u00e4te, um sicherzustellen, dass Installationen und Reparaturen schnell und effizient durchgef\u00fchrt werden.<\/li>\n<li><strong>Kostenloses Angebot:<\/strong> Wir erstellen kostenlose und transparente Kostenvoranschl\u00e4ge f\u00fcr alle unsere Dienstleistungen.<\/li>\n<li><strong>Qualit\u00e4tssicherung:<\/strong> Alle unsere Arbeiten sind garantiert, was Ihnen Sicherheit und Vertrauen gibt.<\/li>\n<\/ul>\n<h2>Unsere Dienstleistungen im Bereich Sanit\u00e4rinstallation<\/h2>\n<p>Wir bieten eine breite Palette von Sanit\u00e4rdienstleistungen f\u00fcr B\u00e4der, einschlie\u00dflich:<\/p>\n<ul>\n<li><strong>Verlegung von Rohrleitungen:<\/strong> Installation neuer Warm- und Kaltwasserleitungen, die eine effiziente und sichere Verteilung gew\u00e4hrleisten.<\/li>\n<li><strong>Reparaturen von Lecks:<\/strong> Wir reparieren Lecks in Rohren, Wasserh\u00e4hnen und Duschen und verhindern so Wasserverluste und strukturelle Sch\u00e4den.<\/li>\n<li><strong>Einbau der Toilette:<\/strong> Einbau und Austausch von Toiletten, Gew\u00e4hrleistung eines ordnungsgem\u00e4\u00dfen und effizienten Betriebs.<\/li>\n<li><strong>Einbau von Waschbecken und Sp\u00fclen:<\/strong> Einbau von Waschbecken und Sp\u00fclen verschiedener Modelle, die sich an die Bed\u00fcrfnisse und den Stil Ihres Badezimmers anpassen.<\/li>\n<li><strong>Einbau von Duschen und Badewannen:<\/strong> Einbau und Reparatur von Duschen und Badewannen, die f\u00fcr Komfort und Zweckm\u00e4\u00dfigkeit im t\u00e4glichen Leben sorgen.<\/li>\n<li><strong>Abflussreinigung:<\/strong> Reinigung von Abfl\u00fcssen und Kanalisationen, um den richtigen Wasserfluss zu gew\u00e4hrleisten und \u00dcberschwemmungen zu verhindern.<\/li>\n<li><strong>Einbau von Wasserh\u00e4hnen und Armaturen:<\/strong> Austausch und Einbau von Armaturen und Mischern, die Funktionalit\u00e4t und modernes Design garantieren.<\/li>\n<li><strong>Vorbeugende Wartung:<\/strong> Wir f\u00fchren regelm\u00e4\u00dfige Inspektionen durch, um sicherzustellen, dass Ihre Sanit\u00e4ranlagen stets optimal funktionieren.<\/li>\n<\/ul>\n<h2>Wie unser Badezimmer-Sanit\u00e4rservice funktioniert<\/h2>\n<p>Unser Serviceprozess ist einfach und effektiv:<\/p>\n<ul>\n<li><strong>Erste Anfrage:<\/strong> Wir haben Ihren Anruf erhalten und einen Ortstermin vereinbart, um die Situation zu beurteilen.<\/li>\n<li><strong>Die Diagnose:<\/strong> Wir setzen moderne Ger\u00e4te ein, um die Ursache des Problems zu diagnostizieren und die beste L\u00f6sung zu finden.<\/li>\n<li><strong>Haushalt:<\/strong> Wir erstellen einen kostenlosen und transparenten Kostenvoranschlag f\u00fcr die gew\u00fcnschte Dienstleistung.<\/li>\n<li><strong>Ausf\u00fchrung des Dienstes:<\/strong> Wir f\u00fchren den Service mit hochwertigen Materialien und fortschrittlichen Techniken durch und sorgen so f\u00fcr eine wirksame und dauerhafte L\u00f6sung des Problems.<\/li>\n<li><strong>Abschlusstest:<\/strong> Wir \u00fcberpr\u00fcfen die Funktionsweise des Systems, um sicherzustellen, dass alles perfekt ist, bevor wir die Baustelle verlassen.<\/li>\n<\/ul>\n<h2>Anzeichen daf\u00fcr, dass Sie Sanit\u00e4rdienstleistungen f\u00fcr das Badezimmer ben\u00f6tigen<\/h2>\n<p>Einige h\u00e4ufige Anzeichen daf\u00fcr, dass Sie Klempnerarbeiten ben\u00f6tigen, sind:<\/p>\n<ul>\n<li>Sichtbare Lecks in Rohren, Wasserh\u00e4hnen oder Duschen.<\/li>\n<li>Das Wasser flie\u00dft langsam in die Abfl\u00fcsse.<\/li>\n<li>Schlechte Ger\u00fcche aus den Abwasserkan\u00e4len.<\/li>\n<li>Niedriger Druck oder verf\u00e4rbtes Wasser.<\/li>\n<li>H\u00e4ufige Verstopfungsprobleme.<\/li>\n<li>Seltsame Ger\u00e4usche bei der Benutzung von Wasserh\u00e4hnen oder Duschen.<\/li>\n<\/ul>\n<h2>Vorteile der Beauftragung von Klempnern f\u00fcr das Badezimmer<\/h2>\n<p>Die Investition in professionelle Sanit\u00e4rdienstleistungen f\u00fcr das Badezimmer bringt mehrere Vorteile mit sich, wie zum Beispiel:<\/p>\n<ul>\n<li><strong>Effizienz:<\/strong> Schnelle und wirksame L\u00f6sungen unter Einsatz moderner Ger\u00e4te und fortschrittlicher Techniken.<\/li>\n<li><strong>Schadensverh\u00fctung:<\/strong> Verhindert gr\u00f6\u00dfere Sch\u00e4den an der Sanit\u00e4ranlage und der Struktur Ihres Hauses.<\/li>\n<li><strong>Wirtschaft:<\/strong> Reduziert Ihre Wasserrechnungen durch die Beseitigung von Lecks und die Verbesserung der Systemeffizienz.<\/li>\n<li><strong>Gelassenheit:<\/strong> Die Gewissheit, dass das Problem von qualifizierten Fachleuten gel\u00f6st wurde und dass die Sanit\u00e4ranlage perfekt funktioniert.<\/li>\n<\/ul>\n<h2>Kontaktieren Sie uns heute<\/h2>\n<p>Wenn Sie Probleme mit den Sanit\u00e4ranlagen in Ihrem Badezimmer haben, sollten Sie keine Zeit verlieren. Nehmen Sie Kontakt mit Canalizador de Lisboa auf und vereinbaren Sie einen Termin. Wir sind bereit, Sie schnell und effizient zu bedienen und daf\u00fcr zu sorgen, dass Ihr Sanit\u00e4rsystem immer in perfektem Zustand ist.<\/p>","protected":false},"excerpt":{"rendered":"<p>Se voc\u00ea est\u00e1 \u00e0 procura de servi\u00e7os de canaliza\u00e7\u00e3o para casa de banho, a sua busca termina aqui. A Canalizador de Lisboa oferece servi\u00e7os de instala\u00e7\u00e3o e repara\u00e7\u00e3o de canaliza\u00e7\u00e3o de alta qualidade para casas de banho, garantindo efici\u00eancia, rapidez e pre\u00e7os justos. Nossa equipe de canalizadores experientes est\u00e1 sempre pronta para resolver qualquer problema [&hellip;]<\/p>\n","protected":false},"author":1,"featured_media":0,"parent":0,"menu_order":0,"comment_status":"closed","ping_status":"closed","template":"","meta":{"iawp_total_views":0,"footnotes":""},"class_list":["post-3010","page","type-page","status-publish","hentry"],"yoast_head":"<!-- This site is optimized with the Yoast SEO plugin v27.4 - https:\/\/yoast.com\/product\/yoast-seo-wordpress\/ -->\n<title>Canaliza\u00e7\u00e3o Casa de Banho - Servi\u00e7os Profissionais<\/title>\n<meta name=\"description\" content=\"Procura servi\u00e7os de canaliza\u00e7\u00e3o para casa de banho? Canalizador de Lisboa oferece instala\u00e7\u00e3o e repara\u00e7\u00e3o de canaliza\u00e7\u00e3o para casa de banho.\" \/>\n<meta name=\"robots\" content=\"index, follow, max-snippet:-1, max-image-preview:large, max-video-preview:-1\" \/>\n<link rel=\"canonical\" href=\"https:\/\/canalizadordelisboa.pt\/de\/sanitarinstallation-im-badezimmer\/\" \/>\n<meta property=\"og:locale\" content=\"de_DE\" \/>\n<meta property=\"og:type\" content=\"article\" \/>\n<meta property=\"og:title\" content=\"Canaliza\u00e7\u00e3o Casa de Banho - Servi\u00e7os Profissionais\" \/>\n<meta property=\"og:description\" content=\"Procura servi\u00e7os de canaliza\u00e7\u00e3o para casa de banho? Canalizador de Lisboa oferece instala\u00e7\u00e3o e repara\u00e7\u00e3o de canaliza\u00e7\u00e3o para casa de banho.\" \/>\n<meta property=\"og:url\" content=\"https:\/\/canalizadordelisboa.pt\/de\/sanitarinstallation-im-badezimmer\/\" \/>\n<meta property=\"og:site_name\" content=\"Canalizador de Lisboa\" \/>\n<meta property=\"article:modified_time\" content=\"2024-06-19T14:00:48+00:00\" \/>\n<meta name=\"twitter:card\" content=\"summary_large_image\" \/>\n<meta name=\"twitter:label1\" content=\"Gesch\u00e4tzte Lesezeit\" \/>\n\t<meta name=\"twitter:data1\" content=\"4\u00a0Minuten\" \/>\n<script type=\"application\/ld+json\" class=\"yoast-schema-graph\">{\"@context\":\"https:\\\/\\\/schema.org\",\"@graph\":[{\"@type\":\"WebPage\",\"@id\":\"https:\\\/\\\/canalizadordelisboa.pt\\\/canalizacao-casa-de-banho\\\/\",\"url\":\"https:\\\/\\\/canalizadordelisboa.pt\\\/canalizacao-casa-de-banho\\\/\",\"name\":\"Canaliza\u00e7\u00e3o Casa de Banho - Servi\u00e7os Profissionais\",\"isPartOf\":{\"@id\":\"https:\\\/\\\/canalizadordelisboa.pt\\\/#website\"},\"datePublished\":\"2024-06-19T14:00:36+00:00\",\"dateModified\":\"2024-06-19T14:00:48+00:00\",\"description\":\"Procura servi\u00e7os de canaliza\u00e7\u00e3o para casa de banho? Canalizador de Lisboa oferece instala\u00e7\u00e3o e repara\u00e7\u00e3o de canaliza\u00e7\u00e3o para casa de banho.\",\"breadcrumb\":{\"@id\":\"https:\\\/\\\/canalizadordelisboa.pt\\\/canalizacao-casa-de-banho\\\/#breadcrumb\"},\"inLanguage\":\"de\",\"potentialAction\":[{\"@type\":\"ReadAction\",\"target\":[\"https:\\\/\\\/canalizadordelisboa.pt\\\/canalizacao-casa-de-banho\\\/\"]}]},{\"@type\":\"BreadcrumbList\",\"@id\":\"https:\\\/\\\/canalizadordelisboa.pt\\\/canalizacao-casa-de-banho\\\/#breadcrumb\",\"itemListElement\":[{\"@type\":\"ListItem\",\"position\":1,\"name\":\"Accueil\",\"item\":\"https:\\\/\\\/canalizadordelisboa.pt\\\/\"},{\"@type\":\"ListItem\",\"position\":2,\"name\":\"Canaliza\u00e7\u00e3o Casa de Banho &#8211; Servi\u00e7os Profissionais\"}]},{\"@type\":\"WebSite\",\"@id\":\"https:\\\/\\\/canalizadordelisboa.pt\\\/#website\",\"url\":\"https:\\\/\\\/canalizadordelisboa.pt\\\/\",\"name\":\"Canalizador de Lisboa\",\"description\":\"Servi\u00e7os de canaliza\u00e7\u00e3o e desentupimentos de alta qualidade em Lisboa.\",\"potentialAction\":[{\"@type\":\"SearchAction\",\"target\":{\"@type\":\"EntryPoint\",\"urlTemplate\":\"https:\\\/\\\/canalizadordelisboa.pt\\\/?s={search_term_string}\"},\"query-input\":{\"@type\":\"PropertyValueSpecification\",\"valueRequired\":true,\"valueName\":\"search_term_string\"}}],\"inLanguage\":\"de\"}]}<\/script>\n<!-- \/ Yoast SEO plugin. -->","yoast_head_json":{"title":"Sanit\u00e4rinstallation im Badezimmer - Professionelle Dienstleistungen","description":"Suchen Sie nach Klempnerdiensten f\u00fcr Badezimmer? Canalizador de Lisboa bietet Bad Sanit\u00e4r-Installation und Reparatur.","robots":{"index":"index","follow":"follow","max-snippet":"max-snippet:-1","max-image-preview":"max-image-preview:large","max-video-preview":"max-video-preview:-1"},"canonical":"https:\/\/canalizadordelisboa.pt\/de\/sanitarinstallation-im-badezimmer\/","og_locale":"de_DE","og_type":"article","og_title":"Canaliza\u00e7\u00e3o Casa de Banho - Servi\u00e7os Profissionais","og_description":"Procura servi\u00e7os de canaliza\u00e7\u00e3o para casa de banho? Canalizador de Lisboa oferece instala\u00e7\u00e3o e repara\u00e7\u00e3o de canaliza\u00e7\u00e3o para casa de banho.","og_url":"https:\/\/canalizadordelisboa.pt\/de\/sanitarinstallation-im-badezimmer\/","og_site_name":"Canalizador de Lisboa","article_modified_time":"2024-06-19T14:00:48+00:00","twitter_card":"summary_large_image","twitter_misc":{"Gesch\u00e4tzte Lesezeit":"4\u00a0Minuten"},"schema":{"@context":"https:\/\/schema.org","@graph":[{"@type":"WebPage","@id":"https:\/\/canalizadordelisboa.pt\/canalizacao-casa-de-banho\/","url":"https:\/\/canalizadordelisboa.pt\/canalizacao-casa-de-banho\/","name":"Sanit\u00e4rinstallation im Badezimmer - Professionelle Dienstleistungen","isPartOf":{"@id":"https:\/\/canalizadordelisboa.pt\/#website"},"datePublished":"2024-06-19T14:00:36+00:00","dateModified":"2024-06-19T14:00:48+00:00","description":"Suchen Sie nach Klempnerdiensten f\u00fcr Badezimmer? Canalizador de Lisboa bietet Bad Sanit\u00e4r-Installation und Reparatur.","breadcrumb":{"@id":"https:\/\/canalizadordelisboa.pt\/canalizacao-casa-de-banho\/#breadcrumb"},"inLanguage":"de","potentialAction":[{"@type":"ReadAction","target":["https:\/\/canalizadordelisboa.pt\/canalizacao-casa-de-banho\/"]}]},{"@type":"BreadcrumbList","@id":"https:\/\/canalizadordelisboa.pt\/canalizacao-casa-de-banho\/#breadcrumb","itemListElement":[{"@type":"ListItem","position":1,"name":"Accueil","item":"https:\/\/canalizadordelisboa.pt\/"},{"@type":"ListItem","position":2,"name":"Canaliza\u00e7\u00e3o Casa de Banho &#8211; Servi\u00e7os Profissionais"}]},{"@type":"WebSite","@id":"https:\/\/canalizadordelisboa.pt\/#website","url":"https:\/\/canalizadordelisboa.pt\/","name":"Canalizador de Lisboa","description":"Hochwertige Klempner- und Entw\u00e4sserungsdienstleistungen in Lissabon.","potentialAction":[{"@type":"SearchAction","target":{"@type":"EntryPoint","urlTemplate":"https:\/\/canalizadordelisboa.pt\/?s={search_term_string}"},"query-input":{"@type":"PropertyValueSpecification","valueRequired":true,"valueName":"search_term_string"}}],"inLanguage":"de"}]}},"_links":{"self":[{"href":"https:\/\/canalizadordelisboa.pt\/de\/wp-json\/wp\/v2\/pages\/3010","targetHints":{"allow":["GET"]}}],"collection":[{"href":"https:\/\/canalizadordelisboa.pt\/de\/wp-json\/wp\/v2\/pages"}],"about":[{"href":"https:\/\/canalizadordelisboa.pt\/de\/wp-json\/wp\/v2\/types\/page"}],"author":[{"embeddable":true,"href":"https:\/\/canalizadordelisboa.pt\/de\/wp-json\/wp\/v2\/users\/1"}],"replies":[{"embeddable":true,"href":"https:\/\/canalizadordelisboa.pt\/de\/wp-json\/wp\/v2\/comments?post=3010"}],"version-history":[{"count":1,"href":"https:\/\/canalizadordelisboa.pt\/de\/wp-json\/wp\/v2\/pages\/3010\/revisions"}],"predecessor-version":[{"id":3011,"href":"https:\/\/canalizadordelisboa.pt\/de\/wp-json\/wp\/v2\/pages\/3010\/revisions\/3011"}],"wp:attachment":[{"href":"https:\/\/canalizadordelisboa.pt\/de\/wp-json\/wp\/v2\/media?parent=3010"}],"curies":[{"name":"wp","href":"https:\/\/api.w.org\/{rel}","templated":true}]}}