{"id":2975,"date":"2025-09-15T13:43:53","date_gmt":"2025-09-15T13:43:53","guid":{"rendered":"https:\/\/canalizadordelisboa.pt\/?page_id=2975"},"modified":"2025-09-17T14:32:50","modified_gmt":"2025-09-17T14:32:50","slug":"klempner-benfica","status":"publish","type":"page","link":"https:\/\/canalizadordelisboa.pt\/de\/canalizador-benfica\/","title":{"rendered":"Benfica Klempner - Professionelle Klempnerdienste"},"content":{"rendered":"<p>In unserem Unternehmen bieten wir spezialisierte <strong>Klempnerarbeiten in Benfica<\/strong> f\u00fcr Haushalte und Unternehmen. Wir wissen, wie wichtig ein effizientes und perfekt funktionierendes Sanit\u00e4rsystem ist, und wir sorgen daf\u00fcr, dass dies auch geschieht.<\/p>\n<h2>Klempner in Benfica<\/h2>\n<p>In Benfica bieten wir einen umfassenden Klempnerdienst f\u00fcr alle Bed\u00fcrfnisse: von kleinen Reparaturen im Haushalt bis hin zu komplexeren Eingriffen. Wenn Sie ein Leck, eine Verstopfung oder ein anderes Anzeichen eines Klempnerproblems bemerken, helfen wir Ihnen professionell und schnell.<\/p>\n<p>Wir arbeiten an H\u00e4usern, Wohnungen und Geb\u00e4uden in Benfica, sowohl an Neubauten als auch an \u00e4lteren H\u00e4usern. Die Dienstleistungen umfassen <strong>Reparatur von Rohrleitungen, Beseitigung von Verstopfungen in Toiletten, Waschbecken, Abfl\u00fcssen und Abwasserkan\u00e4len, Auswechseln von Wasserh\u00e4hnen und Klosetts<\/strong>sowie eine vorbeugende Wartung zur Vermeidung gr\u00f6\u00dferer Sch\u00e4den in der Zukunft.<\/p>\n<p>Da wir uns in diesem Gebiet gut auskennen, k\u00f6nnen wir effizient eingreifen und lokale Besonderheiten wie mehrst\u00f6ckige Geb\u00e4ude, alte Geb\u00e4ude und Zug\u00e4nge, die besondere Sorgfalt erfordern, ber\u00fccksichtigen. Vor Beginn der Arbeiten erstellen wir immer einen klaren Kostenvoranschlag, ohne versteckte Kosten.<\/p>\n<h2>Klempnerarbeiten in Benfica<\/h2>\n<p>Unser <strong>Klempnerarbeiten in Benfica<\/strong> umfassen:<\/p>\n<ul>\n<li><strong>Klempnerarbeiten:<\/strong> Wir reparieren Lecks und Br\u00fcche in Wasserleitungen.<\/li>\n<li><strong>Installation von Sanit\u00e4ranlagen:<\/strong> Installation neuer Wasser- und Abwassernetze.<\/li>\n<li><strong>Klempnerarbeiten:<\/strong> Wir befreien Abfl\u00fcsse, Waschbecken, Abfl\u00fcsse und Toiletten von Verstopfungen.<\/li>\n<li><strong>Vorbeugende Wartung:<\/strong> Regelm\u00e4\u00dfige Inspektionen zur Vermeidung von Sanit\u00e4rproblemen.<\/li>\n<li><strong>Einbau von Wasserh\u00e4hnen und Ventilen:<\/strong> Wir ersetzen und installieren Wasserh\u00e4hne und Ventile.<\/li>\n<li><strong>Reparatur und Ersatz von Toiletten:<\/strong> Wir haben undichte Stellen repariert und Toiletten ersetzt.<\/li>\n<li><strong>Installation von Heizkesseln und Warmwasserbereitern:<\/strong> Installation und Wartung von Warmwasserbereitungsanlagen.<\/li>\n<li><strong>Lecksuche:<\/strong> Einsatz von Technologie zum Aufsp\u00fcren versteckter Lecks.<\/li>\n<li><strong>Installation eines Wasserfilters:<\/strong> Installation von Filtersystemen f\u00fcr Trinkwasser.<\/li>\n<li><strong>Installation von Haushaltsger\u00e4ten:<\/strong> Anschluss von Waschmaschinen, Geschirrsp\u00fclern usw.<\/li>\n<li><strong>Umgestaltung von B\u00e4dern und K\u00fcchen:<\/strong> Planung und Durchf\u00fchrung von Komplettsanierungen.<\/li>\n<li><strong>Notfalldienste:<\/strong> 24\/7-Service f\u00fcr dringende Reparaturen.<\/li>\n<li><strong>Reparaturen von Wasserpumpen:<\/strong> Wartung und Austausch von Wasserpumpen.<\/li>\n<li><strong>Installation von Bew\u00e4sserungsanlagen:<\/strong> Einrichtung von automatischen Bew\u00e4sserungssystemen.<\/li>\n<li><strong>Reinigung von Fettabscheidern:<\/strong> Reinigung und Wartung von Fettabscheidern.<\/li>\n<li><strong>Einbau von Badewannen und Duschen:<\/strong> Einbau und Reparatur von B\u00e4dern und Duschen.<\/li>\n<li><strong>Kamera-Inspektion:<\/strong> Einsatz von Kameras zur Inspektion von Rohrleitungen.<\/li>\n<li><strong>Installation des Gasnetzes:<\/strong> Installation und Wartung von Gasleitungen.<\/li>\n<\/ul>\n<h2>Warum sollten Sie unsere Klempnerdienste in Benfica w\u00e4hlen?<\/h2>\n<p>Wir verf\u00fcgen \u00fcber ein Team qualifizierter und erfahrener Techniker, die daf\u00fcr sorgen, dass Ihre Sanit\u00e4ranlagen in einwandfreiem Zustand sind. Hier sind einige Gr\u00fcnde, uns zu w\u00e4hlen:<\/p>\n<ul>\n<li><strong>Fachwissen:<\/strong> Langj\u00e4hrige Erfahrung in der Sanit\u00e4rbranche.<\/li>\n<li><strong>Moderne Ausstattung:<\/strong> Wir nutzen die neuesten Technologien f\u00fcr pr\u00e4zise Diagnosen und Reparaturen.<\/li>\n<li><strong>Garantierte Qualit\u00e4t:<\/strong> Die Zufriedenheit unserer Kunden steht f\u00fcr uns an erster Stelle, so dass wir hochwertige Dienstleistungen und dauerhafte Ergebnisse garantieren k\u00f6nnen.<\/li>\n<li><strong>Effizienz:<\/strong> Wir arbeiten schnell und effizient, um die Unannehmlichkeiten so gering wie m\u00f6glich zu halten.<\/li>\n<\/ul>\n<h2>Wie funktioniert unser Klempnerdienst?<\/h2>\n<p>Unser <strong>Klempnerarbeiten in Benfica<\/strong> ist einfach und effektiv:<\/p>\n<ul>\n<li><strong>Erste Anfrage:<\/strong> Wir f\u00fchren eine Beratung durch, um Ihre Bed\u00fcrfnisse und Erwartungen zu verstehen.<\/li>\n<li><strong>Haushalt:<\/strong> Wir erstellen ein transparentes und wettbewerbsf\u00e4higes Angebot f\u00fcr die gew\u00fcnschte Dienstleistung.<\/li>\n<li><strong>Ausf\u00fchrung:<\/strong> Wir f\u00fchren die Installation oder Reparatur mit hochwertigen Materialien und fortschrittlichen Techniken durch.<\/li>\n<li><strong>Abschlusstest:<\/strong> Wir \u00fcberpr\u00fcfen die Funktion des Systems, um sicherzustellen, dass alles perfekt ist.<\/li>\n<\/ul>\n<h2>Anzeichen daf\u00fcr, dass Sie einen Klempner in Benfica brauchen<\/h2>\n<p>Einige h\u00e4ufige Anzeichen daf\u00fcr, dass Sie m\u00f6glicherweise die Dienste eines Rechtsanwalts ben\u00f6tigen <strong>Klempner in Benfica<\/strong> umfassen:<\/p>\n<ul>\n<li>Sichtbare oder versteckte Lecks in Rohrleitungen.<\/li>\n<li>Das Wasser flie\u00dft langsam in die Abfl\u00fcsse.<\/li>\n<li>Schlechte Ger\u00fcche aus den Abwasserkan\u00e4len.<\/li>\n<li>Niedriger Druck oder verf\u00e4rbtes Wasser.<\/li>\n<li>H\u00e4ufige Verstopfungsprobleme.<\/li>\n<\/ul>\n<h2>Vorteile der Beauftragung eines professionellen Klempners in Benfica<\/h2>\n<p>Die Investition in die Dienste eines professionellen Klempners bringt mehrere Vorteile mit sich, wie zum Beispiel:<\/p>\n<ul>\n<li><strong>Sicherheit:<\/strong> Garantieren Sie, dass das Sanit\u00e4rsystem sicher ist und den Normen entspricht.<\/li>\n<li><strong>Effizienz:<\/strong> Pr\u00e4zise Diagnosen und Reparaturen sparen Zeit und Geld.<\/li>\n<li><strong>Gelassenheit:<\/strong> Die Gewissheit, dass die Arbeiten von qualifizierten Fachleuten ausgef\u00fchrt wurden.<\/li>\n<li><strong>Problemvermeidung:<\/strong> Regelm\u00e4\u00dfige Wartung verhindert zuk\u00fcnftige Probleme und hohe Kosten.<\/li>\n<\/ul>\n<h2>Kontakt<\/h2>\n<p>Wenn Sie einen Klempner in Benfica brauchen, z\u00f6gern Sie nicht, uns f\u00fcr einen schnellen und effizienten Service zu kontaktieren. <strong>kanalisieren.<\/strong>.<\/p>\n<p>Verlassen Sie sich auf unsere Erfahrung und unser Engagement, um sicherzustellen, dass Ihr Sanit\u00e4rsystem perfekt funktioniert. Wir sind Ihre beste Wahl f\u00fcr <strong>Klempnerarbeiten in Benfica<\/strong>.<\/p>","protected":false},"excerpt":{"rendered":"<p>Na nossa empresa, oferecemos servi\u00e7os especializados de canaliza\u00e7\u00e3o em Benfica para resid\u00eancias e empresas. Entendemos a import\u00e2ncia de ter um sistema de canaliza\u00e7\u00e3o eficiente e em perfeito estado de funcionamento, e estamos aqui para garantir que isso aconte\u00e7a. Canalizador em Benfica Em Benfica, oferecemos servi\u00e7os completos de canaliza\u00e7\u00e3o para todas as necessidades: desde pequenos reparos [&hellip;]<\/p>\n","protected":false},"author":1,"featured_media":0,"parent":0,"menu_order":0,"comment_status":"closed","ping_status":"closed","template":"","meta":{"iawp_total_views":18,"footnotes":""},"class_list":["post-2975","page","type-page","status-publish","hentry"],"yoast_head":"<!-- This site is optimized with the Yoast SEO plugin v27.4 - https:\/\/yoast.com\/product\/yoast-seo-wordpress\/ -->\n<title>Canalizador Benfica - Servi\u00e7os Profissionais de Canaliza\u00e7\u00e3o<\/title>\n<meta name=\"description\" content=\"Servi\u00e7o profissional de canaliza\u00e7\u00e3o em Benfica. Repara\u00e7\u00f5es, instala\u00e7\u00f5es e manuten\u00e7\u00f5es com efici\u00eancia. Contacte-nos hoje!\" \/>\n<meta name=\"robots\" content=\"index, follow, max-snippet:-1, max-image-preview:large, max-video-preview:-1\" \/>\n<link rel=\"canonical\" href=\"https:\/\/canalizadordelisboa.pt\/de\/klempner-benfica\/\" \/>\n<meta property=\"og:locale\" content=\"de_DE\" \/>\n<meta property=\"og:type\" content=\"article\" \/>\n<meta property=\"og:title\" content=\"Canalizador Benfica - Servi\u00e7os Profissionais de Canaliza\u00e7\u00e3o\" \/>\n<meta property=\"og:description\" content=\"Servi\u00e7o profissional de canaliza\u00e7\u00e3o em Benfica. Repara\u00e7\u00f5es, instala\u00e7\u00f5es e manuten\u00e7\u00f5es com efici\u00eancia. Contacte-nos hoje!\" \/>\n<meta property=\"og:url\" content=\"https:\/\/canalizadordelisboa.pt\/de\/klempner-benfica\/\" \/>\n<meta property=\"og:site_name\" content=\"Canalizador de Lisboa\" \/>\n<meta property=\"article:modified_time\" content=\"2025-09-17T14:32:50+00:00\" \/>\n<meta name=\"twitter:card\" content=\"summary_large_image\" \/>\n<meta name=\"twitter:label1\" content=\"Gesch\u00e4tzte Lesezeit\" \/>\n\t<meta name=\"twitter:data1\" content=\"4\u00a0Minuten\" \/>\n<script type=\"application\/ld+json\" class=\"yoast-schema-graph\">{\"@context\":\"https:\\\/\\\/schema.org\",\"@graph\":[{\"@type\":\"WebPage\",\"@id\":\"https:\\\/\\\/canalizadordelisboa.pt\\\/canalizador-benfica\\\/\",\"url\":\"https:\\\/\\\/canalizadordelisboa.pt\\\/canalizador-benfica\\\/\",\"name\":\"Canalizador Benfica - Servi\u00e7os Profissionais de Canaliza\u00e7\u00e3o\",\"isPartOf\":{\"@id\":\"https:\\\/\\\/canalizadordelisboa.pt\\\/#website\"},\"datePublished\":\"2025-09-15T13:43:53+00:00\",\"dateModified\":\"2025-09-17T14:32:50+00:00\",\"description\":\"Servi\u00e7o profissional de canaliza\u00e7\u00e3o em Benfica. Repara\u00e7\u00f5es, instala\u00e7\u00f5es e manuten\u00e7\u00f5es com efici\u00eancia. Contacte-nos hoje!\",\"breadcrumb\":{\"@id\":\"https:\\\/\\\/canalizadordelisboa.pt\\\/canalizador-benfica\\\/#breadcrumb\"},\"inLanguage\":\"de\",\"potentialAction\":[{\"@type\":\"ReadAction\",\"target\":[\"https:\\\/\\\/canalizadordelisboa.pt\\\/canalizador-benfica\\\/\"]}]},{\"@type\":\"BreadcrumbList\",\"@id\":\"https:\\\/\\\/canalizadordelisboa.pt\\\/canalizador-benfica\\\/#breadcrumb\",\"itemListElement\":[{\"@type\":\"ListItem\",\"position\":1,\"name\":\"Accueil\",\"item\":\"https:\\\/\\\/canalizadordelisboa.pt\\\/\"},{\"@type\":\"ListItem\",\"position\":2,\"name\":\"Canalizador Benfica &#8211; Servi\u00e7os Profissionais de Canaliza\u00e7\u00e3o\"}]},{\"@type\":\"WebSite\",\"@id\":\"https:\\\/\\\/canalizadordelisboa.pt\\\/#website\",\"url\":\"https:\\\/\\\/canalizadordelisboa.pt\\\/\",\"name\":\"Canalizador de Lisboa\",\"description\":\"Servi\u00e7os de canaliza\u00e7\u00e3o e desentupimentos de alta qualidade em Lisboa.\",\"potentialAction\":[{\"@type\":\"SearchAction\",\"target\":{\"@type\":\"EntryPoint\",\"urlTemplate\":\"https:\\\/\\\/canalizadordelisboa.pt\\\/?s={search_term_string}\"},\"query-input\":{\"@type\":\"PropertyValueSpecification\",\"valueRequired\":true,\"valueName\":\"search_term_string\"}}],\"inLanguage\":\"de\"}]}<\/script>\n<!-- \/ Yoast SEO plugin. -->","yoast_head_json":{"title":"Benfica Klempner - Professionelle Klempnerdienste","description":"Professioneller Klempnerdienst in Benfica. Effiziente Reparaturen, Installationen und Wartung. Kontaktieren Sie uns noch heute!","robots":{"index":"index","follow":"follow","max-snippet":"max-snippet:-1","max-image-preview":"max-image-preview:large","max-video-preview":"max-video-preview:-1"},"canonical":"https:\/\/canalizadordelisboa.pt\/de\/klempner-benfica\/","og_locale":"de_DE","og_type":"article","og_title":"Canalizador Benfica - Servi\u00e7os Profissionais de Canaliza\u00e7\u00e3o","og_description":"Servi\u00e7o profissional de canaliza\u00e7\u00e3o em Benfica. Repara\u00e7\u00f5es, instala\u00e7\u00f5es e manuten\u00e7\u00f5es com efici\u00eancia. Contacte-nos hoje!","og_url":"https:\/\/canalizadordelisboa.pt\/de\/klempner-benfica\/","og_site_name":"Canalizador de Lisboa","article_modified_time":"2025-09-17T14:32:50+00:00","twitter_card":"summary_large_image","twitter_misc":{"Gesch\u00e4tzte Lesezeit":"4\u00a0Minuten"},"schema":{"@context":"https:\/\/schema.org","@graph":[{"@type":"WebPage","@id":"https:\/\/canalizadordelisboa.pt\/canalizador-benfica\/","url":"https:\/\/canalizadordelisboa.pt\/canalizador-benfica\/","name":"Benfica Klempner - Professionelle Klempnerdienste","isPartOf":{"@id":"https:\/\/canalizadordelisboa.pt\/#website"},"datePublished":"2025-09-15T13:43:53+00:00","dateModified":"2025-09-17T14:32:50+00:00","description":"Professioneller Klempnerdienst in Benfica. Effiziente Reparaturen, Installationen und Wartung. Kontaktieren Sie uns noch heute!","breadcrumb":{"@id":"https:\/\/canalizadordelisboa.pt\/canalizador-benfica\/#breadcrumb"},"inLanguage":"de","potentialAction":[{"@type":"ReadAction","target":["https:\/\/canalizadordelisboa.pt\/canalizador-benfica\/"]}]},{"@type":"BreadcrumbList","@id":"https:\/\/canalizadordelisboa.pt\/canalizador-benfica\/#breadcrumb","itemListElement":[{"@type":"ListItem","position":1,"name":"Accueil","item":"https:\/\/canalizadordelisboa.pt\/"},{"@type":"ListItem","position":2,"name":"Canalizador Benfica &#8211; Servi\u00e7os Profissionais de Canaliza\u00e7\u00e3o"}]},{"@type":"WebSite","@id":"https:\/\/canalizadordelisboa.pt\/#website","url":"https:\/\/canalizadordelisboa.pt\/","name":"Canalizador de Lisboa","description":"Hochwertige Klempner- und Entw\u00e4sserungsdienstleistungen in Lissabon.","potentialAction":[{"@type":"SearchAction","target":{"@type":"EntryPoint","urlTemplate":"https:\/\/canalizadordelisboa.pt\/?s={search_term_string}"},"query-input":{"@type":"PropertyValueSpecification","valueRequired":true,"valueName":"search_term_string"}}],"inLanguage":"de"}]}},"_links":{"self":[{"href":"https:\/\/canalizadordelisboa.pt\/de\/wp-json\/wp\/v2\/pages\/2975","targetHints":{"allow":["GET"]}}],"collection":[{"href":"https:\/\/canalizadordelisboa.pt\/de\/wp-json\/wp\/v2\/pages"}],"about":[{"href":"https:\/\/canalizadordelisboa.pt\/de\/wp-json\/wp\/v2\/types\/page"}],"author":[{"embeddable":true,"href":"https:\/\/canalizadordelisboa.pt\/de\/wp-json\/wp\/v2\/users\/1"}],"replies":[{"embeddable":true,"href":"https:\/\/canalizadordelisboa.pt\/de\/wp-json\/wp\/v2\/comments?post=2975"}],"version-history":[{"count":2,"href":"https:\/\/canalizadordelisboa.pt\/de\/wp-json\/wp\/v2\/pages\/2975\/revisions"}],"predecessor-version":[{"id":3474,"href":"https:\/\/canalizadordelisboa.pt\/de\/wp-json\/wp\/v2\/pages\/2975\/revisions\/3474"}],"wp:attachment":[{"href":"https:\/\/canalizadordelisboa.pt\/de\/wp-json\/wp\/v2\/media?parent=2975"}],"curies":[{"name":"wp","href":"https:\/\/api.w.org\/{rel}","templated":true}]}}