{"id":2973,"date":"2024-06-15T13:42:05","date_gmt":"2024-06-15T13:42:05","guid":{"rendered":"https:\/\/canalizadordelisboa.pt\/?page_id=2973"},"modified":"2024-06-15T13:42:12","modified_gmt":"2024-06-15T13:42:12","slug":"abflussfreimachung","status":"publish","type":"page","link":"https:\/\/canalizadordelisboa.pt\/de\/desentupimento-de-esgoto\/","title":{"rendered":"Abwasserentsorgung - Professionelle Dienstleistungen"},"content":{"rendered":"<p>In unserem Unternehmen bieten wir spezialisierte <strong>Abflussfreimachung<\/strong> f\u00fcr Haushalte und Unternehmen. Wir wissen, wie wichtig es ist, die Abfl\u00fcsse frei zu halten, um das ordnungsgem\u00e4\u00dfe Funktionieren des Abwassersystems zu gew\u00e4hrleisten, und wir sind hier, um jedes Verstopfungsproblem schnell und effizient zu l\u00f6sen.<\/p>\n<h2>Dienstleistungen im Bereich Abwasserentsorgung<\/h2>\n<p>Unser <strong>Abflussfreimachung<\/strong> umfassen:<\/p>\n<ul>\n<li><strong>Reinigung der Abfl\u00fcsse:<\/strong> Wir beseitigen Verstopfungen in Abfl\u00fcssen mit moderner Ausr\u00fcstung und fortschrittlichen Techniken.<\/li>\n<li><strong>Kamera-Inspektion:<\/strong> Wir verwenden hochaufl\u00f6sende Kameras, um die Ursache und den genauen Ort der Verstopfung zu ermitteln.<\/li>\n<li><strong>Vorbeugende Wartung:<\/strong> Wir bieten regelm\u00e4\u00dfige Wartungsdienste an, um weitere Verstopfungen zu verhindern.<\/li>\n<li><strong>Abflussreinigung:<\/strong> Wir f\u00fchren eine komplette Abflussreinigung durch, um den ordnungsgem\u00e4\u00dfen Durchfluss von Wasser und Abfall zu gew\u00e4hrleisten.<\/li>\n<li><strong>Entstopfung von Abfl\u00fcssen und Rohren:<\/strong> Wir befreien Abfl\u00fcsse und Rohre, die Abflussprobleme verursachen, von Verstopfungen.<\/li>\n<\/ul>\n<h2>Warum sollten Sie sich f\u00fcr unsere Abflussreinigungsdienste entscheiden?<\/h2>\n<p>Wir haben ein Team von qualifizierten und erfahrenen Technikern, die bereit sind, Ihre Abwasserprobleme zu l\u00f6sen. Hier sind einige Gr\u00fcnde, uns zu w\u00e4hlen:<\/p>\n<ul>\n<li><strong>Fachwissen:<\/strong> Jahrelange Erfahrung bei der Beseitigung von Verstopfungen in Abfl\u00fcssen verschiedener Art und Gr\u00f6\u00dfe.<\/li>\n<li><strong>Moderne Ausstattung:<\/strong> Wir verwenden die neuesten Technologien f\u00fcr eine pr\u00e4zise und effiziente Entstopfung.<\/li>\n<li><strong>Garantierte Qualit\u00e4t:<\/strong> Die Zufriedenheit unserer Kunden steht f\u00fcr uns an erster Stelle, so dass wir hochwertige Dienstleistungen und dauerhafte Ergebnisse garantieren k\u00f6nnen.<\/li>\n<li><strong>Schnelle Antwort:<\/strong> Wir reagieren schnell auf alle Notrufe.<\/li>\n<\/ul>\n<h2>Wie funktioniert unser Entstopfungsservice?<\/h2>\n<p>Unser <strong>Abflussfreimachung<\/strong> ist einfach und effektiv:<\/p>\n<ul>\n<li><strong>Erste Anfrage:<\/strong> Wir f\u00fchren eine Beratung durch, um das Problem zu verstehen und die Situation zu beurteilen.<\/li>\n<li><strong>Inspektion:<\/strong> Wir verwenden hochaufl\u00f6sende Kameras, um das Innere der Rohre zu untersuchen und die Ursache der Verstopfung zu ermitteln.<\/li>\n<li><strong>Haushalt:<\/strong> Wir erstellen einen transparenten und wettbewerbsf\u00e4higen Kostenvoranschlag f\u00fcr die Verstopfung.<\/li>\n<li><strong>Entstopfung:<\/strong> Wir f\u00fchren die Entstopfung mit hochwertigen Ger\u00e4ten und fortschrittlichen Techniken durch.<\/li>\n<li><strong>Abschlusstest:<\/strong> Wir \u00fcberpr\u00fcfen den Betrieb des Abwassersystems, um sicherzustellen, dass alles einwandfrei funktioniert.<\/li>\n<\/ul>\n<h2>Anzeichen, dass Sie eine Abflussreinigung ben\u00f6tigen<\/h2>\n<p>Einige h\u00e4ufige Anzeichen daf\u00fcr, dass Sie m\u00f6glicherweise die Dienste von <strong>Abflussfreimachung<\/strong> umfassen:<\/p>\n<ul>\n<li>Das Wasser flie\u00dft langsam in die Abfl\u00fcsse.<\/li>\n<li>Schlechte Ger\u00fcche aus den Abwasserkan\u00e4len.<\/li>\n<li>Wasser l\u00e4uft in Abfl\u00fcsse oder Toiletten zur\u00fcck.<\/li>\n<li>Oft m\u00fcssen die Rohre entstopft werden.<\/li>\n<li>Seltsame Ger\u00e4usche in den Rohrleitungen w\u00e4hrend der Benutzung.<\/li>\n<\/ul>\n<h2>Vorteile der Abflussentstopfung<\/h2>\n<p>Die Investition in eine Abflussentstopfung bringt mehrere Vorteile mit sich, wie zum Beispiel:<\/p>\n<ul>\n<li><strong>Schadensverh\u00fctung:<\/strong> Das Freihalten der Abfl\u00fcsse verhindert weitere Sch\u00e4den am Abwassersystem.<\/li>\n<li><strong>Verbesserte Hygiene:<\/strong> Reduziert Ger\u00fcche und verbessert die Raumhygiene.<\/li>\n<li><strong>Effizienz:<\/strong> Ungest\u00f6rte Abfl\u00fcsse sorgen f\u00fcr einen ordnungsgem\u00e4\u00dfen Wasser- und Abwasserfluss.<\/li>\n<li><strong>Gelassenheit:<\/strong> Die Gewissheit, dass das Abwassersystem in gutem Zustand ist, gibt Ihnen Sicherheit.<\/li>\n<\/ul>\n<h2>Kontakt<\/h2>\n<p>Wenn Sie Probleme mit einer Kanalverstopfung haben, z\u00f6gern Sie nicht, uns f\u00fcr einen schnellen und effizienten Service zu kontaktieren. <strong>Abflussfreimachung<\/strong>.<\/p>\n<p>Verlassen Sie sich auf unsere Erfahrung und unser Engagement, damit Ihr Abwassersystem reibungslos funktioniert. Wir sind Ihre beste Wahl f\u00fcr <strong>Abflussfreimachung<\/strong>.<\/p>","protected":false},"excerpt":{"rendered":"<p>Na nossa empresa, oferecemos servi\u00e7os especializados de desentupimento de esgoto para resid\u00eancias e empresas. Entendemos a import\u00e2ncia de manter os esgotos desobstru\u00eddos para garantir o bom funcionamento do sistema de saneamento, e estamos aqui para resolver qualquer problema de entupimento de forma r\u00e1pida e eficiente. Servi\u00e7os de Desentupimento de Esgoto Os nossos servi\u00e7os de desentupimento [&hellip;]<\/p>\n","protected":false},"author":1,"featured_media":0,"parent":0,"menu_order":0,"comment_status":"closed","ping_status":"closed","template":"","meta":{"iawp_total_views":1,"footnotes":""},"class_list":["post-2973","page","type-page","status-publish","hentry"],"yoast_head":"<!-- This site is optimized with the Yoast SEO plugin v27.4 - https:\/\/yoast.com\/product\/yoast-seo-wordpress\/ -->\n<title>Desentupimento de Esgoto - Servi\u00e7os Profissionais<\/title>\n<meta name=\"description\" content=\"Servi\u00e7o profissional de desentupimento de esgoto. Desobstru\u00edmos esgotos de forma r\u00e1pida e eficiente. Contacte-nos hoje!\" \/>\n<meta name=\"robots\" content=\"index, follow, max-snippet:-1, max-image-preview:large, max-video-preview:-1\" \/>\n<link rel=\"canonical\" href=\"https:\/\/canalizadordelisboa.pt\/de\/abflussfreimachung\/\" \/>\n<meta property=\"og:locale\" content=\"de_DE\" \/>\n<meta property=\"og:type\" content=\"article\" \/>\n<meta property=\"og:title\" content=\"Desentupimento de Esgoto - Servi\u00e7os Profissionais\" \/>\n<meta property=\"og:description\" content=\"Servi\u00e7o profissional de desentupimento de esgoto. Desobstru\u00edmos esgotos de forma r\u00e1pida e eficiente. Contacte-nos hoje!\" \/>\n<meta property=\"og:url\" content=\"https:\/\/canalizadordelisboa.pt\/de\/abflussfreimachung\/\" \/>\n<meta property=\"og:site_name\" content=\"Canalizador de Lisboa\" \/>\n<meta property=\"article:modified_time\" content=\"2024-06-15T13:42:12+00:00\" \/>\n<meta name=\"twitter:card\" content=\"summary_large_image\" \/>\n<meta name=\"twitter:label1\" content=\"Gesch\u00e4tzte Lesezeit\" \/>\n\t<meta name=\"twitter:data1\" content=\"3\u00a0Minuten\" \/>\n<script type=\"application\/ld+json\" class=\"yoast-schema-graph\">{\"@context\":\"https:\\\/\\\/schema.org\",\"@graph\":[{\"@type\":\"WebPage\",\"@id\":\"https:\\\/\\\/canalizadordelisboa.pt\\\/desentupimento-de-esgoto\\\/\",\"url\":\"https:\\\/\\\/canalizadordelisboa.pt\\\/desentupimento-de-esgoto\\\/\",\"name\":\"Desentupimento de Esgoto - Servi\u00e7os Profissionais\",\"isPartOf\":{\"@id\":\"https:\\\/\\\/canalizadordelisboa.pt\\\/#website\"},\"datePublished\":\"2024-06-15T13:42:05+00:00\",\"dateModified\":\"2024-06-15T13:42:12+00:00\",\"description\":\"Servi\u00e7o profissional de desentupimento de esgoto. Desobstru\u00edmos esgotos de forma r\u00e1pida e eficiente. Contacte-nos hoje!\",\"breadcrumb\":{\"@id\":\"https:\\\/\\\/canalizadordelisboa.pt\\\/desentupimento-de-esgoto\\\/#breadcrumb\"},\"inLanguage\":\"de\",\"potentialAction\":[{\"@type\":\"ReadAction\",\"target\":[\"https:\\\/\\\/canalizadordelisboa.pt\\\/desentupimento-de-esgoto\\\/\"]}]},{\"@type\":\"BreadcrumbList\",\"@id\":\"https:\\\/\\\/canalizadordelisboa.pt\\\/desentupimento-de-esgoto\\\/#breadcrumb\",\"itemListElement\":[{\"@type\":\"ListItem\",\"position\":1,\"name\":\"Accueil\",\"item\":\"https:\\\/\\\/canalizadordelisboa.pt\\\/\"},{\"@type\":\"ListItem\",\"position\":2,\"name\":\"Desentupimento de Esgoto &#8211; Servi\u00e7os Profissionais\"}]},{\"@type\":\"WebSite\",\"@id\":\"https:\\\/\\\/canalizadordelisboa.pt\\\/#website\",\"url\":\"https:\\\/\\\/canalizadordelisboa.pt\\\/\",\"name\":\"Canalizador de Lisboa\",\"description\":\"Servi\u00e7os de canaliza\u00e7\u00e3o e desentupimentos de alta qualidade em Lisboa.\",\"potentialAction\":[{\"@type\":\"SearchAction\",\"target\":{\"@type\":\"EntryPoint\",\"urlTemplate\":\"https:\\\/\\\/canalizadordelisboa.pt\\\/?s={search_term_string}\"},\"query-input\":{\"@type\":\"PropertyValueSpecification\",\"valueRequired\":true,\"valueName\":\"search_term_string\"}}],\"inLanguage\":\"de\"}]}<\/script>\n<!-- \/ Yoast SEO plugin. -->","yoast_head_json":{"title":"Abwasserentsorgung - Professionelle Dienstleistungen","description":"Professionelle Abflussentstopfung. Wir beheben Abflussverstopfungen schnell und effizient. Kontaktieren Sie uns noch heute!","robots":{"index":"index","follow":"follow","max-snippet":"max-snippet:-1","max-image-preview":"max-image-preview:large","max-video-preview":"max-video-preview:-1"},"canonical":"https:\/\/canalizadordelisboa.pt\/de\/abflussfreimachung\/","og_locale":"de_DE","og_type":"article","og_title":"Desentupimento de Esgoto - Servi\u00e7os Profissionais","og_description":"Servi\u00e7o profissional de desentupimento de esgoto. Desobstru\u00edmos esgotos de forma r\u00e1pida e eficiente. Contacte-nos hoje!","og_url":"https:\/\/canalizadordelisboa.pt\/de\/abflussfreimachung\/","og_site_name":"Canalizador de Lisboa","article_modified_time":"2024-06-15T13:42:12+00:00","twitter_card":"summary_large_image","twitter_misc":{"Gesch\u00e4tzte Lesezeit":"3\u00a0Minuten"},"schema":{"@context":"https:\/\/schema.org","@graph":[{"@type":"WebPage","@id":"https:\/\/canalizadordelisboa.pt\/desentupimento-de-esgoto\/","url":"https:\/\/canalizadordelisboa.pt\/desentupimento-de-esgoto\/","name":"Abwasserentsorgung - Professionelle Dienstleistungen","isPartOf":{"@id":"https:\/\/canalizadordelisboa.pt\/#website"},"datePublished":"2024-06-15T13:42:05+00:00","dateModified":"2024-06-15T13:42:12+00:00","description":"Professionelle Abflussentstopfung. Wir beheben Abflussverstopfungen schnell und effizient. Kontaktieren Sie uns noch heute!","breadcrumb":{"@id":"https:\/\/canalizadordelisboa.pt\/desentupimento-de-esgoto\/#breadcrumb"},"inLanguage":"de","potentialAction":[{"@type":"ReadAction","target":["https:\/\/canalizadordelisboa.pt\/desentupimento-de-esgoto\/"]}]},{"@type":"BreadcrumbList","@id":"https:\/\/canalizadordelisboa.pt\/desentupimento-de-esgoto\/#breadcrumb","itemListElement":[{"@type":"ListItem","position":1,"name":"Accueil","item":"https:\/\/canalizadordelisboa.pt\/"},{"@type":"ListItem","position":2,"name":"Desentupimento de Esgoto &#8211; Servi\u00e7os Profissionais"}]},{"@type":"WebSite","@id":"https:\/\/canalizadordelisboa.pt\/#website","url":"https:\/\/canalizadordelisboa.pt\/","name":"Canalizador de Lisboa","description":"Hochwertige Klempner- und Entw\u00e4sserungsdienstleistungen in Lissabon.","potentialAction":[{"@type":"SearchAction","target":{"@type":"EntryPoint","urlTemplate":"https:\/\/canalizadordelisboa.pt\/?s={search_term_string}"},"query-input":{"@type":"PropertyValueSpecification","valueRequired":true,"valueName":"search_term_string"}}],"inLanguage":"de"}]}},"_links":{"self":[{"href":"https:\/\/canalizadordelisboa.pt\/de\/wp-json\/wp\/v2\/pages\/2973","targetHints":{"allow":["GET"]}}],"collection":[{"href":"https:\/\/canalizadordelisboa.pt\/de\/wp-json\/wp\/v2\/pages"}],"about":[{"href":"https:\/\/canalizadordelisboa.pt\/de\/wp-json\/wp\/v2\/types\/page"}],"author":[{"embeddable":true,"href":"https:\/\/canalizadordelisboa.pt\/de\/wp-json\/wp\/v2\/users\/1"}],"replies":[{"embeddable":true,"href":"https:\/\/canalizadordelisboa.pt\/de\/wp-json\/wp\/v2\/comments?post=2973"}],"version-history":[{"count":1,"href":"https:\/\/canalizadordelisboa.pt\/de\/wp-json\/wp\/v2\/pages\/2973\/revisions"}],"predecessor-version":[{"id":2974,"href":"https:\/\/canalizadordelisboa.pt\/de\/wp-json\/wp\/v2\/pages\/2973\/revisions\/2974"}],"wp:attachment":[{"href":"https:\/\/canalizadordelisboa.pt\/de\/wp-json\/wp\/v2\/media?parent=2973"}],"curies":[{"name":"wp","href":"https:\/\/api.w.org\/{rel}","templated":true}]}}