{"id":2971,"date":"2024-06-15T13:40:23","date_gmt":"2024-06-15T13:40:23","guid":{"rendered":"https:\/\/canalizadordelisboa.pt\/?page_id=2971"},"modified":"2024-06-15T13:41:22","modified_gmt":"2024-06-15T13:41:22","slug":"24h-klempner","status":"publish","type":"page","link":"https:\/\/canalizadordelisboa.pt\/de\/canalizadores-24h\/","title":{"rendered":"24h Klempner - Notdienste"},"content":{"rendered":"<p>In unserem Unternehmen bieten wir spezialisierte <strong>24h Klempner<\/strong> f\u00fcr Notf\u00e4lle in Haushalten und Unternehmen. Wir wissen, wie wichtig es ist, dass ein Klempner jederzeit zur Verf\u00fcgung steht, um dringende Klempnerprobleme zu l\u00f6sen, und wir sind hier, um sicherzustellen, dass Sie sofort Hilfe bekommen, wenn Sie sie brauchen.<\/p>\n<h2>24-Stunden-Klempnerdienste<\/h2>\n<p>Unser <strong>24h Klempner<\/strong> umfassen:<\/p>\n<ul>\n<li><strong>Notfall-Reparatur:<\/strong> Rasche Reaktion bei der Reparatur von Lecks, Br\u00fcchen und anderen dringenden Problemen mit Rohrleitungen.<\/li>\n<li><strong>Klempnerarbeiten:<\/strong> Wir befreien Abfl\u00fcsse, Waschbecken, Abfl\u00fcsse und Toiletten zu jeder Tages- und Nachtzeit von Verstopfungen.<\/li>\n<li><strong>Lecksuche:<\/strong> Wir setzen fortschrittliche Technologie ein, um versteckte Lecks zu lokalisieren und zu reparieren.<\/li>\n<li><strong>Reparaturen von Heizkesseln und Heizungen:<\/strong> Wir reparieren und warten Wasserheizungssysteme in Notf\u00e4llen.<\/li>\n<li><strong>Installation von Haushaltsger\u00e4ten:<\/strong> Anschluss und Reparatur von Waschmaschinen, Geschirrsp\u00fclern und anderen Haushaltsger\u00e4ten.<\/li>\n<li><strong>Reparaturen von Wasserpumpen:<\/strong> Wartung und Austausch von Wasserpumpen in Notf\u00e4llen.<\/li>\n<\/ul>\n<h2>Warum sollten Sie sich f\u00fcr unseren 24h-Klempnerdienst entscheiden?<\/h2>\n<p>Wir verf\u00fcgen \u00fcber ein Team von qualifizierten und erfahrenen Technikern, die jederzeit bereit sind, sich um Ihre Sanit\u00e4rnotf\u00e4lle zu k\u00fcmmern. Hier sind einige Gr\u00fcnde, uns zu w\u00e4hlen:<\/p>\n<ul>\n<li><strong>24-Stunden-Verf\u00fcgbarkeit:<\/strong> Wir sind 24 Stunden am Tag, 7 Tage die Woche f\u00fcr Ihre Notf\u00e4lle erreichbar.<\/li>\n<li><strong>Schnelle Antwort:<\/strong> Wir reagieren schnell auf alle Notrufe.<\/li>\n<li><strong>Moderne Ausstattung:<\/strong> Wir nutzen die neuesten Technologien f\u00fcr pr\u00e4zise Diagnosen und Reparaturen.<\/li>\n<li><strong>Garantierte Qualit\u00e4t:<\/strong> Die Zufriedenheit unserer Kunden steht f\u00fcr uns an erster Stelle, so dass wir hochwertige Dienstleistungen und dauerhafte Ergebnisse garantieren k\u00f6nnen.<\/li>\n<li><strong>Effizienz:<\/strong> Wir arbeiten schnell und effizient, um die Unannehmlichkeiten so gering wie m\u00f6glich zu halten.<\/li>\n<\/ul>\n<h2>Wie funktioniert unser 24-Stunden-Klempnerdienst?<\/h2>\n<p>Unser <strong>24h Klempner<\/strong> ist einfach und effektiv:<\/p>\n<ul>\n<li><strong>Notruf:<\/strong> Wir nehmen Ihren Notruf zu jeder Tages- und Nachtzeit entgegen.<\/li>\n<li><strong>Schnelldiagnose:<\/strong> Wir waren schnell vor Ort und haben das Problem genau diagnostiziert.<\/li>\n<li><strong>Reparieren:<\/strong> Wir f\u00fchren die Reparaturen mit hochwertigen Materialien und fortschrittlichen Techniken durch.<\/li>\n<li><strong>Abschlusstest:<\/strong> Wir \u00fcberpr\u00fcfen die Funktion des Systems, um sicherzustellen, dass alles perfekt ist.<\/li>\n<\/ul>\n<h2>Anzeichen daf\u00fcr, dass Sie einen 24-Stunden-Klempner ben\u00f6tigen<\/h2>\n<p>Einige h\u00e4ufige Anzeichen daf\u00fcr, dass Sie m\u00f6glicherweise die Dienste eines Rechtsanwalts ben\u00f6tigen <strong>24h Klempner<\/strong> umfassen:<\/p>\n<ul>\n<li>Erhebliche Lecks oder \u00dcberschwemmungen.<\/li>\n<li>Schwere Verstopfungen, die die Benutzung von Waschbecken oder Toiletten verhindern.<\/li>\n<li>Mangel an hei\u00dfem Wasser aufgrund eines Heizungsausfalls.<\/li>\n<li>Anhaltende Geruchsbel\u00e4stigung durch Abw\u00e4sser.<\/li>\n<li>Jedes Sanit\u00e4rproblem, das sofort behoben werden muss, um weitere Sch\u00e4den zu verhindern.<\/li>\n<\/ul>\n<h2>Vorteile der Beauftragung eines 24-Stunden-Klempners<\/h2>\n<p>Die Investition in einen 24-Stunden-Klempnerdienst bringt mehrere Vorteile mit sich, wie zum Beispiel:<\/p>\n<ul>\n<li><strong>Gelassenheit:<\/strong> Die Gewissheit, dass Ihnen zu jeder Tages- und Nachtzeit Hilfe zur Verf\u00fcgung steht.<\/li>\n<li><strong>Schadensverh\u00fctung:<\/strong> Eine schnelle Probleml\u00f6sung vermeidet gr\u00f6\u00dfere Sch\u00e4den und hohe Reparaturkosten.<\/li>\n<li><strong>Sicherheit:<\/strong> Garantieren Sie, dass das Problem sicher und wirksam gel\u00f6st wird.<\/li>\n<li><strong>Bequemlichkeit:<\/strong> Schnelle und effiziente Dienstleistungen minimieren die Auswirkungen auf Ihr t\u00e4gliches Leben.<\/li>\n<\/ul>\n<h2>Kontakt<\/h2>\n<p>Wenn Sie einen Klempnernotfall haben, z\u00f6gern Sie nicht, uns f\u00fcr einen schnellen und effizienten Klempnerservice zu kontaktieren. <strong>24h Klempner<\/strong>.<\/p>\n<p>Verlassen Sie sich auf unsere Erfahrung und unser Engagement, um sicherzustellen, dass Ihre Klempnerprobleme schnell gel\u00f6st werden. Wir sind Ihre beste Wahl f\u00fcr <strong>24h Klempner<\/strong>.<\/p>","protected":false},"excerpt":{"rendered":"<p>Na nossa empresa, oferecemos servi\u00e7os especializados de canalizadores 24h para emerg\u00eancias em resid\u00eancias e empresas. Entendemos a import\u00e2ncia de ter um canalizador dispon\u00edvel a qualquer hora para resolver problemas urgentes de canaliza\u00e7\u00e3o, e estamos aqui para garantir que voc\u00ea tenha assist\u00eancia imediata quando precisar. Servi\u00e7os de Canalizadores 24h Os nossos servi\u00e7os de canalizadores 24h incluem: [&hellip;]<\/p>\n","protected":false},"author":1,"featured_media":0,"parent":0,"menu_order":0,"comment_status":"closed","ping_status":"closed","template":"","meta":{"iawp_total_views":2,"footnotes":""},"class_list":["post-2971","page","type-page","status-publish","hentry"],"yoast_head":"<!-- This site is optimized with the Yoast SEO plugin v27.4 - https:\/\/yoast.com\/product\/yoast-seo-wordpress\/ -->\n<title>Canalizadores 24h - Servi\u00e7os de Emerg\u00eancia<\/title>\n<meta name=\"description\" content=\"Servi\u00e7o profissional de canalizadores 24h. Atendimento de emerg\u00eancia para repara\u00e7\u00f5es e manuten\u00e7\u00f5es com efici\u00eancia. Contacte-nos hoje!\" \/>\n<meta name=\"robots\" content=\"index, follow, max-snippet:-1, max-image-preview:large, max-video-preview:-1\" \/>\n<link rel=\"canonical\" href=\"https:\/\/canalizadordelisboa.pt\/de\/24h-klempner\/\" \/>\n<meta property=\"og:locale\" content=\"de_DE\" \/>\n<meta property=\"og:type\" content=\"article\" \/>\n<meta property=\"og:title\" content=\"Canalizadores 24h - Servi\u00e7os de Emerg\u00eancia\" \/>\n<meta property=\"og:description\" content=\"Servi\u00e7o profissional de canalizadores 24h. Atendimento de emerg\u00eancia para repara\u00e7\u00f5es e manuten\u00e7\u00f5es com efici\u00eancia. Contacte-nos hoje!\" \/>\n<meta property=\"og:url\" content=\"https:\/\/canalizadordelisboa.pt\/de\/24h-klempner\/\" \/>\n<meta property=\"og:site_name\" content=\"Canalizador de Lisboa\" \/>\n<meta property=\"article:modified_time\" content=\"2024-06-15T13:41:22+00:00\" \/>\n<meta name=\"twitter:card\" content=\"summary_large_image\" \/>\n<meta name=\"twitter:label1\" content=\"Gesch\u00e4tzte Lesezeit\" \/>\n\t<meta name=\"twitter:data1\" content=\"3\u00a0Minuten\" \/>\n<script type=\"application\/ld+json\" class=\"yoast-schema-graph\">{\"@context\":\"https:\\\/\\\/schema.org\",\"@graph\":[{\"@type\":\"WebPage\",\"@id\":\"https:\\\/\\\/canalizadordelisboa.pt\\\/canalizadores-24h\\\/\",\"url\":\"https:\\\/\\\/canalizadordelisboa.pt\\\/canalizadores-24h\\\/\",\"name\":\"Canalizadores 24h - Servi\u00e7os de Emerg\u00eancia\",\"isPartOf\":{\"@id\":\"https:\\\/\\\/canalizadordelisboa.pt\\\/#website\"},\"datePublished\":\"2024-06-15T13:40:23+00:00\",\"dateModified\":\"2024-06-15T13:41:22+00:00\",\"description\":\"Servi\u00e7o profissional de canalizadores 24h. Atendimento de emerg\u00eancia para repara\u00e7\u00f5es e manuten\u00e7\u00f5es com efici\u00eancia. Contacte-nos hoje!\",\"breadcrumb\":{\"@id\":\"https:\\\/\\\/canalizadordelisboa.pt\\\/canalizadores-24h\\\/#breadcrumb\"},\"inLanguage\":\"de\",\"potentialAction\":[{\"@type\":\"ReadAction\",\"target\":[\"https:\\\/\\\/canalizadordelisboa.pt\\\/canalizadores-24h\\\/\"]}]},{\"@type\":\"BreadcrumbList\",\"@id\":\"https:\\\/\\\/canalizadordelisboa.pt\\\/canalizadores-24h\\\/#breadcrumb\",\"itemListElement\":[{\"@type\":\"ListItem\",\"position\":1,\"name\":\"Accueil\",\"item\":\"https:\\\/\\\/canalizadordelisboa.pt\\\/\"},{\"@type\":\"ListItem\",\"position\":2,\"name\":\"Canalizadores 24h &#8211; Servi\u00e7os de Emerg\u00eancia\"}]},{\"@type\":\"WebSite\",\"@id\":\"https:\\\/\\\/canalizadordelisboa.pt\\\/#website\",\"url\":\"https:\\\/\\\/canalizadordelisboa.pt\\\/\",\"name\":\"Canalizador de Lisboa\",\"description\":\"Servi\u00e7os de canaliza\u00e7\u00e3o e desentupimentos de alta qualidade em Lisboa.\",\"potentialAction\":[{\"@type\":\"SearchAction\",\"target\":{\"@type\":\"EntryPoint\",\"urlTemplate\":\"https:\\\/\\\/canalizadordelisboa.pt\\\/?s={search_term_string}\"},\"query-input\":{\"@type\":\"PropertyValueSpecification\",\"valueRequired\":true,\"valueName\":\"search_term_string\"}}],\"inLanguage\":\"de\"}]}<\/script>\n<!-- \/ Yoast SEO plugin. -->","yoast_head_json":{"title":"24h Klempner - Notdienste","description":"Professioneller 24-Stunden-Klempnerdienst. Notdienst f\u00fcr effiziente Reparaturen und Wartung. Kontaktieren Sie uns noch heute!","robots":{"index":"index","follow":"follow","max-snippet":"max-snippet:-1","max-image-preview":"max-image-preview:large","max-video-preview":"max-video-preview:-1"},"canonical":"https:\/\/canalizadordelisboa.pt\/de\/24h-klempner\/","og_locale":"de_DE","og_type":"article","og_title":"Canalizadores 24h - Servi\u00e7os de Emerg\u00eancia","og_description":"Servi\u00e7o profissional de canalizadores 24h. Atendimento de emerg\u00eancia para repara\u00e7\u00f5es e manuten\u00e7\u00f5es com efici\u00eancia. Contacte-nos hoje!","og_url":"https:\/\/canalizadordelisboa.pt\/de\/24h-klempner\/","og_site_name":"Canalizador de Lisboa","article_modified_time":"2024-06-15T13:41:22+00:00","twitter_card":"summary_large_image","twitter_misc":{"Gesch\u00e4tzte Lesezeit":"3\u00a0Minuten"},"schema":{"@context":"https:\/\/schema.org","@graph":[{"@type":"WebPage","@id":"https:\/\/canalizadordelisboa.pt\/canalizadores-24h\/","url":"https:\/\/canalizadordelisboa.pt\/canalizadores-24h\/","name":"24h Klempner - Notdienste","isPartOf":{"@id":"https:\/\/canalizadordelisboa.pt\/#website"},"datePublished":"2024-06-15T13:40:23+00:00","dateModified":"2024-06-15T13:41:22+00:00","description":"Professioneller 24-Stunden-Klempnerdienst. Notdienst f\u00fcr effiziente Reparaturen und Wartung. Kontaktieren Sie uns noch heute!","breadcrumb":{"@id":"https:\/\/canalizadordelisboa.pt\/canalizadores-24h\/#breadcrumb"},"inLanguage":"de","potentialAction":[{"@type":"ReadAction","target":["https:\/\/canalizadordelisboa.pt\/canalizadores-24h\/"]}]},{"@type":"BreadcrumbList","@id":"https:\/\/canalizadordelisboa.pt\/canalizadores-24h\/#breadcrumb","itemListElement":[{"@type":"ListItem","position":1,"name":"Accueil","item":"https:\/\/canalizadordelisboa.pt\/"},{"@type":"ListItem","position":2,"name":"Canalizadores 24h &#8211; Servi\u00e7os de Emerg\u00eancia"}]},{"@type":"WebSite","@id":"https:\/\/canalizadordelisboa.pt\/#website","url":"https:\/\/canalizadordelisboa.pt\/","name":"Canalizador de Lisboa","description":"Hochwertige Klempner- und Entw\u00e4sserungsdienstleistungen in Lissabon.","potentialAction":[{"@type":"SearchAction","target":{"@type":"EntryPoint","urlTemplate":"https:\/\/canalizadordelisboa.pt\/?s={search_term_string}"},"query-input":{"@type":"PropertyValueSpecification","valueRequired":true,"valueName":"search_term_string"}}],"inLanguage":"de"}]}},"_links":{"self":[{"href":"https:\/\/canalizadordelisboa.pt\/de\/wp-json\/wp\/v2\/pages\/2971","targetHints":{"allow":["GET"]}}],"collection":[{"href":"https:\/\/canalizadordelisboa.pt\/de\/wp-json\/wp\/v2\/pages"}],"about":[{"href":"https:\/\/canalizadordelisboa.pt\/de\/wp-json\/wp\/v2\/types\/page"}],"author":[{"embeddable":true,"href":"https:\/\/canalizadordelisboa.pt\/de\/wp-json\/wp\/v2\/users\/1"}],"replies":[{"embeddable":true,"href":"https:\/\/canalizadordelisboa.pt\/de\/wp-json\/wp\/v2\/comments?post=2971"}],"version-history":[{"count":1,"href":"https:\/\/canalizadordelisboa.pt\/de\/wp-json\/wp\/v2\/pages\/2971\/revisions"}],"predecessor-version":[{"id":2972,"href":"https:\/\/canalizadordelisboa.pt\/de\/wp-json\/wp\/v2\/pages\/2971\/revisions\/2972"}],"wp:attachment":[{"href":"https:\/\/canalizadordelisboa.pt\/de\/wp-json\/wp\/v2\/media?parent=2971"}],"curies":[{"name":"wp","href":"https:\/\/api.w.org\/{rel}","templated":true}]}}